{"id":9070,"date":"2023-09-11T13:38:35","date_gmt":"2023-09-11T13:38:35","guid":{"rendered":"https:\/\/www.tubitex.com\/hafif-dayanikli-cok-amacli-spiral-karton-tupler\/"},"modified":"2025-01-14T13:52:13","modified_gmt":"2025-01-14T13:52:13","slug":"hafif-dayanikli-cok-amacli-spiral-karton-tupler","status":"publish","type":"page","link":"https:\/\/www.tubitex.com\/tr\/hafif-dayanikli-cok-amacli-spiral-karton-tupler\/","title":{"rendered":"HAFIF, DAYANIKLI, \u00c7OK AMA\u00c7LI SPIRAL KARTON T\u00dcPLER"},"content":{"rendered":"<p>[et_pb_section fb_built=&#8221;1&#8243; admin_label=&#8221;Services Header&#8221; _builder_version=&#8221;4.17.4&#8243; _module_preset=&#8221;default&#8221; background_color=&#8221;#f8f0e7&#8243; custom_padding=&#8221;0|0px|54px|0px|false|false&#8221; locked=&#8221;off&#8221; global_colors_info=&#8221;{}&#8221;][et_pb_row column_structure=&#8221;2_3,1_3&#8243; use_custom_gutter=&#8221;on&#8221; gutter_width=&#8221;1&#8243; padding_top_bottom_link_2=&#8221;true&#8221; padding_left_right_link_2=&#8221;true&#8221; _builder_version=&#8221;4.16&#8243; _module_preset=&#8221;default&#8221; custom_padding=&#8221;0|0px|27px|0px|false|false&#8221; animation_style=&#8221;slide&#8221; animation_direction=&#8221;top&#8221; animation_intensity_slide=&#8221;20%&#8221; locked=&#8221;off&#8221; global_colors_info=&#8221;{}&#8221;][et_pb_column type=&#8221;2_3&#8243; _builder_version=&#8221;4.16&#8243; _module_preset=&#8221;default&#8221; custom_padding=&#8221;|||&#8221; global_colors_info=&#8221;{}&#8221; custom_padding__hover=&#8221;|||&#8221;][et_pb_text _builder_version=&#8221;4.17.4&#8243; _module_preset=&#8221;default&#8221; text_font=&#8221;||||||||&#8221; ul_font=&#8221;||||||||&#8221; ol_font=&#8221;||||||||&#8221; quote_font=&#8221;||||||||&#8221; header_font=&#8221;||||||||&#8221; header_2_font=&#8221;|800|||||||&#8221; header_2_font_size=&#8221;24px&#8221; header_2_line_height=&#8221;1.8em&#8221; header_3_font=&#8221;|||on|||||&#8221; header_3_font_size=&#8221;16px&#8221; header_4_font=&#8221;|800||on|||||&#8221; header_4_font_size=&#8221;16px&#8221; header_4_letter_spacing=&#8221;0.5px&#8221; header_4_line_height=&#8221;1.7em&#8221; header_5_font=&#8221;||||||||&#8221; header_6_font=&#8221;||||||||&#8221; background_color=&#8221;#efefef&#8221; padding_1_last_edited=&#8221;on|desktop&#8221; custom_padding=&#8221;30px|50px|30px|50px|true|true|20px|10%|20px|10%|true|true||on|desktop&#8221; custom_padding_tablet=&#8221;&#8221; custom_padding_phone=&#8221;20px|10%|20px|10%|true|true&#8221; custom_padding_last_edited=&#8221;on|phone&#8221; hover_enabled=&#8221;0&#8243; header_2_font_size_tablet=&#8221;&#8221; header_2_font_size_phone=&#8221;18px&#8221; header_2_font_size_last_edited=&#8221;on|phone&#8221; locked=&#8221;off&#8221; global_colors_info=&#8221;{}&#8221; sticky_enabled=&#8221;0&#8243;]<\/p>\n<h1 class=\"page-title \">HAFIF, DAYANIKLI, \u00c7OK AMA\u00c7LI SPIRAL KARTON T\u00dcPLER<\/h1>\n<p>[\/et_pb_text][\/et_pb_column][et_pb_column type=&#8221;1_3&#8243; _builder_version=&#8221;4.16&#8243; _module_preset=&#8221;default&#8221; custom_padding=&#8221;50px|50px|50px|50px&#8221; custom_padding_tablet=&#8221;50px|50px|50px|50px&#8221; custom_padding_phone=&#8221;20px|10%|20px|10%|true|true&#8221; custom_padding_last_edited=&#8221;on|phone&#8221; global_colors_info=&#8221;{}&#8221; padding_phone=&#8221;20px|10%|20px|10%|true|true&#8221; padding_last_edited=&#8221;on|phone&#8221; custom_padding__hover=&#8221;|||&#8221;][\/et_pb_column][\/et_pb_row][et_pb_row _builder_version=&#8221;4.17.4&#8243; _module_preset=&#8221;default&#8221; global_colors_info=&#8221;{}&#8221;][et_pb_column type=&#8221;4_4&#8243; _builder_version=&#8221;4.16&#8243; _module_preset=&#8221;default&#8221; custom_padding=&#8221;|||&#8221; global_colors_info=&#8221;{}&#8221; custom_padding__hover=&#8221;|||&#8221;][et_pb_text _builder_version=&#8221;4.17.4&#8243; _module_preset=&#8221;default&#8221; text_font=&#8221;Open Sans||||||||&#8221; header_font=&#8221;||||||||&#8221; header_3_font=&#8221;|800||on|||||&#8221; header_3_text_color=&#8221;#f25b3a&#8221; header_3_font_size=&#8221;24px&#8221; header_3_line_height=&#8221;1.8em&#8221; header_4_font=&#8221;|700||on|||||&#8221; header_4_font_size=&#8221;16px&#8221; hover_enabled=&#8221;0&#8243; header_3_font_size_tablet=&#8221;&#8221; header_3_font_size_phone=&#8221;18px&#8221; header_3_font_size_last_edited=&#8221;on|phone&#8221; locked=&#8221;off&#8221; global_colors_info=&#8221;{}&#8221; sticky_enabled=&#8221;0&#8243;]<\/p>\n<p>\u015eirketiniz i\u00e7in \u00f6zelle\u015ftirilmi\u015f, kaliteli spiral karton t\u00fcplere mi ihtiyac\u0131n\u0131z var? Tubitex olarak ihtiyac\u0131n\u0131z olan\u0131 elde etmenize yard\u0131mc\u0131 olabiliriz. <\/p>\n<p>Yelpazemizdeki standart \u00fcr\u00fcnlerin yan\u0131 s\u0131ra, \u00e7e\u015fitli kullan\u0131mlar i\u00e7in masura, kangal ve spiral karton boru gibi farkl\u0131 \u00f6zellik ve boyutlarda ihtiya\u00e7lar\u0131n\u0131za g\u00f6re \u00f6zel borular \u00fcretiyoruz.<\/p>\n<p>Spiral karton borular\u0131m\u0131z, ka\u011f\u0131t, g\u0131da, nakliye veya tekstil end\u00fcstrisindeki her \u015firket i\u00e7in idealdir; hafif ve ayn\u0131 zamanda \u00e7ok g\u00fc\u00e7l\u00fcd\u00fcrler.<\/p>\n<p>T\u00dcM KARTON T\u00dcPLER VE MASURALAR \u00c7EVRE DOSTU, GERI D\u00d6N\u00dc\u015eT\u00dcR\u00dcLM\u00dc\u015e KARTONDAN YAPILMI\u015eTIR VE KOLAYCA IMHA EDILEBILIR<\/p>\n<p>Her t\u00fcrl\u00fc ihtiyac\u0131n\u0131z\u0131 kar\u015f\u0131lamak i\u00e7in \u00f6zelle\u015ftirme hizmeti sunarak y\u00fcksek kaliteli \u00fcr\u00fcnlerin tasar\u0131m\u0131na yat\u0131r\u0131m yap\u0131yoruz, bu nedenle t\u00fcm \u00fcr\u00fcnlerimiz i\u00e7in \u00f6zel, tamamen \u00e7evre dostu ve geri d\u00f6n\u00fc\u015ft\u00fcr\u00fclebilir hammaddeler ve en geli\u015fmi\u015f teknolojileri kullan\u0131yoruz.<\/p>\n<p>\u00dcretimlerinin temelinde, m\u00fc\u015fterilerimize en y\u00fcksek kalitede bir \u00fcr\u00fcn sunmak i\u00e7in her zaman di\u011fer \u015firketler taraf\u0131ndan sunulanlara k\u0131yasla fark yaratan en son teknolojiyi sunma ihtiyac\u0131 ve arzusu yatmaktad\u0131r.<\/p>\n<p>[\/et_pb_text][\/et_pb_column][\/et_pb_row][\/et_pb_section][et_pb_section fb_built=&#8221;1&#8243; admin_label=&#8221;Gallery&#8221; _builder_version=&#8221;4.16&#8243; _module_preset=&#8221;default&#8221; custom_padding=&#8221;0px||0px|&#8221; global_colors_info=&#8221;{}&#8221;][et_pb_row column_structure=&#8221;1_4,1_4,1_4,1_4&#8243; use_custom_gutter=&#8221;on&#8221; gutter_width=&#8221;1&#8243; make_equal=&#8221;on&#8221; admin_label=&#8221;G\u00f6r\u00fcnt\u00fc Izgaras\u0131&#8221; module_class=&#8221; et_pb_row_fullwidth&#8221; _builder_version=&#8221;4.16&#8243; _module_preset=&#8221;default&#8221; background_size=&#8221;initial&#8221; background_position=&#8221;top_left&#8221; background_repeat=&#8221;repeat&#8221; width=&#8221;100%&#8221; width_tablet=&#8221;100%&#8221; width_phone=&#8221;100%&#8221; width_last_edited=&#8221;on|desktop&#8221; max_width=&#8221;100%&#8221; max_width_tablet=&#8221;100%&#8221; max_width_phone=&#8221;100%&#8221; max_width_last_edited=&#8221;on|desktop&#8221; custom_padding=&#8221;0px|0px|0px|0px&#8221; make_fullwidth=&#8221;on&#8221; global_colors_info=&#8221;{}&#8221;][et_pb_column type=&#8221;1_4&#8243; _builder_version=&#8221;4.16&#8243; _module_preset=&#8221;default&#8221; custom_padding=&#8221;|||&#8221; global_colors_info=&#8221;{}&#8221; custom_padding__hover=&#8221;|||&#8221;][et_pb_image src=&#8221;https:\/\/www.tubitex.com\/wp-content\/uploads\/2022\/10\/1_anime-di-cartone-per-cartiere_box3.jpg&#8221; title_text=&#8221;1_anime-of-carton-per-neighbourhood_box3&#8243; show_in_lightbox=&#8221;on&#8221; force_fullwidth=&#8221;on&#8221; align_tablet=&#8221;center&#8221; align_phone=&#8221;center&#8221; align_last_edited=&#8221;on|desktop&#8221; _builder_version=&#8221;4.17.4&#8243; _module_preset=&#8221;default&#8221; animation_style=&#8221;zoom&#8221; animation_intensity_zoom=&#8221;10%&#8221; hover_enabled=&#8221;0&#8243; global_colors_info=&#8221;{}&#8221; sticky_enabled=&#8221;0&#8243;][\/et_pb_image][\/et_pb_column][et_pb_column type=&#8221;1_4&#8243; _builder_version=&#8221;4.16&#8243; _module_preset=&#8221;default&#8221; custom_padding=&#8221;|||&#8221; global_colors_info=&#8221;{}&#8221; custom_padding__hover=&#8221;|||&#8221;][et_pb_image src=&#8221;https:\/\/www.tubitex.com\/wp-content\/uploads\/2022\/10\/1_anime-di-cartone-per-cartiere_box5.jpg&#8221; title_text=&#8221;1_anime-of-carton-per-neighbourhood_box5&#8243; show_in_lightbox=&#8221;on&#8221; force_fullwidth=&#8221;on&#8221; align_tablet=&#8221;center&#8221; align_phone=&#8221;center&#8221; align_last_edited=&#8221;on|desktop&#8221; _builder_version=&#8221;4.17.4&#8243; _module_preset=&#8221;default&#8221; animation_style=&#8221;zoom&#8221; animation_delay=&#8221;100ms&#8221; animation_intensity_zoom=&#8221;10%&#8221; locked=&#8221;off&#8221; global_colors_info=&#8221;{}&#8221;][\/et_pb_image][\/et_pb_column][et_pb_column type=&#8221;1_4&#8243; _builder_version=&#8221;4.16&#8243; _module_preset=&#8221;default&#8221; custom_padding=&#8221;|||&#8221; global_colors_info=&#8221;{}&#8221; custom_padding__hover=&#8221;|||&#8221;][et_pb_image src=&#8221;https:\/\/www.tubitex.com\/wp-content\/uploads\/2022\/10\/1_anime-di-cartone-per-cartiere_box4.jpg&#8221; title_text=&#8221;1_anime-of-carton-per-neighbourhood_box4&#8243; show_in_lightbox=&#8221;on&#8221; force_fullwidth=&#8221;on&#8221; align_tablet=&#8221;center&#8221; align_phone=&#8221;center&#8221; align_last_edited=&#8221;on|desktop&#8221; _builder_version=&#8221;4.17.4&#8243; _module_preset=&#8221;default&#8221; animation_style=&#8221;zoom&#8221; animation_delay=&#8221;200ms&#8221; animation_intensity_zoom=&#8221;10%&#8221; locked=&#8221;off&#8221; global_colors_info=&#8221;{}&#8221;][\/et_pb_image][\/et_pb_column][et_pb_column type=&#8221;1_4&#8243; _builder_version=&#8221;4.16&#8243; _module_preset=&#8221;default&#8221; custom_padding=&#8221;|||&#8221; global_colors_info=&#8221;{}&#8221; custom_padding__hover=&#8221;|||&#8221;][et_pb_image src=&#8221;https:\/\/www.tubitex.com\/wp-content\/uploads\/2022\/10\/3_anime-di-cartone-per-film-plastico_box6.jpg&#8221; title_text=&#8221;3_cartoon-animals-for-plastic-film_box6&#8243; show_in_lightbox=&#8221;on&#8221; force_fullwidth=&#8221;on&#8221; align_tablet=&#8221;center&#8221; align_phone=&#8221;center&#8221; align_last_edited=&#8221;on|desktop&#8221; _builder_version=&#8221;4.17.4&#8243; _module_preset=&#8221;default&#8221; animation_style=&#8221;zoom&#8221; animation_delay=&#8221;300ms&#8221; animation_intensity_zoom=&#8221;10%&#8221; locked=&#8221;off&#8221; global_colors_info=&#8221;{}&#8221;][\/et_pb_image][\/et_pb_column][\/et_pb_row][\/et_pb_section][et_pb_section fb_built=&#8221;1&#8243; admin_label=&#8221;Contact Banner&#8221; _builder_version=&#8221;4.17.4&#8243; _module_preset=&#8221;default&#8221; background_color=&#8221;rgba(135,65,8,0.8)&#8221; custom_padding=&#8221;20px|0px|0px|0px|false|false&#8221; animation_style=&#8221;slide&#8221; animation_direction=&#8221;bottom&#8221; global_colors_info=&#8221;{}&#8221;][et_pb_row column_structure=&#8221;3_5,2_5&#8243; _builder_version=&#8221;4.17.4&#8243; _module_preset=&#8221;default&#8221; custom_margin=&#8221;-5px||||false|false&#8221; global_colors_info=&#8221;{}&#8221;][et_pb_column type=&#8221;3_5&#8243; _builder_version=&#8221;4.16&#8243; _module_preset=&#8221;default&#8221; custom_padding=&#8221;|||&#8221; global_colors_info=&#8221;{}&#8221; custom_padding__hover=&#8221;|||&#8221;][et_pb_text _builder_version=&#8221;4.17.4&#8243; _module_preset=&#8221;default&#8221; text_font=&#8221;||||||||&#8221; quote_font=&#8221;||||||||&#8221; header_font=&#8221;||||||||&#8221; header_2_font=&#8221;|600||on|||||&#8221; header_2_font_size=&#8221;24px&#8221; header_3_font=&#8221;||||||||&#8221; header_4_font=&#8221;|800||on|||||&#8221; header_4_font_size=&#8221;16px&#8221; header_4_letter_spacing=&#8221;0.5px&#8221; header_4_line_height=&#8221;1.7em&#8221; background_layout=&#8221;dark&#8221; max_width=&#8221;800%&#8221; custom_padding=&#8221;0px||||false|false&#8221; header_2_font_size_tablet=&#8221;&#8221; header_2_font_size_phone=&#8221;18px&#8221; header_2_font_size_last_edited=&#8221;on|phone&#8221; locked=&#8221;off&#8221; global_colors_info=&#8221;{}&#8221;]<\/p>\n<h4>\u00fcr\u00fcnlerimizin kalitesini deneyimleyin ve m\u00fckemmellik i\u00e7in \u00e7abalay\u0131n!<\/h4>\n<p>[\/et_pb_text][\/et_pb_column][et_pb_column type=&#8221;2_5&#8243; _builder_version=&#8221;4.17.4&#8243; _module_preset=&#8221;default&#8221; custom_padding=&#8221;|||&#8221; global_colors_info=&#8221;{}&#8221; custom_padding__hover=&#8221;|||&#8221;][et_pb_button button_url=&#8221;@ET-DC@eyJkeW5hbWljIjp0cnVlLCJjb250ZW50IjoicG9zdF9saW5rX3VybF9wYWdlIiwic2V0dGluZ3MiOnsicG9zdF9pZCI6IjI4In19@&#8221; button_text=&#8221;daha fazla bi\u0307lgi\u0307 i\u0307steyi\u0307n&#8221; button_alignment=&#8221;right&#8221; _builder_version=&#8221;4.17.4&#8243; _dynamic_attributes=&#8221;button_url&#8221; _module_preset=&#8221;default&#8221; custom_button=&#8221;on&#8221; button_text_size=&#8221;19px&#8221; button_text_color=&#8221;#FFFFFF&#8221; button_bg_color=&#8221;RGBA(255,255,255,0)&#8221; button_border_color=&#8221;#FFFFFF&#8221; button_border_radius=&#8221;0px&#8221; button_font=&#8221;|||on|||||&#8221; button_use_icon=&#8221;off&#8221; custom_margin=&#8221;1px||||false|false&#8221; global_colors_info=&#8221;{}&#8221;][\/et_pb_button][\/et_pb_column][\/et_pb_row][\/et_pb_section]<\/p>\n","protected":false},"excerpt":{"rendered":"<p>HAFIF, DAYANIKLI, \u00c7OK AMA\u00c7LI SPIRAL KARTON T\u00dcPLER\u015eirketiniz i\u00e7in \u00f6zelle\u015ftirilmi\u015f, kaliteli spiral karton t\u00fcplere mi ihtiyac\u0131n\u0131z var? Tubitex olarak ihtiyac\u0131n\u0131z olan\u0131 elde etmenize yard\u0131mc\u0131 olabiliriz. Yelpazemizdeki standart \u00fcr\u00fcnlerin yan\u0131 s\u0131ra, \u00e7e\u015fitli kullan\u0131mlar i\u00e7in masura, kangal ve spiral karton boru gibi farkl\u0131 \u00f6zellik ve boyutlarda ihtiya\u00e7lar\u0131n\u0131za g\u00f6re \u00f6zel borular \u00fcretiyoruz. Spiral karton borular\u0131m\u0131z, ka\u011f\u0131t, g\u0131da, nakliye veya [&hellip;]<\/p>\n","protected":false},"author":1,"featured_media":0,"parent":0,"menu_order":0,"comment_status":"closed","ping_status":"closed","template":"","meta":{"_acf_changed":false,"_et_pb_use_builder":"on","_et_pb_old_content":"","_et_gb_content_width":"","inline_featured_image":false,"footnotes":""},"categories":[],"class_list":["post-9070","page","type-page","status-publish","hentry"],"acf":[],"yoast_head":"<!-- This site is optimized with the Yoast SEO plugin v27.1.1 - https:\/\/yoast.com\/product\/yoast-seo-wordpress\/ -->\n<title>HAFIF, DAYANIKLI, \u00c7OK AMA\u00c7LI SPIRAL KARTON T\u00dcPLER - Tubitex<\/title>\n<meta name=\"robots\" content=\"index, follow, max-snippet:-1, max-image-preview:large, max-video-preview:-1\" \/>\n<link rel=\"canonical\" href=\"https:\/\/www.tubitex.com\/tr\/hafif-dayanikli-cok-amacli-spiral-karton-tupler\/\" \/>\n<meta property=\"og:locale\" content=\"tr_TR\" \/>\n<meta property=\"og:type\" content=\"article\" \/>\n<meta property=\"og:title\" content=\"HAFIF, DAYANIKLI, \u00c7OK AMA\u00c7LI SPIRAL KARTON T\u00dcPLER - Tubitex\" \/>\n<meta property=\"og:description\" content=\"HAFIF, DAYANIKLI, \u00c7OK AMA\u00c7LI SPIRAL KARTON T\u00dcPLER\u015eirketiniz i\u00e7in \u00f6zelle\u015ftirilmi\u015f, kaliteli spiral karton t\u00fcplere mi ihtiyac\u0131n\u0131z var? Tubitex olarak ihtiyac\u0131n\u0131z olan\u0131 elde etmenize yard\u0131mc\u0131 olabiliriz. Yelpazemizdeki standart \u00fcr\u00fcnlerin yan\u0131 s\u0131ra, \u00e7e\u015fitli kullan\u0131mlar i\u00e7in masura, kangal ve spiral karton boru gibi farkl\u0131 \u00f6zellik ve boyutlarda ihtiya\u00e7lar\u0131n\u0131za g\u00f6re \u00f6zel borular \u00fcretiyoruz. Spiral karton borular\u0131m\u0131z, ka\u011f\u0131t, g\u0131da, nakliye veya [&hellip;]\" \/>\n<meta property=\"og:url\" content=\"https:\/\/www.tubitex.com\/tr\/hafif-dayanikli-cok-amacli-spiral-karton-tupler\/\" \/>\n<meta property=\"og:site_name\" content=\"Tubitex\" \/>\n<meta property=\"article:modified_time\" content=\"2025-01-14T13:52:13+00:00\" \/>\n<meta name=\"twitter:card\" content=\"summary_large_image\" \/>\n<meta name=\"twitter:label1\" content=\"Tahmini okuma s\u00fcresi\" \/>\n\t<meta name=\"twitter:data1\" content=\"6 dakika\" \/>\n<script type=\"application\/ld+json\" class=\"yoast-schema-graph\">{\"@context\":\"https:\/\/schema.org\",\"@graph\":[{\"@type\":\"WebPage\",\"@id\":\"https:\/\/www.tubitex.com\/tr\/hafif-dayanikli-cok-amacli-spiral-karton-tupler\/\",\"url\":\"https:\/\/www.tubitex.com\/tr\/hafif-dayanikli-cok-amacli-spiral-karton-tupler\/\",\"name\":\"HAFIF, DAYANIKLI, \u00c7OK AMA\u00c7LI SPIRAL KARTON T\u00dcPLER - Tubitex\",\"isPartOf\":{\"@id\":\"https:\/\/www.tubitex.com\/tr\/#website\"},\"datePublished\":\"2023-09-11T13:38:35+00:00\",\"dateModified\":\"2025-01-14T13:52:13+00:00\",\"breadcrumb\":{\"@id\":\"https:\/\/www.tubitex.com\/tr\/hafif-dayanikli-cok-amacli-spiral-karton-tupler\/#breadcrumb\"},\"inLanguage\":\"tr\",\"potentialAction\":[{\"@type\":\"ReadAction\",\"target\":[\"https:\/\/www.tubitex.com\/tr\/hafif-dayanikli-cok-amacli-spiral-karton-tupler\/\"]}]},{\"@type\":\"BreadcrumbList\",\"@id\":\"https:\/\/www.tubitex.com\/tr\/hafif-dayanikli-cok-amacli-spiral-karton-tupler\/#breadcrumb\",\"itemListElement\":[{\"@type\":\"ListItem\",\"position\":1,\"name\":\"Home\",\"item\":\"https:\/\/www.tubitex.com\/tr\/anasayfa\/\"},{\"@type\":\"ListItem\",\"position\":2,\"name\":\"HAFIF, DAYANIKLI, \u00c7OK AMA\u00c7LI SPIRAL KARTON T\u00dcPLER\"}]},{\"@type\":\"WebSite\",\"@id\":\"https:\/\/www.tubitex.com\/tr\/#website\",\"url\":\"https:\/\/www.tubitex.com\/tr\/\",\"name\":\"Tubitex\",\"description\":\"Produzione tubi in cartone, anime e bobine di carta\",\"potentialAction\":[{\"@type\":\"SearchAction\",\"target\":{\"@type\":\"EntryPoint\",\"urlTemplate\":\"https:\/\/www.tubitex.com\/tr\/?s={search_term_string}\"},\"query-input\":{\"@type\":\"PropertyValueSpecification\",\"valueRequired\":true,\"valueName\":\"search_term_string\"}}],\"inLanguage\":\"tr\"}]}<\/script>\n<!-- \/ Yoast SEO plugin. -->","yoast_head_json":{"title":"HAFIF, DAYANIKLI, \u00c7OK AMA\u00c7LI SPIRAL KARTON T\u00dcPLER - Tubitex","robots":{"index":"index","follow":"follow","max-snippet":"max-snippet:-1","max-image-preview":"max-image-preview:large","max-video-preview":"max-video-preview:-1"},"canonical":"https:\/\/www.tubitex.com\/tr\/hafif-dayanikli-cok-amacli-spiral-karton-tupler\/","og_locale":"tr_TR","og_type":"article","og_title":"HAFIF, DAYANIKLI, \u00c7OK AMA\u00c7LI SPIRAL KARTON T\u00dcPLER - Tubitex","og_description":"HAFIF, DAYANIKLI, \u00c7OK AMA\u00c7LI SPIRAL KARTON T\u00dcPLER\u015eirketiniz i\u00e7in \u00f6zelle\u015ftirilmi\u015f, kaliteli spiral karton t\u00fcplere mi ihtiyac\u0131n\u0131z var? Tubitex olarak ihtiyac\u0131n\u0131z olan\u0131 elde etmenize yard\u0131mc\u0131 olabiliriz. Yelpazemizdeki standart \u00fcr\u00fcnlerin yan\u0131 s\u0131ra, \u00e7e\u015fitli kullan\u0131mlar i\u00e7in masura, kangal ve spiral karton boru gibi farkl\u0131 \u00f6zellik ve boyutlarda ihtiya\u00e7lar\u0131n\u0131za g\u00f6re \u00f6zel borular \u00fcretiyoruz. Spiral karton borular\u0131m\u0131z, ka\u011f\u0131t, g\u0131da, nakliye veya [&hellip;]","og_url":"https:\/\/www.tubitex.com\/tr\/hafif-dayanikli-cok-amacli-spiral-karton-tupler\/","og_site_name":"Tubitex","article_modified_time":"2025-01-14T13:52:13+00:00","twitter_card":"summary_large_image","twitter_misc":{"Tahmini okuma s\u00fcresi":"6 dakika"},"schema":{"@context":"https:\/\/schema.org","@graph":[{"@type":"WebPage","@id":"https:\/\/www.tubitex.com\/tr\/hafif-dayanikli-cok-amacli-spiral-karton-tupler\/","url":"https:\/\/www.tubitex.com\/tr\/hafif-dayanikli-cok-amacli-spiral-karton-tupler\/","name":"HAFIF, DAYANIKLI, \u00c7OK AMA\u00c7LI SPIRAL KARTON T\u00dcPLER - Tubitex","isPartOf":{"@id":"https:\/\/www.tubitex.com\/tr\/#website"},"datePublished":"2023-09-11T13:38:35+00:00","dateModified":"2025-01-14T13:52:13+00:00","breadcrumb":{"@id":"https:\/\/www.tubitex.com\/tr\/hafif-dayanikli-cok-amacli-spiral-karton-tupler\/#breadcrumb"},"inLanguage":"tr","potentialAction":[{"@type":"ReadAction","target":["https:\/\/www.tubitex.com\/tr\/hafif-dayanikli-cok-amacli-spiral-karton-tupler\/"]}]},{"@type":"BreadcrumbList","@id":"https:\/\/www.tubitex.com\/tr\/hafif-dayanikli-cok-amacli-spiral-karton-tupler\/#breadcrumb","itemListElement":[{"@type":"ListItem","position":1,"name":"Home","item":"https:\/\/www.tubitex.com\/tr\/anasayfa\/"},{"@type":"ListItem","position":2,"name":"HAFIF, DAYANIKLI, \u00c7OK AMA\u00c7LI SPIRAL KARTON T\u00dcPLER"}]},{"@type":"WebSite","@id":"https:\/\/www.tubitex.com\/tr\/#website","url":"https:\/\/www.tubitex.com\/tr\/","name":"Tubitex","description":"Produzione tubi in cartone, anime e bobine di carta","potentialAction":[{"@type":"SearchAction","target":{"@type":"EntryPoint","urlTemplate":"https:\/\/www.tubitex.com\/tr\/?s={search_term_string}"},"query-input":{"@type":"PropertyValueSpecification","valueRequired":true,"valueName":"search_term_string"}}],"inLanguage":"tr"}]}},"_links":{"self":[{"href":"https:\/\/www.tubitex.com\/tr\/wp-json\/wp\/v2\/pages\/9070","targetHints":{"allow":["GET"]}}],"collection":[{"href":"https:\/\/www.tubitex.com\/tr\/wp-json\/wp\/v2\/pages"}],"about":[{"href":"https:\/\/www.tubitex.com\/tr\/wp-json\/wp\/v2\/types\/page"}],"author":[{"embeddable":true,"href":"https:\/\/www.tubitex.com\/tr\/wp-json\/wp\/v2\/users\/1"}],"replies":[{"embeddable":true,"href":"https:\/\/www.tubitex.com\/tr\/wp-json\/wp\/v2\/comments?post=9070"}],"version-history":[{"count":1,"href":"https:\/\/www.tubitex.com\/tr\/wp-json\/wp\/v2\/pages\/9070\/revisions"}],"predecessor-version":[{"id":9073,"href":"https:\/\/www.tubitex.com\/tr\/wp-json\/wp\/v2\/pages\/9070\/revisions\/9073"}],"wp:attachment":[{"href":"https:\/\/www.tubitex.com\/tr\/wp-json\/wp\/v2\/media?parent=9070"}],"wp:term":[{"taxonomy":"category","embeddable":true,"href":"https:\/\/www.tubitex.com\/tr\/wp-json\/wp\/v2\/categories?post=9070"}],"curies":[{"name":"wp","href":"https:\/\/api.w.org\/{rel}","templated":true}]}}