{"id":9000,"date":"2023-09-12T10:07:45","date_gmt":"2023-09-12T10:07:45","guid":{"rendered":"https:\/\/www.tubitex.com\/kamu-harcamalari-icin-aciklama-gereklilikleri\/"},"modified":"2025-01-14T11:07:05","modified_gmt":"2025-01-14T11:07:05","slug":"kamu-harcamalari-icin-aciklama-gereklilikleri","status":"publish","type":"page","link":"https:\/\/www.tubitex.com\/tr\/kamu-harcamalari-icin-aciklama-gereklilikleri\/","title":{"rendered":"Kamu harcamalar\u0131 i\u00e7in a\u00e7\u0131klama gereklilikleri"},"content":{"rendered":"<p>[et_pb_section fb_built=&#8221;1&#8243; admin_label=&#8221;section&#8221; _builder_version=&#8221;4.16&#8243; global_colors_info=&#8221;{}&#8221;][et_pb_row admin_label=&#8221;s\u0131ra&#8221; _builder_version=&#8221;4.16&#8243; background_size=&#8221;initial&#8221; background_position=&#8221;top_left&#8221; background_repeat=&#8221;repeat&#8221; global_colors_info=&#8221;{}&#8221;][et_pb_column type=&#8221;4_4&#8243; _builder_version=&#8221;4.16&#8243; custom_padding=&#8221;|||&#8221; global_colors_info=&#8221;{}&#8221; custom_padding__hover=&#8221;|||&#8221;][et_pb_text admin_label=&#8221;Text&#8221; _builder_version=&#8221;4.17.4&#8243; background_size=&#8221;initial&#8221; background_position=&#8221;top_left&#8221; background_repeat=&#8221;repeat&#8221; hover_enabled=&#8221;0&#8243; global_colors_info=&#8221;{}&#8221; sticky_enabled=&#8221;0&#8243;]<\/p>\n<div id=\"left-area\">\n<article id=\"post-6504\" class=\"post-6504 page type-page status-publish hentry\">\n<h1 class=\"entry-title main_title\">Kamu harcamalar\u0131 i\u00e7in a\u00e7\u0131klama gereklilikleri<\/h1>\n<div class=\"entry-content\">\n<p>\u015eirketimiz taraf\u0131ndan al\u0131nan devlet yard\u0131mlar\u0131 ve de minimis yard\u0131mlar, at\u0131fta bulundu\u011fumuz 234\/2012 say\u0131l\u0131 Yasan\u0131n 52. Maddesi uyar\u0131nca Ulusal Devlet Yard\u0131mlar\u0131 Sicilinde bulunabilir ve a\u015fa\u011f\u0131daki ba\u011flant\u0131dan incelenebilir: <a href=\"https:\/\/www.rna.gov.it\/RegistroNazionaleTrasparenza\/faces\/pages\/TrasparenzaAiuto.jspx\">RNA \u015eeffafl\u0131k Yard\u0131m\u0131<\/a> <\/p>\n<\/div>\n<\/article>\n<\/div>\n<p>[\/et_pb_text][\/et_pb_column][\/et_pb_row][\/et_pb_section]<\/p>\n","protected":false},"excerpt":{"rendered":"<p>Kamu harcamalar\u0131 i\u00e7in a\u00e7\u0131klama gereklilikleri \u015eirketimiz taraf\u0131ndan al\u0131nan devlet yard\u0131mlar\u0131 ve de minimis yard\u0131mlar, at\u0131fta bulundu\u011fumuz 234\/2012 say\u0131l\u0131 Yasan\u0131n 52. Maddesi uyar\u0131nca Ulusal Devlet Yard\u0131mlar\u0131 Sicilinde bulunabilir ve a\u015fa\u011f\u0131daki ba\u011flant\u0131dan incelenebilir: RNA \u015eeffafl\u0131k Yard\u0131m\u0131<\/p>\n","protected":false},"author":1,"featured_media":0,"parent":0,"menu_order":0,"comment_status":"closed","ping_status":"closed","template":"","meta":{"_acf_changed":false,"_et_pb_use_builder":"on","_et_pb_old_content":"","_et_gb_content_width":"","inline_featured_image":false,"footnotes":""},"categories":[],"class_list":["post-9000","page","type-page","status-publish","hentry"],"acf":[],"yoast_head":"<!-- This site is optimized with the Yoast SEO plugin v27.1.1 - https:\/\/yoast.com\/product\/yoast-seo-wordpress\/ -->\n<title>Kamu harcamalar\u0131 i\u00e7in a\u00e7\u0131klama gereklilikleri - Tubitex<\/title>\n<meta name=\"robots\" content=\"index, follow, max-snippet:-1, max-image-preview:large, max-video-preview:-1\" \/>\n<link rel=\"canonical\" href=\"https:\/\/www.tubitex.com\/tr\/kamu-harcamalari-icin-aciklama-gereklilikleri\/\" \/>\n<meta property=\"og:locale\" content=\"tr_TR\" \/>\n<meta property=\"og:type\" content=\"article\" \/>\n<meta property=\"og:title\" content=\"Kamu harcamalar\u0131 i\u00e7in a\u00e7\u0131klama gereklilikleri - Tubitex\" \/>\n<meta property=\"og:description\" content=\"Kamu harcamalar\u0131 i\u00e7in a\u00e7\u0131klama gereklilikleri \u015eirketimiz taraf\u0131ndan al\u0131nan devlet yard\u0131mlar\u0131 ve de minimis yard\u0131mlar, at\u0131fta bulundu\u011fumuz 234\/2012 say\u0131l\u0131 Yasan\u0131n 52. Maddesi uyar\u0131nca Ulusal Devlet Yard\u0131mlar\u0131 Sicilinde bulunabilir ve a\u015fa\u011f\u0131daki ba\u011flant\u0131dan incelenebilir: RNA \u015eeffafl\u0131k Yard\u0131m\u0131\" \/>\n<meta property=\"og:url\" content=\"https:\/\/www.tubitex.com\/tr\/kamu-harcamalari-icin-aciklama-gereklilikleri\/\" \/>\n<meta property=\"og:site_name\" content=\"Tubitex\" \/>\n<meta property=\"article:modified_time\" content=\"2025-01-14T11:07:05+00:00\" \/>\n<meta name=\"twitter:card\" content=\"summary_large_image\" \/>\n<meta name=\"twitter:label1\" content=\"Tahmini okuma s\u00fcresi\" \/>\n\t<meta name=\"twitter:data1\" content=\"1 dakika\" \/>\n<script type=\"application\/ld+json\" class=\"yoast-schema-graph\">{\"@context\":\"https:\/\/schema.org\",\"@graph\":[{\"@type\":\"WebPage\",\"@id\":\"https:\/\/www.tubitex.com\/tr\/kamu-harcamalari-icin-aciklama-gereklilikleri\/\",\"url\":\"https:\/\/www.tubitex.com\/tr\/kamu-harcamalari-icin-aciklama-gereklilikleri\/\",\"name\":\"Kamu harcamalar\u0131 i\u00e7in a\u00e7\u0131klama gereklilikleri - Tubitex\",\"isPartOf\":{\"@id\":\"https:\/\/www.tubitex.com\/tr\/#website\"},\"datePublished\":\"2023-09-12T10:07:45+00:00\",\"dateModified\":\"2025-01-14T11:07:05+00:00\",\"breadcrumb\":{\"@id\":\"https:\/\/www.tubitex.com\/tr\/kamu-harcamalari-icin-aciklama-gereklilikleri\/#breadcrumb\"},\"inLanguage\":\"tr\",\"potentialAction\":[{\"@type\":\"ReadAction\",\"target\":[\"https:\/\/www.tubitex.com\/tr\/kamu-harcamalari-icin-aciklama-gereklilikleri\/\"]}]},{\"@type\":\"BreadcrumbList\",\"@id\":\"https:\/\/www.tubitex.com\/tr\/kamu-harcamalari-icin-aciklama-gereklilikleri\/#breadcrumb\",\"itemListElement\":[{\"@type\":\"ListItem\",\"position\":1,\"name\":\"Home\",\"item\":\"https:\/\/www.tubitex.com\/tr\/anasayfa\/\"},{\"@type\":\"ListItem\",\"position\":2,\"name\":\"Kamu harcamalar\u0131 i\u00e7in a\u00e7\u0131klama gereklilikleri\"}]},{\"@type\":\"WebSite\",\"@id\":\"https:\/\/www.tubitex.com\/tr\/#website\",\"url\":\"https:\/\/www.tubitex.com\/tr\/\",\"name\":\"Tubitex\",\"description\":\"Produzione tubi in cartone, anime e bobine di carta\",\"potentialAction\":[{\"@type\":\"SearchAction\",\"target\":{\"@type\":\"EntryPoint\",\"urlTemplate\":\"https:\/\/www.tubitex.com\/tr\/?s={search_term_string}\"},\"query-input\":{\"@type\":\"PropertyValueSpecification\",\"valueRequired\":true,\"valueName\":\"search_term_string\"}}],\"inLanguage\":\"tr\"}]}<\/script>\n<!-- \/ Yoast SEO plugin. -->","yoast_head_json":{"title":"Kamu harcamalar\u0131 i\u00e7in a\u00e7\u0131klama gereklilikleri - Tubitex","robots":{"index":"index","follow":"follow","max-snippet":"max-snippet:-1","max-image-preview":"max-image-preview:large","max-video-preview":"max-video-preview:-1"},"canonical":"https:\/\/www.tubitex.com\/tr\/kamu-harcamalari-icin-aciklama-gereklilikleri\/","og_locale":"tr_TR","og_type":"article","og_title":"Kamu harcamalar\u0131 i\u00e7in a\u00e7\u0131klama gereklilikleri - Tubitex","og_description":"Kamu harcamalar\u0131 i\u00e7in a\u00e7\u0131klama gereklilikleri \u015eirketimiz taraf\u0131ndan al\u0131nan devlet yard\u0131mlar\u0131 ve de minimis yard\u0131mlar, at\u0131fta bulundu\u011fumuz 234\/2012 say\u0131l\u0131 Yasan\u0131n 52. Maddesi uyar\u0131nca Ulusal Devlet Yard\u0131mlar\u0131 Sicilinde bulunabilir ve a\u015fa\u011f\u0131daki ba\u011flant\u0131dan incelenebilir: RNA \u015eeffafl\u0131k Yard\u0131m\u0131","og_url":"https:\/\/www.tubitex.com\/tr\/kamu-harcamalari-icin-aciklama-gereklilikleri\/","og_site_name":"Tubitex","article_modified_time":"2025-01-14T11:07:05+00:00","twitter_card":"summary_large_image","twitter_misc":{"Tahmini okuma s\u00fcresi":"1 dakika"},"schema":{"@context":"https:\/\/schema.org","@graph":[{"@type":"WebPage","@id":"https:\/\/www.tubitex.com\/tr\/kamu-harcamalari-icin-aciklama-gereklilikleri\/","url":"https:\/\/www.tubitex.com\/tr\/kamu-harcamalari-icin-aciklama-gereklilikleri\/","name":"Kamu harcamalar\u0131 i\u00e7in a\u00e7\u0131klama gereklilikleri - Tubitex","isPartOf":{"@id":"https:\/\/www.tubitex.com\/tr\/#website"},"datePublished":"2023-09-12T10:07:45+00:00","dateModified":"2025-01-14T11:07:05+00:00","breadcrumb":{"@id":"https:\/\/www.tubitex.com\/tr\/kamu-harcamalari-icin-aciklama-gereklilikleri\/#breadcrumb"},"inLanguage":"tr","potentialAction":[{"@type":"ReadAction","target":["https:\/\/www.tubitex.com\/tr\/kamu-harcamalari-icin-aciklama-gereklilikleri\/"]}]},{"@type":"BreadcrumbList","@id":"https:\/\/www.tubitex.com\/tr\/kamu-harcamalari-icin-aciklama-gereklilikleri\/#breadcrumb","itemListElement":[{"@type":"ListItem","position":1,"name":"Home","item":"https:\/\/www.tubitex.com\/tr\/anasayfa\/"},{"@type":"ListItem","position":2,"name":"Kamu harcamalar\u0131 i\u00e7in a\u00e7\u0131klama gereklilikleri"}]},{"@type":"WebSite","@id":"https:\/\/www.tubitex.com\/tr\/#website","url":"https:\/\/www.tubitex.com\/tr\/","name":"Tubitex","description":"Produzione tubi in cartone, anime e bobine di carta","potentialAction":[{"@type":"SearchAction","target":{"@type":"EntryPoint","urlTemplate":"https:\/\/www.tubitex.com\/tr\/?s={search_term_string}"},"query-input":{"@type":"PropertyValueSpecification","valueRequired":true,"valueName":"search_term_string"}}],"inLanguage":"tr"}]}},"_links":{"self":[{"href":"https:\/\/www.tubitex.com\/tr\/wp-json\/wp\/v2\/pages\/9000","targetHints":{"allow":["GET"]}}],"collection":[{"href":"https:\/\/www.tubitex.com\/tr\/wp-json\/wp\/v2\/pages"}],"about":[{"href":"https:\/\/www.tubitex.com\/tr\/wp-json\/wp\/v2\/types\/page"}],"author":[{"embeddable":true,"href":"https:\/\/www.tubitex.com\/tr\/wp-json\/wp\/v2\/users\/1"}],"replies":[{"embeddable":true,"href":"https:\/\/www.tubitex.com\/tr\/wp-json\/wp\/v2\/comments?post=9000"}],"version-history":[{"count":4,"href":"https:\/\/www.tubitex.com\/tr\/wp-json\/wp\/v2\/pages\/9000\/revisions"}],"predecessor-version":[{"id":9006,"href":"https:\/\/www.tubitex.com\/tr\/wp-json\/wp\/v2\/pages\/9000\/revisions\/9006"}],"wp:attachment":[{"href":"https:\/\/www.tubitex.com\/tr\/wp-json\/wp\/v2\/media?parent=9000"}],"wp:term":[{"taxonomy":"category","embeddable":true,"href":"https:\/\/www.tubitex.com\/tr\/wp-json\/wp\/v2\/categories?post=9000"}],"curies":[{"name":"wp","href":"https:\/\/api.w.org\/{rel}","templated":true}]}}