{"id":8996,"date":"2023-03-10T17:01:04","date_gmt":"2023-03-10T17:01:04","guid":{"rendered":"https:\/\/www.tubitex.com\/cevre-kalbimize-yakin-sizi-fotovoltaik-sistemimizle-tanistiralim\/"},"modified":"2025-01-14T11:06:12","modified_gmt":"2025-01-14T11:06:12","slug":"cevre-kalbimize-yakin-sizi-fotovoltaik-sistemimizle-tanistiralim","status":"publish","type":"page","link":"https:\/\/www.tubitex.com\/tr\/cevre-kalbimize-yakin-sizi-fotovoltaik-sistemimizle-tanistiralim\/","title":{"rendered":"\u00c7evre kalbimize yak\u0131n, sizi fotovoltaik sistemimizle tan\u0131\u015ft\u0131ral\u0131m"},"content":{"rendered":"<p>[et_pb_section fb_built=&#8221;1&#8243; admin_label=&#8221;Hero&#8221; _builder_version=&#8221;4.17.4&#8243; _module_preset=&#8221;default&#8221; background_color=&#8221;#f8f0e7&#8243; background_enable_image=&#8221;off&#8221; custom_padding=&#8221;80px|0|0||false|false&#8221; global_colors_info=&#8221;{}&#8221;][et_pb_row use_custom_gutter=&#8221;on&#8221; gutter_width=&#8221;1&#8243; make_equal=&#8221;on&#8221; padding_top_bottom_link_2=&#8221;true&#8221; padding_left_right_link_2=&#8221;true&#8221; _builder_version=&#8221;4.17.4&#8243; _module_preset=&#8221;default&#8221; custom_margin=&#8221;|||&#8221; custom_padding=&#8221;27px|0px|0|0px|false|false&#8221; global_colors_info=&#8221;{}&#8221;][et_pb_column type=&#8221;4_4&#8243; _builder_version=&#8221;4.16&#8243; _module_preset=&#8221;default&#8221; custom_padding=&#8221;|4%|80px|&#8221; custom_padding_tablet=&#8221;||40px|&#8221; custom_padding_phone=&#8221;||40px|&#8221; custom_padding_last_edited=&#8221;on|tablet&#8221; global_colors_info=&#8221;{}&#8221; padding_tablet=&#8221;||40px|&#8221; padding_last_edited=&#8221;on|tablet&#8221; custom_padding__hover=&#8221;|||&#8221; padding_phone=&#8221;||40px|&#8221;][\/et_pb_column][\/et_pb_row][\/et_pb_section][et_pb_section fb_built=&#8221;1&#8243; admin_label=&#8221;Services Header&#8221; _builder_version=&#8221;4.16&#8243; _module_preset=&#8221;default&#8221; custom_padding=&#8221;0|0px|54px|0px|false|false&#8221; locked=&#8221;off&#8221; global_colors_info=&#8221;{}&#8221;][et_pb_row column_structure=&#8221;2_3,1_3&#8243; use_custom_gutter=&#8221;on&#8221; gutter_width=&#8221;1&#8243; padding_top_bottom_link_2=&#8221;true&#8221; padding_left_right_link_2=&#8221;true&#8221; _builder_version=&#8221;4.16&#8243; _module_preset=&#8221;default&#8221; custom_padding=&#8221;0|0px|27px|0px|false|false&#8221; animation_style=&#8221;slide&#8221; animation_direction=&#8221;top&#8221; animation_intensity_slide=&#8221;20%&#8221; locked=&#8221;off&#8221; global_colors_info=&#8221;{}&#8221;][et_pb_column type=&#8221;2_3&#8243; _builder_version=&#8221;4.16&#8243; _module_preset=&#8221;default&#8221; custom_padding=&#8221;|||&#8221; global_colors_info=&#8221;{}&#8221; custom_padding__hover=&#8221;|||&#8221;][et_pb_text _builder_version=&#8221;4.17.4&#8243; _module_preset=&#8221;default&#8221; text_font=&#8221;||||||||&#8221; ul_font=&#8221;||||||||&#8221; ol_font=&#8221;||||||||&#8221; quote_font=&#8221;||||||||&#8221; header_font=&#8221;||||||||&#8221; header_2_font=&#8221;|800|||||||&#8221; header_2_font_size=&#8221;24px&#8221; header_2_line_height=&#8221;1.8em&#8221; header_3_font=&#8221;||||||||&#8221; header_4_font=&#8221;|800||on|||||&#8221; header_4_font_size=&#8221;16px&#8221; header_4_letter_spacing=&#8221;0.5px&#8221; header_4_line_height=&#8221;1.7em&#8221; header_5_font=&#8221;||||||||&#8221; header_6_font=&#8221;||||||||&#8221; background_color=&#8221;#efefef&#8221; padding_1_last_edited=&#8221;on|desktop&#8221; custom_padding=&#8221;30px|50px|30px|50px|true|true|20px|10%|20px|10%|true|true||on|desktop&#8221; custom_padding_tablet=&#8221;&#8221; custom_padding_phone=&#8221;20px|10%|20px|10%|true|true&#8221; custom_padding_last_edited=&#8221;on|phone&#8221; header_2_font_size_tablet=&#8221;&#8221; header_2_font_size_phone=&#8221;18px&#8221; header_2_font_size_last_edited=&#8221;on|phone&#8221; locked=&#8221;off&#8221; global_colors_info=&#8221;{}&#8221;]<\/p>\n<h4>\u00e7evre bizim kalbimize yak\u0131nd\u0131r,  <\/h4>\n<h2>si\u0307zi\u0307 fotovoltai\u0307k si\u0307stemi\u0307mi\u0307zle tani\u015ftiriyoruz<\/h2>\n<p>[\/et_pb_text][\/et_pb_column][et_pb_column type=&#8221;1_3&#8243; _builder_version=&#8221;4.16&#8243; _module_preset=&#8221;default&#8221; custom_padding=&#8221;50px|50px|50px|50px&#8221; custom_padding_tablet=&#8221;50px|50px|50px|50px&#8221; custom_padding_phone=&#8221;20px|10%|20px|10%|true|true&#8221; custom_padding_last_edited=&#8221;on|phone&#8221; global_colors_info=&#8221;{}&#8221; padding_phone=&#8221;20px|10%|20px|10%|true|true&#8221; padding_last_edited=&#8221;on|phone&#8221; custom_padding__hover=&#8221;|||&#8221;][\/et_pb_column][\/et_pb_row][et_pb_row _builder_version=&#8221;4.17.4&#8243; _module_preset=&#8221;default&#8221; global_colors_info=&#8221;{}&#8221;][et_pb_column type=&#8221;4_4&#8243; _builder_version=&#8221;4.16&#8243; _module_preset=&#8221;default&#8221; custom_padding=&#8221;|||&#8221; global_colors_info=&#8221;{}&#8221; custom_padding__hover=&#8221;|||&#8221;][et_pb_text _builder_version=&#8221;4.17.4&#8243; _module_preset=&#8221;default&#8221; text_font=&#8221;Open Sans||||||||&#8221; text_font_size=&#8221;16px&#8221; text_line_height=&#8221;1.8em&#8221; header_font=&#8221;||||||||&#8221; header_3_font=&#8221;|800||on|||||&#8221; header_3_text_color=&#8221;#f25b3a&#8221; header_3_font_size=&#8221;24px&#8221; header_3_line_height=&#8221;1.8em&#8221; header_3_font_size_tablet=&#8221;&#8221; header_3_font_size_phone=&#8221;18px&#8221; header_3_font_size_last_edited=&#8221;on|phone&#8221; locked=&#8221;off&#8221; global_colors_info=&#8221;{}&#8221;]<\/p>\n<p style=\"text-align: justify;\"><span>Ger\u00e7ek ve devredilemez sosyal sermayemiz olan do\u011fal kaynaklar\u0131 tan\u0131yabilir, sayg\u0131 duyabilir ve y\u00f6netebiliriz. \u0130\u015fte bu nedenle kendimizi bir <\/span> <strong><span> <\/span>yenilik\u00e7i fotovoltaik sistem<\/strong><span> \u00dcretimin enerji t\u00fcketimini dengeleyen, ancak her \u015feyden \u00f6nce enerji verimlili\u011fi konusunda t\u00fcm \u00e7abalar\u0131m\u0131z\u0131 ortaya koydu\u011fumuz bir teknolojik yenilik projesini tamaml\u0131yor.<\/span><\/p>\n<h3 style=\"text-align: justify;\"><span style=\"color: #000080;\">Tubitex fotovoltaik tesisi: s\u00fcrd\u00fcr\u00fclebilir karton t\u00fcp \u00fcretimi<\/span><\/h3>\n<p style=\"text-align: justify;\">May\u0131s ay\u0131nda a\u00e7\u0131l\u0131\u015f\u0131 yap\u0131lan yenilik\u00e7i fotovoltaik tesis, Barbarano Vicentino fabrikas\u0131nda in\u015fa edildi. Fabrikan\u0131n \u00e7at\u0131s\u0131na m\u00fckemmel bir \u015fekilde entegre edilen tesis, 770 kWp&#8217;ye kadar, yakla\u015f\u0131k 785.000 kwh\/y\u0131l enerji \u00fcretiyor; bu miktar \u015firketin t\u00fcm \u00fcretim s\u00fcrecinin enerji ihtiyac\u0131n\u0131n yakla\u015f\u0131k %68&#8217;ini kar\u015f\u0131layabiliyor ve 67,52 TEP (ton e\u015fde\u011fer petrol) tasarruf sa\u011flayarak y\u0131ll\u0131k toplam 256.933 kg CO2&#8217;nin atmosfere kar\u0131\u015fmas\u0131n\u0131 \u00f6nl\u00fcyor. <br \/><strong>\u00c7evrenin korunmas\u0131 ve s\u00fcrd\u00fcr\u00fclebilir kalk\u0131nmaya y\u00f6nelik \u015firket politikam\u0131z\u0131n ayr\u0131lmaz bir par\u00e7as\u0131 oldu\u011fu i\u00e7in \u015fiddetle arzu edilen bir projeydi.<\/strong><\/p>\n<p>T<strong>emiz ve g\u00fcvenli enerji \u00fcretiminin, faaliyet g\u00f6sterdi\u011fi b\u00f6lgenin ve toplumun refah\u0131na \u00f6nemli bir katk\u0131 sa\u011flad\u0131\u011f\u0131na inan\u0131yoruz.<\/strong> Sorumlu m\u00fchendisler, \u00e7at\u0131lar\u0131n tipolojik olarak birbirinden farkl\u0131 olmas\u0131na ve ayr\u0131ca farkl\u0131 maruziyetlerle karakterize edilmesine ra\u011fmen, bu tesisin tasar\u0131m\u0131nda m\u00fckemmel bir denge bulmay\u0131 ba\u015fard\u0131lar<strong>.<\/strong> \u00c7at\u0131 asl\u0131nda be\u015fik ve e\u011fimli k\u0131s\u0131mlara sahiptir. Bu nedenle, polikristal silikon paneller ve CIS (Copper Indium Diselenide&#8221;-CuInSe2) teknolojisine sahip paneller kullan\u0131larak farkl\u0131 e\u011fimlere ve y\u00f6nlere uyacak \u015fekilde \u00e7ok telli bir sistem tasarlanm\u0131\u015ft\u0131r.  <\/p>\n<p style=\"text-align: justify;\">Tesis, \u015firketin enerji politikas\u0131na uygun olarak, herhangi bir anormallik durumunda derhal m\u00fcdahale edebilmek i\u00e7in y\u0131l\u0131n 365 g\u00fcn\u00fc ger\u00e7ek zamanl\u0131 olarak izlenmektedir. Ayn\u0131 projede, eski asbest \u00e7at\u0131n\u0131n bertaraf edilmesi ve de\u011fi\u015ftirilmesi g\u00f6revini de \u00fcstlenerek, 2010 y\u0131l\u0131nda Consorzio Nord Est Packaging ve Veneto B\u00f6lgesi ile ortakla\u015fa y\u00fcr\u00fct\u00fclen bir teknolojik yenilik ve enerji verimlili\u011fi iyile\u015ftirme projesi ile ba\u015flayan bir s\u00fcrecin son a\u015famas\u0131n\u0131 tamamlad\u0131k.<\/p>\n<p>[\/et_pb_text][\/et_pb_column][\/et_pb_row][\/et_pb_section][et_pb_section fb_built=&#8221;1&#8243; admin_label=&#8221;Gallery&#8221; _builder_version=&#8221;4.16&#8243; _module_preset=&#8221;default&#8221; custom_padding=&#8221;0px||0px|&#8221; global_colors_info=&#8221;{}&#8221;][et_pb_row column_structure=&#8221;1_4,1_4,1_4,1_4&#8243; use_custom_gutter=&#8221;on&#8221; gutter_width=&#8221;1&#8243; make_equal=&#8221;on&#8221; admin_label=&#8221;G\u00f6r\u00fcnt\u00fc Izgaras\u0131&#8221; module_class=&#8221; et_pb_row_fullwidth&#8221; _builder_version=&#8221;4.16&#8243; _module_preset=&#8221;default&#8221; background_size=&#8221;initial&#8221; background_position=&#8221;top_left&#8221; background_repeat=&#8221;repeat&#8221; width=&#8221;100%&#8221; width_tablet=&#8221;100%&#8221; width_phone=&#8221;100%&#8221; width_last_edited=&#8221;on|desktop&#8221; max_width=&#8221;100%&#8221; max_width_tablet=&#8221;100%&#8221; max_width_phone=&#8221;100%&#8221; max_width_last_edited=&#8221;on|desktop&#8221; custom_padding=&#8221;0px|0px|0px|0px&#8221; make_fullwidth=&#8221;on&#8221; global_colors_info=&#8221;{}&#8221;][et_pb_column type=&#8221;1_4&#8243; _builder_version=&#8221;4.16&#8243; _module_preset=&#8221;default&#8221; custom_padding=&#8221;|||&#8221; global_colors_info=&#8221;{}&#8221; custom_padding__hover=&#8221;|||&#8221;][et_pb_image src=&#8221;https:\/\/www.tubitex.com\/wp-content\/uploads\/2022\/10\/1_anime-di-cartone-per-cartiere_box3.jpg&#8221; title_text=&#8221;1_anime-of-carton-per-neighbourhood_box3&#8243; show_in_lightbox=&#8221;on&#8221; force_fullwidth=&#8221;on&#8221; align_tablet=&#8221;center&#8221; align_phone=&#8221;center&#8221; align_last_edited=&#8221;on|desktop&#8221; _builder_version=&#8221;4.17.4&#8243; _module_preset=&#8221;default&#8221; animation_style=&#8221;zoom&#8221; animation_intensity_zoom=&#8221;10%&#8221; global_colors_info=&#8221;{}&#8221;][\/et_pb_image][\/et_pb_column][et_pb_column type=&#8221;1_4&#8243; _builder_version=&#8221;4.16&#8243; _module_preset=&#8221;default&#8221; custom_padding=&#8221;|||&#8221; global_colors_info=&#8221;{}&#8221; custom_padding__hover=&#8221;|||&#8221;][et_pb_image src=&#8221;https:\/\/www.tubitex.com\/wp-content\/uploads\/2022\/10\/1_anime-di-cartone-per-cartiere_box5.jpg&#8221; title_text=&#8221;1_anime-of-carton-per-neighbourhood_box5&#8243; show_in_lightbox=&#8221;on&#8221; force_fullwidth=&#8221;on&#8221; align_tablet=&#8221;center&#8221; align_phone=&#8221;center&#8221; align_last_edited=&#8221;on|desktop&#8221; _builder_version=&#8221;4.17.4&#8243; _module_preset=&#8221;default&#8221; animation_style=&#8221;zoom&#8221; animation_delay=&#8221;100ms&#8221; animation_intensity_zoom=&#8221;10%&#8221; locked=&#8221;off&#8221; global_colors_info=&#8221;{}&#8221;][\/et_pb_image][\/et_pb_column][et_pb_column type=&#8221;1_4&#8243; _builder_version=&#8221;4.16&#8243; _module_preset=&#8221;default&#8221; custom_padding=&#8221;|||&#8221; global_colors_info=&#8221;{}&#8221; custom_padding__hover=&#8221;|||&#8221;][et_pb_image src=&#8221;https:\/\/www.tubitex.com\/wp-content\/uploads\/2022\/10\/1_anime-di-cartone-per-cartiere_box4.jpg&#8221; title_text=&#8221;1_anime-of-carton-per-neighbourhood_box4&#8243; show_in_lightbox=&#8221;on&#8221; force_fullwidth=&#8221;on&#8221; align_tablet=&#8221;center&#8221; align_phone=&#8221;center&#8221; align_last_edited=&#8221;on|desktop&#8221; _builder_version=&#8221;4.17.4&#8243; _module_preset=&#8221;default&#8221; animation_style=&#8221;zoom&#8221; animation_delay=&#8221;200ms&#8221; animation_intensity_zoom=&#8221;10%&#8221; locked=&#8221;off&#8221; global_colors_info=&#8221;{}&#8221;][\/et_pb_image][\/et_pb_column][et_pb_column type=&#8221;1_4&#8243; _builder_version=&#8221;4.16&#8243; _module_preset=&#8221;default&#8221; custom_padding=&#8221;|||&#8221; global_colors_info=&#8221;{}&#8221; custom_padding__hover=&#8221;|||&#8221;][et_pb_image src=&#8221;https:\/\/www.tubitex.com\/wp-content\/uploads\/2022\/10\/3_anime-di-cartone-per-film-plastico_box6.jpg&#8221; title_text=&#8221;3_cartoon-animals-for-plastic-film_box6&#8243; show_in_lightbox=&#8221;on&#8221; force_fullwidth=&#8221;on&#8221; align_tablet=&#8221;center&#8221; align_phone=&#8221;center&#8221; align_last_edited=&#8221;on|desktop&#8221; _builder_version=&#8221;4.17.4&#8243; _module_preset=&#8221;default&#8221; animation_style=&#8221;zoom&#8221; animation_delay=&#8221;300ms&#8221; animation_intensity_zoom=&#8221;10%&#8221; locked=&#8221;off&#8221; global_colors_info=&#8221;{}&#8221;][\/et_pb_image][\/et_pb_column][\/et_pb_row][\/et_pb_section][et_pb_section fb_built=&#8221;1&#8243; admin_label=&#8221;Contact Banner&#8221; _builder_version=&#8221;4.17.4&#8243; _module_preset=&#8221;default&#8221; background_color=&#8221;rgba(135,65,8,0.8)&#8221; custom_padding=&#8221;20px|0px|0px|0px|false|false&#8221; animation_style=&#8221;slide&#8221; animation_direction=&#8221;bottom&#8221; global_colors_info=&#8221;{}&#8221;][et_pb_row column_structure=&#8221;3_5,2_5&#8243; _builder_version=&#8221;4.17.4&#8243; _module_preset=&#8221;default&#8221; custom_margin=&#8221;-5px||||false|false&#8221; global_colors_info=&#8221;{}&#8221;][et_pb_column type=&#8221;3_5&#8243; _builder_version=&#8221;4.16&#8243; _module_preset=&#8221;default&#8221; custom_padding=&#8221;|||&#8221; global_colors_info=&#8221;{}&#8221; custom_padding__hover=&#8221;|||&#8221;][et_pb_text _builder_version=&#8221;4.17.4&#8243; _module_preset=&#8221;default&#8221; text_font=&#8221;||||||||&#8221; quote_font=&#8221;||||||||&#8221; header_font=&#8221;||||||||&#8221; header_2_font=&#8221;|600||on|||||&#8221; header_2_font_size=&#8221;24px&#8221; header_3_font=&#8221;||||||||&#8221; header_4_font=&#8221;|800||on|||||&#8221; header_4_font_size=&#8221;16px&#8221; header_4_letter_spacing=&#8221;0.5px&#8221; header_4_line_height=&#8221;1.7em&#8221; background_layout=&#8221;dark&#8221; max_width=&#8221;800%&#8221; custom_padding=&#8221;0px||||false|false&#8221; header_2_font_size_tablet=&#8221;&#8221; header_2_font_size_phone=&#8221;18px&#8221; header_2_font_size_last_edited=&#8221;on|phone&#8221; locked=&#8221;off&#8221; global_colors_info=&#8221;{}&#8221;]<\/p>\n<h4>tubitex&#8217;in temiz enerjisini se\u00e7in!<\/h4>\n<h2>\u00e7evre dostu \u00fcr\u00fcnlerle i\u0307\u015fi\u0307ni\u0307ze daha fazla de\u011fer katin!<\/h2>\n<p>[\/et_pb_text][\/et_pb_column][et_pb_column type=&#8221;2_5&#8243; _builder_version=&#8221;4.17.4&#8243; _module_preset=&#8221;default&#8221; custom_padding=&#8221;|||&#8221; global_colors_info=&#8221;{}&#8221; custom_padding__hover=&#8221;|||&#8221;][et_pb_button button_url=&#8221;@ET-DC@eyJkeW5hbWljIjp0cnVlLCJjb250ZW50IjoicG9zdF9saW5rX3VybF9wYWdlIiwic2V0dGluZ3MiOnsicG9zdF9pZCI6IjI4In19@&#8221; button_text=&#8221;daha fazla bi\u0307lgi\u0307 i\u0307steyi\u0307n&#8221; button_alignment=&#8221;right&#8221; _builder_version=&#8221;4.17.4&#8243; _dynamic_attributes=&#8221;button_url&#8221; _module_preset=&#8221;default&#8221; custom_button=&#8221;on&#8221; button_text_size=&#8221;19px&#8221; button_text_color=&#8221;#FFFFFF&#8221; button_bg_color=&#8221;RGBA(255,255,255,0)&#8221; button_border_color=&#8221;#FFFFFF&#8221; button_border_radius=&#8221;0px&#8221; button_font=&#8221;|||on|||||&#8221; button_use_icon=&#8221;off&#8221; custom_margin=&#8221;1px||||false|false&#8221; global_colors_info=&#8221;{}&#8221;][\/et_pb_button][\/et_pb_column][\/et_pb_row][\/et_pb_section]<\/p>\n","protected":false},"excerpt":{"rendered":"<p>\u00e7evre bizim kalbimize yak\u0131nd\u0131r, si\u0307zi\u0307 fotovoltai\u0307k si\u0307stemi\u0307mi\u0307zle tani\u015ftiriyoruzGer\u00e7ek ve devredilemez sosyal sermayemiz olan do\u011fal kaynaklar\u0131 tan\u0131yabilir, sayg\u0131 duyabilir ve y\u00f6netebiliriz. \u0130\u015fte bu nedenle kendimizi bir yenilik\u00e7i fotovoltaik sistem \u00dcretimin enerji t\u00fcketimini dengeleyen, ancak her \u015feyden \u00f6nce enerji verimlili\u011fi konusunda t\u00fcm \u00e7abalar\u0131m\u0131z\u0131 ortaya koydu\u011fumuz bir teknolojik yenilik projesini tamaml\u0131yor. Tubitex fotovoltaik tesisi: s\u00fcrd\u00fcr\u00fclebilir karton t\u00fcp \u00fcretimi [&hellip;]<\/p>\n","protected":false},"author":1,"featured_media":0,"parent":0,"menu_order":0,"comment_status":"closed","ping_status":"closed","template":"","meta":{"_acf_changed":false,"_et_pb_use_builder":"on","_et_pb_old_content":"","_et_gb_content_width":"","inline_featured_image":false,"footnotes":""},"categories":[],"class_list":["post-8996","page","type-page","status-publish","hentry"],"acf":[],"yoast_head":"<!-- This site is optimized with the Yoast SEO plugin v27.1.1 - https:\/\/yoast.com\/product\/yoast-seo-wordpress\/ -->\n<title>\u00c7evre kalbimize yak\u0131n, sizi fotovoltaik sistemimizle tan\u0131\u015ft\u0131ral\u0131m - Tubitex<\/title>\n<meta name=\"robots\" content=\"index, follow, max-snippet:-1, max-image-preview:large, max-video-preview:-1\" \/>\n<link rel=\"canonical\" href=\"https:\/\/www.tubitex.com\/tr\/cevre-kalbimize-yakin-sizi-fotovoltaik-sistemimizle-tanistiralim\/\" \/>\n<meta property=\"og:locale\" content=\"tr_TR\" \/>\n<meta property=\"og:type\" content=\"article\" \/>\n<meta property=\"og:title\" content=\"\u00c7evre kalbimize yak\u0131n, sizi fotovoltaik sistemimizle tan\u0131\u015ft\u0131ral\u0131m - Tubitex\" \/>\n<meta property=\"og:description\" content=\"\u00e7evre bizim kalbimize yak\u0131nd\u0131r, si\u0307zi\u0307 fotovoltai\u0307k si\u0307stemi\u0307mi\u0307zle tani\u015ftiriyoruzGer\u00e7ek ve devredilemez sosyal sermayemiz olan do\u011fal kaynaklar\u0131 tan\u0131yabilir, sayg\u0131 duyabilir ve y\u00f6netebiliriz. \u0130\u015fte bu nedenle kendimizi bir yenilik\u00e7i fotovoltaik sistem \u00dcretimin enerji t\u00fcketimini dengeleyen, ancak her \u015feyden \u00f6nce enerji verimlili\u011fi konusunda t\u00fcm \u00e7abalar\u0131m\u0131z\u0131 ortaya koydu\u011fumuz bir teknolojik yenilik projesini tamaml\u0131yor. Tubitex fotovoltaik tesisi: s\u00fcrd\u00fcr\u00fclebilir karton t\u00fcp \u00fcretimi [&hellip;]\" \/>\n<meta property=\"og:url\" content=\"https:\/\/www.tubitex.com\/tr\/cevre-kalbimize-yakin-sizi-fotovoltaik-sistemimizle-tanistiralim\/\" \/>\n<meta property=\"og:site_name\" content=\"Tubitex\" \/>\n<meta property=\"article:modified_time\" content=\"2025-01-14T11:06:12+00:00\" \/>\n<meta name=\"twitter:card\" content=\"summary_large_image\" \/>\n<meta name=\"twitter:label1\" content=\"Tahmini okuma s\u00fcresi\" \/>\n\t<meta name=\"twitter:data1\" content=\"8 dakika\" \/>\n<script type=\"application\/ld+json\" class=\"yoast-schema-graph\">{\"@context\":\"https:\/\/schema.org\",\"@graph\":[{\"@type\":\"WebPage\",\"@id\":\"https:\/\/www.tubitex.com\/tr\/cevre-kalbimize-yakin-sizi-fotovoltaik-sistemimizle-tanistiralim\/\",\"url\":\"https:\/\/www.tubitex.com\/tr\/cevre-kalbimize-yakin-sizi-fotovoltaik-sistemimizle-tanistiralim\/\",\"name\":\"\u00c7evre kalbimize yak\u0131n, sizi fotovoltaik sistemimizle tan\u0131\u015ft\u0131ral\u0131m - Tubitex\",\"isPartOf\":{\"@id\":\"https:\/\/www.tubitex.com\/tr\/#website\"},\"datePublished\":\"2023-03-10T17:01:04+00:00\",\"dateModified\":\"2025-01-14T11:06:12+00:00\",\"breadcrumb\":{\"@id\":\"https:\/\/www.tubitex.com\/tr\/cevre-kalbimize-yakin-sizi-fotovoltaik-sistemimizle-tanistiralim\/#breadcrumb\"},\"inLanguage\":\"tr\",\"potentialAction\":[{\"@type\":\"ReadAction\",\"target\":[\"https:\/\/www.tubitex.com\/tr\/cevre-kalbimize-yakin-sizi-fotovoltaik-sistemimizle-tanistiralim\/\"]}]},{\"@type\":\"BreadcrumbList\",\"@id\":\"https:\/\/www.tubitex.com\/tr\/cevre-kalbimize-yakin-sizi-fotovoltaik-sistemimizle-tanistiralim\/#breadcrumb\",\"itemListElement\":[{\"@type\":\"ListItem\",\"position\":1,\"name\":\"Home\",\"item\":\"https:\/\/www.tubitex.com\/tr\/anasayfa\/\"},{\"@type\":\"ListItem\",\"position\":2,\"name\":\"\u00c7evre kalbimize yak\u0131n, sizi fotovoltaik sistemimizle tan\u0131\u015ft\u0131ral\u0131m\"}]},{\"@type\":\"WebSite\",\"@id\":\"https:\/\/www.tubitex.com\/tr\/#website\",\"url\":\"https:\/\/www.tubitex.com\/tr\/\",\"name\":\"Tubitex\",\"description\":\"Produzione tubi in cartone, anime e bobine di carta\",\"potentialAction\":[{\"@type\":\"SearchAction\",\"target\":{\"@type\":\"EntryPoint\",\"urlTemplate\":\"https:\/\/www.tubitex.com\/tr\/?s={search_term_string}\"},\"query-input\":{\"@type\":\"PropertyValueSpecification\",\"valueRequired\":true,\"valueName\":\"search_term_string\"}}],\"inLanguage\":\"tr\"}]}<\/script>\n<!-- \/ Yoast SEO plugin. -->","yoast_head_json":{"title":"\u00c7evre kalbimize yak\u0131n, sizi fotovoltaik sistemimizle tan\u0131\u015ft\u0131ral\u0131m - Tubitex","robots":{"index":"index","follow":"follow","max-snippet":"max-snippet:-1","max-image-preview":"max-image-preview:large","max-video-preview":"max-video-preview:-1"},"canonical":"https:\/\/www.tubitex.com\/tr\/cevre-kalbimize-yakin-sizi-fotovoltaik-sistemimizle-tanistiralim\/","og_locale":"tr_TR","og_type":"article","og_title":"\u00c7evre kalbimize yak\u0131n, sizi fotovoltaik sistemimizle tan\u0131\u015ft\u0131ral\u0131m - Tubitex","og_description":"\u00e7evre bizim kalbimize yak\u0131nd\u0131r, si\u0307zi\u0307 fotovoltai\u0307k si\u0307stemi\u0307mi\u0307zle tani\u015ftiriyoruzGer\u00e7ek ve devredilemez sosyal sermayemiz olan do\u011fal kaynaklar\u0131 tan\u0131yabilir, sayg\u0131 duyabilir ve y\u00f6netebiliriz. \u0130\u015fte bu nedenle kendimizi bir yenilik\u00e7i fotovoltaik sistem \u00dcretimin enerji t\u00fcketimini dengeleyen, ancak her \u015feyden \u00f6nce enerji verimlili\u011fi konusunda t\u00fcm \u00e7abalar\u0131m\u0131z\u0131 ortaya koydu\u011fumuz bir teknolojik yenilik projesini tamaml\u0131yor. Tubitex fotovoltaik tesisi: s\u00fcrd\u00fcr\u00fclebilir karton t\u00fcp \u00fcretimi [&hellip;]","og_url":"https:\/\/www.tubitex.com\/tr\/cevre-kalbimize-yakin-sizi-fotovoltaik-sistemimizle-tanistiralim\/","og_site_name":"Tubitex","article_modified_time":"2025-01-14T11:06:12+00:00","twitter_card":"summary_large_image","twitter_misc":{"Tahmini okuma s\u00fcresi":"8 dakika"},"schema":{"@context":"https:\/\/schema.org","@graph":[{"@type":"WebPage","@id":"https:\/\/www.tubitex.com\/tr\/cevre-kalbimize-yakin-sizi-fotovoltaik-sistemimizle-tanistiralim\/","url":"https:\/\/www.tubitex.com\/tr\/cevre-kalbimize-yakin-sizi-fotovoltaik-sistemimizle-tanistiralim\/","name":"\u00c7evre kalbimize yak\u0131n, sizi fotovoltaik sistemimizle tan\u0131\u015ft\u0131ral\u0131m - Tubitex","isPartOf":{"@id":"https:\/\/www.tubitex.com\/tr\/#website"},"datePublished":"2023-03-10T17:01:04+00:00","dateModified":"2025-01-14T11:06:12+00:00","breadcrumb":{"@id":"https:\/\/www.tubitex.com\/tr\/cevre-kalbimize-yakin-sizi-fotovoltaik-sistemimizle-tanistiralim\/#breadcrumb"},"inLanguage":"tr","potentialAction":[{"@type":"ReadAction","target":["https:\/\/www.tubitex.com\/tr\/cevre-kalbimize-yakin-sizi-fotovoltaik-sistemimizle-tanistiralim\/"]}]},{"@type":"BreadcrumbList","@id":"https:\/\/www.tubitex.com\/tr\/cevre-kalbimize-yakin-sizi-fotovoltaik-sistemimizle-tanistiralim\/#breadcrumb","itemListElement":[{"@type":"ListItem","position":1,"name":"Home","item":"https:\/\/www.tubitex.com\/tr\/anasayfa\/"},{"@type":"ListItem","position":2,"name":"\u00c7evre kalbimize yak\u0131n, sizi fotovoltaik sistemimizle tan\u0131\u015ft\u0131ral\u0131m"}]},{"@type":"WebSite","@id":"https:\/\/www.tubitex.com\/tr\/#website","url":"https:\/\/www.tubitex.com\/tr\/","name":"Tubitex","description":"Produzione tubi in cartone, anime e bobine di carta","potentialAction":[{"@type":"SearchAction","target":{"@type":"EntryPoint","urlTemplate":"https:\/\/www.tubitex.com\/tr\/?s={search_term_string}"},"query-input":{"@type":"PropertyValueSpecification","valueRequired":true,"valueName":"search_term_string"}}],"inLanguage":"tr"}]}},"_links":{"self":[{"href":"https:\/\/www.tubitex.com\/tr\/wp-json\/wp\/v2\/pages\/8996","targetHints":{"allow":["GET"]}}],"collection":[{"href":"https:\/\/www.tubitex.com\/tr\/wp-json\/wp\/v2\/pages"}],"about":[{"href":"https:\/\/www.tubitex.com\/tr\/wp-json\/wp\/v2\/types\/page"}],"author":[{"embeddable":true,"href":"https:\/\/www.tubitex.com\/tr\/wp-json\/wp\/v2\/users\/1"}],"replies":[{"embeddable":true,"href":"https:\/\/www.tubitex.com\/tr\/wp-json\/wp\/v2\/comments?post=8996"}],"version-history":[{"count":1,"href":"https:\/\/www.tubitex.com\/tr\/wp-json\/wp\/v2\/pages\/8996\/revisions"}],"predecessor-version":[{"id":8999,"href":"https:\/\/www.tubitex.com\/tr\/wp-json\/wp\/v2\/pages\/8996\/revisions\/8999"}],"wp:attachment":[{"href":"https:\/\/www.tubitex.com\/tr\/wp-json\/wp\/v2\/media?parent=8996"}],"wp:term":[{"taxonomy":"category","embeddable":true,"href":"https:\/\/www.tubitex.com\/tr\/wp-json\/wp\/v2\/categories?post=8996"}],"curies":[{"name":"wp","href":"https:\/\/api.w.org\/{rel}","templated":true}]}}