{"id":8993,"date":"2023-05-11T13:31:29","date_gmt":"2023-05-11T13:31:29","guid":{"rendered":"https:\/\/www.tubitex.com\/karton-tup-ve-boru-tasarimi-ve-uretiminde-lider\/"},"modified":"2025-01-14T11:06:11","modified_gmt":"2025-01-14T11:06:11","slug":"karton-tup-ve-boru-tasarimi-ve-uretiminde-lider","status":"publish","type":"page","link":"https:\/\/www.tubitex.com\/tr\/karton-tup-ve-boru-tasarimi-ve-uretiminde-lider\/","title":{"rendered":"Karton t\u00fcp ve boru tasar\u0131m\u0131 ve \u00fcretiminde lider"},"content":{"rendered":"<p>[et_pb_section fb_built=&#8221;1&#8243; admin_label=&#8221;Services Header&#8221; _builder_version=&#8221;4.17.4&#8243; _module_preset=&#8221;default&#8221; background_color=&#8221;#f8f0e7&#8243; custom_padding=&#8221;0|0px|54px|0px|false|false&#8221; locked=&#8221;off&#8221; global_colors_info=&#8221;{}&#8221;][et_pb_row column_structure=&#8221;2_3,1_3&#8243; use_custom_gutter=&#8221;on&#8221; gutter_width=&#8221;1&#8243; padding_top_bottom_link_2=&#8221;true&#8221; padding_left_right_link_2=&#8221;true&#8221; _builder_version=&#8221;4.16&#8243; _module_preset=&#8221;default&#8221; custom_padding=&#8221;0|0px|27px|0px|false|false&#8221; animation_style=&#8221;slide&#8221; animation_direction=&#8221;top&#8221; animation_intensity_slide=&#8221;20%&#8221; locked=&#8221;off&#8221; global_colors_info=&#8221;{}&#8221;][et_pb_column type=&#8221;2_3&#8243; _builder_version=&#8221;4.16&#8243; _module_preset=&#8221;default&#8221; custom_padding=&#8221;|||&#8221; global_colors_info=&#8221;{}&#8221; custom_padding__hover=&#8221;|||&#8221;][et_pb_text _builder_version=&#8221;4.17.4&#8243; _module_preset=&#8221;default&#8221; text_font=&#8221;||||||||&#8221; ul_font=&#8221;||||||||&#8221; ol_font=&#8221;||||||||&#8221; quote_font=&#8221;||||||||&#8221; header_font=&#8221;||||||||&#8221; header_2_font=&#8221;|800|||||||&#8221; header_2_font_size=&#8221;24px&#8221; header_2_line_height=&#8221;1.8em&#8221; header_3_font=&#8221;||||||||&#8221; header_4_font=&#8221;|800||on|||||&#8221; header_4_font_size=&#8221;16px&#8221; header_4_letter_spacing=&#8221;0.5px&#8221; header_4_line_height=&#8221;1.7em&#8221; header_5_font=&#8221;||||||||&#8221; header_6_font=&#8221;||||||||&#8221; background_color=&#8221;#efefef&#8221; padding_1_last_edited=&#8221;on|desktop&#8221; custom_padding=&#8221;30px|50px|30px|50px|true|true|20px|10%|20px|10%|true|true||on|desktop&#8221; custom_padding_tablet=&#8221;&#8221; custom_padding_phone=&#8221;20px|10%|20px|10%|true|true&#8221; custom_padding_last_edited=&#8221;on|phone&#8221; header_2_font_size_tablet=&#8221;&#8221; header_2_font_size_phone=&#8221;18px&#8221; header_2_font_size_last_edited=&#8221;on|phone&#8221; locked=&#8221;off&#8221; global_colors_info=&#8221;{}&#8221;]<\/p>\n<h4>karton boru ve t\u00fcplerin tasar\u0131m\u0131 ve \u00dcRET\u0130M\u0130NDE lider<\/h4>\n<p>[\/et_pb_text][\/et_pb_column][et_pb_column type=&#8221;1_3&#8243; _builder_version=&#8221;4.16&#8243; _module_preset=&#8221;default&#8221; custom_padding=&#8221;50px|50px|50px|50px&#8221; custom_padding_tablet=&#8221;50px|50px|50px|50px&#8221; custom_padding_phone=&#8221;20px|10%|20px|10%|true|true&#8221; custom_padding_last_edited=&#8221;on|phone&#8221; global_colors_info=&#8221;{}&#8221; padding_phone=&#8221;20px|10%|20px|10%|true|true&#8221; padding_last_edited=&#8221;on|phone&#8221; custom_padding__hover=&#8221;|||&#8221;][\/et_pb_column][\/et_pb_row][et_pb_row _builder_version=&#8221;4.17.4&#8243; _module_preset=&#8221;default&#8221; custom_margin=&#8221;-27px|auto||auto||&#8221; global_colors_info=&#8221;{}&#8221;][et_pb_column type=&#8221;4_4&#8243; _builder_version=&#8221;4.16&#8243; _module_preset=&#8221;default&#8221; custom_padding=&#8221;|||&#8221; global_colors_info=&#8221;{}&#8221; custom_padding__hover=&#8221;|||&#8221;][et_pb_text _builder_version=&#8221;4.22.2&#8243; _module_preset=&#8221;default&#8221; text_font=&#8221;Open Sans||||||||&#8221; header_font=&#8221;||||||||&#8221; header_3_font=&#8221;|800||on|||||&#8221; header_3_text_color=&#8221;#0a0000&#8243; header_3_font_size=&#8221;16px&#8221; header_3_line_height=&#8221;1.7em&#8221; hover_enabled=&#8221;0&#8243; header_3_font_size_tablet=&#8221;&#8221; header_3_font_size_phone=&#8221;18px&#8221; header_3_font_size_last_edited=&#8221;on|phone&#8221; locked=&#8221;off&#8221; global_colors_info=&#8221;{}&#8221; sticky_enabled=&#8221;0&#8243;]<\/p>\n<p style=\"text-align: justify;\"><strong>Karton boru \u00fcretiminde<\/strong> size kalite, g\u00fcvenilirlik ve uzmanl\u0131k sunabilecek g\u00fcvenilir bir ortak ar\u0131yorsan\u0131z do\u011fru yerdesiniz!<\/p>\n<h3 style=\"text-align: justify;\"><span style=\"color: #000000;\">Kaliteli karton borular: tubitex deneyimi<\/span><\/h3>\n<p style=\"text-align: justify;\">40 y\u0131l\u0131 a\u015fk\u0131n s\u00fcredir m\u00fc\u015fterilerimize <strong>en y\u00fcksek kalitede karton t\u00fcpler<\/strong> sunmak i\u00e7in deneyim ve uzmanl\u0131k sa\u011fl\u0131yoruz. Ka\u011f\u0131ttan tekstile ve g\u0131da end\u00fcstrisine kadar her t\u00fcr \u015firket i\u00e7in ve ihtiya\u00e7lar\u0131n\u0131za g\u00f6re, her ihtiyac\u0131n\u0131z\u0131 kar\u015f\u0131lamak \u00fczere planlanm\u0131\u015f ve haz\u0131rlanm\u0131\u015f, s\u00fcrekli ve eksiksiz bir tedariki garanti ederek size<strong> \u00f6zel bir \u00fcr\u00fcn<\/strong> sunuyoruz.<\/p>\n<p style=\"text-align: justify;\">Her bir \u00fcr\u00fcn i\u00e7in, karton masuralar\u0131n tasar\u0131m\u0131 ve i\u015fleme d\u00f6ng\u00fcs\u00fc s\u0131ras\u0131ndaki s\u0131k\u0131 kontrollerin yan\u0131 s\u0131ra verimli bir teknik personel ve son teknoloji ekipman deste\u011fi sayesinde en y\u00fcksek kaliteyi garanti ediyoruz, bu da size ihtiyac\u0131n\u0131z olan karton masuralar\u0131 ve masuralar\u0131 her g\u00fcn en \u00fcst d\u00fczeyde sa\u011flamam\u0131za olanak tan\u0131yor.<\/p>\n<p style=\"text-align: justify;\">ile <a href=\"https:\/\/www.tubitex.com\/tubi-di-cartone-per-alimenti-edilizia\/\"><strong>Tubitex<\/strong><\/a>Avrupa&#8217;n\u0131n \u00f6nde gelen <strong>\u00f6zelle\u015ftirilmi\u015f karton t\u00fcp<\/strong> tasar\u0131mc\u0131s\u0131 ve <strong>\u00fcreticisi olarak,<\/strong> markan\u0131z\u0131 <strong>y\u00fcksek kaliteli \u00fcr\u00fcnlerle<\/strong> yeni zirvelere ta\u015f\u0131mak i\u00e7in arad\u0131\u011f\u0131n\u0131z \u00fcr\u00fcn\u00fc alaca\u011f\u0131n\u0131zdan emin olabilirsiniz.<\/p>\n<p>[\/et_pb_text][\/et_pb_column][\/et_pb_row][\/et_pb_section][et_pb_section fb_built=&#8221;1&#8243; admin_label=&#8221;Gallery&#8221; _builder_version=&#8221;4.16&#8243; _module_preset=&#8221;default&#8221; custom_padding=&#8221;0px||0px|&#8221; global_colors_info=&#8221;{}&#8221;][et_pb_row column_structure=&#8221;1_4,1_4,1_4,1_4&#8243; use_custom_gutter=&#8221;on&#8221; gutter_width=&#8221;1&#8243; make_equal=&#8221;on&#8221; admin_label=&#8221;G\u00f6r\u00fcnt\u00fc Izgaras\u0131&#8221; module_class=&#8221; et_pb_row_fullwidth&#8221; _builder_version=&#8221;4.16&#8243; _module_preset=&#8221;default&#8221; background_size=&#8221;initial&#8221; background_position=&#8221;top_left&#8221; background_repeat=&#8221;repeat&#8221; width=&#8221;100%&#8221; width_tablet=&#8221;100%&#8221; width_phone=&#8221;100%&#8221; width_last_edited=&#8221;on|desktop&#8221; max_width=&#8221;100%&#8221; max_width_tablet=&#8221;100%&#8221; max_width_phone=&#8221;100%&#8221; max_width_last_edited=&#8221;on|desktop&#8221; custom_padding=&#8221;0px|0px|0px|0px&#8221; make_fullwidth=&#8221;on&#8221; global_colors_info=&#8221;{}&#8221;][et_pb_column type=&#8221;1_4&#8243; _builder_version=&#8221;4.16&#8243; _module_preset=&#8221;default&#8221; custom_padding=&#8221;|||&#8221; global_colors_info=&#8221;{}&#8221; custom_padding__hover=&#8221;|||&#8221;][et_pb_image src=&#8221;https:\/\/www.tubitex.com\/wp-content\/uploads\/2022\/10\/1_anime-di-cartone-per-cartiere_box3.jpg&#8221; title_text=&#8221;1_anime-of-carton-per-neighbourhood_box3&#8243; show_in_lightbox=&#8221;on&#8221; force_fullwidth=&#8221;on&#8221; align_tablet=&#8221;center&#8221; align_phone=&#8221;center&#8221; align_last_edited=&#8221;on|desktop&#8221; _builder_version=&#8221;4.17.4&#8243; _module_preset=&#8221;default&#8221; animation_style=&#8221;zoom&#8221; animation_intensity_zoom=&#8221;10%&#8221; global_colors_info=&#8221;{}&#8221;][\/et_pb_image][\/et_pb_column][et_pb_column type=&#8221;1_4&#8243; _builder_version=&#8221;4.16&#8243; _module_preset=&#8221;default&#8221; custom_padding=&#8221;|||&#8221; global_colors_info=&#8221;{}&#8221; custom_padding__hover=&#8221;|||&#8221;][et_pb_image src=&#8221;https:\/\/www.tubitex.com\/wp-content\/uploads\/2022\/10\/1_anime-di-cartone-per-cartiere_box5.jpg&#8221; title_text=&#8221;1_anime-of-carton-per-neighbourhood_box5&#8243; show_in_lightbox=&#8221;on&#8221; force_fullwidth=&#8221;on&#8221; align_tablet=&#8221;center&#8221; align_phone=&#8221;center&#8221; align_last_edited=&#8221;on|desktop&#8221; _builder_version=&#8221;4.17.4&#8243; _module_preset=&#8221;default&#8221; animation_style=&#8221;zoom&#8221; animation_delay=&#8221;100ms&#8221; animation_intensity_zoom=&#8221;10%&#8221; locked=&#8221;off&#8221; global_colors_info=&#8221;{}&#8221;][\/et_pb_image][\/et_pb_column][et_pb_column type=&#8221;1_4&#8243; _builder_version=&#8221;4.16&#8243; _module_preset=&#8221;default&#8221; custom_padding=&#8221;|||&#8221; global_colors_info=&#8221;{}&#8221; custom_padding__hover=&#8221;|||&#8221;][et_pb_image src=&#8221;https:\/\/www.tubitex.com\/wp-content\/uploads\/2022\/10\/1_anime-di-cartone-per-cartiere_box4.jpg&#8221; title_text=&#8221;1_anime-of-carton-per-neighbourhood_box4&#8243; show_in_lightbox=&#8221;on&#8221; force_fullwidth=&#8221;on&#8221; align_tablet=&#8221;center&#8221; align_phone=&#8221;center&#8221; align_last_edited=&#8221;on|desktop&#8221; _builder_version=&#8221;4.17.4&#8243; _module_preset=&#8221;default&#8221; animation_style=&#8221;zoom&#8221; animation_delay=&#8221;200ms&#8221; animation_intensity_zoom=&#8221;10%&#8221; locked=&#8221;off&#8221; global_colors_info=&#8221;{}&#8221;][\/et_pb_image][\/et_pb_column][et_pb_column type=&#8221;1_4&#8243; _builder_version=&#8221;4.16&#8243; _module_preset=&#8221;default&#8221; custom_padding=&#8221;|||&#8221; global_colors_info=&#8221;{}&#8221; custom_padding__hover=&#8221;|||&#8221;][et_pb_image src=&#8221;https:\/\/www.tubitex.com\/wp-content\/uploads\/2022\/10\/3_anime-di-cartone-per-film-plastico_box6.jpg&#8221; title_text=&#8221;3_cartoon-animals-for-plastic-film_box6&#8243; show_in_lightbox=&#8221;on&#8221; force_fullwidth=&#8221;on&#8221; align_tablet=&#8221;center&#8221; align_phone=&#8221;center&#8221; align_last_edited=&#8221;on|desktop&#8221; _builder_version=&#8221;4.17.4&#8243; _module_preset=&#8221;default&#8221; animation_style=&#8221;zoom&#8221; animation_delay=&#8221;300ms&#8221; animation_intensity_zoom=&#8221;10%&#8221; locked=&#8221;off&#8221; global_colors_info=&#8221;{}&#8221;][\/et_pb_image][\/et_pb_column][\/et_pb_row][\/et_pb_section][et_pb_section fb_built=&#8221;1&#8243; admin_label=&#8221;Contact Banner&#8221; _builder_version=&#8221;4.17.4&#8243; _module_preset=&#8221;default&#8221; background_color=&#8221;rgba(135,65,8,0.8)&#8221; custom_padding=&#8221;20px|0px|0px|0px|false|false&#8221; animation_style=&#8221;slide&#8221; animation_direction=&#8221;bottom&#8221; global_colors_info=&#8221;{}&#8221;][et_pb_row column_structure=&#8221;3_5,2_5&#8243; _builder_version=&#8221;4.17.4&#8243; _module_preset=&#8221;default&#8221; custom_margin=&#8221;-5px||||false|false&#8221; global_colors_info=&#8221;{}&#8221;][et_pb_column type=&#8221;3_5&#8243; _builder_version=&#8221;4.16&#8243; _module_preset=&#8221;default&#8221; custom_padding=&#8221;|||&#8221; global_colors_info=&#8221;{}&#8221; custom_padding__hover=&#8221;|||&#8221;][et_pb_text _builder_version=&#8221;4.17.4&#8243; _module_preset=&#8221;default&#8221; text_font=&#8221;||||||||&#8221; quote_font=&#8221;||||||||&#8221; header_font=&#8221;||||||||&#8221; header_2_font=&#8221;|600||on|||||&#8221; header_2_font_size=&#8221;24px&#8221; header_3_font=&#8221;||||||||&#8221; header_4_font=&#8221;|800||on|||||&#8221; header_4_font_size=&#8221;16px&#8221; header_4_letter_spacing=&#8221;0.5px&#8221; header_4_line_height=&#8221;1.7em&#8221; background_layout=&#8221;dark&#8221; max_width=&#8221;800%&#8221; custom_padding=&#8221;0px||||false|false&#8221; header_2_font_size_tablet=&#8221;&#8221; header_2_font_size_phone=&#8221;18px&#8221; header_2_font_size_last_edited=&#8221;on|phone&#8221; locked=&#8221;off&#8221; global_colors_info=&#8221;{}&#8221;]<\/p>\n<h4>\u00fcr\u00fcnlerimizin kalitesini deneyimleyin ve m\u00fckemmellik i\u00e7in \u00e7abalay\u0131n!<\/h4>\n<p>[\/et_pb_text][\/et_pb_column][et_pb_column type=&#8221;2_5&#8243; _builder_version=&#8221;4.17.4&#8243; _module_preset=&#8221;default&#8221; custom_padding=&#8221;|||&#8221; global_colors_info=&#8221;{}&#8221; custom_padding__hover=&#8221;|||&#8221;][et_pb_button button_url=&#8221;@ET-DC@eyJkeW5hbWljIjp0cnVlLCJjb250ZW50IjoicG9zdF9saW5rX3VybF9wYWdlIiwic2V0dGluZ3MiOnsicG9zdF9pZCI6IjI4In19@&#8221; button_text=&#8221;daha fazla bi\u0307lgi\u0307 i\u0307steyi\u0307n&#8221; button_alignment=&#8221;right&#8221; _builder_version=&#8221;4.17.4&#8243; _dynamic_attributes=&#8221;button_url&#8221; _module_preset=&#8221;default&#8221; custom_button=&#8221;on&#8221; button_text_size=&#8221;15px&#8221; button_text_color=&#8221;#FFFFFF&#8221; button_bg_color=&#8221;RGBA(255,255,255,0)&#8221; button_border_color=&#8221;#FFFFFF&#8221; button_border_radius=&#8221;0px&#8221; button_font=&#8221;|||on|||||&#8221; button_use_icon=&#8221;off&#8221; custom_margin=&#8221;1px||||false|false&#8221; global_colors_info=&#8221;{}&#8221;][\/et_pb_button][\/et_pb_column][\/et_pb_row][\/et_pb_section]<\/p>\n","protected":false},"excerpt":{"rendered":"<p>karton boru ve t\u00fcplerin tasar\u0131m\u0131 ve \u00dcRET\u0130M\u0130NDE liderKarton boru \u00fcretiminde size kalite, g\u00fcvenilirlik ve uzmanl\u0131k sunabilecek g\u00fcvenilir bir ortak ar\u0131yorsan\u0131z do\u011fru yerdesiniz! Kaliteli karton borular: tubitex deneyimi 40 y\u0131l\u0131 a\u015fk\u0131n s\u00fcredir m\u00fc\u015fterilerimize en y\u00fcksek kalitede karton t\u00fcpler sunmak i\u00e7in deneyim ve uzmanl\u0131k sa\u011fl\u0131yoruz. Ka\u011f\u0131ttan tekstile ve g\u0131da end\u00fcstrisine kadar her t\u00fcr \u015firket i\u00e7in ve ihtiya\u00e7lar\u0131n\u0131za [&hellip;]<\/p>\n","protected":false},"author":1,"featured_media":0,"parent":0,"menu_order":0,"comment_status":"closed","ping_status":"closed","template":"","meta":{"_acf_changed":false,"_et_pb_use_builder":"on","_et_pb_old_content":"","_et_gb_content_width":"","inline_featured_image":false,"footnotes":""},"categories":[],"class_list":["post-8993","page","type-page","status-publish","hentry"],"acf":[],"yoast_head":"<!-- This site is optimized with the Yoast SEO plugin v27.1.1 - https:\/\/yoast.com\/product\/yoast-seo-wordpress\/ -->\n<title>Karton t\u00fcp ve boru tasar\u0131m\u0131 ve \u00fcretiminde lider - Tubitex<\/title>\n<meta name=\"robots\" content=\"index, follow, max-snippet:-1, max-image-preview:large, max-video-preview:-1\" \/>\n<link rel=\"canonical\" href=\"https:\/\/www.tubitex.com\/tr\/karton-tup-ve-boru-tasarimi-ve-uretiminde-lider\/\" \/>\n<meta property=\"og:locale\" content=\"tr_TR\" \/>\n<meta property=\"og:type\" content=\"article\" \/>\n<meta property=\"og:title\" content=\"Karton t\u00fcp ve boru tasar\u0131m\u0131 ve \u00fcretiminde lider - Tubitex\" \/>\n<meta property=\"og:description\" content=\"karton boru ve t\u00fcplerin tasar\u0131m\u0131 ve \u00dcRET\u0130M\u0130NDE liderKarton boru \u00fcretiminde size kalite, g\u00fcvenilirlik ve uzmanl\u0131k sunabilecek g\u00fcvenilir bir ortak ar\u0131yorsan\u0131z do\u011fru yerdesiniz! Kaliteli karton borular: tubitex deneyimi 40 y\u0131l\u0131 a\u015fk\u0131n s\u00fcredir m\u00fc\u015fterilerimize en y\u00fcksek kalitede karton t\u00fcpler sunmak i\u00e7in deneyim ve uzmanl\u0131k sa\u011fl\u0131yoruz. Ka\u011f\u0131ttan tekstile ve g\u0131da end\u00fcstrisine kadar her t\u00fcr \u015firket i\u00e7in ve ihtiya\u00e7lar\u0131n\u0131za [&hellip;]\" \/>\n<meta property=\"og:url\" content=\"https:\/\/www.tubitex.com\/tr\/karton-tup-ve-boru-tasarimi-ve-uretiminde-lider\/\" \/>\n<meta property=\"og:site_name\" content=\"Tubitex\" \/>\n<meta property=\"article:modified_time\" content=\"2025-01-14T11:06:11+00:00\" \/>\n<meta name=\"twitter:card\" content=\"summary_large_image\" \/>\n<meta name=\"twitter:label1\" content=\"Tahmini okuma s\u00fcresi\" \/>\n\t<meta name=\"twitter:data1\" content=\"6 dakika\" \/>\n<script type=\"application\/ld+json\" class=\"yoast-schema-graph\">{\"@context\":\"https:\/\/schema.org\",\"@graph\":[{\"@type\":\"WebPage\",\"@id\":\"https:\/\/www.tubitex.com\/tr\/karton-tup-ve-boru-tasarimi-ve-uretiminde-lider\/\",\"url\":\"https:\/\/www.tubitex.com\/tr\/karton-tup-ve-boru-tasarimi-ve-uretiminde-lider\/\",\"name\":\"Karton t\u00fcp ve boru tasar\u0131m\u0131 ve \u00fcretiminde lider - Tubitex\",\"isPartOf\":{\"@id\":\"https:\/\/www.tubitex.com\/tr\/#website\"},\"datePublished\":\"2023-05-11T13:31:29+00:00\",\"dateModified\":\"2025-01-14T11:06:11+00:00\",\"breadcrumb\":{\"@id\":\"https:\/\/www.tubitex.com\/tr\/karton-tup-ve-boru-tasarimi-ve-uretiminde-lider\/#breadcrumb\"},\"inLanguage\":\"tr\",\"potentialAction\":[{\"@type\":\"ReadAction\",\"target\":[\"https:\/\/www.tubitex.com\/tr\/karton-tup-ve-boru-tasarimi-ve-uretiminde-lider\/\"]}]},{\"@type\":\"BreadcrumbList\",\"@id\":\"https:\/\/www.tubitex.com\/tr\/karton-tup-ve-boru-tasarimi-ve-uretiminde-lider\/#breadcrumb\",\"itemListElement\":[{\"@type\":\"ListItem\",\"position\":1,\"name\":\"Home\",\"item\":\"https:\/\/www.tubitex.com\/tr\/anasayfa\/\"},{\"@type\":\"ListItem\",\"position\":2,\"name\":\"Karton t\u00fcp ve boru tasar\u0131m\u0131 ve \u00fcretiminde lider\"}]},{\"@type\":\"WebSite\",\"@id\":\"https:\/\/www.tubitex.com\/tr\/#website\",\"url\":\"https:\/\/www.tubitex.com\/tr\/\",\"name\":\"Tubitex\",\"description\":\"Produzione tubi in cartone, anime e bobine di carta\",\"potentialAction\":[{\"@type\":\"SearchAction\",\"target\":{\"@type\":\"EntryPoint\",\"urlTemplate\":\"https:\/\/www.tubitex.com\/tr\/?s={search_term_string}\"},\"query-input\":{\"@type\":\"PropertyValueSpecification\",\"valueRequired\":true,\"valueName\":\"search_term_string\"}}],\"inLanguage\":\"tr\"}]}<\/script>\n<!-- \/ Yoast SEO plugin. -->","yoast_head_json":{"title":"Karton t\u00fcp ve boru tasar\u0131m\u0131 ve \u00fcretiminde lider - Tubitex","robots":{"index":"index","follow":"follow","max-snippet":"max-snippet:-1","max-image-preview":"max-image-preview:large","max-video-preview":"max-video-preview:-1"},"canonical":"https:\/\/www.tubitex.com\/tr\/karton-tup-ve-boru-tasarimi-ve-uretiminde-lider\/","og_locale":"tr_TR","og_type":"article","og_title":"Karton t\u00fcp ve boru tasar\u0131m\u0131 ve \u00fcretiminde lider - Tubitex","og_description":"karton boru ve t\u00fcplerin tasar\u0131m\u0131 ve \u00dcRET\u0130M\u0130NDE liderKarton boru \u00fcretiminde size kalite, g\u00fcvenilirlik ve uzmanl\u0131k sunabilecek g\u00fcvenilir bir ortak ar\u0131yorsan\u0131z do\u011fru yerdesiniz! Kaliteli karton borular: tubitex deneyimi 40 y\u0131l\u0131 a\u015fk\u0131n s\u00fcredir m\u00fc\u015fterilerimize en y\u00fcksek kalitede karton t\u00fcpler sunmak i\u00e7in deneyim ve uzmanl\u0131k sa\u011fl\u0131yoruz. Ka\u011f\u0131ttan tekstile ve g\u0131da end\u00fcstrisine kadar her t\u00fcr \u015firket i\u00e7in ve ihtiya\u00e7lar\u0131n\u0131za [&hellip;]","og_url":"https:\/\/www.tubitex.com\/tr\/karton-tup-ve-boru-tasarimi-ve-uretiminde-lider\/","og_site_name":"Tubitex","article_modified_time":"2025-01-14T11:06:11+00:00","twitter_card":"summary_large_image","twitter_misc":{"Tahmini okuma s\u00fcresi":"6 dakika"},"schema":{"@context":"https:\/\/schema.org","@graph":[{"@type":"WebPage","@id":"https:\/\/www.tubitex.com\/tr\/karton-tup-ve-boru-tasarimi-ve-uretiminde-lider\/","url":"https:\/\/www.tubitex.com\/tr\/karton-tup-ve-boru-tasarimi-ve-uretiminde-lider\/","name":"Karton t\u00fcp ve boru tasar\u0131m\u0131 ve \u00fcretiminde lider - Tubitex","isPartOf":{"@id":"https:\/\/www.tubitex.com\/tr\/#website"},"datePublished":"2023-05-11T13:31:29+00:00","dateModified":"2025-01-14T11:06:11+00:00","breadcrumb":{"@id":"https:\/\/www.tubitex.com\/tr\/karton-tup-ve-boru-tasarimi-ve-uretiminde-lider\/#breadcrumb"},"inLanguage":"tr","potentialAction":[{"@type":"ReadAction","target":["https:\/\/www.tubitex.com\/tr\/karton-tup-ve-boru-tasarimi-ve-uretiminde-lider\/"]}]},{"@type":"BreadcrumbList","@id":"https:\/\/www.tubitex.com\/tr\/karton-tup-ve-boru-tasarimi-ve-uretiminde-lider\/#breadcrumb","itemListElement":[{"@type":"ListItem","position":1,"name":"Home","item":"https:\/\/www.tubitex.com\/tr\/anasayfa\/"},{"@type":"ListItem","position":2,"name":"Karton t\u00fcp ve boru tasar\u0131m\u0131 ve \u00fcretiminde lider"}]},{"@type":"WebSite","@id":"https:\/\/www.tubitex.com\/tr\/#website","url":"https:\/\/www.tubitex.com\/tr\/","name":"Tubitex","description":"Produzione tubi in cartone, anime e bobine di carta","potentialAction":[{"@type":"SearchAction","target":{"@type":"EntryPoint","urlTemplate":"https:\/\/www.tubitex.com\/tr\/?s={search_term_string}"},"query-input":{"@type":"PropertyValueSpecification","valueRequired":true,"valueName":"search_term_string"}}],"inLanguage":"tr"}]}},"_links":{"self":[{"href":"https:\/\/www.tubitex.com\/tr\/wp-json\/wp\/v2\/pages\/8993","targetHints":{"allow":["GET"]}}],"collection":[{"href":"https:\/\/www.tubitex.com\/tr\/wp-json\/wp\/v2\/pages"}],"about":[{"href":"https:\/\/www.tubitex.com\/tr\/wp-json\/wp\/v2\/types\/page"}],"author":[{"embeddable":true,"href":"https:\/\/www.tubitex.com\/tr\/wp-json\/wp\/v2\/users\/1"}],"replies":[{"embeddable":true,"href":"https:\/\/www.tubitex.com\/tr\/wp-json\/wp\/v2\/comments?post=8993"}],"version-history":[{"count":4,"href":"https:\/\/www.tubitex.com\/tr\/wp-json\/wp\/v2\/pages\/8993\/revisions"}],"predecessor-version":[{"id":8998,"href":"https:\/\/www.tubitex.com\/tr\/wp-json\/wp\/v2\/pages\/8993\/revisions\/8998"}],"wp:attachment":[{"href":"https:\/\/www.tubitex.com\/tr\/wp-json\/wp\/v2\/media?parent=8993"}],"wp:term":[{"taxonomy":"category","embeddable":true,"href":"https:\/\/www.tubitex.com\/tr\/wp-json\/wp\/v2\/categories?post=8993"}],"curies":[{"name":"wp","href":"https:\/\/api.w.org\/{rel}","templated":true}]}}