{"id":8986,"date":"2023-08-29T09:59:23","date_gmt":"2023-08-29T09:59:23","guid":{"rendered":"https:\/\/www.tubitex.com\/indir\/"},"modified":"2025-01-14T10:44:01","modified_gmt":"2025-01-14T10:44:01","slug":"indir","status":"publish","type":"page","link":"https:\/\/www.tubitex.com\/tr\/indir\/","title":{"rendered":"\u0130ndir"},"content":{"rendered":"<p>[et_pb_section fb_built=&#8221;1&#8243; module_id=&#8221;serti\u0307fi\u0307kalar-d\u00fc\u011fmeler&#8221; _builder_version=&#8221;4.17.4&#8243; _module_preset=&#8221;default&#8221; global_colors_info=&#8221;{}&#8221;][et_pb_row _builder_version=&#8221;4.17.4&#8243; _module_preset=&#8221;default&#8221; global_colors_info=&#8221;{}&#8221;][et_pb_column type=&#8221;4_4&#8243; _builder_version=&#8221;4.17.4&#8243; _module_preset=&#8221;default&#8221; global_colors_info=&#8221;{}&#8221;][et_pb_text _builder_version=&#8221;4.23&#8243; _module_preset=&#8221;default&#8221; global_colors_info=&#8221;{}&#8221;]<\/p>\n<h2>Sertifikalar ve Y\u00f6netmelikler<\/h2>\n<ul>\n<li><a href=\"\/wp-content\/uploads\/2023\/08\/politica-aziendale_rev06_15-02-2021.pdf\">SGI Kurumsal Politikas\u0131<\/a><\/li>\n<li><a href=\"\/wp-content\/uploads\/2024\/06\/01-100-1517501_Main_IT.pdf\">ISO 9001:2015 sertifikal\u0131<\/a><\/li>\n<li><a href=\"\/wp-content\/uploads\/2023\/08\/01-104-1917580_main_it2.pdf\">ISO 14001:2015 sertifikal\u0131<\/a><\/li>\n<li><a href=\"\/wp-content\/uploads\/2023\/08\/01-213-1419932_main_it.pdf\">ISO 45001:2018 sertifikal\u0131<\/a><\/li>\n<li><a href=\"\/wp-content\/uploads\/2023\/08\/politica-aziendale-modello-organizzativo-231.pdf\">PAMO 231<\/a><\/li>\n<li><a href=\"\/wp-content\/uploads\/2023\/08\/ce_tubitex_rev1_09-2022.pdf\">TUBITEX Etik Kurallar\u0131<\/a><\/li>\n<li><a href=\"\/wp-content\/uploads\/2023\/08\/condizioni-generali-di-vendita-rev-03-del-07-12-16.pdf\">Genel Sat\u0131\u015f H\u00fck\u00fcm ve Ko\u015fullar\u0131<\/a><\/li>\n<li><a href=\"\/wp-content\/uploads\/2023\/08\/mod-8-4-02_informativa-fornitori_rev02_del17-02-2021.pdf\">Tedarik\u00e7i bilgileri<\/a><\/li>\n<\/ul>\n<p>[\/et_pb_text][\/et_pb_column][\/et_pb_row][\/et_pb_section]<\/p>\n","protected":false},"excerpt":{"rendered":"<p>Sertifikalar ve Y\u00f6netmelikler SGI Kurumsal Politikas\u0131 ISO 9001:2015 sertifikal\u0131 ISO 14001:2015 sertifikal\u0131 ISO 45001:2018 sertifikal\u0131 PAMO 231 TUBITEX Etik Kurallar\u0131 Genel Sat\u0131\u015f H\u00fck\u00fcm ve Ko\u015fullar\u0131 Tedarik\u00e7i bilgileri<\/p>\n","protected":false},"author":1,"featured_media":0,"parent":0,"menu_order":0,"comment_status":"closed","ping_status":"closed","template":"","meta":{"_acf_changed":false,"_et_pb_use_builder":"on","_et_pb_old_content":"","_et_gb_content_width":"","inline_featured_image":false,"footnotes":""},"categories":[],"class_list":["post-8986","page","type-page","status-publish","hentry"],"acf":[],"yoast_head":"<!-- This site is optimized with the Yoast SEO plugin v27.1.1 - https:\/\/yoast.com\/product\/yoast-seo-wordpress\/ -->\n<title>\u0130ndir - Tubitex<\/title>\n<meta name=\"robots\" content=\"index, follow, max-snippet:-1, max-image-preview:large, max-video-preview:-1\" \/>\n<link rel=\"canonical\" href=\"https:\/\/www.tubitex.com\/tr\/indir\/\" \/>\n<meta property=\"og:locale\" content=\"tr_TR\" \/>\n<meta property=\"og:type\" content=\"article\" \/>\n<meta property=\"og:title\" content=\"\u0130ndir - Tubitex\" \/>\n<meta property=\"og:description\" content=\"Sertifikalar ve Y\u00f6netmelikler SGI Kurumsal Politikas\u0131 ISO 9001:2015 sertifikal\u0131 ISO 14001:2015 sertifikal\u0131 ISO 45001:2018 sertifikal\u0131 PAMO 231 TUBITEX Etik Kurallar\u0131 Genel Sat\u0131\u015f H\u00fck\u00fcm ve Ko\u015fullar\u0131 Tedarik\u00e7i bilgileri\" \/>\n<meta property=\"og:url\" content=\"https:\/\/www.tubitex.com\/tr\/indir\/\" \/>\n<meta property=\"og:site_name\" content=\"Tubitex\" \/>\n<meta property=\"article:modified_time\" content=\"2025-01-14T10:44:01+00:00\" \/>\n<meta name=\"twitter:card\" content=\"summary_large_image\" \/>\n<script type=\"application\/ld+json\" class=\"yoast-schema-graph\">{\"@context\":\"https:\/\/schema.org\",\"@graph\":[{\"@type\":\"WebPage\",\"@id\":\"https:\/\/www.tubitex.com\/tr\/indir\/\",\"url\":\"https:\/\/www.tubitex.com\/tr\/indir\/\",\"name\":\"\u0130ndir - Tubitex\",\"isPartOf\":{\"@id\":\"https:\/\/www.tubitex.com\/tr\/#website\"},\"datePublished\":\"2023-08-29T09:59:23+00:00\",\"dateModified\":\"2025-01-14T10:44:01+00:00\",\"breadcrumb\":{\"@id\":\"https:\/\/www.tubitex.com\/tr\/indir\/#breadcrumb\"},\"inLanguage\":\"tr\",\"potentialAction\":[{\"@type\":\"ReadAction\",\"target\":[\"https:\/\/www.tubitex.com\/tr\/indir\/\"]}]},{\"@type\":\"BreadcrumbList\",\"@id\":\"https:\/\/www.tubitex.com\/tr\/indir\/#breadcrumb\",\"itemListElement\":[{\"@type\":\"ListItem\",\"position\":1,\"name\":\"Home\",\"item\":\"https:\/\/www.tubitex.com\/tr\/anasayfa\/\"},{\"@type\":\"ListItem\",\"position\":2,\"name\":\"\u0130ndir\"}]},{\"@type\":\"WebSite\",\"@id\":\"https:\/\/www.tubitex.com\/tr\/#website\",\"url\":\"https:\/\/www.tubitex.com\/tr\/\",\"name\":\"Tubitex\",\"description\":\"Produzione tubi in cartone, anime e bobine di carta\",\"potentialAction\":[{\"@type\":\"SearchAction\",\"target\":{\"@type\":\"EntryPoint\",\"urlTemplate\":\"https:\/\/www.tubitex.com\/tr\/?s={search_term_string}\"},\"query-input\":{\"@type\":\"PropertyValueSpecification\",\"valueRequired\":true,\"valueName\":\"search_term_string\"}}],\"inLanguage\":\"tr\"}]}<\/script>\n<!-- \/ Yoast SEO plugin. -->","yoast_head_json":{"title":"\u0130ndir - Tubitex","robots":{"index":"index","follow":"follow","max-snippet":"max-snippet:-1","max-image-preview":"max-image-preview:large","max-video-preview":"max-video-preview:-1"},"canonical":"https:\/\/www.tubitex.com\/tr\/indir\/","og_locale":"tr_TR","og_type":"article","og_title":"\u0130ndir - Tubitex","og_description":"Sertifikalar ve Y\u00f6netmelikler SGI Kurumsal Politikas\u0131 ISO 9001:2015 sertifikal\u0131 ISO 14001:2015 sertifikal\u0131 ISO 45001:2018 sertifikal\u0131 PAMO 231 TUBITEX Etik Kurallar\u0131 Genel Sat\u0131\u015f H\u00fck\u00fcm ve Ko\u015fullar\u0131 Tedarik\u00e7i bilgileri","og_url":"https:\/\/www.tubitex.com\/tr\/indir\/","og_site_name":"Tubitex","article_modified_time":"2025-01-14T10:44:01+00:00","twitter_card":"summary_large_image","schema":{"@context":"https:\/\/schema.org","@graph":[{"@type":"WebPage","@id":"https:\/\/www.tubitex.com\/tr\/indir\/","url":"https:\/\/www.tubitex.com\/tr\/indir\/","name":"\u0130ndir - Tubitex","isPartOf":{"@id":"https:\/\/www.tubitex.com\/tr\/#website"},"datePublished":"2023-08-29T09:59:23+00:00","dateModified":"2025-01-14T10:44:01+00:00","breadcrumb":{"@id":"https:\/\/www.tubitex.com\/tr\/indir\/#breadcrumb"},"inLanguage":"tr","potentialAction":[{"@type":"ReadAction","target":["https:\/\/www.tubitex.com\/tr\/indir\/"]}]},{"@type":"BreadcrumbList","@id":"https:\/\/www.tubitex.com\/tr\/indir\/#breadcrumb","itemListElement":[{"@type":"ListItem","position":1,"name":"Home","item":"https:\/\/www.tubitex.com\/tr\/anasayfa\/"},{"@type":"ListItem","position":2,"name":"\u0130ndir"}]},{"@type":"WebSite","@id":"https:\/\/www.tubitex.com\/tr\/#website","url":"https:\/\/www.tubitex.com\/tr\/","name":"Tubitex","description":"Produzione tubi in cartone, anime e bobine di carta","potentialAction":[{"@type":"SearchAction","target":{"@type":"EntryPoint","urlTemplate":"https:\/\/www.tubitex.com\/tr\/?s={search_term_string}"},"query-input":{"@type":"PropertyValueSpecification","valueRequired":true,"valueName":"search_term_string"}}],"inLanguage":"tr"}]}},"_links":{"self":[{"href":"https:\/\/www.tubitex.com\/tr\/wp-json\/wp\/v2\/pages\/8986","targetHints":{"allow":["GET"]}}],"collection":[{"href":"https:\/\/www.tubitex.com\/tr\/wp-json\/wp\/v2\/pages"}],"about":[{"href":"https:\/\/www.tubitex.com\/tr\/wp-json\/wp\/v2\/types\/page"}],"author":[{"embeddable":true,"href":"https:\/\/www.tubitex.com\/tr\/wp-json\/wp\/v2\/users\/1"}],"replies":[{"embeddable":true,"href":"https:\/\/www.tubitex.com\/tr\/wp-json\/wp\/v2\/comments?post=8986"}],"version-history":[{"count":1,"href":"https:\/\/www.tubitex.com\/tr\/wp-json\/wp\/v2\/pages\/8986\/revisions"}],"predecessor-version":[{"id":8989,"href":"https:\/\/www.tubitex.com\/tr\/wp-json\/wp\/v2\/pages\/8986\/revisions\/8989"}],"wp:attachment":[{"href":"https:\/\/www.tubitex.com\/tr\/wp-json\/wp\/v2\/media?parent=8986"}],"wp:term":[{"taxonomy":"category","embeddable":true,"href":"https:\/\/www.tubitex.com\/tr\/wp-json\/wp\/v2\/categories?post=8986"}],"curies":[{"name":"wp","href":"https:\/\/api.w.org\/{rel}","templated":true}]}}