{"id":8983,"date":"2023-05-12T15:08:51","date_gmt":"2023-05-12T15:08:51","guid":{"rendered":"https:\/\/www.tubitex.com\/karton-tup-masura-ve-makara-tedarikcisi\/"},"modified":"2025-01-14T10:44:00","modified_gmt":"2025-01-14T10:44:00","slug":"karton-tup-masura-ve-makara-tedarikcisi","status":"publish","type":"page","link":"https:\/\/www.tubitex.com\/tr\/karton-tup-masura-ve-makara-tedarikcisi\/","title":{"rendered":"karton t\u00fcp, masura ve makara tedarik\u00e7isi"},"content":{"rendered":"<p>[et_pb_section fb_built=&#8221;1&#8243; admin_label=&#8221;Services Header&#8221; _builder_version=&#8221;4.17.4&#8243; _module_preset=&#8221;default&#8221; background_color=&#8221;#f8f0e7&#8243; custom_padding=&#8221;0|0px|54px|0px|false|false&#8221; locked=&#8221;off&#8221; global_colors_info=&#8221;{}&#8221;][et_pb_row column_structure=&#8221;2_3,1_3&#8243; use_custom_gutter=&#8221;on&#8221; gutter_width=&#8221;1&#8243; padding_top_bottom_link_2=&#8221;true&#8221; padding_left_right_link_2=&#8221;true&#8221; _builder_version=&#8221;4.16&#8243; _module_preset=&#8221;default&#8221; custom_padding=&#8221;0|0px|27px|0px|false|false&#8221; animation_style=&#8221;slide&#8221; animation_direction=&#8221;top&#8221; animation_intensity_slide=&#8221;20%&#8221; locked=&#8221;off&#8221; global_colors_info=&#8221;{}&#8221;][et_pb_column type=&#8221;2_3&#8243; _builder_version=&#8221;4.16&#8243; _module_preset=&#8221;default&#8221; custom_padding=&#8221;|||&#8221; global_colors_info=&#8221;{}&#8221; custom_padding__hover=&#8221;|||&#8221;][et_pb_text _builder_version=&#8221;4.17.4&#8243; _module_preset=&#8221;default&#8221; text_font=&#8221;||||||||&#8221; ul_font=&#8221;||||||||&#8221; ol_font=&#8221;||||||||&#8221; quote_font=&#8221;||||||||&#8221; header_font=&#8221;||||||||&#8221; header_2_font=&#8221;|800|||||||&#8221; header_2_font_size=&#8221;24px&#8221; header_2_line_height=&#8221;1.8em&#8221; header_3_font=&#8221;|||on|||||&#8221; header_3_font_size=&#8221;16px&#8221; header_4_font=&#8221;|800||on|||||&#8221; header_4_font_size=&#8221;16px&#8221; header_4_letter_spacing=&#8221;0.5px&#8221; header_4_line_height=&#8221;1.7em&#8221; header_5_font=&#8221;||||||||&#8221; header_6_font=&#8221;||||||||&#8221; background_color=&#8221;#efefef&#8221; padding_1_last_edited=&#8221;on|desktop&#8221; custom_padding=&#8221;30px|50px|30px|50px|true|true|20px|10%|20px|10%|true|true||on|desktop&#8221; custom_padding_tablet=&#8221;&#8221; custom_padding_phone=&#8221;20px|10%|20px|10%|true|true&#8221; custom_padding_last_edited=&#8221;on|phone&#8221; header_2_font_size_tablet=&#8221;&#8221; header_2_font_size_phone=&#8221;18px&#8221; header_2_font_size_last_edited=&#8221;on|phone&#8221; locked=&#8221;off&#8221; global_colors_info=&#8221;{}&#8221;]<\/p>\n<h4>karton t\u00fcp ve boru tedarik\u00e7isi,<\/h4>\n<h3>\u00e7ekirdek ve makaralar<\/h3>\n<p>[\/et_pb_text][\/et_pb_column][et_pb_column type=&#8221;1_3&#8243; _builder_version=&#8221;4.16&#8243; _module_preset=&#8221;default&#8221; custom_padding=&#8221;50px|50px|50px|50px&#8221; custom_padding_tablet=&#8221;50px|50px|50px|50px&#8221; custom_padding_phone=&#8221;20px|10%|20px|10%|true|true&#8221; custom_padding_last_edited=&#8221;on|phone&#8221; global_colors_info=&#8221;{}&#8221; padding_phone=&#8221;20px|10%|20px|10%|true|true&#8221; padding_last_edited=&#8221;on|phone&#8221; custom_padding__hover=&#8221;|||&#8221;][\/et_pb_column][\/et_pb_row][et_pb_row _builder_version=&#8221;4.17.4&#8243; _module_preset=&#8221;default&#8221; global_colors_info=&#8221;{}&#8221;][et_pb_column type=&#8221;4_4&#8243; _builder_version=&#8221;4.16&#8243; _module_preset=&#8221;default&#8221; custom_padding=&#8221;|||&#8221; global_colors_info=&#8221;{}&#8221; custom_padding__hover=&#8221;|||&#8221;][et_pb_text _builder_version=&#8221;4.17.4&#8243; _module_preset=&#8221;default&#8221; text_font=&#8221;Open Sans||||||||&#8221; header_font=&#8221;||||||||&#8221; header_3_font=&#8221;|800||on|||||&#8221; header_3_text_color=&#8221;#f25b3a&#8221; header_3_font_size=&#8221;24px&#8221; header_3_line_height=&#8221;1.8em&#8221; header_4_font=&#8221;|700||on|||||&#8221; header_4_font_size=&#8221;16px&#8221; hover_enabled=&#8221;0&#8243; header_3_font_size_tablet=&#8221;&#8221; header_3_font_size_phone=&#8221;18px&#8221; header_3_font_size_last_edited=&#8221;on|phone&#8221; locked=&#8221;off&#8221; global_colors_info=&#8221;{}&#8221; sticky_enabled=&#8221;0&#8243;]<\/p>\n<p style=\"text-align: justify;\">Arad\u0131\u011f\u0131n\u0131z ki\u015fi<span> <\/span><strong><span> <\/span>\u00d6zelle\u015ftirilmi\u015f, kaliteli \u00fcr\u00fcnlerle ihtiya\u00e7lar\u0131n\u0131z\u0131 kar\u015f\u0131layan g\u00fcvenilir ve sertifikal\u0131 bir<\/strong><strong><a href=\"https:\/\/www.tubitex.com\/tubi-cartone-resistenti-qualita\/\" target=\"_blank\" rel=\"noopener noreferrer\">karton t\u00fcp<\/a> tedarik\u00e7isi<\/strong> mi ar\u0131yorsunuz? Tubitex, 40 y\u0131l\u0131 a\u015fk\u0131n s\u00fcredir m\u00fc\u015fterilerine a\u015fa\u011f\u0131daki konularda b\u00fcy\u00fck bir uzmanl\u0131k ve deneyim sunmaktad\u0131r <span> <\/span><strong>\u00f6zelle\u015ftirilmi\u015f karton t\u00fcpler, masuralar ve makaralar\u0131n \u00fcretimi ve tedariki.<\/strong><\/p>\n<p style=\"text-align: justify;\">Tekstilden g\u0131daya ve ka\u011f\u0131da, ihtiya\u00e7lar\u0131n\u0131za ba\u011fl\u0131 olarak, her ihtiyac\u0131n\u0131z\u0131 kar\u015f\u0131lamaya haz\u0131r, s\u00fcrekli ve planl\u0131 bir tedarik sa\u011flayarak size \u00f6zel bir \u00fcr\u00fcn sunuyoruz.<\/p>\n<h4 style=\"text-align: justify;\"><span style=\"color: #000000;\">karton borular &#8211; \u00f6zelle\u015ftirilmi\u015f karton borular, masuralar ve makaralar\u0131n \u00fcretimi<\/span><b><\/b><\/h4>\n<p style=\"text-align: justify;\"><span> <\/span>K<strong>arton masuralar\u0131n \u00fcreticisi ve tedarik\u00e7isi<\/strong> olarak <strong><a href=\"https:\/\/www.tubitex.com\/tr\/hakkimizda\/\"> Tubitex<\/a><\/strong>, i\u015flerini zirveye ta\u015f\u0131mak i\u00e7in y\u0131llard\u0131r profesyonelli\u011fine ve \u00fcr\u00fcn kalitesine g\u00fcvenen bir\u00e7ok \u015firketin g\u00fcvenilir bir orta\u011f\u0131d\u0131r.<\/p>\n<p style=\"text-align: justify;\"><span> <\/span>Tasar\u0131m ve i\u015fleme d\u00f6ng\u00fcs\u00fc s\u0131ras\u0131ndaki s\u0131k\u0131 kontroller, teknik personelimizin ve son teknoloji ekipmanlar\u0131m\u0131z\u0131n deste\u011fi sayesinde piyasadaki en iyi kaliteyi garanti ediyor ve bizi<strong>karton t\u00fcp, masura ve makaralar\u0131n<\/strong> lider<strong>tedarik\u00e7isi<\/strong> haline getiriyoruz.<\/p>\n<p style=\"text-align: justify;\"><span> <\/span>Avrupa&#8217;n\u0131n \u00f6nde gelen<strong>\u00f6zelle\u015ftirilmi\u015f karton makara, t\u00fcp, masura ve masura \u00fcreticisi ve tedarik\u00e7isi<\/strong> Tubitex ile markan\u0131z\u0131 zirveye ta\u015f\u0131mak i\u00e7in arad\u0131\u011f\u0131n\u0131z \u00fcr\u00fcn\u00fc alaca\u011f\u0131n\u0131zdan emin olabilirsiniz.<\/p>\n<h4 style=\"text-align: justify;\"><\/h4>\n<p style=\"text-align: justify;\">[\/et_pb_text][\/et_pb_column][\/et_pb_row][\/et_pb_section][et_pb_section fb_built=&#8221;1&#8243; admin_label=&#8221;Gallery&#8221; _builder_version=&#8221;4.16&#8243; _module_preset=&#8221;default&#8221; custom_padding=&#8221;0px||0px|&#8221; global_colors_info=&#8221;{}&#8221;][et_pb_row column_structure=&#8221;1_4,1_4,1_4,1_4&#8243; use_custom_gutter=&#8221;on&#8221; gutter_width=&#8221;1&#8243; make_equal=&#8221;on&#8221; admin_label=&#8221;G\u00f6r\u00fcnt\u00fc Izgaras\u0131&#8221; module_class=&#8221; et_pb_row_fullwidth&#8221; _builder_version=&#8221;4.16&#8243; _module_preset=&#8221;default&#8221; background_size=&#8221;initial&#8221; background_position=&#8221;top_left&#8221; background_repeat=&#8221;repeat&#8221; width=&#8221;100%&#8221; width_tablet=&#8221;100%&#8221; width_phone=&#8221;100%&#8221; width_last_edited=&#8221;on|desktop&#8221; max_width=&#8221;100%&#8221; max_width_tablet=&#8221;100%&#8221; max_width_phone=&#8221;100%&#8221; max_width_last_edited=&#8221;on|desktop&#8221; custom_padding=&#8221;0px|0px|0px|0px&#8221; make_fullwidth=&#8221;on&#8221; global_colors_info=&#8221;{}&#8221;][et_pb_column type=&#8221;1_4&#8243; _builder_version=&#8221;4.16&#8243; _module_preset=&#8221;default&#8221; custom_padding=&#8221;|||&#8221; global_colors_info=&#8221;{}&#8221; custom_padding__hover=&#8221;|||&#8221;][et_pb_image src=&#8221;https:\/\/www.tubitex.com\/wp-content\/uploads\/2022\/10\/1_anime-di-cartone-per-cartiere_box3.jpg&#8221; title_text=&#8221;1_anime-of-carton-per-neighbourhood_box3&#8243; show_in_lightbox=&#8221;on&#8221; force_fullwidth=&#8221;on&#8221; align_tablet=&#8221;center&#8221; align_phone=&#8221;center&#8221; align_last_edited=&#8221;on|desktop&#8221; _builder_version=&#8221;4.17.4&#8243; _module_preset=&#8221;default&#8221; animation_style=&#8221;zoom&#8221; animation_intensity_zoom=&#8221;10%&#8221; global_colors_info=&#8221;{}&#8221;][\/et_pb_image][\/et_pb_column][et_pb_column type=&#8221;1_4&#8243; _builder_version=&#8221;4.16&#8243; _module_preset=&#8221;default&#8221; custom_padding=&#8221;|||&#8221; global_colors_info=&#8221;{}&#8221; custom_padding__hover=&#8221;|||&#8221;][et_pb_image src=&#8221;https:\/\/www.tubitex.com\/wp-content\/uploads\/2022\/10\/1_anime-di-cartone-per-cartiere_box5.jpg&#8221; title_text=&#8221;1_anime-of-carton-per-neighbourhood_box5&#8243; show_in_lightbox=&#8221;on&#8221; force_fullwidth=&#8221;on&#8221; align_tablet=&#8221;center&#8221; align_phone=&#8221;center&#8221; align_last_edited=&#8221;on|desktop&#8221; _builder_version=&#8221;4.17.4&#8243; _module_preset=&#8221;default&#8221; animation_style=&#8221;zoom&#8221; animation_delay=&#8221;100ms&#8221; animation_intensity_zoom=&#8221;10%&#8221; locked=&#8221;off&#8221; global_colors_info=&#8221;{}&#8221;][\/et_pb_image][\/et_pb_column][et_pb_column type=&#8221;1_4&#8243; _builder_version=&#8221;4.16&#8243; _module_preset=&#8221;default&#8221; custom_padding=&#8221;|||&#8221; global_colors_info=&#8221;{}&#8221; custom_padding__hover=&#8221;|||&#8221;][et_pb_image src=&#8221;https:\/\/www.tubitex.com\/wp-content\/uploads\/2022\/10\/1_anime-di-cartone-per-cartiere_box4.jpg&#8221; title_text=&#8221;1_anime-of-carton-per-neighbourhood_box4&#8243; show_in_lightbox=&#8221;on&#8221; force_fullwidth=&#8221;on&#8221; align_tablet=&#8221;center&#8221; align_phone=&#8221;center&#8221; align_last_edited=&#8221;on|desktop&#8221; _builder_version=&#8221;4.17.4&#8243; _module_preset=&#8221;default&#8221; animation_style=&#8221;zoom&#8221; animation_delay=&#8221;200ms&#8221; animation_intensity_zoom=&#8221;10%&#8221; locked=&#8221;off&#8221; global_colors_info=&#8221;{}&#8221;][\/et_pb_image][\/et_pb_column][et_pb_column type=&#8221;1_4&#8243; _builder_version=&#8221;4.16&#8243; _module_preset=&#8221;default&#8221; custom_padding=&#8221;|||&#8221; global_colors_info=&#8221;{}&#8221; custom_padding__hover=&#8221;|||&#8221;][et_pb_image src=&#8221;https:\/\/www.tubitex.com\/wp-content\/uploads\/2022\/10\/3_anime-di-cartone-per-film-plastico_box6.jpg&#8221; title_text=&#8221;3_cartoon-animals-for-plastic-film_box6&#8243; show_in_lightbox=&#8221;on&#8221; force_fullwidth=&#8221;on&#8221; align_tablet=&#8221;center&#8221; align_phone=&#8221;center&#8221; align_last_edited=&#8221;on|desktop&#8221; _builder_version=&#8221;4.17.4&#8243; _module_preset=&#8221;default&#8221; animation_style=&#8221;zoom&#8221; animation_delay=&#8221;300ms&#8221; animation_intensity_zoom=&#8221;10%&#8221; locked=&#8221;off&#8221; global_colors_info=&#8221;{}&#8221;][\/et_pb_image][\/et_pb_column][\/et_pb_row][\/et_pb_section][et_pb_section fb_built=&#8221;1&#8243; admin_label=&#8221;Contact Banner&#8221; _builder_version=&#8221;4.17.4&#8243; _module_preset=&#8221;default&#8221; background_color=&#8221;rgba(135,65,8,0.8)&#8221; custom_padding=&#8221;20px|0px|0px|0px|false|false&#8221; animation_style=&#8221;slide&#8221; animation_direction=&#8221;bottom&#8221; global_colors_info=&#8221;{}&#8221;][et_pb_row column_structure=&#8221;3_5,2_5&#8243; _builder_version=&#8221;4.17.4&#8243; _module_preset=&#8221;default&#8221; custom_margin=&#8221;-5px||||false|false&#8221; global_colors_info=&#8221;{}&#8221;][et_pb_column type=&#8221;3_5&#8243; _builder_version=&#8221;4.16&#8243; _module_preset=&#8221;default&#8221; custom_padding=&#8221;|||&#8221; global_colors_info=&#8221;{}&#8221; custom_padding__hover=&#8221;|||&#8221;][et_pb_text _builder_version=&#8221;4.17.4&#8243; _module_preset=&#8221;default&#8221; text_font=&#8221;||||||||&#8221; quote_font=&#8221;||||||||&#8221; header_font=&#8221;||||||||&#8221; header_2_font=&#8221;|600||on|||||&#8221; header_2_font_size=&#8221;24px&#8221; header_3_font=&#8221;||||||||&#8221; header_4_font=&#8221;|800||on|||||&#8221; header_4_font_size=&#8221;16px&#8221; header_4_letter_spacing=&#8221;0.5px&#8221; header_4_line_height=&#8221;1.7em&#8221; background_layout=&#8221;dark&#8221; max_width=&#8221;800%&#8221; custom_padding=&#8221;0px||||false|false&#8221; header_2_font_size_tablet=&#8221;&#8221; header_2_font_size_phone=&#8221;18px&#8221; header_2_font_size_last_edited=&#8221;on|phone&#8221; locked=&#8221;off&#8221; global_colors_info=&#8221;{}&#8221;]<\/p>\n<h4>\u00fcr\u00fcnlerimizin kalitesini deneyimleyin ve m\u00fckemmellik i\u00e7in \u00e7abalay\u0131n!<\/h4>\n<p>[\/et_pb_text][\/et_pb_column][et_pb_column type=&#8221;2_5&#8243; _builder_version=&#8221;4.17.4&#8243; _module_preset=&#8221;default&#8221; custom_padding=&#8221;|||&#8221; global_colors_info=&#8221;{}&#8221; custom_padding__hover=&#8221;|||&#8221;][et_pb_button button_url=&#8221;@ET-DC@eyJkeW5hbWljIjp0cnVlLCJjb250ZW50IjoicG9zdF9saW5rX3VybF9wYWdlIiwic2V0dGluZ3MiOnsicG9zdF9pZCI6IjI4In19@&#8221; button_text=&#8221;daha fazla bi\u0307lgi\u0307 i\u0307steyi\u0307n&#8221; button_alignment=&#8221;right&#8221; _builder_version=&#8221;4.17.4&#8243; _dynamic_attributes=&#8221;button_url&#8221; _module_preset=&#8221;default&#8221; custom_button=&#8221;on&#8221; button_text_size=&#8221;19px&#8221; button_text_color=&#8221;#FFFFFF&#8221; button_bg_color=&#8221;RGBA(255,255,255,0)&#8221; button_border_color=&#8221;#FFFFFF&#8221; button_border_radius=&#8221;0px&#8221; button_font=&#8221;|||on|||||&#8221; button_use_icon=&#8221;off&#8221; custom_margin=&#8221;1px||||false|false&#8221; global_colors_info=&#8221;{}&#8221;][\/et_pb_button][\/et_pb_column][\/et_pb_row][\/et_pb_section]<\/p>\n","protected":false},"excerpt":{"rendered":"<p>karton t\u00fcp ve boru tedarik\u00e7isi, \u00e7ekirdek ve makaralarArad\u0131\u011f\u0131n\u0131z ki\u015fi \u00d6zelle\u015ftirilmi\u015f, kaliteli \u00fcr\u00fcnlerle ihtiya\u00e7lar\u0131n\u0131z\u0131 kar\u015f\u0131layan g\u00fcvenilir ve sertifikal\u0131 birkarton t\u00fcp tedarik\u00e7isi mi ar\u0131yorsunuz? Tubitex, 40 y\u0131l\u0131 a\u015fk\u0131n s\u00fcredir m\u00fc\u015fterilerine a\u015fa\u011f\u0131daki konularda b\u00fcy\u00fck bir uzmanl\u0131k ve deneyim sunmaktad\u0131r \u00f6zelle\u015ftirilmi\u015f karton t\u00fcpler, masuralar ve makaralar\u0131n \u00fcretimi ve tedariki. Tekstilden g\u0131daya ve ka\u011f\u0131da, ihtiya\u00e7lar\u0131n\u0131za ba\u011fl\u0131 olarak, her ihtiyac\u0131n\u0131z\u0131 kar\u015f\u0131lamaya [&hellip;]<\/p>\n","protected":false},"author":1,"featured_media":0,"parent":0,"menu_order":0,"comment_status":"closed","ping_status":"closed","template":"","meta":{"_acf_changed":false,"_et_pb_use_builder":"on","_et_pb_old_content":"","_et_gb_content_width":"","inline_featured_image":false,"footnotes":""},"categories":[],"class_list":["post-8983","page","type-page","status-publish","hentry"],"acf":[],"yoast_head":"<!-- This site is optimized with the Yoast SEO plugin v27.1.1 - https:\/\/yoast.com\/product\/yoast-seo-wordpress\/ -->\n<title>karton t\u00fcp, masura ve makara tedarik\u00e7isi - Tubitex<\/title>\n<meta name=\"robots\" content=\"index, follow, max-snippet:-1, max-image-preview:large, max-video-preview:-1\" \/>\n<link rel=\"canonical\" href=\"https:\/\/www.tubitex.com\/tr\/karton-tup-masura-ve-makara-tedarikcisi\/\" \/>\n<meta property=\"og:locale\" content=\"tr_TR\" \/>\n<meta property=\"og:type\" content=\"article\" \/>\n<meta property=\"og:title\" content=\"karton t\u00fcp, masura ve makara tedarik\u00e7isi - Tubitex\" \/>\n<meta property=\"og:description\" content=\"karton t\u00fcp ve boru tedarik\u00e7isi, \u00e7ekirdek ve makaralarArad\u0131\u011f\u0131n\u0131z ki\u015fi \u00d6zelle\u015ftirilmi\u015f, kaliteli \u00fcr\u00fcnlerle ihtiya\u00e7lar\u0131n\u0131z\u0131 kar\u015f\u0131layan g\u00fcvenilir ve sertifikal\u0131 birkarton t\u00fcp tedarik\u00e7isi mi ar\u0131yorsunuz? Tubitex, 40 y\u0131l\u0131 a\u015fk\u0131n s\u00fcredir m\u00fc\u015fterilerine a\u015fa\u011f\u0131daki konularda b\u00fcy\u00fck bir uzmanl\u0131k ve deneyim sunmaktad\u0131r \u00f6zelle\u015ftirilmi\u015f karton t\u00fcpler, masuralar ve makaralar\u0131n \u00fcretimi ve tedariki. Tekstilden g\u0131daya ve ka\u011f\u0131da, ihtiya\u00e7lar\u0131n\u0131za ba\u011fl\u0131 olarak, her ihtiyac\u0131n\u0131z\u0131 kar\u015f\u0131lamaya [&hellip;]\" \/>\n<meta property=\"og:url\" content=\"https:\/\/www.tubitex.com\/tr\/karton-tup-masura-ve-makara-tedarikcisi\/\" \/>\n<meta property=\"og:site_name\" content=\"Tubitex\" \/>\n<meta property=\"article:modified_time\" content=\"2025-01-14T10:44:00+00:00\" \/>\n<meta name=\"twitter:card\" content=\"summary_large_image\" \/>\n<meta name=\"twitter:label1\" content=\"Tahmini okuma s\u00fcresi\" \/>\n\t<meta name=\"twitter:data1\" content=\"6 dakika\" \/>\n<script type=\"application\/ld+json\" class=\"yoast-schema-graph\">{\"@context\":\"https:\/\/schema.org\",\"@graph\":[{\"@type\":\"WebPage\",\"@id\":\"https:\/\/www.tubitex.com\/tr\/karton-tup-masura-ve-makara-tedarikcisi\/\",\"url\":\"https:\/\/www.tubitex.com\/tr\/karton-tup-masura-ve-makara-tedarikcisi\/\",\"name\":\"karton t\u00fcp, masura ve makara tedarik\u00e7isi - Tubitex\",\"isPartOf\":{\"@id\":\"https:\/\/www.tubitex.com\/tr\/#website\"},\"datePublished\":\"2023-05-12T15:08:51+00:00\",\"dateModified\":\"2025-01-14T10:44:00+00:00\",\"breadcrumb\":{\"@id\":\"https:\/\/www.tubitex.com\/tr\/karton-tup-masura-ve-makara-tedarikcisi\/#breadcrumb\"},\"inLanguage\":\"tr\",\"potentialAction\":[{\"@type\":\"ReadAction\",\"target\":[\"https:\/\/www.tubitex.com\/tr\/karton-tup-masura-ve-makara-tedarikcisi\/\"]}]},{\"@type\":\"BreadcrumbList\",\"@id\":\"https:\/\/www.tubitex.com\/tr\/karton-tup-masura-ve-makara-tedarikcisi\/#breadcrumb\",\"itemListElement\":[{\"@type\":\"ListItem\",\"position\":1,\"name\":\"Home\",\"item\":\"https:\/\/www.tubitex.com\/tr\/anasayfa\/\"},{\"@type\":\"ListItem\",\"position\":2,\"name\":\"karton t\u00fcp, masura ve makara tedarik\u00e7isi\"}]},{\"@type\":\"WebSite\",\"@id\":\"https:\/\/www.tubitex.com\/tr\/#website\",\"url\":\"https:\/\/www.tubitex.com\/tr\/\",\"name\":\"Tubitex\",\"description\":\"Produzione tubi in cartone, anime e bobine di carta\",\"potentialAction\":[{\"@type\":\"SearchAction\",\"target\":{\"@type\":\"EntryPoint\",\"urlTemplate\":\"https:\/\/www.tubitex.com\/tr\/?s={search_term_string}\"},\"query-input\":{\"@type\":\"PropertyValueSpecification\",\"valueRequired\":true,\"valueName\":\"search_term_string\"}}],\"inLanguage\":\"tr\"}]}<\/script>\n<!-- \/ Yoast SEO plugin. -->","yoast_head_json":{"title":"karton t\u00fcp, masura ve makara tedarik\u00e7isi - Tubitex","robots":{"index":"index","follow":"follow","max-snippet":"max-snippet:-1","max-image-preview":"max-image-preview:large","max-video-preview":"max-video-preview:-1"},"canonical":"https:\/\/www.tubitex.com\/tr\/karton-tup-masura-ve-makara-tedarikcisi\/","og_locale":"tr_TR","og_type":"article","og_title":"karton t\u00fcp, masura ve makara tedarik\u00e7isi - Tubitex","og_description":"karton t\u00fcp ve boru tedarik\u00e7isi, \u00e7ekirdek ve makaralarArad\u0131\u011f\u0131n\u0131z ki\u015fi \u00d6zelle\u015ftirilmi\u015f, kaliteli \u00fcr\u00fcnlerle ihtiya\u00e7lar\u0131n\u0131z\u0131 kar\u015f\u0131layan g\u00fcvenilir ve sertifikal\u0131 birkarton t\u00fcp tedarik\u00e7isi mi ar\u0131yorsunuz? Tubitex, 40 y\u0131l\u0131 a\u015fk\u0131n s\u00fcredir m\u00fc\u015fterilerine a\u015fa\u011f\u0131daki konularda b\u00fcy\u00fck bir uzmanl\u0131k ve deneyim sunmaktad\u0131r \u00f6zelle\u015ftirilmi\u015f karton t\u00fcpler, masuralar ve makaralar\u0131n \u00fcretimi ve tedariki. Tekstilden g\u0131daya ve ka\u011f\u0131da, ihtiya\u00e7lar\u0131n\u0131za ba\u011fl\u0131 olarak, her ihtiyac\u0131n\u0131z\u0131 kar\u015f\u0131lamaya [&hellip;]","og_url":"https:\/\/www.tubitex.com\/tr\/karton-tup-masura-ve-makara-tedarikcisi\/","og_site_name":"Tubitex","article_modified_time":"2025-01-14T10:44:00+00:00","twitter_card":"summary_large_image","twitter_misc":{"Tahmini okuma s\u00fcresi":"6 dakika"},"schema":{"@context":"https:\/\/schema.org","@graph":[{"@type":"WebPage","@id":"https:\/\/www.tubitex.com\/tr\/karton-tup-masura-ve-makara-tedarikcisi\/","url":"https:\/\/www.tubitex.com\/tr\/karton-tup-masura-ve-makara-tedarikcisi\/","name":"karton t\u00fcp, masura ve makara tedarik\u00e7isi - Tubitex","isPartOf":{"@id":"https:\/\/www.tubitex.com\/tr\/#website"},"datePublished":"2023-05-12T15:08:51+00:00","dateModified":"2025-01-14T10:44:00+00:00","breadcrumb":{"@id":"https:\/\/www.tubitex.com\/tr\/karton-tup-masura-ve-makara-tedarikcisi\/#breadcrumb"},"inLanguage":"tr","potentialAction":[{"@type":"ReadAction","target":["https:\/\/www.tubitex.com\/tr\/karton-tup-masura-ve-makara-tedarikcisi\/"]}]},{"@type":"BreadcrumbList","@id":"https:\/\/www.tubitex.com\/tr\/karton-tup-masura-ve-makara-tedarikcisi\/#breadcrumb","itemListElement":[{"@type":"ListItem","position":1,"name":"Home","item":"https:\/\/www.tubitex.com\/tr\/anasayfa\/"},{"@type":"ListItem","position":2,"name":"karton t\u00fcp, masura ve makara tedarik\u00e7isi"}]},{"@type":"WebSite","@id":"https:\/\/www.tubitex.com\/tr\/#website","url":"https:\/\/www.tubitex.com\/tr\/","name":"Tubitex","description":"Produzione tubi in cartone, anime e bobine di carta","potentialAction":[{"@type":"SearchAction","target":{"@type":"EntryPoint","urlTemplate":"https:\/\/www.tubitex.com\/tr\/?s={search_term_string}"},"query-input":{"@type":"PropertyValueSpecification","valueRequired":true,"valueName":"search_term_string"}}],"inLanguage":"tr"}]}},"_links":{"self":[{"href":"https:\/\/www.tubitex.com\/tr\/wp-json\/wp\/v2\/pages\/8983","targetHints":{"allow":["GET"]}}],"collection":[{"href":"https:\/\/www.tubitex.com\/tr\/wp-json\/wp\/v2\/pages"}],"about":[{"href":"https:\/\/www.tubitex.com\/tr\/wp-json\/wp\/v2\/types\/page"}],"author":[{"embeddable":true,"href":"https:\/\/www.tubitex.com\/tr\/wp-json\/wp\/v2\/users\/1"}],"replies":[{"embeddable":true,"href":"https:\/\/www.tubitex.com\/tr\/wp-json\/wp\/v2\/comments?post=8983"}],"version-history":[{"count":4,"href":"https:\/\/www.tubitex.com\/tr\/wp-json\/wp\/v2\/pages\/8983\/revisions"}],"predecessor-version":[{"id":8988,"href":"https:\/\/www.tubitex.com\/tr\/wp-json\/wp\/v2\/pages\/8983\/revisions\/8988"}],"wp:attachment":[{"href":"https:\/\/www.tubitex.com\/tr\/wp-json\/wp\/v2\/media?parent=8983"}],"wp:term":[{"taxonomy":"category","embeddable":true,"href":"https:\/\/www.tubitex.com\/tr\/wp-json\/wp\/v2\/categories?post=8983"}],"curies":[{"name":"wp","href":"https:\/\/api.w.org\/{rel}","templated":true}]}}