{"id":8969,"date":"2023-03-09T16:09:46","date_gmt":"2023-03-09T16:09:46","guid":{"rendered":"https:\/\/www.tubitex.com\/kaliteli-karton-ambalaj-tuplerine-guvenin\/"},"modified":"2025-01-14T10:41:13","modified_gmt":"2025-01-14T10:41:13","slug":"kaliteli-karton-ambalaj-tuplerine-guvenin","status":"publish","type":"page","link":"https:\/\/www.tubitex.com\/tr\/kaliteli-karton-ambalaj-tuplerine-guvenin\/","title":{"rendered":"kaliteli karton ambalaj t\u00fcplerine g\u00fcvenin"},"content":{"rendered":"<p>[et_pb_section fb_built=&#8221;1&#8243; admin_label=&#8221;Services Header&#8221; _builder_version=&#8221;4.17.4&#8243; _module_preset=&#8221;default&#8221; custom_padding=&#8221;0|0px|54px|0px|false|false&#8221; hover_enabled=&#8221;0&#8243; locked=&#8221;off&#8221; global_colors_info=&#8221;{}&#8221; background_color=&#8221;#f8f0e7&#8243; sticky_enabled=&#8221;0&#8243;][et_pb_row column_structure=&#8221;2_3,1_3&#8243; use_custom_gutter=&#8221;on&#8221; gutter_width=&#8221;1&#8243; padding_top_bottom_link_2=&#8221;true&#8221; padding_left_right_link_2=&#8221;true&#8221; _builder_version=&#8221;4.16&#8243; _module_preset=&#8221;default&#8221; custom_padding=&#8221;0|0px|27px|0px|false|false&#8221; animation_style=&#8221;slide&#8221; animation_direction=&#8221;top&#8221; animation_intensity_slide=&#8221;20%&#8221; locked=&#8221;off&#8221; global_colors_info=&#8221;{}&#8221;][et_pb_column type=&#8221;2_3&#8243; _builder_version=&#8221;4.16&#8243; _module_preset=&#8221;default&#8221; custom_padding=&#8221;|||&#8221; global_colors_info=&#8221;{}&#8221; custom_padding__hover=&#8221;|||&#8221;][et_pb_text _builder_version=&#8221;4.17.4&#8243; _module_preset=&#8221;default&#8221; text_font=&#8221;||||||||&#8221; ul_font=&#8221;||||||||&#8221; ol_font=&#8221;||||||||&#8221; quote_font=&#8221;||||||||&#8221; header_font=&#8221;||||||||&#8221; header_2_font=&#8221;|800|||||||&#8221; header_2_font_size=&#8221;24px&#8221; header_2_line_height=&#8221;1.8em&#8221; header_3_font=&#8221;|||on|||||&#8221; header_4_font=&#8221;|800||on|||||&#8221; header_4_font_size=&#8221;16px&#8221; header_4_letter_spacing=&#8221;0.5px&#8221; header_4_line_height=&#8221;1.7em&#8221; header_5_font=&#8221;||||||||&#8221; header_6_font=&#8221;||||||||&#8221; background_color=&#8221;#efefef&#8221; padding_1_last_edited=&#8221;on|desktop&#8221; custom_padding=&#8221;30px|50px|30px|50px|true|true|20px|10%|20px|10%|true|true||on|desktop&#8221; custom_padding_tablet=&#8221;&#8221; custom_padding_phone=&#8221;20px|10%|20px|10%|true|true&#8221; custom_padding_last_edited=&#8221;on|phone&#8221; hover_enabled=&#8221;0&#8243; header_2_font_size_tablet=&#8221;&#8221; header_2_font_size_phone=&#8221;18px&#8221; header_2_font_size_last_edited=&#8221;on|phone&#8221; locked=&#8221;off&#8221; global_colors_info=&#8221;{}&#8221; header_3_font_size=&#8221;16px&#8221; sticky_enabled=&#8221;0&#8243;]<\/p>\n<h4>kaliteye g\u00fcvenin<\/h4>\n<h3>karton ambalaj t\u00fcplerimizin<\/h3>\n<p>[\/et_pb_text][\/et_pb_column][et_pb_column type=&#8221;1_3&#8243; _builder_version=&#8221;4.16&#8243; _module_preset=&#8221;default&#8221; custom_padding=&#8221;50px|50px|50px|50px&#8221; custom_padding_tablet=&#8221;50px|50px|50px|50px&#8221; custom_padding_phone=&#8221;20px|10%|20px|10%|true|true&#8221; custom_padding_last_edited=&#8221;on|phone&#8221; global_colors_info=&#8221;{}&#8221; padding_phone=&#8221;20px|10%|20px|10%|true|true&#8221; padding_last_edited=&#8221;on|phone&#8221; custom_padding__hover=&#8221;|||&#8221;][\/et_pb_column][\/et_pb_row][et_pb_row _builder_version=&#8221;4.17.4&#8243; _module_preset=&#8221;default&#8221; global_colors_info=&#8221;{}&#8221;][et_pb_column type=&#8221;4_4&#8243; _builder_version=&#8221;4.16&#8243; _module_preset=&#8221;default&#8221; custom_padding=&#8221;|||&#8221; global_colors_info=&#8221;{}&#8221; custom_padding__hover=&#8221;|||&#8221;][et_pb_text _builder_version=&#8221;4.17.4&#8243; _module_preset=&#8221;default&#8221; text_font=&#8221;Open Sans||||||||&#8221; header_font=&#8221;||||||||&#8221; header_3_font=&#8221;|800||on|||||&#8221; header_3_text_color=&#8221;#f25b3a&#8221; header_3_font_size=&#8221;24px&#8221; header_3_line_height=&#8221;1.8em&#8221; hover_enabled=&#8221;0&#8243; header_3_font_size_tablet=&#8221;&#8221; header_3_font_size_phone=&#8221;18px&#8221; header_3_font_size_last_edited=&#8221;on|phone&#8221; locked=&#8221;off&#8221; global_colors_info=&#8221;{}&#8221; sticky_enabled=&#8221;0&#8243; header_4_font=&#8221;|700||on|||||&#8221; header_4_font_size=&#8221;16px&#8221;]<\/p>\n<p style=\"text-align: justify;\">Posterlerin, \u00e7izimlerin nakliyesi veya malzemelerin depolanmas\u0131 i\u00e7in uygun ambalajlama i\u00e7in <strong>karton ambalaj t\u00fcplerimizin<\/strong> kalitesine g\u00fcvenebilirsiniz.<\/p>\n<p style=\"text-align: justify;\">\u00fcretiminde Avrupa&#8217;da ilk s\u0131rada yer almaktad\u0131r. <strong><a href=\"https:\/\/www.tubitex.com\/prodotti\/anime-di-cartone-per-film-plastico\/\" target=\"_blank\" rel=\"noopener noreferrer\">karton t\u00fcpler ve masuralar<\/a><\/strong>40 y\u0131l\u0131 a\u015fk\u0131n bir s\u00fcredir, ihtiya\u00e7lar\u0131n\u0131 ve gereksinimlerini kar\u015f\u0131lamak i\u00e7in uzmanl\u0131\u011f\u0131m\u0131za g\u00fcvenen bir\u00e7ok \u015firket i\u00e7in verimli bir ortak olduk.<\/p>\n<h4 style=\"text-align: justify;\"><span style=\"color: #000000;\">ambalaj i\u0307\u00e7i\u0307n karton masuralar: avantajlar<\/span><\/h4>\n<p style=\"text-align: justify;\">Bizim <a href=\"https:\/\/www.tubitex.com\/tubi-cartone-resistenti-qualita\/\"><strong>ambalaj i\u00e7in karton t\u00fcpler<\/strong><\/a> \u00fcretiminde kullan\u0131lan en y\u00fcksek kalitede hammaddeler sayesinde darbeye dayan\u0131kl\u0131 ve hafiftir. Sa\u011flam kartondan \u00fcretilen bu \u00fcr\u00fcnler ayn\u0131 zamanda \u00e7evre dostudur ve tamamen geri d\u00f6n\u00fc\u015ft\u00fcr\u00fclebilir. <\/p>\n<p style=\"text-align: justify;\">\u0130htiya\u00e7lar\u0131n\u0131za ba\u011fl\u0131 olarak, boru tasar\u0131m\u0131ndan \u00fcretime kadar t\u00fcm i\u015fleme d\u00f6ng\u00fcs\u00fc boyunca etkin bir teknik personel ve son teknoloji ekipman deste\u011fiyle size \u00f6zel, ki\u015fiye \u00f6zel bir \u00fcr\u00fcn sunabiliriz.<\/p>\n<p style=\"text-align: justify;\">Her g\u00fcn size piyasadaki en iyi <strong>karton ambalaj t\u00fcplerini<\/strong> sunmak ve zamanlama, kalite ve miktar a\u00e7\u0131s\u0131ndan her t\u00fcrl\u00fc ihtiyac\u0131n\u0131z\u0131 kar\u015f\u0131layacak s\u00fcrekli ve eksiksiz bir tedariki garanti etmek i\u00e7in \u00e7al\u0131\u015f\u0131yoruz.<\/p>\n<p>[\/et_pb_text][\/et_pb_column][\/et_pb_row][\/et_pb_section][et_pb_section fb_built=&#8221;1&#8243; admin_label=&#8221;Gallery&#8221; _builder_version=&#8221;4.16&#8243; _module_preset=&#8221;default&#8221; custom_padding=&#8221;0px||0px|&#8221; global_colors_info=&#8221;{}&#8221;][et_pb_row column_structure=&#8221;1_4,1_4,1_4,1_4&#8243; use_custom_gutter=&#8221;on&#8221; gutter_width=&#8221;1&#8243; make_equal=&#8221;on&#8221; admin_label=&#8221;G\u00f6r\u00fcnt\u00fc Izgaras\u0131&#8221; module_class=&#8221; et_pb_row_fullwidth&#8221; _builder_version=&#8221;4.16&#8243; _module_preset=&#8221;default&#8221; background_size=&#8221;initial&#8221; background_position=&#8221;top_left&#8221; background_repeat=&#8221;repeat&#8221; width=&#8221;100%&#8221; width_tablet=&#8221;100%&#8221; width_phone=&#8221;100%&#8221; width_last_edited=&#8221;on|desktop&#8221; max_width=&#8221;100%&#8221; max_width_tablet=&#8221;100%&#8221; max_width_phone=&#8221;100%&#8221; max_width_last_edited=&#8221;on|desktop&#8221; custom_padding=&#8221;0px|0px|0px|0px&#8221; make_fullwidth=&#8221;on&#8221; global_colors_info=&#8221;{}&#8221;][et_pb_column type=&#8221;1_4&#8243; _builder_version=&#8221;4.16&#8243; _module_preset=&#8221;default&#8221; custom_padding=&#8221;|||&#8221; global_colors_info=&#8221;{}&#8221; custom_padding__hover=&#8221;|||&#8221;][et_pb_image src=&#8221;https:\/\/www.tubitex.com\/wp-content\/uploads\/2022\/10\/1_anime-di-cartone-per-cartiere_box3.jpg&#8221; title_text=&#8221;1_anime-of-carton-per-neighbourhood_box3&#8243; show_in_lightbox=&#8221;on&#8221; force_fullwidth=&#8221;on&#8221; align_tablet=&#8221;center&#8221; align_phone=&#8221;center&#8221; align_last_edited=&#8221;on|desktop&#8221; _builder_version=&#8221;4.17.4&#8243; _module_preset=&#8221;default&#8221; animation_style=&#8221;zoom&#8221; animation_intensity_zoom=&#8221;10%&#8221; global_colors_info=&#8221;{}&#8221;][\/et_pb_image][\/et_pb_column][et_pb_column type=&#8221;1_4&#8243; _builder_version=&#8221;4.16&#8243; _module_preset=&#8221;default&#8221; custom_padding=&#8221;|||&#8221; global_colors_info=&#8221;{}&#8221; custom_padding__hover=&#8221;|||&#8221;][et_pb_image src=&#8221;https:\/\/www.tubitex.com\/wp-content\/uploads\/2022\/10\/1_anime-di-cartone-per-cartiere_box5.jpg&#8221; title_text=&#8221;1_anime-of-carton-per-neighbourhood_box5&#8243; show_in_lightbox=&#8221;on&#8221; force_fullwidth=&#8221;on&#8221; align_tablet=&#8221;center&#8221; align_phone=&#8221;center&#8221; align_last_edited=&#8221;on|desktop&#8221; _builder_version=&#8221;4.17.4&#8243; _module_preset=&#8221;default&#8221; animation_style=&#8221;zoom&#8221; animation_delay=&#8221;100ms&#8221; animation_intensity_zoom=&#8221;10%&#8221; locked=&#8221;off&#8221; global_colors_info=&#8221;{}&#8221;][\/et_pb_image][\/et_pb_column][et_pb_column type=&#8221;1_4&#8243; _builder_version=&#8221;4.16&#8243; _module_preset=&#8221;default&#8221; custom_padding=&#8221;|||&#8221; global_colors_info=&#8221;{}&#8221; custom_padding__hover=&#8221;|||&#8221;][et_pb_image src=&#8221;https:\/\/www.tubitex.com\/wp-content\/uploads\/2022\/10\/1_anime-di-cartone-per-cartiere_box4.jpg&#8221; title_text=&#8221;1_anime-of-carton-per-neighbourhood_box4&#8243; show_in_lightbox=&#8221;on&#8221; force_fullwidth=&#8221;on&#8221; align_tablet=&#8221;center&#8221; align_phone=&#8221;center&#8221; align_last_edited=&#8221;on|desktop&#8221; _builder_version=&#8221;4.17.4&#8243; _module_preset=&#8221;default&#8221; animation_style=&#8221;zoom&#8221; animation_delay=&#8221;200ms&#8221; animation_intensity_zoom=&#8221;10%&#8221; locked=&#8221;off&#8221; global_colors_info=&#8221;{}&#8221;][\/et_pb_image][\/et_pb_column][et_pb_column type=&#8221;1_4&#8243; _builder_version=&#8221;4.16&#8243; _module_preset=&#8221;default&#8221; custom_padding=&#8221;|||&#8221; global_colors_info=&#8221;{}&#8221; custom_padding__hover=&#8221;|||&#8221;][et_pb_image src=&#8221;https:\/\/www.tubitex.com\/wp-content\/uploads\/2022\/10\/3_anime-di-cartone-per-film-plastico_box6.jpg&#8221; title_text=&#8221;3_cartoon-animals-for-plastic-film_box6&#8243; show_in_lightbox=&#8221;on&#8221; force_fullwidth=&#8221;on&#8221; align_tablet=&#8221;center&#8221; align_phone=&#8221;center&#8221; align_last_edited=&#8221;on|desktop&#8221; _builder_version=&#8221;4.17.4&#8243; _module_preset=&#8221;default&#8221; animation_style=&#8221;zoom&#8221; animation_delay=&#8221;300ms&#8221; animation_intensity_zoom=&#8221;10%&#8221; locked=&#8221;off&#8221; global_colors_info=&#8221;{}&#8221;][\/et_pb_image][\/et_pb_column][\/et_pb_row][\/et_pb_section][et_pb_section fb_built=&#8221;1&#8243; admin_label=&#8221;Contact Banner&#8221; _builder_version=&#8221;4.17.4&#8243; _module_preset=&#8221;default&#8221; background_color=&#8221;rgba(135,65,8,0.8)&#8221; custom_padding=&#8221;20px|0px|0px|0px|false|false&#8221; animation_style=&#8221;slide&#8221; animation_direction=&#8221;bottom&#8221; global_colors_info=&#8221;{}&#8221;][et_pb_row column_structure=&#8221;3_5,2_5&#8243; _builder_version=&#8221;4.17.4&#8243; _module_preset=&#8221;default&#8221; custom_margin=&#8221;-5px||||false|false&#8221; global_colors_info=&#8221;{}&#8221;][et_pb_column type=&#8221;3_5&#8243; _builder_version=&#8221;4.16&#8243; _module_preset=&#8221;default&#8221; custom_padding=&#8221;|||&#8221; global_colors_info=&#8221;{}&#8221; custom_padding__hover=&#8221;|||&#8221;][et_pb_text _builder_version=&#8221;4.17.4&#8243; _module_preset=&#8221;default&#8221; text_font=&#8221;||||||||&#8221; quote_font=&#8221;||||||||&#8221; header_font=&#8221;||||||||&#8221; header_2_font=&#8221;|600||on|||||&#8221; header_2_font_size=&#8221;24px&#8221; header_3_font=&#8221;||||||||&#8221; header_4_font=&#8221;|800||on|||||&#8221; header_4_font_size=&#8221;16px&#8221; header_4_letter_spacing=&#8221;0.5px&#8221; header_4_line_height=&#8221;1.7em&#8221; background_layout=&#8221;dark&#8221; max_width=&#8221;800%&#8221; custom_padding=&#8221;0px||||false|false&#8221; hover_enabled=&#8221;0&#8243; header_2_font_size_tablet=&#8221;&#8221; header_2_font_size_phone=&#8221;18px&#8221; header_2_font_size_last_edited=&#8221;on|phone&#8221; locked=&#8221;off&#8221; global_colors_info=&#8221;{}&#8221; sticky_enabled=&#8221;0&#8243;]<\/p>\n<h4>\u00fcr\u00fcnlerimizin kalitesini deneyimleyin ve m\u00fckemmellik i\u00e7in \u00e7abalay\u0131n!<\/h4>\n<p>[\/et_pb_text][\/et_pb_column][et_pb_column type=&#8221;2_5&#8243; _builder_version=&#8221;4.17.4&#8243; _module_preset=&#8221;default&#8221; custom_padding=&#8221;|||&#8221; global_colors_info=&#8221;{}&#8221; custom_padding__hover=&#8221;|||&#8221;][et_pb_button button_url=&#8221;@ET-DC@eyJkeW5hbWljIjp0cnVlLCJjb250ZW50IjoicG9zdF9saW5rX3VybF9wYWdlIiwic2V0dGluZ3MiOnsicG9zdF9pZCI6IjI4In19@&#8221; button_text=&#8221;daha fazla bi\u0307lgi\u0307 i\u0307steyi\u0307n&#8221; button_alignment=&#8221;right&#8221; _builder_version=&#8221;4.17.4&#8243; _dynamic_attributes=&#8221;button_url&#8221; _module_preset=&#8221;default&#8221; custom_button=&#8221;on&#8221; button_text_size=&#8221;19px&#8221; button_text_color=&#8221;#FFFFFF&#8221; button_bg_color=&#8221;RGBA(255,255,255,0)&#8221; button_border_color=&#8221;#FFFFFF&#8221; button_border_radius=&#8221;0px&#8221; button_font=&#8221;|||on|||||&#8221; button_use_icon=&#8221;off&#8221; custom_margin=&#8221;1px||||false|false&#8221; hover_enabled=&#8221;0&#8243; global_colors_info=&#8221;{}&#8221; sticky_enabled=&#8221;0&#8243;][\/et_pb_button][\/et_pb_column][\/et_pb_row][\/et_pb_section]<\/p>\n","protected":false},"excerpt":{"rendered":"<p>kaliteye g\u00fcvenin karton ambalaj t\u00fcplerimizin Posterlerin, \u00e7izimlerin nakliyesi veya malzemelerin depolanmas\u0131 i\u00e7in uygun ambalajlama i\u00e7in karton ambalaj t\u00fcplerimizin kalitesine g\u00fcvenebilirsiniz. \u00fcretiminde Avrupa&#8217;da ilk s\u0131rada yer almaktad\u0131r. karton t\u00fcpler ve masuralar40 y\u0131l\u0131 a\u015fk\u0131n bir s\u00fcredir, ihtiya\u00e7lar\u0131n\u0131 ve gereksinimlerini kar\u015f\u0131lamak i\u00e7in uzmanl\u0131\u011f\u0131m\u0131za g\u00fcvenen bir\u00e7ok \u015firket i\u00e7in verimli bir ortak olduk. ambalaj i\u0307\u00e7i\u0307n karton masuralar: avantajlar Bizim ambalaj [&hellip;]<\/p>\n","protected":false},"author":1,"featured_media":0,"parent":0,"menu_order":0,"comment_status":"closed","ping_status":"closed","template":"","meta":{"_acf_changed":false,"_et_pb_use_builder":"on","_et_pb_old_content":"","_et_gb_content_width":"","inline_featured_image":false,"footnotes":""},"categories":[],"class_list":["post-8969","page","type-page","status-publish","hentry"],"acf":[],"yoast_head":"<!-- This site is optimized with the Yoast SEO plugin v27.1.1 - https:\/\/yoast.com\/product\/yoast-seo-wordpress\/ -->\n<title>kaliteli karton ambalaj t\u00fcplerine g\u00fcvenin - Tubitex<\/title>\n<meta name=\"robots\" content=\"index, follow, max-snippet:-1, max-image-preview:large, max-video-preview:-1\" \/>\n<link rel=\"canonical\" href=\"https:\/\/www.tubitex.com\/tr\/kaliteli-karton-ambalaj-tuplerine-guvenin\/\" \/>\n<meta property=\"og:locale\" content=\"tr_TR\" \/>\n<meta property=\"og:type\" content=\"article\" \/>\n<meta property=\"og:title\" content=\"kaliteli karton ambalaj t\u00fcplerine g\u00fcvenin - Tubitex\" \/>\n<meta property=\"og:description\" content=\"kaliteye g\u00fcvenin karton ambalaj t\u00fcplerimizin Posterlerin, \u00e7izimlerin nakliyesi veya malzemelerin depolanmas\u0131 i\u00e7in uygun ambalajlama i\u00e7in karton ambalaj t\u00fcplerimizin kalitesine g\u00fcvenebilirsiniz. \u00fcretiminde Avrupa&#039;da ilk s\u0131rada yer almaktad\u0131r. karton t\u00fcpler ve masuralar40 y\u0131l\u0131 a\u015fk\u0131n bir s\u00fcredir, ihtiya\u00e7lar\u0131n\u0131 ve gereksinimlerini kar\u015f\u0131lamak i\u00e7in uzmanl\u0131\u011f\u0131m\u0131za g\u00fcvenen bir\u00e7ok \u015firket i\u00e7in verimli bir ortak olduk. ambalaj i\u0307\u00e7i\u0307n karton masuralar: avantajlar Bizim ambalaj [&hellip;]\" \/>\n<meta property=\"og:url\" content=\"https:\/\/www.tubitex.com\/tr\/kaliteli-karton-ambalaj-tuplerine-guvenin\/\" \/>\n<meta property=\"og:site_name\" content=\"Tubitex\" \/>\n<meta property=\"article:modified_time\" content=\"2025-01-14T10:41:13+00:00\" \/>\n<meta name=\"twitter:card\" content=\"summary_large_image\" \/>\n<meta name=\"twitter:label1\" content=\"Tahmini okuma s\u00fcresi\" \/>\n\t<meta name=\"twitter:data1\" content=\"6 dakika\" \/>\n<script type=\"application\/ld+json\" class=\"yoast-schema-graph\">{\"@context\":\"https:\/\/schema.org\",\"@graph\":[{\"@type\":\"WebPage\",\"@id\":\"https:\/\/www.tubitex.com\/tr\/kaliteli-karton-ambalaj-tuplerine-guvenin\/\",\"url\":\"https:\/\/www.tubitex.com\/tr\/kaliteli-karton-ambalaj-tuplerine-guvenin\/\",\"name\":\"kaliteli karton ambalaj t\u00fcplerine g\u00fcvenin - Tubitex\",\"isPartOf\":{\"@id\":\"https:\/\/www.tubitex.com\/tr\/#website\"},\"datePublished\":\"2023-03-09T16:09:46+00:00\",\"dateModified\":\"2025-01-14T10:41:13+00:00\",\"breadcrumb\":{\"@id\":\"https:\/\/www.tubitex.com\/tr\/kaliteli-karton-ambalaj-tuplerine-guvenin\/#breadcrumb\"},\"inLanguage\":\"tr\",\"potentialAction\":[{\"@type\":\"ReadAction\",\"target\":[\"https:\/\/www.tubitex.com\/tr\/kaliteli-karton-ambalaj-tuplerine-guvenin\/\"]}]},{\"@type\":\"BreadcrumbList\",\"@id\":\"https:\/\/www.tubitex.com\/tr\/kaliteli-karton-ambalaj-tuplerine-guvenin\/#breadcrumb\",\"itemListElement\":[{\"@type\":\"ListItem\",\"position\":1,\"name\":\"Home\",\"item\":\"https:\/\/www.tubitex.com\/tr\/anasayfa\/\"},{\"@type\":\"ListItem\",\"position\":2,\"name\":\"kaliteli karton ambalaj t\u00fcplerine g\u00fcvenin\"}]},{\"@type\":\"WebSite\",\"@id\":\"https:\/\/www.tubitex.com\/tr\/#website\",\"url\":\"https:\/\/www.tubitex.com\/tr\/\",\"name\":\"Tubitex\",\"description\":\"Produzione tubi in cartone, anime e bobine di carta\",\"potentialAction\":[{\"@type\":\"SearchAction\",\"target\":{\"@type\":\"EntryPoint\",\"urlTemplate\":\"https:\/\/www.tubitex.com\/tr\/?s={search_term_string}\"},\"query-input\":{\"@type\":\"PropertyValueSpecification\",\"valueRequired\":true,\"valueName\":\"search_term_string\"}}],\"inLanguage\":\"tr\"}]}<\/script>\n<!-- \/ Yoast SEO plugin. -->","yoast_head_json":{"title":"kaliteli karton ambalaj t\u00fcplerine g\u00fcvenin - Tubitex","robots":{"index":"index","follow":"follow","max-snippet":"max-snippet:-1","max-image-preview":"max-image-preview:large","max-video-preview":"max-video-preview:-1"},"canonical":"https:\/\/www.tubitex.com\/tr\/kaliteli-karton-ambalaj-tuplerine-guvenin\/","og_locale":"tr_TR","og_type":"article","og_title":"kaliteli karton ambalaj t\u00fcplerine g\u00fcvenin - Tubitex","og_description":"kaliteye g\u00fcvenin karton ambalaj t\u00fcplerimizin Posterlerin, \u00e7izimlerin nakliyesi veya malzemelerin depolanmas\u0131 i\u00e7in uygun ambalajlama i\u00e7in karton ambalaj t\u00fcplerimizin kalitesine g\u00fcvenebilirsiniz. \u00fcretiminde Avrupa'da ilk s\u0131rada yer almaktad\u0131r. karton t\u00fcpler ve masuralar40 y\u0131l\u0131 a\u015fk\u0131n bir s\u00fcredir, ihtiya\u00e7lar\u0131n\u0131 ve gereksinimlerini kar\u015f\u0131lamak i\u00e7in uzmanl\u0131\u011f\u0131m\u0131za g\u00fcvenen bir\u00e7ok \u015firket i\u00e7in verimli bir ortak olduk. ambalaj i\u0307\u00e7i\u0307n karton masuralar: avantajlar Bizim ambalaj [&hellip;]","og_url":"https:\/\/www.tubitex.com\/tr\/kaliteli-karton-ambalaj-tuplerine-guvenin\/","og_site_name":"Tubitex","article_modified_time":"2025-01-14T10:41:13+00:00","twitter_card":"summary_large_image","twitter_misc":{"Tahmini okuma s\u00fcresi":"6 dakika"},"schema":{"@context":"https:\/\/schema.org","@graph":[{"@type":"WebPage","@id":"https:\/\/www.tubitex.com\/tr\/kaliteli-karton-ambalaj-tuplerine-guvenin\/","url":"https:\/\/www.tubitex.com\/tr\/kaliteli-karton-ambalaj-tuplerine-guvenin\/","name":"kaliteli karton ambalaj t\u00fcplerine g\u00fcvenin - Tubitex","isPartOf":{"@id":"https:\/\/www.tubitex.com\/tr\/#website"},"datePublished":"2023-03-09T16:09:46+00:00","dateModified":"2025-01-14T10:41:13+00:00","breadcrumb":{"@id":"https:\/\/www.tubitex.com\/tr\/kaliteli-karton-ambalaj-tuplerine-guvenin\/#breadcrumb"},"inLanguage":"tr","potentialAction":[{"@type":"ReadAction","target":["https:\/\/www.tubitex.com\/tr\/kaliteli-karton-ambalaj-tuplerine-guvenin\/"]}]},{"@type":"BreadcrumbList","@id":"https:\/\/www.tubitex.com\/tr\/kaliteli-karton-ambalaj-tuplerine-guvenin\/#breadcrumb","itemListElement":[{"@type":"ListItem","position":1,"name":"Home","item":"https:\/\/www.tubitex.com\/tr\/anasayfa\/"},{"@type":"ListItem","position":2,"name":"kaliteli karton ambalaj t\u00fcplerine g\u00fcvenin"}]},{"@type":"WebSite","@id":"https:\/\/www.tubitex.com\/tr\/#website","url":"https:\/\/www.tubitex.com\/tr\/","name":"Tubitex","description":"Produzione tubi in cartone, anime e bobine di carta","potentialAction":[{"@type":"SearchAction","target":{"@type":"EntryPoint","urlTemplate":"https:\/\/www.tubitex.com\/tr\/?s={search_term_string}"},"query-input":{"@type":"PropertyValueSpecification","valueRequired":true,"valueName":"search_term_string"}}],"inLanguage":"tr"}]}},"_links":{"self":[{"href":"https:\/\/www.tubitex.com\/tr\/wp-json\/wp\/v2\/pages\/8969","targetHints":{"allow":["GET"]}}],"collection":[{"href":"https:\/\/www.tubitex.com\/tr\/wp-json\/wp\/v2\/pages"}],"about":[{"href":"https:\/\/www.tubitex.com\/tr\/wp-json\/wp\/v2\/types\/page"}],"author":[{"embeddable":true,"href":"https:\/\/www.tubitex.com\/tr\/wp-json\/wp\/v2\/users\/1"}],"replies":[{"embeddable":true,"href":"https:\/\/www.tubitex.com\/tr\/wp-json\/wp\/v2\/comments?post=8969"}],"version-history":[{"count":2,"href":"https:\/\/www.tubitex.com\/tr\/wp-json\/wp\/v2\/pages\/8969\/revisions"}],"predecessor-version":[{"id":8971,"href":"https:\/\/www.tubitex.com\/tr\/wp-json\/wp\/v2\/pages\/8969\/revisions\/8971"}],"wp:attachment":[{"href":"https:\/\/www.tubitex.com\/tr\/wp-json\/wp\/v2\/media?parent=8969"}],"wp:term":[{"taxonomy":"category","embeddable":true,"href":"https:\/\/www.tubitex.com\/tr\/wp-json\/wp\/v2\/categories?post=8969"}],"curies":[{"name":"wp","href":"https:\/\/api.w.org\/{rel}","templated":true}]}}