{"id":8966,"date":"2023-05-15T10:56:08","date_gmt":"2023-05-15T10:56:08","guid":{"rendered":"https:\/\/www.tubitex.com\/size-ozel-kaliteli-plastik-film-tupleri-saglamak-icin-profesyonellik-ve-deneyim-hizmetinizde\/"},"modified":"2025-01-07T15:29:44","modified_gmt":"2025-01-07T15:29:44","slug":"size-ozel-kaliteli-plastik-film-tupleri-saglamak-icin-profesyonellik-ve-deneyim-hizmetinizde","status":"publish","type":"page","link":"https:\/\/www.tubitex.com\/tr\/size-ozel-kaliteli-plastik-film-tupleri-saglamak-icin-profesyonellik-ve-deneyim-hizmetinizde\/","title":{"rendered":"Size \u00f6zel, kaliteli plastik film t\u00fcpleri sa\u011flamak i\u00e7in profesyonellik ve deneyim hizmetinizde."},"content":{"rendered":"<p>[et_pb_section fb_built=&#8221;1&#8243; admin_label=&#8221;Services Header&#8221; _builder_version=&#8221;4.17.4&#8243; _module_preset=&#8221;default&#8221; background_color=&#8221;#f8f0e7&#8243; custom_padding=&#8221;0|0px|54px|0px|false|false&#8221; locked=&#8221;off&#8221; global_colors_info=&#8221;{}&#8221;][et_pb_row column_structure=&#8221;2_3,1_3&#8243; use_custom_gutter=&#8221;on&#8221; gutter_width=&#8221;1&#8243; padding_top_bottom_link_2=&#8221;true&#8221; padding_left_right_link_2=&#8221;true&#8221; _builder_version=&#8221;4.16&#8243; _module_preset=&#8221;default&#8221; custom_padding=&#8221;0|0px|0px|0px|false|false&#8221; animation_style=&#8221;slide&#8221; animation_direction=&#8221;top&#8221; animation_intensity_slide=&#8221;20%&#8221; locked=&#8221;off&#8221; global_colors_info=&#8221;{}&#8221;][et_pb_column type=&#8221;2_3&#8243; _builder_version=&#8221;4.16&#8243; _module_preset=&#8221;default&#8221; custom_padding=&#8221;|||&#8221; global_colors_info=&#8221;{}&#8221; custom_padding__hover=&#8221;|||&#8221;][et_pb_text _builder_version=&#8221;4.17.4&#8243; _module_preset=&#8221;default&#8221; text_font=&#8221;||||||||&#8221; ul_font=&#8221;||||||||&#8221; ol_font=&#8221;||||||||&#8221; quote_font=&#8221;||||||||&#8221; header_font=&#8221;||||||||&#8221; header_2_font=&#8221;|800|||||||&#8221; header_2_font_size=&#8221;24px&#8221; header_2_line_height=&#8221;1.8em&#8221; header_3_font=&#8221;||||||||&#8221; header_4_font=&#8221;|800||on|||||&#8221; header_4_font_size=&#8221;16px&#8221; header_4_letter_spacing=&#8221;0.5px&#8221; header_4_line_height=&#8221;1.7em&#8221; header_5_font=&#8221;||||||||&#8221; header_6_font=&#8221;||||||||&#8221; background_color=&#8221;#efefef&#8221; padding_1_last_edited=&#8221;on|desktop&#8221; custom_padding=&#8221;30px|50px|30px|50px|true|true|20px|10%|20px|10%|true|true||on|desktop&#8221; custom_padding_tablet=&#8221;&#8221; custom_padding_phone=&#8221;20px|10%|20px|10%|true|true&#8221; custom_padding_last_edited=&#8221;on|phone&#8221; header_2_font_size_tablet=&#8221;&#8221; header_2_font_size_phone=&#8221;18px&#8221; header_2_font_size_last_edited=&#8221;on|phone&#8221; locked=&#8221;off&#8221; global_colors_info=&#8221;{}&#8221;]<\/p>\n<h4>profesyonellik ve deneyim, plastik film i\u00e7in size \u00f6zel, kaliteli karton t\u00fcpler sunmak i\u00e7in hizmetinizde.<\/h4>\n<p>[\/et_pb_text][\/et_pb_column][et_pb_column type=&#8221;1_3&#8243; _builder_version=&#8221;4.16&#8243; _module_preset=&#8221;default&#8221; custom_padding=&#8221;50px|50px|50px|50px&#8221; custom_padding_tablet=&#8221;50px|50px|50px|50px&#8221; custom_padding_phone=&#8221;20px|10%|20px|10%|true|true&#8221; custom_padding_last_edited=&#8221;on|phone&#8221; global_colors_info=&#8221;{}&#8221; padding_phone=&#8221;20px|10%|20px|10%|true|true&#8221; padding_last_edited=&#8221;on|phone&#8221; custom_padding__hover=&#8221;|||&#8221;][\/et_pb_column][\/et_pb_row][et_pb_row _builder_version=&#8221;4.17.4&#8243; _module_preset=&#8221;default&#8221; global_colors_info=&#8221;{}&#8221;][et_pb_column type=&#8221;4_4&#8243; _builder_version=&#8221;4.16&#8243; _module_preset=&#8221;default&#8221; custom_padding=&#8221;|||&#8221; global_colors_info=&#8221;{}&#8221; custom_padding__hover=&#8221;|||&#8221;][et_pb_text _builder_version=&#8221;4.17.4&#8243; _module_preset=&#8221;default&#8221; text_font=&#8221;Open Sans||||||||&#8221; header_font=&#8221;||||||||&#8221; header_3_font=&#8221;|800|||||||&#8221; header_3_text_color=&#8221;#f25b3a&#8221; header_3_font_size=&#8221;16px&#8221; header_3_line_height=&#8221;1.8em&#8221; custom_padding=&#8221;||0px|||&#8221; hover_enabled=&#8221;0&#8243; header_3_font_size_tablet=&#8221;&#8221; header_3_font_size_phone=&#8221;18px&#8221; header_3_font_size_last_edited=&#8221;on|phone&#8221; locked=&#8221;off&#8221; global_colors_info=&#8221;{}&#8221; header_4_font=&#8221;|800||on|||||&#8221; header_4_font_size=&#8221;16px&#8221; sticky_enabled=&#8221;0&#8243; custom_margin=&#8221;-30px|||||&#8221;]<\/p>\n<p style=\"text-align: justify;\">40 y\u0131l\u0131 a\u015fk\u0131n bir s\u00fcredir y\u00fcksek kaliteyi ve a\u015fa\u011f\u0131dakileri arayan m\u00fc\u015fterilerin ihtiya\u00e7lar\u0131na g\u00f6sterilen \u00f6zeni temsil ediyoruz<span> <\/span><strong>plastik film i\u00e7in karton t\u00fcpler<\/strong><span> <\/span>\u00f6zelle\u015ftirilmi\u015f ve ki\u015fiye \u00f6zel. Uzun y\u0131llara dayanan deneyimimiz sayesinde \u00fcr\u00fcnlerinizi ve \u00fcretim s\u00fcre\u00e7lerinizi optimize etmenize yard\u0131mc\u0131 olabiliriz. <\/p>\n<p style=\"text-align: justify;\"><span> <\/span><strong>Plastik film sarma i\u00e7in<\/strong><strong>t\u00fcp<\/strong> ar\u0131yorsan\u0131z, Tubitex&#8217;te bizimle garantili ve sertifikal\u0131 kaliteli bir \u00fcr\u00fcn ald\u0131\u011f\u0131n\u0131zdan emin olabilirsiniz.<\/p>\n<h4 style=\"text-align: justify;\"><span style=\"color: #000000;\">rulo plastik film t\u00fcpleri &#8211; <\/span><span style=\"color: #000000;\">ola\u011fan\u00fcst\u00fc performans\u0131 test edin!<\/span><\/h4>\n<p style=\"text-align: justify;\">T\u00fcm polipropilen, PVC, polietilen, polyester, foto\u011fraf filmleri, lamine filmler, bask\u0131l\u0131 filmler, her t\u00fcrl\u00fc end\u00fcstri i\u00e7in filmler i\u00e7in y\u00fcksek sar\u0131m h\u0131z\u0131, y\u00fcksek mukavemet, eksantriklik ve minimum p\u00fcr\u00fczl\u00fcl\u00fck garanti ediyoruz. Ayr\u0131ca, ileri teknolojilerin ve se\u00e7ilmi\u015f hammaddelerin kullan\u0131m\u0131 sayesinde a\u015fa\u011f\u0131dakileri elde edebiliriz <span> <\/span><strong>geri \u00e7ekilebilir filmler i\u00e7in karton t\u00fcpler<\/strong><span> <\/span>zaman i\u00e7inde dayan\u0131kl\u0131d\u0131r.<\/p>\n<p style=\"text-align: justify;\">Dolay\u0131s\u0131yla, markan\u0131z\u0131 b\u00fcy\u00fctmenize yard\u0131mc\u0131 olabilecek g\u00fcvenilir bir ortak ar\u0131yorsan\u0131z, Tubitex&#8217;in deneyimini ve kalitesini se\u00e7in.<\/p>\n<p>[\/et_pb_text][\/et_pb_column][\/et_pb_row][\/et_pb_section][et_pb_section fb_built=&#8221;1&#8243; admin_label=&#8221;Gallery&#8221; _builder_version=&#8221;4.16&#8243; _module_preset=&#8221;default&#8221; custom_padding=&#8221;0px||0px|&#8221; global_colors_info=&#8221;{}&#8221;][et_pb_row column_structure=&#8221;1_4,1_4,1_4,1_4&#8243; use_custom_gutter=&#8221;on&#8221; gutter_width=&#8221;1&#8243; make_equal=&#8221;on&#8221; admin_label=&#8221;G\u00f6r\u00fcnt\u00fc Izgaras\u0131&#8221; module_class=&#8221; et_pb_row_fullwidth&#8221; _builder_version=&#8221;4.16&#8243; _module_preset=&#8221;default&#8221; background_size=&#8221;initial&#8221; background_position=&#8221;top_left&#8221; background_repeat=&#8221;repeat&#8221; width=&#8221;100%&#8221; width_tablet=&#8221;100%&#8221; width_phone=&#8221;100%&#8221; width_last_edited=&#8221;on|desktop&#8221; max_width=&#8221;100%&#8221; max_width_tablet=&#8221;100%&#8221; max_width_phone=&#8221;100%&#8221; max_width_last_edited=&#8221;on|desktop&#8221; custom_padding=&#8221;0px|0px|0px|0px&#8221; make_fullwidth=&#8221;on&#8221; global_colors_info=&#8221;{}&#8221;][et_pb_column type=&#8221;1_4&#8243; _builder_version=&#8221;4.16&#8243; _module_preset=&#8221;default&#8221; custom_padding=&#8221;|||&#8221; global_colors_info=&#8221;{}&#8221; custom_padding__hover=&#8221;|||&#8221;][et_pb_image src=&#8221;https:\/\/www.tubitex.com\/wp-content\/uploads\/2022\/10\/1_anime-di-cartone-per-cartiere_box3.jpg&#8221; title_text=&#8221;1_anime-of-carton-per-neighbourhood_box3&#8243; show_in_lightbox=&#8221;on&#8221; force_fullwidth=&#8221;on&#8221; align_tablet=&#8221;center&#8221; align_phone=&#8221;center&#8221; align_last_edited=&#8221;on|desktop&#8221; _builder_version=&#8221;4.17.4&#8243; _module_preset=&#8221;default&#8221; animation_style=&#8221;zoom&#8221; animation_intensity_zoom=&#8221;10%&#8221; global_colors_info=&#8221;{}&#8221;][\/et_pb_image][\/et_pb_column][et_pb_column type=&#8221;1_4&#8243; _builder_version=&#8221;4.16&#8243; _module_preset=&#8221;default&#8221; custom_padding=&#8221;|||&#8221; global_colors_info=&#8221;{}&#8221; custom_padding__hover=&#8221;|||&#8221;][et_pb_image src=&#8221;https:\/\/www.tubitex.com\/wp-content\/uploads\/2022\/10\/1_anime-di-cartone-per-cartiere_box5.jpg&#8221; title_text=&#8221;1_anime-of-carton-per-neighbourhood_box5&#8243; show_in_lightbox=&#8221;on&#8221; force_fullwidth=&#8221;on&#8221; align_tablet=&#8221;center&#8221; align_phone=&#8221;center&#8221; align_last_edited=&#8221;on|desktop&#8221; _builder_version=&#8221;4.17.4&#8243; _module_preset=&#8221;default&#8221; animation_style=&#8221;zoom&#8221; animation_delay=&#8221;100ms&#8221; animation_intensity_zoom=&#8221;10%&#8221; locked=&#8221;off&#8221; global_colors_info=&#8221;{}&#8221;][\/et_pb_image][\/et_pb_column][et_pb_column type=&#8221;1_4&#8243; _builder_version=&#8221;4.16&#8243; _module_preset=&#8221;default&#8221; custom_padding=&#8221;|||&#8221; global_colors_info=&#8221;{}&#8221; custom_padding__hover=&#8221;|||&#8221;][et_pb_image src=&#8221;https:\/\/www.tubitex.com\/wp-content\/uploads\/2022\/10\/1_anime-di-cartone-per-cartiere_box4.jpg&#8221; title_text=&#8221;1_anime-of-carton-per-neighbourhood_box4&#8243; show_in_lightbox=&#8221;on&#8221; force_fullwidth=&#8221;on&#8221; align_tablet=&#8221;center&#8221; align_phone=&#8221;center&#8221; align_last_edited=&#8221;on|desktop&#8221; _builder_version=&#8221;4.17.4&#8243; _module_preset=&#8221;default&#8221; animation_style=&#8221;zoom&#8221; animation_delay=&#8221;200ms&#8221; animation_intensity_zoom=&#8221;10%&#8221; locked=&#8221;off&#8221; global_colors_info=&#8221;{}&#8221;][\/et_pb_image][\/et_pb_column][et_pb_column type=&#8221;1_4&#8243; _builder_version=&#8221;4.16&#8243; _module_preset=&#8221;default&#8221; custom_padding=&#8221;|||&#8221; global_colors_info=&#8221;{}&#8221; custom_padding__hover=&#8221;|||&#8221;][et_pb_image src=&#8221;https:\/\/www.tubitex.com\/wp-content\/uploads\/2022\/10\/3_anime-di-cartone-per-film-plastico_box6.jpg&#8221; title_text=&#8221;3_cartoon-animals-for-plastic-film_box6&#8243; show_in_lightbox=&#8221;on&#8221; force_fullwidth=&#8221;on&#8221; align_tablet=&#8221;center&#8221; align_phone=&#8221;center&#8221; align_last_edited=&#8221;on|desktop&#8221; _builder_version=&#8221;4.17.4&#8243; _module_preset=&#8221;default&#8221; animation_style=&#8221;zoom&#8221; animation_delay=&#8221;300ms&#8221; animation_intensity_zoom=&#8221;10%&#8221; locked=&#8221;off&#8221; global_colors_info=&#8221;{}&#8221;][\/et_pb_image][\/et_pb_column][\/et_pb_row][\/et_pb_section][et_pb_section fb_built=&#8221;1&#8243; admin_label=&#8221;Contact Banner&#8221; _builder_version=&#8221;4.17.4&#8243; _module_preset=&#8221;default&#8221; background_color=&#8221;rgba(135,65,8,0.8)&#8221; custom_padding=&#8221;20px|0px|0px|0px|false|false&#8221; animation_style=&#8221;slide&#8221; animation_direction=&#8221;bottom&#8221; global_colors_info=&#8221;{}&#8221;][et_pb_row column_structure=&#8221;3_5,2_5&#8243; _builder_version=&#8221;4.17.4&#8243; _module_preset=&#8221;default&#8221; custom_margin=&#8221;-5px||||false|false&#8221; global_colors_info=&#8221;{}&#8221;][et_pb_column type=&#8221;3_5&#8243; _builder_version=&#8221;4.16&#8243; _module_preset=&#8221;default&#8221; custom_padding=&#8221;|||&#8221; global_colors_info=&#8221;{}&#8221; custom_padding__hover=&#8221;|||&#8221;][et_pb_text _builder_version=&#8221;4.17.4&#8243; _module_preset=&#8221;default&#8221; text_font=&#8221;||||||||&#8221; quote_font=&#8221;||||||||&#8221; header_font=&#8221;||||||||&#8221; header_2_font=&#8221;|600||on|||||&#8221; header_2_font_size=&#8221;24px&#8221; header_3_font=&#8221;||||||||&#8221; header_4_font=&#8221;|800||on|||||&#8221; header_4_font_size=&#8221;16px&#8221; header_4_letter_spacing=&#8221;0.5px&#8221; header_4_line_height=&#8221;1.7em&#8221; background_layout=&#8221;dark&#8221; max_width=&#8221;800%&#8221; custom_padding=&#8221;0px||||false|false&#8221; header_2_font_size_tablet=&#8221;&#8221; header_2_font_size_phone=&#8221;18px&#8221; header_2_font_size_last_edited=&#8221;on|phone&#8221; locked=&#8221;off&#8221; global_colors_info=&#8221;{}&#8221;]<\/p>\n<h4>\u00d6ZEL KARTON BORU VE T\u00dcPLER\u0130N\u0130Z \u0130\u00c7\u0130N tubitex&#8217;e g\u00fcvenin<\/h4>\n<p>[\/et_pb_text][\/et_pb_column][et_pb_column type=&#8221;2_5&#8243; _builder_version=&#8221;4.17.4&#8243; _module_preset=&#8221;default&#8221; custom_padding=&#8221;|||&#8221; global_colors_info=&#8221;{}&#8221; custom_padding__hover=&#8221;|||&#8221;][et_pb_button button_url=&#8221;@ET-DC@eyJkeW5hbWljIjp0cnVlLCJjb250ZW50IjoicG9zdF9saW5rX3VybF9wYWdlIiwic2V0dGluZ3MiOnsicG9zdF9pZCI6IjI4In19@&#8221; button_text=&#8221;daha fazla bi\u0307lgi\u0307 i\u0307steyi\u0307n&#8221; button_alignment=&#8221;right&#8221; _builder_version=&#8221;4.17.4&#8243; _dynamic_attributes=&#8221;button_url&#8221; _module_preset=&#8221;default&#8221; custom_button=&#8221;on&#8221; button_text_size=&#8221;15px&#8221; button_text_color=&#8221;#FFFFFF&#8221; button_bg_color=&#8221;RGBA(255,255,255,0)&#8221; button_border_color=&#8221;#FFFFFF&#8221; button_border_radius=&#8221;0px&#8221; button_font=&#8221;Montserrat|||on|||||&#8221; button_use_icon=&#8221;off&#8221; custom_margin=&#8221;0px||||false|false&#8221; global_colors_info=&#8221;{}&#8221;][\/et_pb_button][\/et_pb_column][\/et_pb_row][\/et_pb_section]<\/p>\n","protected":false},"excerpt":{"rendered":"<p>profesyonellik ve deneyim, plastik film i\u00e7in size \u00f6zel, kaliteli karton t\u00fcpler sunmak i\u00e7in hizmetinizde.40 y\u0131l\u0131 a\u015fk\u0131n bir s\u00fcredir y\u00fcksek kaliteyi ve a\u015fa\u011f\u0131dakileri arayan m\u00fc\u015fterilerin ihtiya\u00e7lar\u0131na g\u00f6sterilen \u00f6zeni temsil ediyoruz plastik film i\u00e7in karton t\u00fcpler \u00f6zelle\u015ftirilmi\u015f ve ki\u015fiye \u00f6zel. Uzun y\u0131llara dayanan deneyimimiz sayesinde \u00fcr\u00fcnlerinizi ve \u00fcretim s\u00fcre\u00e7lerinizi optimize etmenize yard\u0131mc\u0131 olabiliriz. Plastik film sarma i\u00e7int\u00fcp [&hellip;]<\/p>\n","protected":false},"author":1,"featured_media":0,"parent":0,"menu_order":0,"comment_status":"closed","ping_status":"closed","template":"","meta":{"_acf_changed":false,"_et_pb_use_builder":"on","_et_pb_old_content":"","_et_gb_content_width":"","inline_featured_image":false,"footnotes":""},"categories":[],"class_list":["post-8966","page","type-page","status-publish","hentry"],"acf":[],"yoast_head":"<!-- This site is optimized with the Yoast SEO plugin v27.1.1 - https:\/\/yoast.com\/product\/yoast-seo-wordpress\/ -->\n<title>Size \u00f6zel, kaliteli plastik film t\u00fcpleri sa\u011flamak i\u00e7in profesyonellik ve deneyim hizmetinizde. - Tubitex<\/title>\n<meta name=\"robots\" content=\"index, follow, max-snippet:-1, max-image-preview:large, max-video-preview:-1\" \/>\n<link rel=\"canonical\" href=\"https:\/\/www.tubitex.com\/tr\/size-ozel-kaliteli-plastik-film-tupleri-saglamak-icin-profesyonellik-ve-deneyim-hizmetinizde\/\" \/>\n<meta property=\"og:locale\" content=\"tr_TR\" \/>\n<meta property=\"og:type\" content=\"article\" \/>\n<meta property=\"og:title\" content=\"Size \u00f6zel, kaliteli plastik film t\u00fcpleri sa\u011flamak i\u00e7in profesyonellik ve deneyim hizmetinizde. - Tubitex\" \/>\n<meta property=\"og:description\" content=\"profesyonellik ve deneyim, plastik film i\u00e7in size \u00f6zel, kaliteli karton t\u00fcpler sunmak i\u00e7in hizmetinizde.40 y\u0131l\u0131 a\u015fk\u0131n bir s\u00fcredir y\u00fcksek kaliteyi ve a\u015fa\u011f\u0131dakileri arayan m\u00fc\u015fterilerin ihtiya\u00e7lar\u0131na g\u00f6sterilen \u00f6zeni temsil ediyoruz plastik film i\u00e7in karton t\u00fcpler \u00f6zelle\u015ftirilmi\u015f ve ki\u015fiye \u00f6zel. Uzun y\u0131llara dayanan deneyimimiz sayesinde \u00fcr\u00fcnlerinizi ve \u00fcretim s\u00fcre\u00e7lerinizi optimize etmenize yard\u0131mc\u0131 olabiliriz. Plastik film sarma i\u00e7int\u00fcp [&hellip;]\" \/>\n<meta property=\"og:url\" content=\"https:\/\/www.tubitex.com\/tr\/size-ozel-kaliteli-plastik-film-tupleri-saglamak-icin-profesyonellik-ve-deneyim-hizmetinizde\/\" \/>\n<meta property=\"og:site_name\" content=\"Tubitex\" \/>\n<meta property=\"article:modified_time\" content=\"2025-01-07T15:29:44+00:00\" \/>\n<meta name=\"twitter:card\" content=\"summary_large_image\" \/>\n<meta name=\"twitter:label1\" content=\"Tahmini okuma s\u00fcresi\" \/>\n\t<meta name=\"twitter:data1\" content=\"6 dakika\" \/>\n<script type=\"application\/ld+json\" class=\"yoast-schema-graph\">{\"@context\":\"https:\/\/schema.org\",\"@graph\":[{\"@type\":\"WebPage\",\"@id\":\"https:\/\/www.tubitex.com\/tr\/size-ozel-kaliteli-plastik-film-tupleri-saglamak-icin-profesyonellik-ve-deneyim-hizmetinizde\/\",\"url\":\"https:\/\/www.tubitex.com\/tr\/size-ozel-kaliteli-plastik-film-tupleri-saglamak-icin-profesyonellik-ve-deneyim-hizmetinizde\/\",\"name\":\"Size \u00f6zel, kaliteli plastik film t\u00fcpleri sa\u011flamak i\u00e7in profesyonellik ve deneyim hizmetinizde. - Tubitex\",\"isPartOf\":{\"@id\":\"https:\/\/www.tubitex.com\/tr\/#website\"},\"datePublished\":\"2023-05-15T10:56:08+00:00\",\"dateModified\":\"2025-01-07T15:29:44+00:00\",\"breadcrumb\":{\"@id\":\"https:\/\/www.tubitex.com\/tr\/size-ozel-kaliteli-plastik-film-tupleri-saglamak-icin-profesyonellik-ve-deneyim-hizmetinizde\/#breadcrumb\"},\"inLanguage\":\"tr\",\"potentialAction\":[{\"@type\":\"ReadAction\",\"target\":[\"https:\/\/www.tubitex.com\/tr\/size-ozel-kaliteli-plastik-film-tupleri-saglamak-icin-profesyonellik-ve-deneyim-hizmetinizde\/\"]}]},{\"@type\":\"BreadcrumbList\",\"@id\":\"https:\/\/www.tubitex.com\/tr\/size-ozel-kaliteli-plastik-film-tupleri-saglamak-icin-profesyonellik-ve-deneyim-hizmetinizde\/#breadcrumb\",\"itemListElement\":[{\"@type\":\"ListItem\",\"position\":1,\"name\":\"Home\",\"item\":\"https:\/\/www.tubitex.com\/tr\/anasayfa\/\"},{\"@type\":\"ListItem\",\"position\":2,\"name\":\"Size \u00f6zel, kaliteli plastik film t\u00fcpleri sa\u011flamak i\u00e7in profesyonellik ve deneyim hizmetinizde.\"}]},{\"@type\":\"WebSite\",\"@id\":\"https:\/\/www.tubitex.com\/tr\/#website\",\"url\":\"https:\/\/www.tubitex.com\/tr\/\",\"name\":\"Tubitex\",\"description\":\"Produzione tubi in cartone, anime e bobine di carta\",\"potentialAction\":[{\"@type\":\"SearchAction\",\"target\":{\"@type\":\"EntryPoint\",\"urlTemplate\":\"https:\/\/www.tubitex.com\/tr\/?s={search_term_string}\"},\"query-input\":{\"@type\":\"PropertyValueSpecification\",\"valueRequired\":true,\"valueName\":\"search_term_string\"}}],\"inLanguage\":\"tr\"}]}<\/script>\n<!-- \/ Yoast SEO plugin. -->","yoast_head_json":{"title":"Size \u00f6zel, kaliteli plastik film t\u00fcpleri sa\u011flamak i\u00e7in profesyonellik ve deneyim hizmetinizde. - Tubitex","robots":{"index":"index","follow":"follow","max-snippet":"max-snippet:-1","max-image-preview":"max-image-preview:large","max-video-preview":"max-video-preview:-1"},"canonical":"https:\/\/www.tubitex.com\/tr\/size-ozel-kaliteli-plastik-film-tupleri-saglamak-icin-profesyonellik-ve-deneyim-hizmetinizde\/","og_locale":"tr_TR","og_type":"article","og_title":"Size \u00f6zel, kaliteli plastik film t\u00fcpleri sa\u011flamak i\u00e7in profesyonellik ve deneyim hizmetinizde. - Tubitex","og_description":"profesyonellik ve deneyim, plastik film i\u00e7in size \u00f6zel, kaliteli karton t\u00fcpler sunmak i\u00e7in hizmetinizde.40 y\u0131l\u0131 a\u015fk\u0131n bir s\u00fcredir y\u00fcksek kaliteyi ve a\u015fa\u011f\u0131dakileri arayan m\u00fc\u015fterilerin ihtiya\u00e7lar\u0131na g\u00f6sterilen \u00f6zeni temsil ediyoruz plastik film i\u00e7in karton t\u00fcpler \u00f6zelle\u015ftirilmi\u015f ve ki\u015fiye \u00f6zel. Uzun y\u0131llara dayanan deneyimimiz sayesinde \u00fcr\u00fcnlerinizi ve \u00fcretim s\u00fcre\u00e7lerinizi optimize etmenize yard\u0131mc\u0131 olabiliriz. Plastik film sarma i\u00e7int\u00fcp [&hellip;]","og_url":"https:\/\/www.tubitex.com\/tr\/size-ozel-kaliteli-plastik-film-tupleri-saglamak-icin-profesyonellik-ve-deneyim-hizmetinizde\/","og_site_name":"Tubitex","article_modified_time":"2025-01-07T15:29:44+00:00","twitter_card":"summary_large_image","twitter_misc":{"Tahmini okuma s\u00fcresi":"6 dakika"},"schema":{"@context":"https:\/\/schema.org","@graph":[{"@type":"WebPage","@id":"https:\/\/www.tubitex.com\/tr\/size-ozel-kaliteli-plastik-film-tupleri-saglamak-icin-profesyonellik-ve-deneyim-hizmetinizde\/","url":"https:\/\/www.tubitex.com\/tr\/size-ozel-kaliteli-plastik-film-tupleri-saglamak-icin-profesyonellik-ve-deneyim-hizmetinizde\/","name":"Size \u00f6zel, kaliteli plastik film t\u00fcpleri sa\u011flamak i\u00e7in profesyonellik ve deneyim hizmetinizde. - Tubitex","isPartOf":{"@id":"https:\/\/www.tubitex.com\/tr\/#website"},"datePublished":"2023-05-15T10:56:08+00:00","dateModified":"2025-01-07T15:29:44+00:00","breadcrumb":{"@id":"https:\/\/www.tubitex.com\/tr\/size-ozel-kaliteli-plastik-film-tupleri-saglamak-icin-profesyonellik-ve-deneyim-hizmetinizde\/#breadcrumb"},"inLanguage":"tr","potentialAction":[{"@type":"ReadAction","target":["https:\/\/www.tubitex.com\/tr\/size-ozel-kaliteli-plastik-film-tupleri-saglamak-icin-profesyonellik-ve-deneyim-hizmetinizde\/"]}]},{"@type":"BreadcrumbList","@id":"https:\/\/www.tubitex.com\/tr\/size-ozel-kaliteli-plastik-film-tupleri-saglamak-icin-profesyonellik-ve-deneyim-hizmetinizde\/#breadcrumb","itemListElement":[{"@type":"ListItem","position":1,"name":"Home","item":"https:\/\/www.tubitex.com\/tr\/anasayfa\/"},{"@type":"ListItem","position":2,"name":"Size \u00f6zel, kaliteli plastik film t\u00fcpleri sa\u011flamak i\u00e7in profesyonellik ve deneyim hizmetinizde."}]},{"@type":"WebSite","@id":"https:\/\/www.tubitex.com\/tr\/#website","url":"https:\/\/www.tubitex.com\/tr\/","name":"Tubitex","description":"Produzione tubi in cartone, anime e bobine di carta","potentialAction":[{"@type":"SearchAction","target":{"@type":"EntryPoint","urlTemplate":"https:\/\/www.tubitex.com\/tr\/?s={search_term_string}"},"query-input":{"@type":"PropertyValueSpecification","valueRequired":true,"valueName":"search_term_string"}}],"inLanguage":"tr"}]}},"_links":{"self":[{"href":"https:\/\/www.tubitex.com\/tr\/wp-json\/wp\/v2\/pages\/8966","targetHints":{"allow":["GET"]}}],"collection":[{"href":"https:\/\/www.tubitex.com\/tr\/wp-json\/wp\/v2\/pages"}],"about":[{"href":"https:\/\/www.tubitex.com\/tr\/wp-json\/wp\/v2\/types\/page"}],"author":[{"embeddable":true,"href":"https:\/\/www.tubitex.com\/tr\/wp-json\/wp\/v2\/users\/1"}],"replies":[{"embeddable":true,"href":"https:\/\/www.tubitex.com\/tr\/wp-json\/wp\/v2\/comments?post=8966"}],"version-history":[{"count":2,"href":"https:\/\/www.tubitex.com\/tr\/wp-json\/wp\/v2\/pages\/8966\/revisions"}],"predecessor-version":[{"id":8968,"href":"https:\/\/www.tubitex.com\/tr\/wp-json\/wp\/v2\/pages\/8966\/revisions\/8968"}],"wp:attachment":[{"href":"https:\/\/www.tubitex.com\/tr\/wp-json\/wp\/v2\/media?parent=8966"}],"wp:term":[{"taxonomy":"category","embeddable":true,"href":"https:\/\/www.tubitex.com\/tr\/wp-json\/wp\/v2\/categories?post=8966"}],"curies":[{"name":"wp","href":"https:\/\/api.w.org\/{rel}","templated":true}]}}