{"id":8957,"date":"2023-12-07T17:07:34","date_gmt":"2023-12-07T17:07:34","guid":{"rendered":"https:\/\/www.tubitex.com\/denuncia-de-irregularidades\/"},"modified":"2025-01-07T08:55:03","modified_gmt":"2025-01-07T08:55:03","slug":"denuncia-de-irregularidades","status":"publish","type":"page","link":"https:\/\/www.tubitex.com\/pt-pt\/denuncia-de-irregularidades\/","title":{"rendered":"Den\u00fancia de irregularidades"},"content":{"rendered":"<p>[et_pb_section fb_built=&#8221;1&#8243; admin_label=&#8221;Hero&#8221; _builder_version=&#8221;4.23&#8243; _module_preset=&#8221;default&#8221; use_background_color_gradient=&#8221;on&#8221; background_color_gradient_direction=&#8221;111deg&#8221; background_color_gradient_stops=&#8221;rgba(224,120,51,0.3) 0%|rgba(226,226,226,0.41) 99%&#8221; background_color_gradient_overlays_image=&#8221;on&#8221; background_image=&#8221;https:\/\/www.tubitex.com\/wp-content\/uploads\/2023\/12\/office.jpg&#8221; custom_padding=&#8221;80px|0|0||false|false&#8221; locked=&#8221;off&#8221; global_colors_info=&#8221;{}&#8221;][et_pb_row column_structure=&#8221;2_3,1_3&#8243; use_custom_gutter=&#8221;on&#8221; gutter_width=&#8221;1&#8243; make_equal=&#8221;on&#8221; padding_top_bottom_link_2=&#8221;true&#8221; padding_left_right_link_2=&#8221;true&#8221; _builder_version=&#8221;4.17.4&#8243; _module_preset=&#8221;default&#8221; custom_margin=&#8221;|||&#8221; custom_padding=&#8221;27px|0px|0|0px|false|false&#8221; global_colors_info=&#8221;{}&#8221;][et_pb_column type=&#8221;2_3&#8243; _builder_version=&#8221;4.16&#8243; _module_preset=&#8221;default&#8221; custom_padding=&#8221;|4%|80px|&#8221; custom_padding_tablet=&#8221;||40px|&#8221; custom_padding_phone=&#8221;||40px|&#8221; custom_padding_last_edited=&#8221;on|tablet&#8221; global_colors_info=&#8221;{}&#8221; padding_tablet=&#8221;||40px|&#8221; padding_last_edited=&#8221;on|tablet&#8221; custom_padding__hover=&#8221;|||&#8221; padding_phone=&#8221;||40px|&#8221;][et_pb_text _builder_version=&#8221;4.23&#8243; _module_preset=&#8221;default&#8221; text_font=&#8221;Elegant Icons Font||||||||&#8221; text_font_size=&#8221;20px&#8221; text_line_height=&#8221;1.3em&#8221; header_font=&#8221;|800||on|||||&#8221; header_font_size=&#8221;50px&#8221; header_line_height=&#8221;1.4em&#8221; background_layout=&#8221;dark&#8221; max_width=&#8221;1000px&#8221; text_font_size_tablet=&#8221;&#8221; text_font_size_phone=&#8221;16px&#8221; text_font_size_last_edited=&#8221;on|phone&#8221; header_font_size_tablet=&#8221;44px&#8221; header_font_size_phone=&#8221;24px&#8221; header_font_size_last_edited=&#8221;on|desktop&#8221; header_line_height_tablet=&#8221;1.4em&#8221; header_line_height_phone=&#8221;1.4em&#8221; header_line_height_last_edited=&#8221;on|desktop&#8221; global_colors_info=&#8221;{}&#8221;]<\/p>\n<h1>Den\u00fancia de irregularidades<\/h1>\n<p>A Tubitex Integrity Platform est\u00e1 em conformidade com as mais recentes normas de seguran\u00e7a e melhores pr\u00e1ticas<\/p>\n<p>[\/et_pb_text][\/et_pb_column][et_pb_column type=&#8221;1_3&#8243; _builder_version=&#8221;4.17.4&#8243; _module_preset=&#8221;default&#8221; custom_padding=&#8221;40px|40px|40px|40px&#8221; custom_padding_tablet=&#8221;0px|||&#8221; custom_padding_last_edited=&#8221;off|desktop&#8221; global_colors_info=&#8221;{}&#8221; padding_tablet=&#8221;0px|||&#8221; padding_last_edited=&#8221;off|desktop&#8221; custom_padding__hover=&#8221;|||&#8221;][\/et_pb_column][\/et_pb_row][\/et_pb_section][et_pb_section fb_built=&#8221;1&#8243; _builder_version=&#8221;4.23&#8243; _module_preset=&#8221;default&#8221; background_color=&#8221;#f8f0e7&#8243; global_colors_info=&#8221;{}&#8221;][et_pb_row _builder_version=&#8221;4.23&#8243; _module_preset=&#8221;default&#8221; custom_padding=&#8221;||45px|||&#8221; global_colors_info=&#8221;{}&#8221;][et_pb_column type=&#8221;4_4&#8243; _builder_version=&#8221;4.23&#8243; _module_preset=&#8221;default&#8221; global_colors_info=&#8221;{}&#8221;][et_pb_text _builder_version=&#8221;4.23&#8243; _module_preset=&#8221;default&#8221; global_colors_info=&#8221;{}&#8221;]<\/p>\n<div>\n<h2>A Plataforma de Integridade da Tubitex est\u00e1 em conformidade com a legisla\u00e7\u00e3o sobre den\u00fancias e com as mais recentes normas de seguran\u00e7a e melhores pr\u00e1ticas.<\/h2>\n<p>A Tubitex promove e considera os princ\u00edpios contidos no C\u00f3digo de \u00c9tica do Grupo como valores fundamentais no desenvolvimento das suas actividades.<\/p>\n<div>O C\u00f3digo de \u00c9tica do Grupo exige que os funcion\u00e1rios, gestores e quadros superiores cumpram todas as leis e regulamentos aplic\u00e1veis e desempenhem as suas fun\u00e7\u00f5es com honestidade e integridade.<\/div>\n<p><div>Na medida em que os valores e princ\u00edpios \u00e9ticos se tornam o ponto de refer\u00eancia para as ac\u00e7\u00f5es quotidianas de todos os funcion\u00e1rios e colaboradores do Grupo, s\u00e3o refor\u00e7adas as bases para o correto e saud\u00e1vel funcionamento e desenvolvimento da Empresa, funcionais \u00e0 concretiza\u00e7\u00e3o de objectivos ambiciosos e sustent\u00e1veis ao longo do tempo, no interesse das partes interessadas, dos colaboradores e dos territ\u00f3rios em que opera e refor\u00e7ando a reputa\u00e7\u00e3o dos seus produtos e, consequentemente, do seu nome \u00e0 escala global.<\/div>\n<p><div>Neste contexto e em conformidade com os requisitos regulamentares (Decreto Legislativo 231\/2001), a Tubitex adoptou uma ferramenta de den\u00fancia de irregularidades: Plataforma de Integridade Tubitex.<\/div>\n<p><div>O sistema de den\u00fancia de irregularidades \u00e9 um dos instrumentos mais eficazes para identificar comportamentos il\u00edcitos e as den\u00fancias dos trabalhadores desempenham um papel crucial.<\/div>\n<p><div>A Plataforma de Integridade da Tubitex cumpre a legisla\u00e7\u00e3o sobre Den\u00fancias e est\u00e1 em conformidade com as normas de seguran\u00e7a (ISO 37001:2016) e as melhores pr\u00e1ticas mais recentes.<\/div>\n<p><div>Atrav\u00e9s da Plataforma de Integridade da Tubitex, os empregados, colaboradores, consultores, fornecedores e qualquer outro terceiro que se relacione com o Grupo podem denunciar, com o objetivo de proteger a integridade do Grupo, condutas il\u00edcitas ou que n\u00e3o estejam em conformidade com o C\u00f3digo de \u00c9tica, com os procedimentos internos, com as leis e regulamentos em vigor, com o Modelo de Organiza\u00e7\u00e3o, Gest\u00e3o e Controlo (Modelo Organizacional 231) para as empresas italianas do Grupo que o adoptaram, ou com os procedimentos internos adoptados pelo Grupo. As den\u00fancias devem ser circunstanciadas e baseadas em dados objectivos e n\u00e3o em suspeitas ou avalia\u00e7\u00f5es pessoais, e podem tamb\u00e9m ser feitas de forma an\u00f3nima. <\/div>\n<p><div>A Plataforma de Integridade \u00e9 gerida por uma empresa terceira independente, a EQS Group AG, para proteger a identidade de todos os que a utilizam. De facto, o Grupo compromete-se a proteger a confidencialidade da identidade do denunciante e a garantir que n\u00e3o s\u00e3o tomadas quaisquer medidas retaliat\u00f3rias ou discriminat\u00f3rias, diretas ou indirectas, contra qualquer pessoa que fa\u00e7a uma den\u00fancia de boa f\u00e9. <\/div>\n<p><div>Paralelamente a este canal, foi criado um Comit\u00e9 de Den\u00fancias que avalia cuidadosamente cada den\u00fancia, procede a investiga\u00e7\u00f5es espec\u00edficas sempre que necess\u00e1rio e toma medidas coerentes e adequadas.<\/div>\n<\/div>\n<p>[\/et_pb_text][\/et_pb_column][\/et_pb_row][et_pb_row column_structure=&#8221;1_2,1_2&#8243; use_custom_gutter=&#8221;on&#8221; gutter_width=&#8221;1&#8243; make_equal=&#8221;on&#8221; _builder_version=&#8221;4.23&#8243; _module_preset=&#8221;default&#8221; background_color=&#8221;#9b5200&#8243; module_alignment=&#8221;center&#8221; custom_padding=&#8221;0px||0px||false|false&#8221; global_colors_info=&#8221;{}&#8221;][et_pb_column type=&#8221;1_2&#8243; _builder_version=&#8221;4.23&#8243; _module_preset=&#8221;default&#8221; custom_padding=&#8221;40px|0px|40px|0px|true|false&#8221; border_width_all=&#8221;2px&#8221; border_color_all=&#8221;#FFFFFF&#8221; global_colors_info=&#8221;{}&#8221;][et_pb_icon font_icon=&#8221;&#xf0a1;||fa||900&#8243; icon_color=&#8221;#FFFFFF&#8221; icon_width=&#8221;60px&#8221; url=&#8221;https:\/\/tubitex.integrityline.com&#8221; url_new_window=&#8221;on&#8221; _builder_version=&#8221;4.23&#8243; _module_preset=&#8221;default&#8221; background_color=&#8221;RGBA(255,255,255,0)&#8221; custom_margin=&#8221;||0px||false|false&#8221; custom_padding=&#8221;1rem||1rem||true|false&#8221; global_colors_info=&#8221;{}&#8221;][\/et_pb_icon][et_pb_button button_url=&#8221;https:\/\/tubitex.integrityline.com&#8221; url_new_window=&#8221;on&#8221; button_text=&#8221;Plataforma de Integridade Tubitex&#8221; button_alignment=&#8221;center&#8221; _builder_version=&#8221;4.23&#8243; _module_preset=&#8221;default&#8221; custom_button=&#8221;on&#8221; button_text_size=&#8221;18px&#8221; button_border_width=&#8221;0px&#8221; background_layout=&#8221;dark&#8221; global_colors_info=&#8221;{}&#8221;][\/et_pb_button][\/et_pb_column][et_pb_column type=&#8221;1_2&#8243; _builder_version=&#8221;4.23&#8243; _module_preset=&#8221;default&#8221; custom_padding=&#8221;40px||40px||false|false&#8221; border_width_all=&#8221;2px&#8221; border_color_all=&#8221;#FFFFFF&#8221; global_colors_info=&#8221;{}&#8221;][et_pb_icon font_icon=&#8221;&#xf1d8;||fa||400&#8243; icon_color=&#8221;#FFFFFF&#8221; icon_width=&#8221;60px&#8221; url=&#8221;https:\/\/tubitex.integrityline.com\/wb\/120323553&#8243; url_new_window=&#8221;on&#8221; _builder_version=&#8221;4.23&#8243; _module_preset=&#8221;default&#8221; background_color=&#8221;RGBA(255,255,255,0)&#8221; custom_margin=&#8221;||||false|false&#8221; custom_padding=&#8221;1rem||1rem||true|false&#8221; global_colors_info=&#8221;{}&#8221;][\/et_pb_icon][et_pb_button button_url=&#8221;https:\/\/tubitex.integrityline.com\/wb\/120323553&#8243; url_new_window=&#8221;on&#8221; button_text=&#8221;Envia um relat\u00f3rio&#8221; button_alignment=&#8221;center&#8221; _builder_version=&#8221;4.23&#8243; _module_preset=&#8221;default&#8221; custom_button=&#8221;on&#8221; button_text_size=&#8221;18px&#8221; button_border_width=&#8221;0px&#8221; background_layout=&#8221;dark&#8221; global_colors_info=&#8221;{}&#8221;][\/et_pb_button][\/et_pb_column][\/et_pb_row][\/et_pb_section]<\/p>\n","protected":false},"excerpt":{"rendered":"<p>Den\u00fancia de irregularidades A Tubitex Integrity Platform est\u00e1 em conformidade com as mais recentes normas de seguran\u00e7a e melhores pr\u00e1ticas A Plataforma de Integridade da Tubitex est\u00e1 em conformidade com a legisla\u00e7\u00e3o sobre den\u00fancias e com as mais recentes normas de seguran\u00e7a e melhores pr\u00e1ticas. A Tubitex promove e considera os princ\u00edpios contidos no C\u00f3digo [&hellip;]<\/p>\n","protected":false},"author":1,"featured_media":0,"parent":0,"menu_order":0,"comment_status":"closed","ping_status":"closed","template":"","meta":{"_acf_changed":false,"_et_pb_use_builder":"on","_et_pb_old_content":"","_et_gb_content_width":"","inline_featured_image":false,"footnotes":""},"categories":[],"class_list":["post-8957","page","type-page","status-publish","hentry"],"acf":[],"yoast_head":"<!-- This site is optimized with the Yoast SEO plugin v27.1.1 - https:\/\/yoast.com\/product\/yoast-seo-wordpress\/ -->\n<title>Den\u00fancia de irregularidades - Tubitex<\/title>\n<meta name=\"robots\" content=\"index, follow, max-snippet:-1, max-image-preview:large, max-video-preview:-1\" \/>\n<link rel=\"canonical\" href=\"https:\/\/www.tubitex.com\/pt-pt\/denuncia-de-irregularidades\/\" \/>\n<meta property=\"og:locale\" content=\"pt_PT\" \/>\n<meta property=\"og:type\" content=\"article\" \/>\n<meta property=\"og:title\" content=\"Den\u00fancia de irregularidades - Tubitex\" \/>\n<meta property=\"og:description\" content=\"Den\u00fancia de irregularidades A Tubitex Integrity Platform est\u00e1 em conformidade com as mais recentes normas de seguran\u00e7a e melhores pr\u00e1ticas A Plataforma de Integridade da Tubitex est\u00e1 em conformidade com a legisla\u00e7\u00e3o sobre den\u00fancias e com as mais recentes normas de seguran\u00e7a e melhores pr\u00e1ticas. A Tubitex promove e considera os princ\u00edpios contidos no C\u00f3digo [&hellip;]\" \/>\n<meta property=\"og:url\" content=\"https:\/\/www.tubitex.com\/pt-pt\/denuncia-de-irregularidades\/\" \/>\n<meta property=\"og:site_name\" content=\"Tubitex\" \/>\n<meta property=\"article:modified_time\" content=\"2025-01-07T08:55:03+00:00\" \/>\n<meta name=\"twitter:card\" content=\"summary_large_image\" \/>\n<meta name=\"twitter:label1\" content=\"Tempo estimado de leitura\" \/>\n\t<meta name=\"twitter:data1\" content=\"6 minutos\" \/>\n<script type=\"application\/ld+json\" class=\"yoast-schema-graph\">{\"@context\":\"https:\/\/schema.org\",\"@graph\":[{\"@type\":\"WebPage\",\"@id\":\"https:\/\/www.tubitex.com\/pt-pt\/denuncia-de-irregularidades\/\",\"url\":\"https:\/\/www.tubitex.com\/pt-pt\/denuncia-de-irregularidades\/\",\"name\":\"Den\u00fancia de irregularidades - Tubitex\",\"isPartOf\":{\"@id\":\"https:\/\/www.tubitex.com\/pt-pt\/#website\"},\"datePublished\":\"2023-12-07T17:07:34+00:00\",\"dateModified\":\"2025-01-07T08:55:03+00:00\",\"breadcrumb\":{\"@id\":\"https:\/\/www.tubitex.com\/pt-pt\/denuncia-de-irregularidades\/#breadcrumb\"},\"inLanguage\":\"pt-PT\",\"potentialAction\":[{\"@type\":\"ReadAction\",\"target\":[\"https:\/\/www.tubitex.com\/pt-pt\/denuncia-de-irregularidades\/\"]}]},{\"@type\":\"BreadcrumbList\",\"@id\":\"https:\/\/www.tubitex.com\/pt-pt\/denuncia-de-irregularidades\/#breadcrumb\",\"itemListElement\":[{\"@type\":\"ListItem\",\"position\":1,\"name\":\"Home\",\"item\":\"https:\/\/www.tubitex.com\/pt-pt\/pagina-inicial\/\"},{\"@type\":\"ListItem\",\"position\":2,\"name\":\"Den\u00fancia de irregularidades\"}]},{\"@type\":\"WebSite\",\"@id\":\"https:\/\/www.tubitex.com\/pt-pt\/#website\",\"url\":\"https:\/\/www.tubitex.com\/pt-pt\/\",\"name\":\"Tubitex\",\"description\":\"Produzione tubi in cartone, anime e bobine di carta\",\"potentialAction\":[{\"@type\":\"SearchAction\",\"target\":{\"@type\":\"EntryPoint\",\"urlTemplate\":\"https:\/\/www.tubitex.com\/pt-pt\/?s={search_term_string}\"},\"query-input\":{\"@type\":\"PropertyValueSpecification\",\"valueRequired\":true,\"valueName\":\"search_term_string\"}}],\"inLanguage\":\"pt-PT\"}]}<\/script>\n<!-- \/ Yoast SEO plugin. -->","yoast_head_json":{"title":"Den\u00fancia de irregularidades - Tubitex","robots":{"index":"index","follow":"follow","max-snippet":"max-snippet:-1","max-image-preview":"max-image-preview:large","max-video-preview":"max-video-preview:-1"},"canonical":"https:\/\/www.tubitex.com\/pt-pt\/denuncia-de-irregularidades\/","og_locale":"pt_PT","og_type":"article","og_title":"Den\u00fancia de irregularidades - Tubitex","og_description":"Den\u00fancia de irregularidades A Tubitex Integrity Platform est\u00e1 em conformidade com as mais recentes normas de seguran\u00e7a e melhores pr\u00e1ticas A Plataforma de Integridade da Tubitex est\u00e1 em conformidade com a legisla\u00e7\u00e3o sobre den\u00fancias e com as mais recentes normas de seguran\u00e7a e melhores pr\u00e1ticas. A Tubitex promove e considera os princ\u00edpios contidos no C\u00f3digo [&hellip;]","og_url":"https:\/\/www.tubitex.com\/pt-pt\/denuncia-de-irregularidades\/","og_site_name":"Tubitex","article_modified_time":"2025-01-07T08:55:03+00:00","twitter_card":"summary_large_image","twitter_misc":{"Tempo estimado de leitura":"6 minutos"},"schema":{"@context":"https:\/\/schema.org","@graph":[{"@type":"WebPage","@id":"https:\/\/www.tubitex.com\/pt-pt\/denuncia-de-irregularidades\/","url":"https:\/\/www.tubitex.com\/pt-pt\/denuncia-de-irregularidades\/","name":"Den\u00fancia de irregularidades - Tubitex","isPartOf":{"@id":"https:\/\/www.tubitex.com\/pt-pt\/#website"},"datePublished":"2023-12-07T17:07:34+00:00","dateModified":"2025-01-07T08:55:03+00:00","breadcrumb":{"@id":"https:\/\/www.tubitex.com\/pt-pt\/denuncia-de-irregularidades\/#breadcrumb"},"inLanguage":"pt-PT","potentialAction":[{"@type":"ReadAction","target":["https:\/\/www.tubitex.com\/pt-pt\/denuncia-de-irregularidades\/"]}]},{"@type":"BreadcrumbList","@id":"https:\/\/www.tubitex.com\/pt-pt\/denuncia-de-irregularidades\/#breadcrumb","itemListElement":[{"@type":"ListItem","position":1,"name":"Home","item":"https:\/\/www.tubitex.com\/pt-pt\/pagina-inicial\/"},{"@type":"ListItem","position":2,"name":"Den\u00fancia de irregularidades"}]},{"@type":"WebSite","@id":"https:\/\/www.tubitex.com\/pt-pt\/#website","url":"https:\/\/www.tubitex.com\/pt-pt\/","name":"Tubitex","description":"Produzione tubi in cartone, anime e bobine di carta","potentialAction":[{"@type":"SearchAction","target":{"@type":"EntryPoint","urlTemplate":"https:\/\/www.tubitex.com\/pt-pt\/?s={search_term_string}"},"query-input":{"@type":"PropertyValueSpecification","valueRequired":true,"valueName":"search_term_string"}}],"inLanguage":"pt-PT"}]}},"_links":{"self":[{"href":"https:\/\/www.tubitex.com\/pt-pt\/wp-json\/wp\/v2\/pages\/8957","targetHints":{"allow":["GET"]}}],"collection":[{"href":"https:\/\/www.tubitex.com\/pt-pt\/wp-json\/wp\/v2\/pages"}],"about":[{"href":"https:\/\/www.tubitex.com\/pt-pt\/wp-json\/wp\/v2\/types\/page"}],"author":[{"embeddable":true,"href":"https:\/\/www.tubitex.com\/pt-pt\/wp-json\/wp\/v2\/users\/1"}],"replies":[{"embeddable":true,"href":"https:\/\/www.tubitex.com\/pt-pt\/wp-json\/wp\/v2\/comments?post=8957"}],"version-history":[{"count":4,"href":"https:\/\/www.tubitex.com\/pt-pt\/wp-json\/wp\/v2\/pages\/8957\/revisions"}],"predecessor-version":[{"id":8963,"href":"https:\/\/www.tubitex.com\/pt-pt\/wp-json\/wp\/v2\/pages\/8957\/revisions\/8963"}],"wp:attachment":[{"href":"https:\/\/www.tubitex.com\/pt-pt\/wp-json\/wp\/v2\/media?parent=8957"}],"wp:term":[{"taxonomy":"category","embeddable":true,"href":"https:\/\/www.tubitex.com\/pt-pt\/wp-json\/wp\/v2\/categories?post=8957"}],"curies":[{"name":"wp","href":"https:\/\/api.w.org\/{rel}","templated":true}]}}