{"id":8945,"date":"2023-03-09T15:49:21","date_gmt":"2023-03-09T15:49:21","guid":{"rendered":"https:\/\/www.tubitex.com\/qualidade-dos-tubos-de-cartao-resistente\/"},"modified":"2025-01-07T08:50:39","modified_gmt":"2025-01-07T08:50:39","slug":"qualidade-dos-tubos-de-cartao-resistente","status":"publish","type":"page","link":"https:\/\/www.tubitex.com\/pt-pt\/qualidade-dos-tubos-de-cartao-resistente\/","title":{"rendered":"qualidade dos tubos de cart\u00e3o resistente"},"content":{"rendered":"<p>[et_pb_section fb_built=&#8221;1&#8243; admin_label=&#8221;Services Header&#8221; _builder_version=&#8221;4.17.4&#8243; _module_preset=&#8221;default&#8221; custom_padding=&#8221;0|0px|54px|0px|false|false&#8221; hover_enabled=&#8221;0&#8243; locked=&#8221;off&#8221; global_colors_info=&#8221;{}&#8221; background_color=&#8221;#f8f0e7&#8243; sticky_enabled=&#8221;0&#8243;][et_pb_row column_structure=&#8221;2_3,1_3&#8243; use_custom_gutter=&#8221;on&#8221; gutter_width=&#8221;1&#8243; padding_top_bottom_link_2=&#8221;true&#8221; padding_left_right_link_2=&#8221;true&#8221; _builder_version=&#8221;4.16&#8243; _module_preset=&#8221;default&#8221; custom_padding=&#8221;0|0px|27px|0px|false|false&#8221; animation_style=&#8221;slide&#8221; animation_direction=&#8221;top&#8221; animation_intensity_slide=&#8221;20%&#8221; locked=&#8221;off&#8221; global_colors_info=&#8221;{}&#8221;][et_pb_column type=&#8221;2_3&#8243; _builder_version=&#8221;4.16&#8243; _module_preset=&#8221;default&#8221; custom_padding=&#8221;|||&#8221; global_colors_info=&#8221;{}&#8221; custom_padding__hover=&#8221;|||&#8221;][et_pb_text _builder_version=&#8221;4.17.4&#8243; _module_preset=&#8221;default&#8221; text_font=&#8221;||||||||&#8221; ul_font=&#8221;||||||||&#8221; ol_font=&#8221;||||||||&#8221; quote_font=&#8221;||||||||&#8221; header_font=&#8221;||||||||&#8221; header_2_font=&#8221;|800|||||||&#8221; header_2_font_size=&#8221;24px&#8221; header_2_line_height=&#8221;1.8em&#8221; header_3_font=&#8221;|||on|||||&#8221; header_4_font=&#8221;|800||on|||||&#8221; header_4_font_size=&#8221;16px&#8221; header_4_letter_spacing=&#8221;0.5px&#8221; header_4_line_height=&#8221;1.7em&#8221; header_5_font=&#8221;||||||||&#8221; header_6_font=&#8221;||||||||&#8221; background_color=&#8221;#efefef&#8221; padding_1_last_edited=&#8221;on|desktop&#8221; custom_padding=&#8221;30px|50px|30px|50px|true|true|20px|10%|20px|10%|true|true||on|desktop&#8221; custom_padding_tablet=&#8221;&#8221; custom_padding_phone=&#8221;20px|10%|20px|10%|true|true&#8221; custom_padding_last_edited=&#8221;on|phone&#8221; hover_enabled=&#8221;0&#8243; header_2_font_size_tablet=&#8221;&#8221; header_2_font_size_phone=&#8221;18px&#8221; header_2_font_size_last_edited=&#8221;on|phone&#8221; locked=&#8221;off&#8221; global_colors_info=&#8221;{}&#8221; header_3_font_size=&#8221;16px&#8221; sticky_enabled=&#8221;0&#8243;]<\/p>\n<h4>N\u00daCLEOS, TUBOS E CANOS DE CART\u00c3O<\/h4>\n<h3>Dur\u00e1vel e de qualidade<\/h3>\n<p>[\/et_pb_text][\/et_pb_column][et_pb_column type=&#8221;1_3&#8243; _builder_version=&#8221;4.16&#8243; _module_preset=&#8221;default&#8221; custom_padding=&#8221;50px|50px|50px|50px&#8221; custom_padding_tablet=&#8221;50px|50px|50px|50px&#8221; custom_padding_phone=&#8221;20px|10%|20px|10%|true|true&#8221; custom_padding_last_edited=&#8221;on|phone&#8221; global_colors_info=&#8221;{}&#8221; padding_phone=&#8221;20px|10%|20px|10%|true|true&#8221; padding_last_edited=&#8221;on|phone&#8221; custom_padding__hover=&#8221;|||&#8221;][\/et_pb_column][\/et_pb_row][et_pb_row _builder_version=&#8221;4.17.4&#8243; _module_preset=&#8221;default&#8221; global_colors_info=&#8221;{}&#8221;][et_pb_column type=&#8221;4_4&#8243; _builder_version=&#8221;4.16&#8243; _module_preset=&#8221;default&#8221; custom_padding=&#8221;|||&#8221; global_colors_info=&#8221;{}&#8221; custom_padding__hover=&#8221;|||&#8221;][et_pb_text _builder_version=&#8221;4.17.4&#8243; _module_preset=&#8221;default&#8221; text_font=&#8221;Open Sans||||||||&#8221; text_line_height=&#8221;1.8em&#8221; header_font=&#8221;||||||||&#8221; header_3_font=&#8221;|800|||||||&#8221; header_3_text_color=&#8221;#f25b3a&#8221; header_3_font_size=&#8221;24px&#8221; header_3_line_height=&#8221;1.8em&#8221; hover_enabled=&#8221;0&#8243; header_3_font_size_tablet=&#8221;&#8221; header_3_font_size_phone=&#8221;18px&#8221; header_3_font_size_last_edited=&#8221;on|phone&#8221; locked=&#8221;off&#8221; global_colors_info=&#8221;{}&#8221; sticky_enabled=&#8221;0&#8243;]<\/p>\n<p style=\"text-align: justify;\"><span>Os nossos produtos s\u00e3o o resultado de uma investiga\u00e7\u00e3o cont\u00ednua e de uma inova\u00e7\u00e3o tecnol\u00f3gica que nos esfor\u00e7amos por assegurar aos nossos clientes todos os dias.<\/span><br \/><span>Confia na <\/span><a href=\"https:\/\/www.tubitex.com\/tubi-per-industrie-grafiche-cartotecniche-pirotecniche\/\" target=\"_blank\" rel=\"noopener noreferrer\">Tubitex<\/a><span> pode ter a certeza de utilizar na sua atividade <\/span><strong>n\u00facleos, tubos e canos de cart\u00e3o de alta qualidade<\/strong><span>adaptados \u00e0s tuas necessidades.<\/span><\/p>\n<p style=\"text-align: justify;\">O nosso<span> <\/span><a href=\"https:\/\/www.tubitex.com\/pt-pt\/confia-em-tubos-de-embalagem-de-cartao-de-qualidade\/\" target=\"_blank\" rel=\"noopener noreferrer\">tubos de cart\u00e3o<\/a><span> <\/span>s\u00e3o ideais para qualquer empresa, seja ela do sector t\u00eaxtil, do papel, dos transportes ou da ind\u00fastria alimentar. H\u00e1 mais de 40 anos que colocamos \u00e0 disposi\u00e7\u00e3o dos nossos clientes a experi\u00eancia e o saber-fazer para oferecer <span> <\/span><strong>n\u00facleos e tubos de cart\u00e3o resistente da melhor qualidade.<\/strong><\/p>\n<p style=\"text-align: justify;\"><span> <\/span>Dependendo das tuas necessidades, podes ter<strong>produtos<\/strong><strong>personalizados<\/strong>, garantindo um fornecimento cont\u00ednuo e completo, planeado e preparado para satisfazer todas as exig\u00eancias em termos de tempo e quantidade.<\/p>\n<p style=\"text-align: justify;\">Apostamos na conce\u00e7\u00e3o de produtos de elevada qualidade, pelo que utilizamos mat\u00e9rias-primas espec\u00edficas, totalmente ecol\u00f3gicas e recicl\u00e1veis em todos os nossos artigos.<\/p>\n<p>[\/et_pb_text][\/et_pb_column][\/et_pb_row][\/et_pb_section][et_pb_section fb_built=&#8221;1&#8243; admin_label=&#8221;Gallery&#8221; _builder_version=&#8221;4.16&#8243; _module_preset=&#8221;default&#8221; custom_padding=&#8221;0px||0px|&#8221; global_colors_info=&#8221;{}&#8221;][et_pb_row column_structure=&#8221;1_4,1_4,1_4,1_4&#8243; use_custom_gutter=&#8221;on&#8221; gutter_width=&#8221;1&#8243; make_equal=&#8221;on&#8221; admin_label=&#8221;Grelha de imagens&#8221; module_class=&#8221; et_pb_row_fullwidth&#8221; _builder_version=&#8221;4.16&#8243; _module_preset=&#8221;default&#8221; background_size=&#8221;initial&#8221; background_position=&#8221;top_left&#8221; background_repeat=&#8221;repeat&#8221; width=&#8221;100%&#8221; width_tablet=&#8221;100%&#8221; width_phone=&#8221;100%&#8221; width_last_edited=&#8221;on|desktop&#8221; max_width=&#8221;100%&#8221; max_width_tablet=&#8221;100%&#8221; max_width_phone=&#8221;100%&#8221; max_width_last_edited=&#8221;on|desktop&#8221; custom_padding=&#8221;0px|0px|0px|0px&#8221; make_fullwidth=&#8221;on&#8221; global_colors_info=&#8221;{}&#8221;][et_pb_column type=&#8221;1_4&#8243; _builder_version=&#8221;4.16&#8243; _module_preset=&#8221;default&#8221; custom_padding=&#8221;|||&#8221; global_colors_info=&#8221;{}&#8221; custom_padding__hover=&#8221;|||&#8221;][et_pb_image src=&#8221;https:\/\/www.tubitex.com\/wp-content\/uploads\/2022\/10\/1_anime-di-cartone-per-cartiere_box3.jpg&#8221; title_text=&#8221;1_anime-de-cart\u00e3o-por-bairro_box3&#8243; show_in_lightbox=&#8221;on&#8221; force_fullwidth=&#8221;on&#8221; align_tablet=&#8221;center&#8221; align_phone=&#8221;center&#8221; align_last_edited=&#8221;on|desktop&#8221; _builder_version=&#8221;4.17.4&#8243; _module_preset=&#8221;default&#8221; animation_style=&#8221;zoom&#8221; animation_intensity_zoom=&#8221;10%&#8221; global_colors_info=&#8221;{}&#8221;][\/et_pb_image][\/et_pb_column][et_pb_column type=&#8221;1_4&#8243; _builder_version=&#8221;4.16&#8243; _module_preset=&#8221;default&#8221; custom_padding=&#8221;|||&#8221; global_colors_info=&#8221;{}&#8221; custom_padding__hover=&#8221;|||&#8221;][et_pb_image src=&#8221;https:\/\/www.tubitex.com\/wp-content\/uploads\/2022\/10\/1_anime-di-cartone-per-cartiere_box5.jpg&#8221; title_text=&#8221;1_anime-de-cart\u00e3o-por-bairro_box5&#8243; show_in_lightbox=&#8221;on&#8221; force_fullwidth=&#8221;on&#8221; align_tablet=&#8221;center&#8221; align_phone=&#8221;center&#8221; align_last_edited=&#8221;on|desktop&#8221; _builder_version=&#8221;4.17.4&#8243; _module_preset=&#8221;default&#8221; animation_style=&#8221;zoom&#8221; animation_delay=&#8221;100ms&#8221; animation_intensity_zoom=&#8221;10%&#8221; locked=&#8221;off&#8221; global_colors_info=&#8221;{}&#8221;][\/et_pb_image][\/et_pb_column][et_pb_column type=&#8221;1_4&#8243; _builder_version=&#8221;4.16&#8243; _module_preset=&#8221;default&#8221; custom_padding=&#8221;|||&#8221; global_colors_info=&#8221;{}&#8221; custom_padding__hover=&#8221;|||&#8221;][et_pb_image src=&#8221;https:\/\/www.tubitex.com\/wp-content\/uploads\/2022\/10\/1_anime-di-cartone-per-cartiere_box4.jpg&#8221; title_text=&#8221;1_anime-de-cart\u00e3o-por-bairro_box4&#8243; show_in_lightbox=&#8221;on&#8221; force_fullwidth=&#8221;on&#8221; align_tablet=&#8221;center&#8221; align_phone=&#8221;center&#8221; align_last_edited=&#8221;on|desktop&#8221; _builder_version=&#8221;4.17.4&#8243; _module_preset=&#8221;default&#8221; animation_style=&#8221;zoom&#8221; animation_delay=&#8221;200ms&#8221; animation_intensity_zoom=&#8221;10%&#8221; locked=&#8221;off&#8221; global_colors_info=&#8221;{}&#8221;][\/et_pb_image][\/et_pb_column][et_pb_column type=&#8221;1_4&#8243; _builder_version=&#8221;4.16&#8243; _module_preset=&#8221;default&#8221; custom_padding=&#8221;|||&#8221; global_colors_info=&#8221;{}&#8221; custom_padding__hover=&#8221;|||&#8221;][et_pb_image src=&#8221;https:\/\/www.tubitex.com\/wp-content\/uploads\/2022\/10\/3_anime-di-cartone-per-film-plastico_box6.jpg&#8221; title_text=&#8221;3_cartoon-animals-for-plastic-film_box6&#8243; show_in_lightbox=&#8221;on&#8221; force_fullwidth=&#8221;on&#8221; align_tablet=&#8221;center&#8221; align_phone=&#8221;center&#8221; align_last_edited=&#8221;on|desktop&#8221; _builder_version=&#8221;4.17.4&#8243; _module_preset=&#8221;default&#8221; animation_style=&#8221;zoom&#8221; animation_delay=&#8221;300ms&#8221; animation_intensity_zoom=&#8221;10%&#8221; locked=&#8221;off&#8221; global_colors_info=&#8221;{}&#8221;][\/et_pb_image][\/et_pb_column][\/et_pb_row][\/et_pb_section][et_pb_section fb_built=&#8221;1&#8243; admin_label=&#8221;Contact Banner&#8221; _builder_version=&#8221;4.17.4&#8243; _module_preset=&#8221;default&#8221; background_color=&#8221;rgba(135,65,8,0.8)&#8221; custom_padding=&#8221;20px|0px|0px|0px|false|false&#8221; animation_style=&#8221;slide&#8221; animation_direction=&#8221;bottom&#8221; global_colors_info=&#8221;{}&#8221;][et_pb_row column_structure=&#8221;3_5,2_5&#8243; _builder_version=&#8221;4.17.4&#8243; _module_preset=&#8221;default&#8221; custom_margin=&#8221;-5px||||false|false&#8221; global_colors_info=&#8221;{}&#8221;][et_pb_column type=&#8221;3_5&#8243; _builder_version=&#8221;4.16&#8243; _module_preset=&#8221;default&#8221; custom_padding=&#8221;|||&#8221; global_colors_info=&#8221;{}&#8221; custom_padding__hover=&#8221;|||&#8221;][et_pb_text _builder_version=&#8221;4.17.4&#8243; _module_preset=&#8221;default&#8221; text_font=&#8221;||||||||&#8221; quote_font=&#8221;||||||||&#8221; header_font=&#8221;||||||||&#8221; header_2_font=&#8221;|600||on|||||&#8221; header_2_font_size=&#8221;24px&#8221; header_3_font=&#8221;|||on|||||&#8221; header_4_font=&#8221;|800||on|||||&#8221; header_4_font_size=&#8221;16px&#8221; header_4_letter_spacing=&#8221;0.5px&#8221; header_4_line_height=&#8221;1.7em&#8221; background_layout=&#8221;dark&#8221; max_width=&#8221;800%&#8221; custom_padding=&#8221;0px||||false|false&#8221; hover_enabled=&#8221;0&#8243; header_2_font_size_tablet=&#8221;&#8221; header_2_font_size_phone=&#8221;18px&#8221; header_2_font_size_last_edited=&#8221;on|phone&#8221; locked=&#8221;off&#8221; global_colors_info=&#8221;{}&#8221; header_3_font_size=&#8221;16px&#8221; sticky_enabled=&#8221;0&#8243;]<\/p>\n<h4>se procuras n\u00facleos e tubos de cart\u00e3o resistentes e de qualidade<\/h4>\n<h3>Confia na experi\u00eancia e no profissionalismo da Tubitex!<\/h3>\n<p>[\/et_pb_text][\/et_pb_column][et_pb_column type=&#8221;2_5&#8243; _builder_version=&#8221;4.17.4&#8243; _module_preset=&#8221;default&#8221; custom_padding=&#8221;|||&#8221; global_colors_info=&#8221;{}&#8221; custom_padding__hover=&#8221;|||&#8221;][et_pb_button button_url=&#8221;@ET-DC@eyJkeW5hbWljIjp0cnVlLCJjb250ZW50IjoicG9zdF9saW5rX3VybF9wYWdlIiwic2V0dGluZ3MiOnsicG9zdF9pZCI6IjI4In19@&#8221; button_text=&#8221;solicita mais informa\u00e7\u00f5es&#8221; button_alignment=&#8221;right&#8221; _builder_version=&#8221;4.17.4&#8243; _dynamic_attributes=&#8221;button_url&#8221; _module_preset=&#8221;default&#8221; custom_button=&#8221;on&#8221; button_text_size=&#8221;15px&#8221; button_text_color=&#8221;#FFFFFF&#8221; button_bg_color=&#8221;RGBA(255,255,255,0)&#8221; button_border_color=&#8221;#FFFFFF&#8221; button_border_radius=&#8221;0px&#8221; button_font=&#8221;|||on|||||&#8221; button_use_icon=&#8221;off&#8221; custom_margin=&#8221;5px||||false|false&#8221; hover_enabled=&#8221;0&#8243; global_colors_info=&#8221;{}&#8221; sticky_enabled=&#8221;0&#8243;][\/et_pb_button][\/et_pb_column][\/et_pb_row][\/et_pb_section]<\/p>\n","protected":false},"excerpt":{"rendered":"<p>N\u00daCLEOS, TUBOS E CANOS DE CART\u00c3O Dur\u00e1vel e de qualidadeOs nossos produtos s\u00e3o o resultado de uma investiga\u00e7\u00e3o cont\u00ednua e de uma inova\u00e7\u00e3o tecnol\u00f3gica que nos esfor\u00e7amos por assegurar aos nossos clientes todos os dias.Confia na Tubitex pode ter a certeza de utilizar na sua atividade n\u00facleos, tubos e canos de cart\u00e3o de alta qualidadeadaptados [&hellip;]<\/p>\n","protected":false},"author":1,"featured_media":0,"parent":0,"menu_order":0,"comment_status":"closed","ping_status":"closed","template":"","meta":{"_acf_changed":false,"_et_pb_use_builder":"on","_et_pb_old_content":"","_et_gb_content_width":"","inline_featured_image":false,"footnotes":""},"categories":[],"class_list":["post-8945","page","type-page","status-publish","hentry"],"acf":[],"yoast_head":"<!-- This site is optimized with the Yoast SEO plugin v27.1.1 - https:\/\/yoast.com\/product\/yoast-seo-wordpress\/ -->\n<title>qualidade dos tubos de cart\u00e3o resistente - Tubitex<\/title>\n<meta name=\"robots\" content=\"index, follow, max-snippet:-1, max-image-preview:large, max-video-preview:-1\" \/>\n<link rel=\"canonical\" href=\"https:\/\/www.tubitex.com\/pt-pt\/qualidade-dos-tubos-de-cartao-resistente\/\" \/>\n<meta property=\"og:locale\" content=\"pt_PT\" \/>\n<meta property=\"og:type\" content=\"article\" \/>\n<meta property=\"og:title\" content=\"qualidade dos tubos de cart\u00e3o resistente - Tubitex\" \/>\n<meta property=\"og:description\" content=\"N\u00daCLEOS, TUBOS E CANOS DE CART\u00c3O Dur\u00e1vel e de qualidadeOs nossos produtos s\u00e3o o resultado de uma investiga\u00e7\u00e3o cont\u00ednua e de uma inova\u00e7\u00e3o tecnol\u00f3gica que nos esfor\u00e7amos por assegurar aos nossos clientes todos os dias.Confia na Tubitex pode ter a certeza de utilizar na sua atividade n\u00facleos, tubos e canos de cart\u00e3o de alta qualidadeadaptados [&hellip;]\" \/>\n<meta property=\"og:url\" content=\"https:\/\/www.tubitex.com\/pt-pt\/qualidade-dos-tubos-de-cartao-resistente\/\" \/>\n<meta property=\"og:site_name\" content=\"Tubitex\" \/>\n<meta property=\"article:modified_time\" content=\"2025-01-07T08:50:39+00:00\" \/>\n<meta name=\"twitter:card\" content=\"summary_large_image\" \/>\n<meta name=\"twitter:label1\" content=\"Tempo estimado de leitura\" \/>\n\t<meta name=\"twitter:data1\" content=\"6 minutos\" \/>\n<script type=\"application\/ld+json\" class=\"yoast-schema-graph\">{\"@context\":\"https:\/\/schema.org\",\"@graph\":[{\"@type\":\"WebPage\",\"@id\":\"https:\/\/www.tubitex.com\/pt-pt\/qualidade-dos-tubos-de-cartao-resistente\/\",\"url\":\"https:\/\/www.tubitex.com\/pt-pt\/qualidade-dos-tubos-de-cartao-resistente\/\",\"name\":\"qualidade dos tubos de cart\u00e3o resistente - Tubitex\",\"isPartOf\":{\"@id\":\"https:\/\/www.tubitex.com\/pt-pt\/#website\"},\"datePublished\":\"2023-03-09T15:49:21+00:00\",\"dateModified\":\"2025-01-07T08:50:39+00:00\",\"breadcrumb\":{\"@id\":\"https:\/\/www.tubitex.com\/pt-pt\/qualidade-dos-tubos-de-cartao-resistente\/#breadcrumb\"},\"inLanguage\":\"pt-PT\",\"potentialAction\":[{\"@type\":\"ReadAction\",\"target\":[\"https:\/\/www.tubitex.com\/pt-pt\/qualidade-dos-tubos-de-cartao-resistente\/\"]}]},{\"@type\":\"BreadcrumbList\",\"@id\":\"https:\/\/www.tubitex.com\/pt-pt\/qualidade-dos-tubos-de-cartao-resistente\/#breadcrumb\",\"itemListElement\":[{\"@type\":\"ListItem\",\"position\":1,\"name\":\"Home\",\"item\":\"https:\/\/www.tubitex.com\/pt-pt\/pagina-inicial\/\"},{\"@type\":\"ListItem\",\"position\":2,\"name\":\"qualidade dos tubos de cart\u00e3o resistente\"}]},{\"@type\":\"WebSite\",\"@id\":\"https:\/\/www.tubitex.com\/pt-pt\/#website\",\"url\":\"https:\/\/www.tubitex.com\/pt-pt\/\",\"name\":\"Tubitex\",\"description\":\"Produzione tubi in cartone, anime e bobine di carta\",\"potentialAction\":[{\"@type\":\"SearchAction\",\"target\":{\"@type\":\"EntryPoint\",\"urlTemplate\":\"https:\/\/www.tubitex.com\/pt-pt\/?s={search_term_string}\"},\"query-input\":{\"@type\":\"PropertyValueSpecification\",\"valueRequired\":true,\"valueName\":\"search_term_string\"}}],\"inLanguage\":\"pt-PT\"}]}<\/script>\n<!-- \/ Yoast SEO plugin. -->","yoast_head_json":{"title":"qualidade dos tubos de cart\u00e3o resistente - Tubitex","robots":{"index":"index","follow":"follow","max-snippet":"max-snippet:-1","max-image-preview":"max-image-preview:large","max-video-preview":"max-video-preview:-1"},"canonical":"https:\/\/www.tubitex.com\/pt-pt\/qualidade-dos-tubos-de-cartao-resistente\/","og_locale":"pt_PT","og_type":"article","og_title":"qualidade dos tubos de cart\u00e3o resistente - Tubitex","og_description":"N\u00daCLEOS, TUBOS E CANOS DE CART\u00c3O Dur\u00e1vel e de qualidadeOs nossos produtos s\u00e3o o resultado de uma investiga\u00e7\u00e3o cont\u00ednua e de uma inova\u00e7\u00e3o tecnol\u00f3gica que nos esfor\u00e7amos por assegurar aos nossos clientes todos os dias.Confia na Tubitex pode ter a certeza de utilizar na sua atividade n\u00facleos, tubos e canos de cart\u00e3o de alta qualidadeadaptados [&hellip;]","og_url":"https:\/\/www.tubitex.com\/pt-pt\/qualidade-dos-tubos-de-cartao-resistente\/","og_site_name":"Tubitex","article_modified_time":"2025-01-07T08:50:39+00:00","twitter_card":"summary_large_image","twitter_misc":{"Tempo estimado de leitura":"6 minutos"},"schema":{"@context":"https:\/\/schema.org","@graph":[{"@type":"WebPage","@id":"https:\/\/www.tubitex.com\/pt-pt\/qualidade-dos-tubos-de-cartao-resistente\/","url":"https:\/\/www.tubitex.com\/pt-pt\/qualidade-dos-tubos-de-cartao-resistente\/","name":"qualidade dos tubos de cart\u00e3o resistente - Tubitex","isPartOf":{"@id":"https:\/\/www.tubitex.com\/pt-pt\/#website"},"datePublished":"2023-03-09T15:49:21+00:00","dateModified":"2025-01-07T08:50:39+00:00","breadcrumb":{"@id":"https:\/\/www.tubitex.com\/pt-pt\/qualidade-dos-tubos-de-cartao-resistente\/#breadcrumb"},"inLanguage":"pt-PT","potentialAction":[{"@type":"ReadAction","target":["https:\/\/www.tubitex.com\/pt-pt\/qualidade-dos-tubos-de-cartao-resistente\/"]}]},{"@type":"BreadcrumbList","@id":"https:\/\/www.tubitex.com\/pt-pt\/qualidade-dos-tubos-de-cartao-resistente\/#breadcrumb","itemListElement":[{"@type":"ListItem","position":1,"name":"Home","item":"https:\/\/www.tubitex.com\/pt-pt\/pagina-inicial\/"},{"@type":"ListItem","position":2,"name":"qualidade dos tubos de cart\u00e3o resistente"}]},{"@type":"WebSite","@id":"https:\/\/www.tubitex.com\/pt-pt\/#website","url":"https:\/\/www.tubitex.com\/pt-pt\/","name":"Tubitex","description":"Produzione tubi in cartone, anime e bobine di carta","potentialAction":[{"@type":"SearchAction","target":{"@type":"EntryPoint","urlTemplate":"https:\/\/www.tubitex.com\/pt-pt\/?s={search_term_string}"},"query-input":{"@type":"PropertyValueSpecification","valueRequired":true,"valueName":"search_term_string"}}],"inLanguage":"pt-PT"}]}},"_links":{"self":[{"href":"https:\/\/www.tubitex.com\/pt-pt\/wp-json\/wp\/v2\/pages\/8945","targetHints":{"allow":["GET"]}}],"collection":[{"href":"https:\/\/www.tubitex.com\/pt-pt\/wp-json\/wp\/v2\/pages"}],"about":[{"href":"https:\/\/www.tubitex.com\/pt-pt\/wp-json\/wp\/v2\/types\/page"}],"author":[{"embeddable":true,"href":"https:\/\/www.tubitex.com\/pt-pt\/wp-json\/wp\/v2\/users\/1"}],"replies":[{"embeddable":true,"href":"https:\/\/www.tubitex.com\/pt-pt\/wp-json\/wp\/v2\/comments?post=8945"}],"version-history":[{"count":2,"href":"https:\/\/www.tubitex.com\/pt-pt\/wp-json\/wp\/v2\/pages\/8945\/revisions"}],"predecessor-version":[{"id":8947,"href":"https:\/\/www.tubitex.com\/pt-pt\/wp-json\/wp\/v2\/pages\/8945\/revisions\/8947"}],"wp:attachment":[{"href":"https:\/\/www.tubitex.com\/pt-pt\/wp-json\/wp\/v2\/media?parent=8945"}],"wp:term":[{"taxonomy":"category","embeddable":true,"href":"https:\/\/www.tubitex.com\/pt-pt\/wp-json\/wp\/v2\/categories?post=8945"}],"curies":[{"name":"wp","href":"https:\/\/api.w.org\/{rel}","templated":true}]}}