{"id":8894,"date":"2023-09-12T10:07:45","date_gmt":"2023-09-12T10:07:45","guid":{"rendered":"https:\/\/www.tubitex.com\/requisitos-de-divulgacao-dos-desembolsos-publicos\/"},"modified":"2025-01-07T08:39:02","modified_gmt":"2025-01-07T08:39:02","slug":"requisitos-de-divulgacao-dos-desembolsos-publicos","status":"publish","type":"page","link":"https:\/\/www.tubitex.com\/pt-pt\/requisitos-de-divulgacao-dos-desembolsos-publicos\/","title":{"rendered":"Requisitos de divulga\u00e7\u00e3o dos desembolsos p\u00fablicos"},"content":{"rendered":"<p>[et_pb_section fb_built=&#8221;1&#8243; admin_label=&#8221;section&#8221; _builder_version=&#8221;4.16&#8243; global_colors_info=&#8221;{}&#8221;][et_pb_row admin_label=&#8221;rema&#8221; _builder_version=&#8221;4.16&#8243; background_size=&#8221;initial&#8221; background_position=&#8221;top_left&#8221; background_repeat=&#8221;repeat&#8221; global_colors_info=&#8221;{}&#8221;][et_pb_column type=&#8221;4_4&#8243; _builder_version=&#8221;4.16&#8243; custom_padding=&#8221;|||&#8221; global_colors_info=&#8221;{}&#8221; custom_padding__hover=&#8221;|||&#8221;][et_pb_text admin_label=&#8221;Text&#8221; _builder_version=&#8221;4.17.4&#8243; background_size=&#8221;initial&#8221; background_position=&#8221;top_left&#8221; background_repeat=&#8221;repeat&#8221; hover_enabled=&#8221;0&#8243; global_colors_info=&#8221;{}&#8221; sticky_enabled=&#8221;0&#8243;]<\/p>\n<div id=\"left-area\">\n<article id=\"post-6504\" class=\"post-6504 page type-page status-publish hentry\">\n<h1 class=\"entry-title main_title\">Requisitos de divulga\u00e7\u00e3o dos desembolsos p\u00fablicos<\/h1>\n<div class=\"entry-content\">\n<p>Os aux\u00edlios estatais e os aux\u00edlios de minimis recebidos pela nossa empresa podem ser consultados no Registo Nacional de Aux\u00edlios Estatais, nos termos do artigo 52\u00ba da Lei 234\/2012, para o qual remetemos, e podem ser consultados no seguinte link: <a href=\"https:\/\/www.rna.gov.it\/RegistroNazionaleTrasparenza\/faces\/pages\/TrasparenzaAiuto.jspx\">RNA Transpar\u00eancia Aux\u00edlios<\/a> <\/p>\n<\/div>\n<\/article>\n<\/div>\n<p>[\/et_pb_text][\/et_pb_column][\/et_pb_row][\/et_pb_section]<\/p>\n","protected":false},"excerpt":{"rendered":"<p>Requisitos de divulga\u00e7\u00e3o dos desembolsos p\u00fablicos Os aux\u00edlios estatais e os aux\u00edlios de minimis recebidos pela nossa empresa podem ser consultados no Registo Nacional de Aux\u00edlios Estatais, nos termos do artigo 52\u00ba da Lei 234\/2012, para o qual remetemos, e podem ser consultados no seguinte link: RNA Transpar\u00eancia Aux\u00edlios<\/p>\n","protected":false},"author":1,"featured_media":0,"parent":0,"menu_order":0,"comment_status":"closed","ping_status":"closed","template":"","meta":{"_acf_changed":false,"_et_pb_use_builder":"on","_et_pb_old_content":"","_et_gb_content_width":"","inline_featured_image":false,"footnotes":""},"categories":[],"class_list":["post-8894","page","type-page","status-publish","hentry"],"acf":[],"yoast_head":"<!-- This site is optimized with the Yoast SEO plugin v27.1.1 - https:\/\/yoast.com\/product\/yoast-seo-wordpress\/ -->\n<title>Requisitos de divulga\u00e7\u00e3o dos desembolsos p\u00fablicos - Tubitex<\/title>\n<meta name=\"robots\" content=\"index, follow, max-snippet:-1, max-image-preview:large, max-video-preview:-1\" \/>\n<link rel=\"canonical\" href=\"https:\/\/www.tubitex.com\/pt-pt\/requisitos-de-divulgacao-dos-desembolsos-publicos\/\" \/>\n<meta property=\"og:locale\" content=\"pt_PT\" \/>\n<meta property=\"og:type\" content=\"article\" \/>\n<meta property=\"og:title\" content=\"Requisitos de divulga\u00e7\u00e3o dos desembolsos p\u00fablicos - Tubitex\" \/>\n<meta property=\"og:description\" content=\"Requisitos de divulga\u00e7\u00e3o dos desembolsos p\u00fablicos Os aux\u00edlios estatais e os aux\u00edlios de minimis recebidos pela nossa empresa podem ser consultados no Registo Nacional de Aux\u00edlios Estatais, nos termos do artigo 52\u00ba da Lei 234\/2012, para o qual remetemos, e podem ser consultados no seguinte link: RNA Transpar\u00eancia Aux\u00edlios\" \/>\n<meta property=\"og:url\" content=\"https:\/\/www.tubitex.com\/pt-pt\/requisitos-de-divulgacao-dos-desembolsos-publicos\/\" \/>\n<meta property=\"og:site_name\" content=\"Tubitex\" \/>\n<meta property=\"article:modified_time\" content=\"2025-01-07T08:39:02+00:00\" \/>\n<meta name=\"twitter:card\" content=\"summary_large_image\" \/>\n<meta name=\"twitter:label1\" content=\"Tempo estimado de leitura\" \/>\n\t<meta name=\"twitter:data1\" content=\"1 minuto\" \/>\n<script type=\"application\/ld+json\" class=\"yoast-schema-graph\">{\"@context\":\"https:\/\/schema.org\",\"@graph\":[{\"@type\":\"WebPage\",\"@id\":\"https:\/\/www.tubitex.com\/pt-pt\/requisitos-de-divulgacao-dos-desembolsos-publicos\/\",\"url\":\"https:\/\/www.tubitex.com\/pt-pt\/requisitos-de-divulgacao-dos-desembolsos-publicos\/\",\"name\":\"Requisitos de divulga\u00e7\u00e3o dos desembolsos p\u00fablicos - Tubitex\",\"isPartOf\":{\"@id\":\"https:\/\/www.tubitex.com\/pt-pt\/#website\"},\"datePublished\":\"2023-09-12T10:07:45+00:00\",\"dateModified\":\"2025-01-07T08:39:02+00:00\",\"breadcrumb\":{\"@id\":\"https:\/\/www.tubitex.com\/pt-pt\/requisitos-de-divulgacao-dos-desembolsos-publicos\/#breadcrumb\"},\"inLanguage\":\"pt-PT\",\"potentialAction\":[{\"@type\":\"ReadAction\",\"target\":[\"https:\/\/www.tubitex.com\/pt-pt\/requisitos-de-divulgacao-dos-desembolsos-publicos\/\"]}]},{\"@type\":\"BreadcrumbList\",\"@id\":\"https:\/\/www.tubitex.com\/pt-pt\/requisitos-de-divulgacao-dos-desembolsos-publicos\/#breadcrumb\",\"itemListElement\":[{\"@type\":\"ListItem\",\"position\":1,\"name\":\"Home\",\"item\":\"https:\/\/www.tubitex.com\/pt-pt\/pagina-inicial\/\"},{\"@type\":\"ListItem\",\"position\":2,\"name\":\"Requisitos de divulga\u00e7\u00e3o dos desembolsos p\u00fablicos\"}]},{\"@type\":\"WebSite\",\"@id\":\"https:\/\/www.tubitex.com\/pt-pt\/#website\",\"url\":\"https:\/\/www.tubitex.com\/pt-pt\/\",\"name\":\"Tubitex\",\"description\":\"Produzione tubi in cartone, anime e bobine di carta\",\"potentialAction\":[{\"@type\":\"SearchAction\",\"target\":{\"@type\":\"EntryPoint\",\"urlTemplate\":\"https:\/\/www.tubitex.com\/pt-pt\/?s={search_term_string}\"},\"query-input\":{\"@type\":\"PropertyValueSpecification\",\"valueRequired\":true,\"valueName\":\"search_term_string\"}}],\"inLanguage\":\"pt-PT\"}]}<\/script>\n<!-- \/ Yoast SEO plugin. -->","yoast_head_json":{"title":"Requisitos de divulga\u00e7\u00e3o dos desembolsos p\u00fablicos - Tubitex","robots":{"index":"index","follow":"follow","max-snippet":"max-snippet:-1","max-image-preview":"max-image-preview:large","max-video-preview":"max-video-preview:-1"},"canonical":"https:\/\/www.tubitex.com\/pt-pt\/requisitos-de-divulgacao-dos-desembolsos-publicos\/","og_locale":"pt_PT","og_type":"article","og_title":"Requisitos de divulga\u00e7\u00e3o dos desembolsos p\u00fablicos - Tubitex","og_description":"Requisitos de divulga\u00e7\u00e3o dos desembolsos p\u00fablicos Os aux\u00edlios estatais e os aux\u00edlios de minimis recebidos pela nossa empresa podem ser consultados no Registo Nacional de Aux\u00edlios Estatais, nos termos do artigo 52\u00ba da Lei 234\/2012, para o qual remetemos, e podem ser consultados no seguinte link: RNA Transpar\u00eancia Aux\u00edlios","og_url":"https:\/\/www.tubitex.com\/pt-pt\/requisitos-de-divulgacao-dos-desembolsos-publicos\/","og_site_name":"Tubitex","article_modified_time":"2025-01-07T08:39:02+00:00","twitter_card":"summary_large_image","twitter_misc":{"Tempo estimado de leitura":"1 minuto"},"schema":{"@context":"https:\/\/schema.org","@graph":[{"@type":"WebPage","@id":"https:\/\/www.tubitex.com\/pt-pt\/requisitos-de-divulgacao-dos-desembolsos-publicos\/","url":"https:\/\/www.tubitex.com\/pt-pt\/requisitos-de-divulgacao-dos-desembolsos-publicos\/","name":"Requisitos de divulga\u00e7\u00e3o dos desembolsos p\u00fablicos - Tubitex","isPartOf":{"@id":"https:\/\/www.tubitex.com\/pt-pt\/#website"},"datePublished":"2023-09-12T10:07:45+00:00","dateModified":"2025-01-07T08:39:02+00:00","breadcrumb":{"@id":"https:\/\/www.tubitex.com\/pt-pt\/requisitos-de-divulgacao-dos-desembolsos-publicos\/#breadcrumb"},"inLanguage":"pt-PT","potentialAction":[{"@type":"ReadAction","target":["https:\/\/www.tubitex.com\/pt-pt\/requisitos-de-divulgacao-dos-desembolsos-publicos\/"]}]},{"@type":"BreadcrumbList","@id":"https:\/\/www.tubitex.com\/pt-pt\/requisitos-de-divulgacao-dos-desembolsos-publicos\/#breadcrumb","itemListElement":[{"@type":"ListItem","position":1,"name":"Home","item":"https:\/\/www.tubitex.com\/pt-pt\/pagina-inicial\/"},{"@type":"ListItem","position":2,"name":"Requisitos de divulga\u00e7\u00e3o dos desembolsos p\u00fablicos"}]},{"@type":"WebSite","@id":"https:\/\/www.tubitex.com\/pt-pt\/#website","url":"https:\/\/www.tubitex.com\/pt-pt\/","name":"Tubitex","description":"Produzione tubi in cartone, anime e bobine di carta","potentialAction":[{"@type":"SearchAction","target":{"@type":"EntryPoint","urlTemplate":"https:\/\/www.tubitex.com\/pt-pt\/?s={search_term_string}"},"query-input":{"@type":"PropertyValueSpecification","valueRequired":true,"valueName":"search_term_string"}}],"inLanguage":"pt-PT"}]}},"_links":{"self":[{"href":"https:\/\/www.tubitex.com\/pt-pt\/wp-json\/wp\/v2\/pages\/8894","targetHints":{"allow":["GET"]}}],"collection":[{"href":"https:\/\/www.tubitex.com\/pt-pt\/wp-json\/wp\/v2\/pages"}],"about":[{"href":"https:\/\/www.tubitex.com\/pt-pt\/wp-json\/wp\/v2\/types\/page"}],"author":[{"embeddable":true,"href":"https:\/\/www.tubitex.com\/pt-pt\/wp-json\/wp\/v2\/users\/1"}],"replies":[{"embeddable":true,"href":"https:\/\/www.tubitex.com\/pt-pt\/wp-json\/wp\/v2\/comments?post=8894"}],"version-history":[{"count":1,"href":"https:\/\/www.tubitex.com\/pt-pt\/wp-json\/wp\/v2\/pages\/8894\/revisions"}],"predecessor-version":[{"id":8897,"href":"https:\/\/www.tubitex.com\/pt-pt\/wp-json\/wp\/v2\/pages\/8894\/revisions\/8897"}],"wp:attachment":[{"href":"https:\/\/www.tubitex.com\/pt-pt\/wp-json\/wp\/v2\/media?parent=8894"}],"wp:term":[{"taxonomy":"category","embeddable":true,"href":"https:\/\/www.tubitex.com\/pt-pt\/wp-json\/wp\/v2\/categories?post=8894"}],"curies":[{"name":"wp","href":"https:\/\/api.w.org\/{rel}","templated":true}]}}