{"id":8891,"date":"2022-10-27T09:38:47","date_gmt":"2022-10-27T09:38:47","guid":{"rendered":"https:\/\/www.tubitex.com\/parceiros\/"},"modified":"2025-01-07T08:39:02","modified_gmt":"2025-01-07T08:39:02","slug":"parceiros","status":"publish","type":"page","link":"https:\/\/www.tubitex.com\/pt-pt\/parceiros\/","title":{"rendered":"Parceiros"},"content":{"rendered":"<p>[et_pb_section fb_built=&#8221;1&#8243; admin_label=&#8221;Hero&#8221; _builder_version=&#8221;4.17.4&#8243; _module_preset=&#8221;default&#8221; use_background_color_gradient=&#8221;on&#8221; background_color_gradient_type=&#8221;circular&#8221; background_color_gradient_direction_radial=&#8221;top right&#8221; background_color_gradient_stops=&#8221;#210b00 10%|rgba(33,25,21,0) 100%&#8221; background_color_gradient_overlays_image=&#8221;on&#8221; background_color_gradient_start=&#8221;#210b00&#8243; background_color_gradient_start_position=&#8221;10%&#8221; background_color_gradient_end=&#8221;rgba(33,25,21,0)&#8221; background_image=&#8221;https:\/\/www.tubitex.com\/wp-content\/uploads\/2022\/10\/slide-partner.png&#8221; custom_padding=&#8221;80px|0|80px||true|false&#8221; hover_enabled=&#8221;0&#8243; global_colors_info=&#8221;{}&#8221; locked=&#8221;off&#8221; background_color=&#8221;RGBA(255,255,255,0)&#8221; title_text=&#8221;slide-partner&#8221; sticky_enabled=&#8221;0&#8243;][et_pb_row _builder_version=&#8221;4.16&#8243; _module_preset=&#8221;default&#8221; custom_padding=&#8221;27px|0px|27px|0px|false|false&#8221; global_colors_info=&#8221;{}&#8221;][et_pb_column type=&#8221;4_4&#8243; _builder_version=&#8221;4.16&#8243; _module_preset=&#8221;default&#8221; custom_padding=&#8221;|||&#8221; global_colors_info=&#8221;{}&#8221; custom_padding__hover=&#8221;|||&#8221;][et_pb_text _builder_version=&#8221;4.17.4&#8243; _module_preset=&#8221;default&#8221; text_font=&#8221;Open Sans||||||||&#8221; text_font_size=&#8221;20px&#8221; text_line_height=&#8221;2em&#8221; header_font=&#8221;Open Sans|800||on|||||&#8221; header_font_size=&#8221;50px&#8221; header_line_height=&#8221;1.4em&#8221; background_layout=&#8221;dark&#8221; max_width=&#8221;900px&#8221; text_font_size_tablet=&#8221;&#8221; text_font_size_phone=&#8221;16px&#8221; text_font_size_last_edited=&#8221;on|phone&#8221; header_font_size_tablet=&#8221;44px&#8221; header_font_size_phone=&#8221;24px&#8221; header_font_size_last_edited=&#8221;on|desktop&#8221; header_line_height_tablet=&#8221;1.4em&#8221; header_line_height_phone=&#8221;1.4em&#8221; header_line_height_last_edited=&#8221;on|desktop&#8221; global_colors_info=&#8221;{}&#8221;]<\/p>\n<h1>PARCEIRO<\/h1>\n<p>&nbsp;<\/p>\n<p>[\/et_pb_text][\/et_pb_column][\/et_pb_row][\/et_pb_section][et_pb_section fb_built=&#8221;1&#8243; _builder_version=&#8221;4.17.4&#8243; _module_preset=&#8221;default&#8221; custom_padding=&#8221;||80px|||&#8221; global_colors_info=&#8221;{}&#8221;][et_pb_row _builder_version=&#8221;4.17.4&#8243; _module_preset=&#8221;default&#8221; global_colors_info=&#8221;{}&#8221;][et_pb_column type=&#8221;4_4&#8243; _builder_version=&#8221;4.17.4&#8243; _module_preset=&#8221;default&#8221; global_colors_info=&#8221;{}&#8221;][et_pb_text _builder_version=&#8221;4.17.4&#8243; _module_preset=&#8221;default&#8221; text_font=&#8221;Montserrat|300|||||||&#8221; text_text_color=&#8221;#000000&#8243; text_font_size=&#8221;16px&#8221; text_line_height=&#8221;19px&#8221; hover_enabled=&#8221;0&#8243; global_colors_info=&#8221;{}&#8221; sticky_enabled=&#8221;0&#8243;]<\/p>\n<p>A colabora\u00e7\u00e3o eficiente entre a TUBITEX e outras empresas parceiras permitiu \u00e0 empresa posicionar-se na vanguarda dos fabricantes europeus de tubos e n\u00facleos de cart\u00e3o. Em particular, o projeto de sinergia de vanguarda com o cons\u00f3rcio Nord Est Packaging e o Distrito Mecatr\u00f3nico, tamb\u00e9m poss\u00edvel gra\u00e7as ao apoio financeiro da Regi\u00e3o Veneto, elevou o n\u00edvel tecnol\u00f3gico do sector da produ\u00e7\u00e3o de tubos em espiral e tornou-se o objetivo a atingir por todos os nossos concorrentes. <\/p>\n<p>[\/et_pb_text][\/et_pb_column][\/et_pb_row][et_pb_row column_structure=&#8221;1_5,1_5,1_5,1_5,1_5&#8243; _builder_version=&#8221;4.17.4&#8243; _module_preset=&#8221;default&#8221; custom_margin=&#8221;30px|auto||auto||&#8221; global_colors_info=&#8221;{}&#8221;][et_pb_column type=&#8221;1_5&#8243; _builder_version=&#8221;4.17.4&#8243; _module_preset=&#8221;default&#8221; global_colors_info=&#8221;{}&#8221;][et_pb_image src=&#8221;https:\/\/www.tubitex.com\/wp-content\/uploads\/2022\/10\/logo1.png&#8221; title_text=&#8221;log\u00f3tipo1&#8243; _builder_version=&#8221;4.17.4&#8243; _module_preset=&#8221;default&#8221; global_colors_info=&#8221;{}&#8221;][\/et_pb_image][\/et_pb_column][et_pb_column type=&#8221;1_5&#8243; _builder_version=&#8221;4.17.4&#8243; _module_preset=&#8221;default&#8221; global_colors_info=&#8221;{}&#8221;][et_pb_image src=&#8221;https:\/\/www.tubitex.com\/wp-content\/uploads\/2022\/10\/logo2.png&#8221; title_text=&#8221;log\u00f3tipo2&#8243; _builder_version=&#8221;4.17.4&#8243; _module_preset=&#8221;default&#8221; global_colors_info=&#8221;{}&#8221;][\/et_pb_image][\/et_pb_column][et_pb_column type=&#8221;1_5&#8243; _builder_version=&#8221;4.17.4&#8243; _module_preset=&#8221;default&#8221; global_colors_info=&#8221;{}&#8221;][et_pb_image src=&#8221;https:\/\/www.tubitex.com\/wp-content\/uploads\/2022\/10\/logo3.png&#8221; title_text=&#8221;log\u00f3tipo3&#8243; _builder_version=&#8221;4.17.4&#8243; _module_preset=&#8221;default&#8221; global_colors_info=&#8221;{}&#8221;][\/et_pb_image][\/et_pb_column][et_pb_column type=&#8221;1_5&#8243; _builder_version=&#8221;4.17.4&#8243; _module_preset=&#8221;default&#8221; global_colors_info=&#8221;{}&#8221;][et_pb_image src=&#8221;https:\/\/www.tubitex.com\/wp-content\/uploads\/2022\/10\/logo4.png&#8221; title_text=&#8221;log\u00f3tipo4&#8243; _builder_version=&#8221;4.17.4&#8243; _module_preset=&#8221;default&#8221; global_colors_info=&#8221;{}&#8221;][\/et_pb_image][\/et_pb_column][et_pb_column type=&#8221;1_5&#8243; _builder_version=&#8221;4.17.4&#8243; _module_preset=&#8221;default&#8221; global_colors_info=&#8221;{}&#8221;][et_pb_image src=&#8221;https:\/\/www.tubitex.com\/wp-content\/uploads\/2022\/10\/logo5.png&#8221; title_text=&#8221;log\u00f3tipo5&#8243; _builder_version=&#8221;4.17.4&#8243; _module_preset=&#8221;default&#8221; global_colors_info=&#8221;{}&#8221;][\/et_pb_image][\/et_pb_column][\/et_pb_row][\/et_pb_section]<\/p>\n","protected":false},"excerpt":{"rendered":"<p>PARCEIRO &nbsp;A colabora\u00e7\u00e3o eficiente entre a TUBITEX e outras empresas parceiras permitiu \u00e0 empresa posicionar-se na vanguarda dos fabricantes europeus de tubos e n\u00facleos de cart\u00e3o. Em particular, o projeto de sinergia de vanguarda com o cons\u00f3rcio Nord Est Packaging e o Distrito Mecatr\u00f3nico, tamb\u00e9m poss\u00edvel gra\u00e7as ao apoio financeiro da Regi\u00e3o Veneto, elevou o [&hellip;]<\/p>\n","protected":false},"author":1,"featured_media":0,"parent":0,"menu_order":0,"comment_status":"closed","ping_status":"closed","template":"","meta":{"_acf_changed":false,"_et_pb_use_builder":"on","_et_pb_old_content":"","_et_gb_content_width":"","inline_featured_image":false,"footnotes":""},"categories":[],"class_list":["post-8891","page","type-page","status-publish","hentry"],"acf":[],"yoast_head":"<!-- This site is optimized with the Yoast SEO plugin v27.1.1 - https:\/\/yoast.com\/product\/yoast-seo-wordpress\/ -->\n<title>Parceiros - Tubitex<\/title>\n<meta name=\"robots\" content=\"index, follow, max-snippet:-1, max-image-preview:large, max-video-preview:-1\" \/>\n<link rel=\"canonical\" href=\"https:\/\/www.tubitex.com\/pt-pt\/parceiros\/\" \/>\n<meta property=\"og:locale\" content=\"pt_PT\" \/>\n<meta property=\"og:type\" content=\"article\" \/>\n<meta property=\"og:title\" content=\"Parceiros - Tubitex\" \/>\n<meta property=\"og:description\" content=\"PARCEIRO &nbsp;A colabora\u00e7\u00e3o eficiente entre a TUBITEX e outras empresas parceiras permitiu \u00e0 empresa posicionar-se na vanguarda dos fabricantes europeus de tubos e n\u00facleos de cart\u00e3o. Em particular, o projeto de sinergia de vanguarda com o cons\u00f3rcio Nord Est Packaging e o Distrito Mecatr\u00f3nico, tamb\u00e9m poss\u00edvel gra\u00e7as ao apoio financeiro da Regi\u00e3o Veneto, elevou o [&hellip;]\" \/>\n<meta property=\"og:url\" content=\"https:\/\/www.tubitex.com\/pt-pt\/parceiros\/\" \/>\n<meta property=\"og:site_name\" content=\"Tubitex\" \/>\n<meta property=\"article:modified_time\" content=\"2025-01-07T08:39:02+00:00\" \/>\n<meta name=\"twitter:card\" content=\"summary_large_image\" \/>\n<meta name=\"twitter:label1\" content=\"Tempo estimado de leitura\" \/>\n\t<meta name=\"twitter:data1\" content=\"3 minutos\" \/>\n<script type=\"application\/ld+json\" class=\"yoast-schema-graph\">{\"@context\":\"https:\/\/schema.org\",\"@graph\":[{\"@type\":\"WebPage\",\"@id\":\"https:\/\/www.tubitex.com\/pt-pt\/parceiros\/\",\"url\":\"https:\/\/www.tubitex.com\/pt-pt\/parceiros\/\",\"name\":\"Parceiros - Tubitex\",\"isPartOf\":{\"@id\":\"https:\/\/www.tubitex.com\/pt-pt\/#website\"},\"datePublished\":\"2022-10-27T09:38:47+00:00\",\"dateModified\":\"2025-01-07T08:39:02+00:00\",\"breadcrumb\":{\"@id\":\"https:\/\/www.tubitex.com\/pt-pt\/parceiros\/#breadcrumb\"},\"inLanguage\":\"pt-PT\",\"potentialAction\":[{\"@type\":\"ReadAction\",\"target\":[\"https:\/\/www.tubitex.com\/pt-pt\/parceiros\/\"]}]},{\"@type\":\"BreadcrumbList\",\"@id\":\"https:\/\/www.tubitex.com\/pt-pt\/parceiros\/#breadcrumb\",\"itemListElement\":[{\"@type\":\"ListItem\",\"position\":1,\"name\":\"Home\",\"item\":\"https:\/\/www.tubitex.com\/pt-pt\/pagina-inicial\/\"},{\"@type\":\"ListItem\",\"position\":2,\"name\":\"Parceiros\"}]},{\"@type\":\"WebSite\",\"@id\":\"https:\/\/www.tubitex.com\/pt-pt\/#website\",\"url\":\"https:\/\/www.tubitex.com\/pt-pt\/\",\"name\":\"Tubitex\",\"description\":\"Produzione tubi in cartone, anime e bobine di carta\",\"potentialAction\":[{\"@type\":\"SearchAction\",\"target\":{\"@type\":\"EntryPoint\",\"urlTemplate\":\"https:\/\/www.tubitex.com\/pt-pt\/?s={search_term_string}\"},\"query-input\":{\"@type\":\"PropertyValueSpecification\",\"valueRequired\":true,\"valueName\":\"search_term_string\"}}],\"inLanguage\":\"pt-PT\"}]}<\/script>\n<!-- \/ Yoast SEO plugin. -->","yoast_head_json":{"title":"Parceiros - Tubitex","robots":{"index":"index","follow":"follow","max-snippet":"max-snippet:-1","max-image-preview":"max-image-preview:large","max-video-preview":"max-video-preview:-1"},"canonical":"https:\/\/www.tubitex.com\/pt-pt\/parceiros\/","og_locale":"pt_PT","og_type":"article","og_title":"Parceiros - Tubitex","og_description":"PARCEIRO &nbsp;A colabora\u00e7\u00e3o eficiente entre a TUBITEX e outras empresas parceiras permitiu \u00e0 empresa posicionar-se na vanguarda dos fabricantes europeus de tubos e n\u00facleos de cart\u00e3o. Em particular, o projeto de sinergia de vanguarda com o cons\u00f3rcio Nord Est Packaging e o Distrito Mecatr\u00f3nico, tamb\u00e9m poss\u00edvel gra\u00e7as ao apoio financeiro da Regi\u00e3o Veneto, elevou o [&hellip;]","og_url":"https:\/\/www.tubitex.com\/pt-pt\/parceiros\/","og_site_name":"Tubitex","article_modified_time":"2025-01-07T08:39:02+00:00","twitter_card":"summary_large_image","twitter_misc":{"Tempo estimado de leitura":"3 minutos"},"schema":{"@context":"https:\/\/schema.org","@graph":[{"@type":"WebPage","@id":"https:\/\/www.tubitex.com\/pt-pt\/parceiros\/","url":"https:\/\/www.tubitex.com\/pt-pt\/parceiros\/","name":"Parceiros - Tubitex","isPartOf":{"@id":"https:\/\/www.tubitex.com\/pt-pt\/#website"},"datePublished":"2022-10-27T09:38:47+00:00","dateModified":"2025-01-07T08:39:02+00:00","breadcrumb":{"@id":"https:\/\/www.tubitex.com\/pt-pt\/parceiros\/#breadcrumb"},"inLanguage":"pt-PT","potentialAction":[{"@type":"ReadAction","target":["https:\/\/www.tubitex.com\/pt-pt\/parceiros\/"]}]},{"@type":"BreadcrumbList","@id":"https:\/\/www.tubitex.com\/pt-pt\/parceiros\/#breadcrumb","itemListElement":[{"@type":"ListItem","position":1,"name":"Home","item":"https:\/\/www.tubitex.com\/pt-pt\/pagina-inicial\/"},{"@type":"ListItem","position":2,"name":"Parceiros"}]},{"@type":"WebSite","@id":"https:\/\/www.tubitex.com\/pt-pt\/#website","url":"https:\/\/www.tubitex.com\/pt-pt\/","name":"Tubitex","description":"Produzione tubi in cartone, anime e bobine di carta","potentialAction":[{"@type":"SearchAction","target":{"@type":"EntryPoint","urlTemplate":"https:\/\/www.tubitex.com\/pt-pt\/?s={search_term_string}"},"query-input":{"@type":"PropertyValueSpecification","valueRequired":true,"valueName":"search_term_string"}}],"inLanguage":"pt-PT"}]}},"_links":{"self":[{"href":"https:\/\/www.tubitex.com\/pt-pt\/wp-json\/wp\/v2\/pages\/8891","targetHints":{"allow":["GET"]}}],"collection":[{"href":"https:\/\/www.tubitex.com\/pt-pt\/wp-json\/wp\/v2\/pages"}],"about":[{"href":"https:\/\/www.tubitex.com\/pt-pt\/wp-json\/wp\/v2\/types\/page"}],"author":[{"embeddable":true,"href":"https:\/\/www.tubitex.com\/pt-pt\/wp-json\/wp\/v2\/users\/1"}],"replies":[{"embeddable":true,"href":"https:\/\/www.tubitex.com\/pt-pt\/wp-json\/wp\/v2\/comments?post=8891"}],"version-history":[{"count":4,"href":"https:\/\/www.tubitex.com\/pt-pt\/wp-json\/wp\/v2\/pages\/8891\/revisions"}],"predecessor-version":[{"id":8896,"href":"https:\/\/www.tubitex.com\/pt-pt\/wp-json\/wp\/v2\/pages\/8891\/revisions\/8896"}],"wp:attachment":[{"href":"https:\/\/www.tubitex.com\/pt-pt\/wp-json\/wp\/v2\/media?parent=8891"}],"wp:term":[{"taxonomy":"category","embeddable":true,"href":"https:\/\/www.tubitex.com\/pt-pt\/wp-json\/wp\/v2\/categories?post=8891"}],"curies":[{"name":"wp","href":"https:\/\/api.w.org\/{rel}","templated":true}]}}