{"id":8851,"date":"2023-12-07T17:07:34","date_gmt":"2023-12-07T17:07:34","guid":{"rendered":"https:\/\/www.tubitex.com\/denonciation\/"},"modified":"2024-11-29T16:44:36","modified_gmt":"2024-11-29T16:44:36","slug":"denonciation","status":"publish","type":"page","link":"https:\/\/www.tubitex.com\/fr\/denonciation\/","title":{"rendered":"D\u00e9nonciation"},"content":{"rendered":"<p>[et_pb_section fb_built=\u00a0\u00bb1&Prime; admin_label=\u00a0\u00bbHero\u00a0\u00bb _builder_version=\u00a0\u00bb4.23&Prime; _module_preset=\u00a0\u00bbdefault\u00a0\u00bb use_background_color_gradient=\u00a0\u00bbon\u00a0\u00bb background_color_gradient_direction=\u00a0\u00bb111deg\u00a0\u00bb background_color_gradient_stops=\u00a0\u00bbrgba(224,120,51,0.3) 0%|rgba(226,226,226,0.41) 99%\u00a0\u00bb background_color_gradient_overlays_image=\u00a0\u00bbon\u00a0\u00bb background_image=\u00a0\u00bbhttps:\/\/www.tubitex.com\/wp-content\/uploads\/2023\/12\/office.jpg\u00a0\u00bb custom_padding=\u00a0\u00bb80px|0|0||false|false\u00a0\u00bb locked=\u00a0\u00bboff\u00a0\u00bb global_colors_info=\u00a0\u00bb{}\u00a0\u00bb][et_pb_row column_structure=\u00a0\u00bb2_3,1_3&Prime; use_custom_gutter=\u00a0\u00bbon\u00a0\u00bb gutter_width=\u00a0\u00bb1&Prime; make_equal=\u00a0\u00bbon\u00a0\u00bb padding_top_bottom_link_2=\u00a0\u00bbtrue\u00a0\u00bb padding_left_right_link_2=\u00a0\u00bbtrue\u00a0\u00bb _builder_version=\u00a0\u00bb4.17.4&Prime; _module_preset=\u00a0\u00bbdefault\u00a0\u00bb custom_margin=\u00a0\u00bb|||\u00a0\u00bb custom_padding=\u00a0\u00bb27px|0px|0|0px|false|false\u00a0\u00bb global_colors_info=\u00a0\u00bb{}\u00a0\u00bb][et_pb_column type=\u00a0\u00bb2_3&Prime; _builder_version=\u00a0\u00bb4.16&Prime; _module_preset=\u00a0\u00bbdefault\u00a0\u00bb custom_padding=\u00a0\u00bb|4%|80px|\u00a0\u00bb custom_padding_tablet=\u00a0\u00bb||40px|\u00a0\u00bb custom_padding_phone=\u00a0\u00bb||40px|\u00a0\u00bb custom_padding_last_edited=\u00a0\u00bbon|tablet\u00a0\u00bb global_colors_info=\u00a0\u00bb{}\u00a0\u00bb padding_tablet=\u00a0\u00bb||40px|\u00a0\u00bb padding_last_edited=\u00a0\u00bbon|tablet\u00a0\u00bb custom_padding__hover=\u00a0\u00bb|||\u00a0\u00bb padding_phone=\u00a0\u00bb||40px|\u00a0\u00bb][et_pb_text _builder_version=\u00a0\u00bb4.23&Prime; _module_preset=\u00a0\u00bbdefault\u00a0\u00bb text_font=\u00a0\u00bbElegant Icons Font||||||||\u00a0\u00bb text_font_size=\u00a0\u00bb20px\u00a0\u00bb text_line_height=\u00a0\u00bb1.3em\u00a0\u00bb header_font=\u00a0\u00bb|800||on|||||\u00a0\u00bb header_font_size=\u00a0\u00bb50px\u00a0\u00bb header_line_height=\u00a0\u00bb1.4em\u00a0\u00bb background_layout=\u00a0\u00bbdark\u00a0\u00bb max_width=\u00a0\u00bb1000px\u00a0\u00bb text_font_size_tablet=\u00a0\u00bb\u00a0\u00bb text_font_size_phone=\u00a0\u00bb16px\u00a0\u00bb text_font_size_last_edited=\u00a0\u00bbon|phone\u00a0\u00bb header_font_size_tablet=\u00a0\u00bb44px\u00a0\u00bb header_font_size_phone=\u00a0\u00bb24px\u00a0\u00bb header_font_size_last_edited=\u00a0\u00bbon|desktop\u00a0\u00bb header_line_height_tablet=\u00a0\u00bb1.4em\u00a0\u00bb header_line_height_phone=\u00a0\u00bb1.4em\u00a0\u00bb header_line_height_last_edited=\u00a0\u00bbon|desktop\u00a0\u00bb global_colors_info=\u00a0\u00bb{}\u00a0\u00bb]<\/p>\n<h1>D\u00e9nonciation<\/h1>\n<p>La plateforme Tubitex Integrity est conforme aux normes de s\u00e9curit\u00e9 les plus r\u00e9centes et aux meilleures pratiques.<\/p>\n<p>[\/et_pb_text][\/et_pb_column][et_pb_column type=\u00a0\u00bb1_3&Prime; _builder_version=\u00a0\u00bb4.17.4&Prime; _module_preset=\u00a0\u00bbdefault\u00a0\u00bb custom_padding=\u00a0\u00bb40px|40px|40px|40px\u00a0\u00bb custom_padding_tablet=\u00a0\u00bb0px|||\u00a0\u00bb custom_padding_last_edited=\u00a0\u00bboff|desktop\u00a0\u00bb global_colors_info=\u00a0\u00bb{}\u00a0\u00bb padding_tablet=\u00a0\u00bb0px|||\u00a0\u00bb padding_last_edited=\u00a0\u00bboff|desktop\u00a0\u00bb custom_padding__hover=\u00a0\u00bb|||\u00a0\u00bb][\/et_pb_column][\/et_pb_row][\/et_pb_section][et_pb_section fb_built=\u00a0\u00bb1&Prime; _builder_version=\u00a0\u00bb4.23&Prime; _module_preset=\u00a0\u00bbdefault\u00a0\u00bb background_color=\u00a0\u00bb#f8f0e7&Prime; global_colors_info=\u00a0\u00bb{}\u00a0\u00bb][et_pb_row _builder_version=\u00a0\u00bb4.23&Prime; _module_preset=\u00a0\u00bbdefault\u00a0\u00bb custom_padding=\u00a0\u00bb||45px|||\u00a0\u00bb global_colors_info=\u00a0\u00bb{}\u00a0\u00bb][et_pb_column type=\u00a0\u00bb4_4&Prime; _builder_version=\u00a0\u00bb4.23&Prime; _module_preset=\u00a0\u00bbdefault\u00a0\u00bb global_colors_info=\u00a0\u00bb{}\u00a0\u00bb][et_pb_text _builder_version=\u00a0\u00bb4.23&Prime; _module_preset=\u00a0\u00bbdefault\u00a0\u00bb global_colors_info=\u00a0\u00bb{}\u00a0\u00bb]<\/p>\n<div>\n<h2>La plateforme d&rsquo;int\u00e9grit\u00e9 de Tubitex est conforme \u00e0 la l\u00e9gislation sur la d\u00e9nonciation et respecte les normes de s\u00e9curit\u00e9 et les meilleures pratiques les plus r\u00e9centes.<\/h2>\n<p>Tubitex promeut et consid\u00e8re les principes contenus dans le code d&rsquo;\u00e9thique du groupe comme des valeurs fondamentales dans l&rsquo;exercice de ses activit\u00e9s.<\/p>\n<div>Le code d&rsquo;\u00e9thique du groupe exige que les employ\u00e9s, les cadres et la direction g\u00e9n\u00e9rale se conforment \u00e0 toutes les lois et r\u00e9glementations applicables et exercent leurs fonctions avec honn\u00eatet\u00e9 et int\u00e9grit\u00e9.<\/div>\n<p><div>Dans la mesure o\u00f9 les valeurs et les principes \u00e9thiques deviennent le point de r\u00e9f\u00e9rence des actions quotidiennes de tous les employ\u00e9s et collaborateurs du groupe, les bases sont renforc\u00e9es pour un fonctionnement et un d\u00e9veloppement corrects et sains de l&rsquo;entreprise, fonctionnels \u00e0 la r\u00e9alisation d&rsquo;objectifs ambitieux et durables dans le temps, dans l&rsquo;int\u00e9r\u00eat des parties prenantes, des collaborateurs et des territoires dans lesquels elle op\u00e8re et renfor\u00e7ant la r\u00e9putation de ses produits et, par cons\u00e9quent, de son nom \u00e0 l&rsquo;\u00e9chelle mondiale.<\/div>\n<p><div>Dans ce contexte et conform\u00e9ment aux exigences r\u00e9glementaires (d\u00e9cret l\u00e9gislatif 231\/2001), Tubitex a adopt\u00e9 un outil de d\u00e9nonciation : Tubitex Integrity Platform.<\/div>\n<p><div>Le syst\u00e8me de d\u00e9nonciation est l&rsquo;un des outils les plus efficaces pour identifier les comportements ill\u00e9gaux, et les rapports des employ\u00e9s jouent un r\u00f4le crucial.<\/div>\n<p><div>La plateforme d&rsquo;int\u00e9grit\u00e9 Tubitex r\u00e9pond \u00e0 la l\u00e9gislation sur la d\u00e9nonciation et respecte les normes de s\u00e9curit\u00e9 (ISO 37001:2016) et les meilleures pratiques les plus r\u00e9centes.<\/div>\n<p><div>En utilisant la plateforme d&rsquo;int\u00e9grit\u00e9 Tubitex, les employ\u00e9s, les collaborateurs, les consultants, les fournisseurs et tout autre tiers en relation avec le Groupe peuvent signaler, afin de prot\u00e9ger l&rsquo;int\u00e9grit\u00e9 du Groupe, toute conduite illicite ou non conforme au Code d&rsquo;\u00e9thique, aux proc\u00e9dures internes, aux lois et r\u00e8glements en vigueur, au mod\u00e8le d&rsquo;organisation, de gestion et de contr\u00f4le (mod\u00e8le organisationnel 231) pour les soci\u00e9t\u00e9s italiennes du Groupe qui l&rsquo;ont adopt\u00e9, ou aux proc\u00e9dures internes adopt\u00e9es par le Groupe. Les rapports doivent \u00eatre circonstanci\u00e9s et fond\u00e9s sur des donn\u00e9es objectives plut\u00f4t que sur des soup\u00e7ons ou des \u00e9valuations personnelles, et peuvent \u00e9galement \u00eatre faits de mani\u00e8re anonyme. <\/div>\n<p><div>La plateforme d&rsquo;int\u00e9grit\u00e9 est g\u00e9r\u00e9e par une soci\u00e9t\u00e9 tierce ind\u00e9pendante, EQS Group AG, afin de prot\u00e9ger l&rsquo;identit\u00e9 de tous ceux qui l&rsquo;utilisent. En effet, le groupe s&rsquo;engage \u00e0 prot\u00e9ger la confidentialit\u00e9 de l&rsquo;identit\u00e9 du d\u00e9nonciateur et \u00e0 veiller \u00e0 ce qu&rsquo;aucune mesure de r\u00e9torsion ou de discrimination, directe ou indirecte, ne soit prise \u00e0 l&rsquo;encontre d&rsquo;une personne ayant fait un signalement de bonne foi. <\/div>\n<p><div>Parall\u00e8lement \u00e0 ce canal, un comit\u00e9 de d\u00e9nonciation a \u00e9t\u00e9 mis en place afin d&rsquo;\u00e9valuer soigneusement chaque rapport, de mener des enqu\u00eates sp\u00e9cifiques si n\u00e9cessaire et de prendre des mesures coh\u00e9rentes et appropri\u00e9es.<\/div>\n<\/div>\n<p>[\/et_pb_text][\/et_pb_column][\/et_pb_row][et_pb_row column_structure=\u00a0\u00bb1_2,1_2&Prime; use_custom_gutter=\u00a0\u00bbon\u00a0\u00bb gutter_width=\u00a0\u00bb1&Prime; make_equal=\u00a0\u00bbon\u00a0\u00bb _builder_version=\u00a0\u00bb4.23&Prime; _module_preset=\u00a0\u00bbdefault\u00a0\u00bb background_color=\u00a0\u00bb#9b5200&Prime; module_alignment=\u00a0\u00bbcenter\u00a0\u00bb custom_padding=\u00a0\u00bb0px||0px||false|false\u00a0\u00bb global_colors_info=\u00a0\u00bb{}\u00a0\u00bb][et_pb_column type=\u00a0\u00bb1_2&Prime; _builder_version=\u00a0\u00bb4.23&Prime; _module_preset=\u00a0\u00bbdefault\u00a0\u00bb custom_padding=\u00a0\u00bb40px|0px|40px|0px|true|false\u00a0\u00bb border_width_all=\u00a0\u00bb2px\u00a0\u00bb border_color_all=\u00a0\u00bb#FFFFFF\u00a0\u00bb global_colors_info=\u00a0\u00bb{}\u00a0\u00bb][et_pb_icon font_icon=\u00a0\u00bb&#xf0a1;||fa||900&Prime; icon_color=\u00a0\u00bb#FFFFFF\u00a0\u00bb icon_width=\u00a0\u00bb60px\u00a0\u00bb url=\u00a0\u00bbhttps:\/\/tubitex.integrityline.com\u00a0\u00bb url_new_window=\u00a0\u00bbon\u00a0\u00bb _builder_version=\u00a0\u00bb4.23&Prime; _module_preset=\u00a0\u00bbdefault\u00a0\u00bb background_color=\u00a0\u00bbRGBA(255,255,255,0)\u00a0\u00bb custom_margin=\u00a0\u00bb||0px||false|false\u00a0\u00bb custom_padding=\u00a0\u00bb1rem||1rem||true|false\u00a0\u00bb global_colors_info=\u00a0\u00bb{}\u00a0\u00bb][\/et_pb_icon][et_pb_button button_url=\u00a0\u00bbhttps:\/\/tubitex.integrityline.com\u00a0\u00bb url_new_window=\u00a0\u00bbon\u00a0\u00bb button_text=\u00a0\u00bbPlate-forme Tubitex Integrity\u00a0\u00bb button_alignment=\u00a0\u00bbcenter\u00a0\u00bb _builder_version=\u00a0\u00bb4.23&Prime; _module_preset=\u00a0\u00bbdefault\u00a0\u00bb custom_button=\u00a0\u00bbon\u00a0\u00bb button_text_size=\u00a0\u00bb18px\u00a0\u00bb button_border_width=\u00a0\u00bb0px\u00a0\u00bb background_layout=\u00a0\u00bbdark\u00a0\u00bb global_colors_info=\u00a0\u00bb{}\u00a0\u00bb][\/et_pb_button][\/et_pb_column][et_pb_column type=\u00a0\u00bb1_2&Prime; _builder_version=\u00a0\u00bb4.23&Prime; _module_preset=\u00a0\u00bbdefault\u00a0\u00bb custom_padding=\u00a0\u00bb40px||40px||false|false\u00a0\u00bb border_width_all=\u00a0\u00bb2px\u00a0\u00bb border_color_all=\u00a0\u00bb#FFFFFF\u00a0\u00bb global_colors_info=\u00a0\u00bb{}\u00a0\u00bb][et_pb_icon font_icon=\u00a0\u00bb&#xf1d8;||fa||400&Prime; icon_color=\u00a0\u00bb#FFFFFF\u00a0\u00bb icon_width=\u00a0\u00bb60px\u00a0\u00bb url=\u00a0\u00bbhttps:\/\/tubitex.integrityline.com\/wb\/120323553&Prime; url_new_window=\u00a0\u00bbon\u00a0\u00bb _builder_version=\u00a0\u00bb4.23&Prime; _module_preset=\u00a0\u00bbdefault\u00a0\u00bb background_color=\u00a0\u00bbRGBA(255,255,255,0)\u00a0\u00bb custom_margin=\u00a0\u00bb||||false|false\u00a0\u00bb custom_padding=\u00a0\u00bb1rem||1rem||true|false\u00a0\u00bb global_colors_info=\u00a0\u00bb{}\u00a0\u00bb][\/et_pb_icon][et_pb_button button_url=\u00a0\u00bbhttps:\/\/tubitex.integrityline.com\/wb\/120323553&Prime; url_new_window=\u00a0\u00bbon\u00a0\u00bb button_text=\u00a0\u00bbEnvoyer un rapport\u00a0\u00bb button_alignment=\u00a0\u00bbcenter\u00a0\u00bb _builder_version=\u00a0\u00bb4.23&Prime; _module_preset=\u00a0\u00bbdefault\u00a0\u00bb custom_button=\u00a0\u00bbon\u00a0\u00bb button_text_size=\u00a0\u00bb18px\u00a0\u00bb button_border_width=\u00a0\u00bb0px\u00a0\u00bb background_layout=\u00a0\u00bbdark\u00a0\u00bb global_colors_info=\u00a0\u00bb{}\u00a0\u00bb][\/et_pb_button][\/et_pb_column][\/et_pb_row][\/et_pb_section]<\/p>\n","protected":false},"excerpt":{"rendered":"<p>D\u00e9nonciation La plateforme Tubitex Integrity est conforme aux normes de s\u00e9curit\u00e9 les plus r\u00e9centes et aux meilleures pratiques. La plateforme d&rsquo;int\u00e9grit\u00e9 de Tubitex est conforme \u00e0 la l\u00e9gislation sur la d\u00e9nonciation et respecte les normes de s\u00e9curit\u00e9 et les meilleures pratiques les plus r\u00e9centes. Tubitex promeut et consid\u00e8re les principes contenus dans le code d&rsquo;\u00e9thique [&hellip;]<\/p>\n","protected":false},"author":1,"featured_media":0,"parent":0,"menu_order":0,"comment_status":"closed","ping_status":"closed","template":"","meta":{"_acf_changed":false,"_et_pb_use_builder":"on","_et_pb_old_content":"","_et_gb_content_width":"","inline_featured_image":false,"footnotes":""},"categories":[],"class_list":["post-8851","page","type-page","status-publish","hentry"],"acf":[],"yoast_head":"<!-- This site is optimized with the Yoast SEO plugin v27.1.1 - https:\/\/yoast.com\/product\/yoast-seo-wordpress\/ -->\n<title>D\u00e9nonciation - Tubitex<\/title>\n<meta name=\"robots\" content=\"index, follow, max-snippet:-1, max-image-preview:large, max-video-preview:-1\" \/>\n<link rel=\"canonical\" href=\"https:\/\/www.tubitex.com\/fr\/denonciation\/\" \/>\n<meta property=\"og:locale\" content=\"fr_FR\" \/>\n<meta property=\"og:type\" content=\"article\" \/>\n<meta property=\"og:title\" content=\"D\u00e9nonciation - Tubitex\" \/>\n<meta property=\"og:description\" content=\"D\u00e9nonciation La plateforme Tubitex Integrity est conforme aux normes de s\u00e9curit\u00e9 les plus r\u00e9centes et aux meilleures pratiques. La plateforme d&#039;int\u00e9grit\u00e9 de Tubitex est conforme \u00e0 la l\u00e9gislation sur la d\u00e9nonciation et respecte les normes de s\u00e9curit\u00e9 et les meilleures pratiques les plus r\u00e9centes. Tubitex promeut et consid\u00e8re les principes contenus dans le code d&#039;\u00e9thique [&hellip;]\" \/>\n<meta property=\"og:url\" content=\"https:\/\/www.tubitex.com\/fr\/denonciation\/\" \/>\n<meta property=\"og:site_name\" content=\"Tubitex\" \/>\n<meta property=\"article:modified_time\" content=\"2024-11-29T16:44:36+00:00\" \/>\n<meta name=\"twitter:card\" content=\"summary_large_image\" \/>\n<meta name=\"twitter:label1\" content=\"Dur\u00e9e de lecture estim\u00e9e\" \/>\n\t<meta name=\"twitter:data1\" content=\"6 minutes\" \/>\n<script type=\"application\/ld+json\" class=\"yoast-schema-graph\">{\"@context\":\"https:\/\/schema.org\",\"@graph\":[{\"@type\":\"WebPage\",\"@id\":\"https:\/\/www.tubitex.com\/fr\/denonciation\/\",\"url\":\"https:\/\/www.tubitex.com\/fr\/denonciation\/\",\"name\":\"D\u00e9nonciation - Tubitex\",\"isPartOf\":{\"@id\":\"https:\/\/www.tubitex.com\/fr\/#website\"},\"datePublished\":\"2023-12-07T17:07:34+00:00\",\"dateModified\":\"2024-11-29T16:44:36+00:00\",\"breadcrumb\":{\"@id\":\"https:\/\/www.tubitex.com\/fr\/denonciation\/#breadcrumb\"},\"inLanguage\":\"fr-FR\",\"potentialAction\":[{\"@type\":\"ReadAction\",\"target\":[\"https:\/\/www.tubitex.com\/fr\/denonciation\/\"]}]},{\"@type\":\"BreadcrumbList\",\"@id\":\"https:\/\/www.tubitex.com\/fr\/denonciation\/#breadcrumb\",\"itemListElement\":[{\"@type\":\"ListItem\",\"position\":1,\"name\":\"Home\",\"item\":\"https:\/\/www.tubitex.com\/fr\/page-daccueil\/\"},{\"@type\":\"ListItem\",\"position\":2,\"name\":\"D\u00e9nonciation\"}]},{\"@type\":\"WebSite\",\"@id\":\"https:\/\/www.tubitex.com\/fr\/#website\",\"url\":\"https:\/\/www.tubitex.com\/fr\/\",\"name\":\"Tubitex\",\"description\":\"Produzione tubi in cartone, anime e bobine di carta\",\"potentialAction\":[{\"@type\":\"SearchAction\",\"target\":{\"@type\":\"EntryPoint\",\"urlTemplate\":\"https:\/\/www.tubitex.com\/fr\/?s={search_term_string}\"},\"query-input\":{\"@type\":\"PropertyValueSpecification\",\"valueRequired\":true,\"valueName\":\"search_term_string\"}}],\"inLanguage\":\"fr-FR\"}]}<\/script>\n<!-- \/ Yoast SEO plugin. -->","yoast_head_json":{"title":"D\u00e9nonciation - Tubitex","robots":{"index":"index","follow":"follow","max-snippet":"max-snippet:-1","max-image-preview":"max-image-preview:large","max-video-preview":"max-video-preview:-1"},"canonical":"https:\/\/www.tubitex.com\/fr\/denonciation\/","og_locale":"fr_FR","og_type":"article","og_title":"D\u00e9nonciation - Tubitex","og_description":"D\u00e9nonciation La plateforme Tubitex Integrity est conforme aux normes de s\u00e9curit\u00e9 les plus r\u00e9centes et aux meilleures pratiques. La plateforme d'int\u00e9grit\u00e9 de Tubitex est conforme \u00e0 la l\u00e9gislation sur la d\u00e9nonciation et respecte les normes de s\u00e9curit\u00e9 et les meilleures pratiques les plus r\u00e9centes. Tubitex promeut et consid\u00e8re les principes contenus dans le code d'\u00e9thique [&hellip;]","og_url":"https:\/\/www.tubitex.com\/fr\/denonciation\/","og_site_name":"Tubitex","article_modified_time":"2024-11-29T16:44:36+00:00","twitter_card":"summary_large_image","twitter_misc":{"Dur\u00e9e de lecture estim\u00e9e":"6 minutes"},"schema":{"@context":"https:\/\/schema.org","@graph":[{"@type":"WebPage","@id":"https:\/\/www.tubitex.com\/fr\/denonciation\/","url":"https:\/\/www.tubitex.com\/fr\/denonciation\/","name":"D\u00e9nonciation - Tubitex","isPartOf":{"@id":"https:\/\/www.tubitex.com\/fr\/#website"},"datePublished":"2023-12-07T17:07:34+00:00","dateModified":"2024-11-29T16:44:36+00:00","breadcrumb":{"@id":"https:\/\/www.tubitex.com\/fr\/denonciation\/#breadcrumb"},"inLanguage":"fr-FR","potentialAction":[{"@type":"ReadAction","target":["https:\/\/www.tubitex.com\/fr\/denonciation\/"]}]},{"@type":"BreadcrumbList","@id":"https:\/\/www.tubitex.com\/fr\/denonciation\/#breadcrumb","itemListElement":[{"@type":"ListItem","position":1,"name":"Home","item":"https:\/\/www.tubitex.com\/fr\/page-daccueil\/"},{"@type":"ListItem","position":2,"name":"D\u00e9nonciation"}]},{"@type":"WebSite","@id":"https:\/\/www.tubitex.com\/fr\/#website","url":"https:\/\/www.tubitex.com\/fr\/","name":"Tubitex","description":"Produzione tubi in cartone, anime e bobine di carta","potentialAction":[{"@type":"SearchAction","target":{"@type":"EntryPoint","urlTemplate":"https:\/\/www.tubitex.com\/fr\/?s={search_term_string}"},"query-input":{"@type":"PropertyValueSpecification","valueRequired":true,"valueName":"search_term_string"}}],"inLanguage":"fr-FR"}]}},"_links":{"self":[{"href":"https:\/\/www.tubitex.com\/fr\/wp-json\/wp\/v2\/pages\/8851","targetHints":{"allow":["GET"]}}],"collection":[{"href":"https:\/\/www.tubitex.com\/fr\/wp-json\/wp\/v2\/pages"}],"about":[{"href":"https:\/\/www.tubitex.com\/fr\/wp-json\/wp\/v2\/types\/page"}],"author":[{"embeddable":true,"href":"https:\/\/www.tubitex.com\/fr\/wp-json\/wp\/v2\/users\/1"}],"replies":[{"embeddable":true,"href":"https:\/\/www.tubitex.com\/fr\/wp-json\/wp\/v2\/comments?post=8851"}],"version-history":[{"count":2,"href":"https:\/\/www.tubitex.com\/fr\/wp-json\/wp\/v2\/pages\/8851\/revisions"}],"predecessor-version":[{"id":8854,"href":"https:\/\/www.tubitex.com\/fr\/wp-json\/wp\/v2\/pages\/8851\/revisions\/8854"}],"wp:attachment":[{"href":"https:\/\/www.tubitex.com\/fr\/wp-json\/wp\/v2\/media?parent=8851"}],"wp:term":[{"taxonomy":"category","embeddable":true,"href":"https:\/\/www.tubitex.com\/fr\/wp-json\/wp\/v2\/categories?post=8851"}],"curies":[{"name":"wp","href":"https:\/\/api.w.org\/{rel}","templated":true}]}}