{"id":8768,"date":"2023-09-12T10:07:45","date_gmt":"2023-09-12T10:07:45","guid":{"rendered":"https:\/\/www.tubitex.com\/exigences-de-divulgation-pour-les-depenses-publiques\/"},"modified":"2024-11-29T15:39:12","modified_gmt":"2024-11-29T15:39:12","slug":"exigences-de-divulgation-pour-les-depenses-publiques","status":"publish","type":"page","link":"https:\/\/www.tubitex.com\/fr\/exigences-de-divulgation-pour-les-depenses-publiques\/","title":{"rendered":"Exigences de divulgation pour les d\u00e9penses publiques"},"content":{"rendered":"<p>[et_pb_section fb_built=\u00a0\u00bb1&Prime; admin_label=\u00a0\u00bbsection\u00a0\u00bb _builder_version=\u00a0\u00bb4.16&Prime; global_colors_info=\u00a0\u00bb{}\u00a0\u00bb][et_pb_row admin_label=\u00a0\u00bbrang\u00e9e\u00a0\u00bb _builder_version=\u00a0\u00bb4.16&Prime; background_size=\u00a0\u00bbinitial\u00a0\u00bb background_position=\u00a0\u00bbtop_left\u00a0\u00bb background_repeat=\u00a0\u00bbrepeat\u00a0\u00bb global_colors_info=\u00a0\u00bb{}\u00a0\u00bb][et_pb_column type=\u00a0\u00bb4_4&Prime; _builder_version=\u00a0\u00bb4.16&Prime; custom_padding=\u00a0\u00bb|||\u00a0\u00bb global_colors_info=\u00a0\u00bb{}\u00a0\u00bb custom_padding__hover=\u00a0\u00bb|||\u00a0\u00bb][et_pb_text admin_label=\u00a0\u00bbText\u00a0\u00bb _builder_version=\u00a0\u00bb4.17.4&Prime; background_size=\u00a0\u00bbinitial\u00a0\u00bb background_position=\u00a0\u00bbtop_left\u00a0\u00bb background_repeat=\u00a0\u00bbrepeat\u00a0\u00bb hover_enabled=\u00a0\u00bb0&Prime; global_colors_info=\u00a0\u00bb{}\u00a0\u00bb sticky_enabled=\u00a0\u00bb0&Prime;]<\/p>\n<div id=\"left-area\">\n<article id=\"post-6504\" class=\"post-6504 page type-page status-publish hentry\">\n<h1 class=\"entry-title main_title\">Exigences de divulgation pour les d\u00e9penses publiques<\/h1>\n<div class=\"entry-content\">\n<p>Les aides d&rsquo;\u00c9tat et les aides de minimis re\u00e7ues par notre entreprise figurent dans le Registre national des aides d&rsquo;\u00c9tat conform\u00e9ment \u00e0 l&rsquo;article 52 de la loi 234\/2012, \u00e0 laquelle nous nous r\u00e9f\u00e9rons, et peuvent \u00eatre consult\u00e9es sur le lien suivant : <a href=\"https:\/\/www.rna.gov.it\/RegistroNazionaleTrasparenza\/faces\/pages\/TrasparenzaAiuto.jspx\">RNA Transparency Aid<\/a> <\/p>\n<\/div>\n<\/article>\n<\/div>\n<p>[\/et_pb_text][\/et_pb_column][\/et_pb_row][\/et_pb_section]<\/p>\n","protected":false},"excerpt":{"rendered":"<p>Exigences de divulgation pour les d\u00e9penses publiques Les aides d&rsquo;\u00c9tat et les aides de minimis re\u00e7ues par notre entreprise figurent dans le Registre national des aides d&rsquo;\u00c9tat conform\u00e9ment \u00e0 l&rsquo;article 52 de la loi 234\/2012, \u00e0 laquelle nous nous r\u00e9f\u00e9rons, et peuvent \u00eatre consult\u00e9es sur le lien suivant : RNA Transparency Aid<\/p>\n","protected":false},"author":1,"featured_media":0,"parent":0,"menu_order":0,"comment_status":"closed","ping_status":"closed","template":"","meta":{"_acf_changed":false,"_et_pb_use_builder":"on","_et_pb_old_content":"","_et_gb_content_width":"","inline_featured_image":false,"footnotes":""},"categories":[],"class_list":["post-8768","page","type-page","status-publish","hentry"],"acf":[],"yoast_head":"<!-- This site is optimized with the Yoast SEO plugin v27.1.1 - https:\/\/yoast.com\/product\/yoast-seo-wordpress\/ -->\n<title>Exigences de divulgation pour les d\u00e9penses publiques - Tubitex<\/title>\n<meta name=\"robots\" content=\"index, follow, max-snippet:-1, max-image-preview:large, max-video-preview:-1\" \/>\n<link rel=\"canonical\" href=\"https:\/\/www.tubitex.com\/fr\/exigences-de-divulgation-pour-les-depenses-publiques\/\" \/>\n<meta property=\"og:locale\" content=\"fr_FR\" \/>\n<meta property=\"og:type\" content=\"article\" \/>\n<meta property=\"og:title\" content=\"Exigences de divulgation pour les d\u00e9penses publiques - Tubitex\" \/>\n<meta property=\"og:description\" content=\"Exigences de divulgation pour les d\u00e9penses publiques Les aides d&#039;\u00c9tat et les aides de minimis re\u00e7ues par notre entreprise figurent dans le Registre national des aides d&#039;\u00c9tat conform\u00e9ment \u00e0 l&#039;article 52 de la loi 234\/2012, \u00e0 laquelle nous nous r\u00e9f\u00e9rons, et peuvent \u00eatre consult\u00e9es sur le lien suivant : RNA Transparency Aid\" \/>\n<meta property=\"og:url\" content=\"https:\/\/www.tubitex.com\/fr\/exigences-de-divulgation-pour-les-depenses-publiques\/\" \/>\n<meta property=\"og:site_name\" content=\"Tubitex\" \/>\n<meta property=\"article:modified_time\" content=\"2024-11-29T15:39:12+00:00\" \/>\n<meta name=\"twitter:card\" content=\"summary_large_image\" \/>\n<meta name=\"twitter:label1\" content=\"Dur\u00e9e de lecture estim\u00e9e\" \/>\n\t<meta name=\"twitter:data1\" content=\"1 minute\" \/>\n<script type=\"application\/ld+json\" class=\"yoast-schema-graph\">{\"@context\":\"https:\/\/schema.org\",\"@graph\":[{\"@type\":\"WebPage\",\"@id\":\"https:\/\/www.tubitex.com\/fr\/exigences-de-divulgation-pour-les-depenses-publiques\/\",\"url\":\"https:\/\/www.tubitex.com\/fr\/exigences-de-divulgation-pour-les-depenses-publiques\/\",\"name\":\"Exigences de divulgation pour les d\u00e9penses publiques - Tubitex\",\"isPartOf\":{\"@id\":\"https:\/\/www.tubitex.com\/fr\/#website\"},\"datePublished\":\"2023-09-12T10:07:45+00:00\",\"dateModified\":\"2024-11-29T15:39:12+00:00\",\"breadcrumb\":{\"@id\":\"https:\/\/www.tubitex.com\/fr\/exigences-de-divulgation-pour-les-depenses-publiques\/#breadcrumb\"},\"inLanguage\":\"fr-FR\",\"potentialAction\":[{\"@type\":\"ReadAction\",\"target\":[\"https:\/\/www.tubitex.com\/fr\/exigences-de-divulgation-pour-les-depenses-publiques\/\"]}]},{\"@type\":\"BreadcrumbList\",\"@id\":\"https:\/\/www.tubitex.com\/fr\/exigences-de-divulgation-pour-les-depenses-publiques\/#breadcrumb\",\"itemListElement\":[{\"@type\":\"ListItem\",\"position\":1,\"name\":\"Home\",\"item\":\"https:\/\/www.tubitex.com\/fr\/page-daccueil\/\"},{\"@type\":\"ListItem\",\"position\":2,\"name\":\"Exigences de divulgation pour les d\u00e9penses publiques\"}]},{\"@type\":\"WebSite\",\"@id\":\"https:\/\/www.tubitex.com\/fr\/#website\",\"url\":\"https:\/\/www.tubitex.com\/fr\/\",\"name\":\"Tubitex\",\"description\":\"Produzione tubi in cartone, anime e bobine di carta\",\"potentialAction\":[{\"@type\":\"SearchAction\",\"target\":{\"@type\":\"EntryPoint\",\"urlTemplate\":\"https:\/\/www.tubitex.com\/fr\/?s={search_term_string}\"},\"query-input\":{\"@type\":\"PropertyValueSpecification\",\"valueRequired\":true,\"valueName\":\"search_term_string\"}}],\"inLanguage\":\"fr-FR\"}]}<\/script>\n<!-- \/ Yoast SEO plugin. -->","yoast_head_json":{"title":"Exigences de divulgation pour les d\u00e9penses publiques - Tubitex","robots":{"index":"index","follow":"follow","max-snippet":"max-snippet:-1","max-image-preview":"max-image-preview:large","max-video-preview":"max-video-preview:-1"},"canonical":"https:\/\/www.tubitex.com\/fr\/exigences-de-divulgation-pour-les-depenses-publiques\/","og_locale":"fr_FR","og_type":"article","og_title":"Exigences de divulgation pour les d\u00e9penses publiques - Tubitex","og_description":"Exigences de divulgation pour les d\u00e9penses publiques Les aides d'\u00c9tat et les aides de minimis re\u00e7ues par notre entreprise figurent dans le Registre national des aides d'\u00c9tat conform\u00e9ment \u00e0 l'article 52 de la loi 234\/2012, \u00e0 laquelle nous nous r\u00e9f\u00e9rons, et peuvent \u00eatre consult\u00e9es sur le lien suivant : RNA Transparency Aid","og_url":"https:\/\/www.tubitex.com\/fr\/exigences-de-divulgation-pour-les-depenses-publiques\/","og_site_name":"Tubitex","article_modified_time":"2024-11-29T15:39:12+00:00","twitter_card":"summary_large_image","twitter_misc":{"Dur\u00e9e de lecture estim\u00e9e":"1 minute"},"schema":{"@context":"https:\/\/schema.org","@graph":[{"@type":"WebPage","@id":"https:\/\/www.tubitex.com\/fr\/exigences-de-divulgation-pour-les-depenses-publiques\/","url":"https:\/\/www.tubitex.com\/fr\/exigences-de-divulgation-pour-les-depenses-publiques\/","name":"Exigences de divulgation pour les d\u00e9penses publiques - Tubitex","isPartOf":{"@id":"https:\/\/www.tubitex.com\/fr\/#website"},"datePublished":"2023-09-12T10:07:45+00:00","dateModified":"2024-11-29T15:39:12+00:00","breadcrumb":{"@id":"https:\/\/www.tubitex.com\/fr\/exigences-de-divulgation-pour-les-depenses-publiques\/#breadcrumb"},"inLanguage":"fr-FR","potentialAction":[{"@type":"ReadAction","target":["https:\/\/www.tubitex.com\/fr\/exigences-de-divulgation-pour-les-depenses-publiques\/"]}]},{"@type":"BreadcrumbList","@id":"https:\/\/www.tubitex.com\/fr\/exigences-de-divulgation-pour-les-depenses-publiques\/#breadcrumb","itemListElement":[{"@type":"ListItem","position":1,"name":"Home","item":"https:\/\/www.tubitex.com\/fr\/page-daccueil\/"},{"@type":"ListItem","position":2,"name":"Exigences de divulgation pour les d\u00e9penses publiques"}]},{"@type":"WebSite","@id":"https:\/\/www.tubitex.com\/fr\/#website","url":"https:\/\/www.tubitex.com\/fr\/","name":"Tubitex","description":"Produzione tubi in cartone, anime e bobine di carta","potentialAction":[{"@type":"SearchAction","target":{"@type":"EntryPoint","urlTemplate":"https:\/\/www.tubitex.com\/fr\/?s={search_term_string}"},"query-input":{"@type":"PropertyValueSpecification","valueRequired":true,"valueName":"search_term_string"}}],"inLanguage":"fr-FR"}]}},"_links":{"self":[{"href":"https:\/\/www.tubitex.com\/fr\/wp-json\/wp\/v2\/pages\/8768","targetHints":{"allow":["GET"]}}],"collection":[{"href":"https:\/\/www.tubitex.com\/fr\/wp-json\/wp\/v2\/pages"}],"about":[{"href":"https:\/\/www.tubitex.com\/fr\/wp-json\/wp\/v2\/types\/page"}],"author":[{"embeddable":true,"href":"https:\/\/www.tubitex.com\/fr\/wp-json\/wp\/v2\/users\/1"}],"replies":[{"embeddable":true,"href":"https:\/\/www.tubitex.com\/fr\/wp-json\/wp\/v2\/comments?post=8768"}],"version-history":[{"count":2,"href":"https:\/\/www.tubitex.com\/fr\/wp-json\/wp\/v2\/pages\/8768\/revisions"}],"predecessor-version":[{"id":8770,"href":"https:\/\/www.tubitex.com\/fr\/wp-json\/wp\/v2\/pages\/8768\/revisions\/8770"}],"wp:attachment":[{"href":"https:\/\/www.tubitex.com\/fr\/wp-json\/wp\/v2\/media?parent=8768"}],"wp:term":[{"taxonomy":"category","embeddable":true,"href":"https:\/\/www.tubitex.com\/fr\/wp-json\/wp\/v2\/categories?post=8768"}],"curies":[{"name":"wp","href":"https:\/\/api.w.org\/{rel}","templated":true}]}}