{"id":8765,"date":"2022-09-30T11:35:23","date_gmt":"2022-09-30T11:35:23","guid":{"rendered":"https:\/\/www.tubitex.com\/actualites\/"},"modified":"2024-11-29T15:38:33","modified_gmt":"2024-11-29T15:38:33","slug":"actualites","status":"publish","type":"page","link":"https:\/\/www.tubitex.com\/fr\/actualites\/","title":{"rendered":"Actualit\u00e9s"},"content":{"rendered":"<p>[et_pb_section fb_built=\u00a0\u00bb1&Prime; admin_label=\u00a0\u00bbHero\u00a0\u00bb _builder_version=\u00a0\u00bb4.17.4&Prime; _module_preset=\u00a0\u00bbdefault\u00a0\u00bb use_background_color_gradient=\u00a0\u00bbon\u00a0\u00bb background_color_gradient_type=\u00a0\u00bbcircular\u00a0\u00bb background_color_gradient_direction_radial=\u00a0\u00bbtop right\u00a0\u00bb background_color_gradient_stops=\u00a0\u00bbrgba(33,11,0,0.22) 9%|rgba(33,25,21,0) 100%\u00a0\u00bb background_color_gradient_overlays_image=\u00a0\u00bbon\u00a0\u00bb background_color_gradient_start=\u00a0\u00bb#210b00&Prime; background_color_gradient_start_position=\u00a0\u00bb10%\u00a0\u00bb background_color_gradient_end=\u00a0\u00bbrgba(33,25,21,0)\u00a0\u00bb background_image=\u00a0\u00bbhttps:\/\/www.tubitex.com\/wp-content\/uploads\/2023\/05\/Depositphotos_41136675_XL-scaled.jpg\u00a0\u00bb custom_padding=\u00a0\u00bb80px|0|80px||true|false\u00a0\u00bb global_colors_info=\u00a0\u00bb{}\u00a0\u00bb][et_pb_row _builder_version=\u00a0\u00bb4.16&Prime; _module_preset=\u00a0\u00bbdefault\u00a0\u00bb custom_padding=\u00a0\u00bb27px|0px|27px|0px|false|false\u00a0\u00bb global_colors_info=\u00a0\u00bb{}\u00a0\u00bb][et_pb_column type=\u00a0\u00bb4_4&Prime; _builder_version=\u00a0\u00bb4.16&Prime; _module_preset=\u00a0\u00bbdefault\u00a0\u00bb custom_padding=\u00a0\u00bb|||\u00a0\u00bb global_colors_info=\u00a0\u00bb{}\u00a0\u00bb custom_padding__hover=\u00a0\u00bb|||\u00a0\u00bb][et_pb_text _builder_version=\u00a0\u00bb4.17.4&Prime; _module_preset=\u00a0\u00bbdefault\u00a0\u00bb text_font=\u00a0\u00bbOpen Sans|||on|||||\u00a0\u00bb text_font_size=\u00a0\u00bb20px\u00a0\u00bb header_font=\u00a0\u00bb|800||on|||||\u00a0\u00bb header_font_size=\u00a0\u00bb50px\u00a0\u00bb header_line_height=\u00a0\u00bb1.4em\u00a0\u00bb background_layout=\u00a0\u00bbdark\u00a0\u00bb max_width=\u00a0\u00bb700px\u00a0\u00bb text_font_size_tablet=\u00a0\u00bb\u00a0\u00bb text_font_size_phone=\u00a0\u00bb16px\u00a0\u00bb text_font_size_last_edited=\u00a0\u00bbon|phone\u00a0\u00bb header_font_size_tablet=\u00a0\u00bb44px\u00a0\u00bb header_font_size_phone=\u00a0\u00bb24px\u00a0\u00bb header_font_size_last_edited=\u00a0\u00bbon|desktop\u00a0\u00bb header_line_height_tablet=\u00a0\u00bb1.4em\u00a0\u00bb header_line_height_phone=\u00a0\u00bb1.4em\u00a0\u00bb header_line_height_last_edited=\u00a0\u00bbon|desktop\u00a0\u00bb global_colors_info=\u00a0\u00bb{}\u00a0\u00bb]<\/p>\n<h1>Actualit\u00e9s<\/h1>\n<p>Suivez nos d\u00e9veloppements, regardez de plus pr\u00e8s nos progr\u00e8s<\/p>\n<p>[\/et_pb_text][\/et_pb_column][\/et_pb_row][\/et_pb_section][et_pb_section fb_built=\u00a0\u00bb1&Prime; module_id=\u00a0\u00bbpage_list_news\u00a0\u00bb _builder_version=\u00a0\u00bb4.17.4&Prime; _module_preset=\u00a0\u00bbdefault\u00a0\u00bb background_color=\u00a0\u00bb#f8f0e7&Prime; custom_padding=\u00a0\u00bb3px||1px|||\u00a0\u00bb global_colors_info=\u00a0\u00bb{}\u00a0\u00bb][et_pb_row _builder_version=\u00a0\u00bb4.17.4&Prime; _module_preset=\u00a0\u00bbdefault\u00a0\u00bb global_colors_info=\u00a0\u00bb{}\u00a0\u00bb custom_padding=\u00a0\u00bb0px||0px|||\u00a0\u00bb][et_pb_column type=\u00a0\u00bb4_4&Prime; _builder_version=\u00a0\u00bb4.17.4&Prime; _module_preset=\u00a0\u00bbdefault\u00a0\u00bb global_colors_info=\u00a0\u00bb{}\u00a0\u00bb][et_pb_code _builder_version=\u00a0\u00bb4.17.4&Prime; _module_preset=\u00a0\u00bbdefault\u00a0\u00bb hover_enabled=\u00a0\u00bb0&Prime; global_colors_info=\u00a0\u00bb{}\u00a0\u00bb sticky_enabled=\u00a0\u00bb0&Prime;]<section class=\"articles-list\">\n<div class=\"container\">\n<ul class=\"grid\">\n<li>\n<article id=\"articles-list-post-9447\">\n<a href=\"https:\/\/www.tubitex.com\/fr\/2025\/10\/01\/creare-con-tubi-di-cartone\/\" rel=\"nofollow\">\n<figure><img loading=\"lazy\" decoding=\"async\" width=\"600\" height=\"400\" src=\"https:\/\/www.tubitex.com\/wp-content\/uploads\/2025\/10\/Creare-con-tubi-di-cartone.jpg\" class=\"attachment-800x400 size-800x400 wp-post-image\" alt=\"Lavoretti con la carta\" srcset=\"https:\/\/www.tubitex.com\/wp-content\/uploads\/2025\/10\/Creare-con-tubi-di-cartone-980x653.jpg 980w, https:\/\/www.tubitex.com\/wp-content\/uploads\/2025\/10\/Creare-con-tubi-di-cartone-480x320.jpg 480w\" sizes=\"(min-width: 0px) and (max-width: 480px) 480px, (min-width: 481px) and (max-width: 980px) 980px, 100vw\" \/><\/figure>\n<\/a>\n<div class=\"text\">\n<p class=\"date\">01 octobre 2025<\/p>\n<a class=\"post-link\" href=\"https:\/\/www.tubitex.com\/fr\/2025\/10\/01\/creare-con-tubi-di-cartone\/\">\n<h3>Creare con tubi di cartone: idee e lavoretti per liberare la fantasia<\/h3>\n<\/a>\n<\/div>\n<\/article>\n<\/li>\n<li>\n<article id=\"articles-list-post-9418\">\n<a href=\"https:\/\/www.tubitex.com\/fr\/2025\/07\/28\/tubi-in-cartone-per-tessuti\/\" rel=\"nofollow\">\n<figure><img loading=\"lazy\" decoding=\"async\" width=\"600\" height=\"400\" src=\"https:\/\/www.tubitex.com\/wp-content\/uploads\/2025\/07\/Tubi-di-cartone-per-tessuti.jpg\" class=\"attachment-800x400 size-800x400 wp-post-image\" alt=\"occhetti di filato avvolti su tubi in cartone per tessuti\" srcset=\"https:\/\/www.tubitex.com\/wp-content\/uploads\/2025\/07\/Tubi-di-cartone-per-tessuti-980x653.jpg 980w, https:\/\/www.tubitex.com\/wp-content\/uploads\/2025\/07\/Tubi-di-cartone-per-tessuti-480x320.jpg 480w\" sizes=\"(min-width: 0px) and (max-width: 480px) 480px, (min-width: 481px) and (max-width: 980px) 980px, 100vw\" \/><\/figure>\n<\/a>\n<div class=\"text\">\n<p class=\"date\">28 juillet 2025<\/p>\n<a class=\"post-link\" href=\"https:\/\/www.tubitex.com\/fr\/2025\/07\/28\/tubi-in-cartone-per-tessuti\/\">\n<h3>Tubitex al fianco della tua azienda per la produzione di tubi in cartone per tessuti<\/h3>\n<\/a>\n<\/div>\n<\/article>\n<\/li>\n<li>\n<article id=\"articles-list-post-9394\">\n<a href=\"https:\/\/www.tubitex.com\/fr\/2025\/06\/24\/packaging-ecologico-in-cartone\/\" rel=\"nofollow\">\n<figure><img loading=\"lazy\" decoding=\"async\" width=\"600\" height=\"400\" src=\"https:\/\/www.tubitex.com\/wp-content\/uploads\/2025\/06\/Packaging-cartone.jpg\" class=\"attachment-800x400 size-800x400 wp-post-image\" alt=\"pattern cartone\" srcset=\"https:\/\/www.tubitex.com\/wp-content\/uploads\/2025\/06\/Packaging-cartone-980x653.jpg 980w, https:\/\/www.tubitex.com\/wp-content\/uploads\/2025\/06\/Packaging-cartone-480x320.jpg 480w\" sizes=\"(min-width: 0px) and (max-width: 480px) 480px, (min-width: 481px) and (max-width: 980px) 980px, 100vw\" \/><\/figure>\n<\/a>\n<div class=\"text\">\n<p class=\"date\">24 juin 2025<\/p>\n<a class=\"post-link\" href=\"https:\/\/www.tubitex.com\/fr\/2025\/06\/24\/packaging-ecologico-in-cartone\/\">\n<h3>Packaging ecologico in cartone: perch\u00e9 sceglierlo per i tuoi prodotti<\/h3>\n<\/a>\n<\/div>\n<\/article>\n<\/li>\n<li>\n<article id=\"articles-list-post-9383\">\n<a href=\"https:\/\/www.tubitex.com\/fr\/2025\/06\/15\/il-ciclo-di-vita-della-carta-produzione-uso-e-riciclo\/\" rel=\"nofollow\">\n<figure><img loading=\"lazy\" decoding=\"async\" width=\"600\" height=\"400\" src=\"https:\/\/www.tubitex.com\/wp-content\/uploads\/2025\/06\/ciclo-di-vita-della-carta.jpg\" class=\"attachment-800x400 size-800x400 wp-post-image\" alt=\"Simbolo del riciclo realizzato con cartone su sfondo bianco\" srcset=\"https:\/\/www.tubitex.com\/wp-content\/uploads\/2025\/06\/ciclo-di-vita-della-carta-980x653.jpg 980w, https:\/\/www.tubitex.com\/wp-content\/uploads\/2025\/06\/ciclo-di-vita-della-carta-480x320.jpg 480w\" sizes=\"(min-width: 0px) and (max-width: 480px) 480px, (min-width: 481px) and (max-width: 980px) 980px, 100vw\" \/><\/figure>\n<\/a>\n<div class=\"text\">\n<p class=\"date\">15 juin 2025<\/p>\n<a class=\"post-link\" href=\"https:\/\/www.tubitex.com\/fr\/2025\/06\/15\/il-ciclo-di-vita-della-carta-produzione-uso-e-riciclo\/\">\n<h3>Il ciclo di vita della carta: produzione, uso e riciclo<\/h3>\n<\/a>\n<\/div>\n<\/article>\n<\/li>\n<li>\n<article id=\"articles-list-post-9361\">\n<a href=\"https:\/\/www.tubitex.com\/fr\/2025\/05\/19\/tubettificio-cartone-industriale-tubitex\/\" rel=\"nofollow\">\n<figure><img loading=\"lazy\" decoding=\"async\" width=\"600\" height=\"400\" src=\"https:\/\/www.tubitex.com\/wp-content\/uploads\/2025\/05\/tubettificio.jpg\" class=\"attachment-800x400 size-800x400 wp-post-image\" alt=\"Tubi in cartone\" srcset=\"https:\/\/www.tubitex.com\/wp-content\/uploads\/2025\/05\/tubettificio-980x653.jpg 980w, https:\/\/www.tubitex.com\/wp-content\/uploads\/2025\/05\/tubettificio-480x320.jpg 480w\" sizes=\"(min-width: 0px) and (max-width: 480px) 480px, (min-width: 481px) and (max-width: 980px) 980px, 100vw\" \/><\/figure>\n<\/a>\n<div class=\"text\">\n<p class=\"date\">19 mai 2025<\/p>\n<a class=\"post-link\" href=\"https:\/\/www.tubitex.com\/fr\/2025\/05\/19\/tubettificio-cartone-industriale-tubitex\/\">\n<h3>Tubettificio specializzato in cartone: produzione su misura per imballaggi industriali<\/h3>\n<\/a>\n<\/div>\n<\/article>\n<\/li>\n<li>\n<article id=\"articles-list-post-9348\">\n<a href=\"https:\/\/www.tubitex.com\/fr\/2025\/05\/13\/impatto-ambientale-miti-e-curiosita\/\" rel=\"nofollow\">\n<figure><img loading=\"lazy\" decoding=\"async\" width=\"600\" height=\"400\" src=\"https:\/\/www.tubitex.com\/wp-content\/uploads\/2025\/05\/impatto-ambientale-carta.jpg\" class=\"attachment-800x400 size-800x400 wp-post-image\" alt=\"\" \/><\/figure>\n<\/a>\n<div class=\"text\">\n<p class=\"date\">13 mai 2025<\/p>\n<a class=\"post-link\" href=\"https:\/\/www.tubitex.com\/fr\/2025\/05\/13\/impatto-ambientale-miti-e-curiosita\/\">\n<h3>Impatto ambientale della carta: curiosit\u00e0 e falsi miti<\/h3>\n<\/a>\n<\/div>\n<\/article>\n<\/li>\n<li>\n<article id=\"articles-list-post-9335\">\n<a href=\"https:\/\/www.tubitex.com\/fr\/2025\/04\/09\/riciclo-creativo-carta-per-bambini\/\" rel=\"nofollow\">\n<figure><img loading=\"lazy\" decoding=\"async\" width=\"600\" height=\"400\" src=\"https:\/\/www.tubitex.com\/wp-content\/uploads\/2025\/04\/riciclo-creativo.jpg\" class=\"attachment-800x400 size-800x400 wp-post-image\" alt=\"Bambino che gioca con un aeroplano di cartone\" \/><\/figure>\n<\/a>\n<div class=\"text\">\n<p class=\"date\">09 avril 2025<\/p>\n<a class=\"post-link\" href=\"https:\/\/www.tubitex.com\/fr\/2025\/04\/09\/riciclo-creativo-carta-per-bambini\/\">\n<h3>Riciclo creativo della carta per bambini: idee gioco educative e sostenibili<\/h3>\n<\/a>\n<\/div>\n<\/article>\n<\/li>\n<li>\n<article id=\"articles-list-post-9324\">\n<a href=\"https:\/\/www.tubitex.com\/fr\/2025\/04\/03\/tendenze-imballaggi-2025\/\" rel=\"nofollow\">\n<figure><img loading=\"lazy\" decoding=\"async\" width=\"600\" height=\"400\" src=\"https:\/\/www.tubitex.com\/wp-content\/uploads\/2025\/04\/Imballaggi-2025.jpg\" class=\"attachment-800x400 size-800x400 wp-post-image\" alt=\"Illustrazione imballaggi\" \/><\/figure>\n<\/a>\n<div class=\"text\">\n<p class=\"date\">03 avril 2025<\/p>\n<a class=\"post-link\" href=\"https:\/\/www.tubitex.com\/fr\/2025\/04\/03\/tendenze-imballaggi-2025\/\">\n<h3>Verso degli imballaggi sempre pi\u00f9 sostenibili: le tendenze del 2025<\/h3>\n<\/a>\n<\/div>\n<\/article>\n<\/li>\n<li>\n<article id=\"articles-list-post-9303\">\n<a href=\"https:\/\/www.tubitex.com\/fr\/2024\/06\/03\/scrapbooking-lart-de-creer-des-souvenirs-grace-au-papier\/\" rel=\"nofollow\">\n<figure><img loading=\"lazy\" decoding=\"async\" width=\"600\" height=\"400\" src=\"https:\/\/www.tubitex.com\/wp-content\/uploads\/2024\/06\/scrapbooking.jpg\" class=\"attachment-800x400 size-800x400 wp-post-image\" alt=\"Vue d&#039;un album d\u00e9cor\u00e9.\" srcset=\"https:\/\/www.tubitex.com\/wp-content\/uploads\/2024\/06\/scrapbooking-980x653.jpg 980w, https:\/\/www.tubitex.com\/wp-content\/uploads\/2024\/06\/scrapbooking-480x320.jpg 480w\" sizes=\"(min-width: 0px) and (max-width: 480px) 480px, (min-width: 481px) and (max-width: 980px) 980px, 100vw\" \/><\/figure>\n<\/a>\n<div class=\"text\">\n<p class=\"date\">03 juin 2024<\/p>\n<a class=\"post-link\" href=\"https:\/\/www.tubitex.com\/fr\/2024\/06\/03\/scrapbooking-lart-de-creer-des-souvenirs-grace-au-papier\/\">\n<h3>Scrapbooking : l&#039;art de cr\u00e9er des souvenirs gr\u00e2ce au papier<\/h3>\n<\/a>\n<\/div>\n<\/article>\n<\/li>\n<\/ul>\n<\/div>\n<\/section>\n [\/et_pb_code][\/et_pb_column][\/et_pb_row][\/et_pb_section]<\/p>\n","protected":false},"excerpt":{"rendered":"<p>Actualit\u00e9s Suivez nos d\u00e9veloppements, regardez de plus pr\u00e8s nos progr\u00e8s<section class=\"articles-list\">\n<div class=\"container\">\n<ul class=\"grid\">\n<li>\n<article id=\"articles-list-post-9447\">\n<a href=\"https:\/\/www.tubitex.com\/fr\/2025\/10\/01\/creare-con-tubi-di-cartone\/\" rel=\"nofollow\">\n<figure><img width=\"600\" height=\"400\" src=\"https:\/\/www.tubitex.com\/wp-content\/uploads\/2025\/10\/Creare-con-tubi-di-cartone.jpg\" class=\"attachment-800x400 size-800x400 wp-post-image\" alt=\"Lavoretti con la carta\" decoding=\"async\" loading=\"lazy\" srcset=\"https:\/\/www.tubitex.com\/wp-content\/uploads\/2025\/10\/Creare-con-tubi-di-cartone-980x653.jpg 980w, https:\/\/www.tubitex.com\/wp-content\/uploads\/2025\/10\/Creare-con-tubi-di-cartone-480x320.jpg 480w\" sizes=\"(min-width: 0px) and (max-width: 480px) 480px, (min-width: 481px) and (max-width: 980px) 980px, 100vw\" \/><\/figure>\n<\/a>\n<div class=\"text\">\n<p class=\"date\">01 octobre 2025<\/p>\n<a class=\"post-link\" href=\"https:\/\/www.tubitex.com\/fr\/2025\/10\/01\/creare-con-tubi-di-cartone\/\">\n<h3>Creare con tubi di cartone: idee e lavoretti per liberare la fantasia<\/h3>\n<\/a>\n<\/div>\n<\/article>\n<\/li>\n<li>\n<article id=\"articles-list-post-9418\">\n<a href=\"https:\/\/www.tubitex.com\/fr\/2025\/07\/28\/tubi-in-cartone-per-tessuti\/\" rel=\"nofollow\">\n<figure><img width=\"600\" height=\"400\" src=\"https:\/\/www.tubitex.com\/wp-content\/uploads\/2025\/07\/Tubi-di-cartone-per-tessuti.jpg\" class=\"attachment-800x400 size-800x400 wp-post-image\" alt=\"occhetti di filato avvolti su tubi in cartone per tessuti\" decoding=\"async\" loading=\"lazy\" srcset=\"https:\/\/www.tubitex.com\/wp-content\/uploads\/2025\/07\/Tubi-di-cartone-per-tessuti-980x653.jpg 980w, https:\/\/www.tubitex.com\/wp-content\/uploads\/2025\/07\/Tubi-di-cartone-per-tessuti-480x320.jpg 480w\" sizes=\"(min-width: 0px) and (max-width: 480px) 480px, (min-width: 481px) and (max-width: 980px) 980px, 100vw\" \/><\/figure>\n<\/a>\n<div class=\"text\">\n<p class=\"date\">28 juillet 2025<\/p>\n<a class=\"post-link\" href=\"https:\/\/www.tubitex.com\/fr\/2025\/07\/28\/tubi-in-cartone-per-tessuti\/\">\n<h3>Tubitex al fianco della tua azienda per la produzione di tubi in cartone per tessuti<\/h3>\n<\/a>\n<\/div>\n<\/article>\n<\/li>\n<li>\n<article id=\"articles-list-post-9394\">\n<a href=\"https:\/\/www.tubitex.com\/fr\/2025\/06\/24\/packaging-ecologico-in-cartone\/\" rel=\"nofollow\">\n<figure><img width=\"600\" height=\"400\" src=\"https:\/\/www.tubitex.com\/wp-content\/uploads\/2025\/06\/Packaging-cartone.jpg\" class=\"attachment-800x400 size-800x400 wp-post-image\" alt=\"pattern cartone\" decoding=\"async\" loading=\"lazy\" srcset=\"https:\/\/www.tubitex.com\/wp-content\/uploads\/2025\/06\/Packaging-cartone-980x653.jpg 980w, https:\/\/www.tubitex.com\/wp-content\/uploads\/2025\/06\/Packaging-cartone-480x320.jpg 480w\" sizes=\"(min-width: 0px) and (max-width: 480px) 480px, (min-width: 481px) and (max-width: 980px) 980px, 100vw\" \/><\/figure>\n<\/a>\n<div class=\"text\">\n<p class=\"date\">24 juin 2025<\/p>\n<a class=\"post-link\" href=\"https:\/\/www.tubitex.com\/fr\/2025\/06\/24\/packaging-ecologico-in-cartone\/\">\n<h3>Packaging ecologico in cartone: perch\u00e9 sceglierlo per i tuoi prodotti<\/h3>\n<\/a>\n<\/div>\n<\/article>\n<\/li>\n<li>\n<article id=\"articles-list-post-9383\">\n<a href=\"https:\/\/www.tubitex.com\/fr\/2025\/06\/15\/il-ciclo-di-vita-della-carta-produzione-uso-e-riciclo\/\" rel=\"nofollow\">\n<figure><img width=\"600\" height=\"400\" src=\"https:\/\/www.tubitex.com\/wp-content\/uploads\/2025\/06\/ciclo-di-vita-della-carta.jpg\" class=\"attachment-800x400 size-800x400 wp-post-image\" alt=\"Simbolo del riciclo realizzato con cartone su sfondo bianco\" decoding=\"async\" loading=\"lazy\" srcset=\"https:\/\/www.tubitex.com\/wp-content\/uploads\/2025\/06\/ciclo-di-vita-della-carta-980x653.jpg 980w, https:\/\/www.tubitex.com\/wp-content\/uploads\/2025\/06\/ciclo-di-vita-della-carta-480x320.jpg 480w\" sizes=\"(min-width: 0px) and (max-width: 480px) 480px, (min-width: 481px) and (max-width: 980px) 980px, 100vw\" \/><\/figure>\n<\/a>\n<div class=\"text\">\n<p class=\"date\">15 juin 2025<\/p>\n<a class=\"post-link\" href=\"https:\/\/www.tubitex.com\/fr\/2025\/06\/15\/il-ciclo-di-vita-della-carta-produzione-uso-e-riciclo\/\">\n<h3>Il ciclo di vita della carta: produzione, uso e riciclo<\/h3>\n<\/a>\n<\/div>\n<\/article>\n<\/li>\n<li>\n<article id=\"articles-list-post-9361\">\n<a href=\"https:\/\/www.tubitex.com\/fr\/2025\/05\/19\/tubettificio-cartone-industriale-tubitex\/\" rel=\"nofollow\">\n<figure><img width=\"600\" height=\"400\" src=\"https:\/\/www.tubitex.com\/wp-content\/uploads\/2025\/05\/tubettificio.jpg\" class=\"attachment-800x400 size-800x400 wp-post-image\" alt=\"Tubi in cartone\" decoding=\"async\" loading=\"lazy\" srcset=\"https:\/\/www.tubitex.com\/wp-content\/uploads\/2025\/05\/tubettificio-980x653.jpg 980w, https:\/\/www.tubitex.com\/wp-content\/uploads\/2025\/05\/tubettificio-480x320.jpg 480w\" sizes=\"(min-width: 0px) and (max-width: 480px) 480px, (min-width: 481px) and (max-width: 980px) 980px, 100vw\" \/><\/figure>\n<\/a>\n<div class=\"text\">\n<p class=\"date\">19 mai 2025<\/p>\n<a class=\"post-link\" href=\"https:\/\/www.tubitex.com\/fr\/2025\/05\/19\/tubettificio-cartone-industriale-tubitex\/\">\n<h3>Tubettificio specializzato in cartone: produzione su misura per imballaggi industriali<\/h3>\n<\/a>\n<\/div>\n<\/article>\n<\/li>\n<li>\n<article id=\"articles-list-post-9348\">\n<a href=\"https:\/\/www.tubitex.com\/fr\/2025\/05\/13\/impatto-ambientale-miti-e-curiosita\/\" rel=\"nofollow\">\n<figure><img width=\"600\" height=\"400\" src=\"https:\/\/www.tubitex.com\/wp-content\/uploads\/2025\/05\/impatto-ambientale-carta.jpg\" class=\"attachment-800x400 size-800x400 wp-post-image\" alt=\"\" decoding=\"async\" loading=\"lazy\" \/><\/figure>\n<\/a>\n<div class=\"text\">\n<p class=\"date\">13 mai 2025<\/p>\n<a class=\"post-link\" href=\"https:\/\/www.tubitex.com\/fr\/2025\/05\/13\/impatto-ambientale-miti-e-curiosita\/\">\n<h3>Impatto ambientale della carta: curiosit\u00e0 e falsi miti<\/h3>\n<\/a>\n<\/div>\n<\/article>\n<\/li>\n<li>\n<article id=\"articles-list-post-9335\">\n<a href=\"https:\/\/www.tubitex.com\/fr\/2025\/04\/09\/riciclo-creativo-carta-per-bambini\/\" rel=\"nofollow\">\n<figure><img width=\"600\" height=\"400\" src=\"https:\/\/www.tubitex.com\/wp-content\/uploads\/2025\/04\/riciclo-creativo.jpg\" class=\"attachment-800x400 size-800x400 wp-post-image\" alt=\"Bambino che gioca con un aeroplano di cartone\" decoding=\"async\" loading=\"lazy\" \/><\/figure>\n<\/a>\n<div class=\"text\">\n<p class=\"date\">09 avril 2025<\/p>\n<a class=\"post-link\" href=\"https:\/\/www.tubitex.com\/fr\/2025\/04\/09\/riciclo-creativo-carta-per-bambini\/\">\n<h3>Riciclo creativo della carta per bambini: idee gioco educative e sostenibili<\/h3>\n<\/a>\n<\/div>\n<\/article>\n<\/li>\n<li>\n<article id=\"articles-list-post-9324\">\n<a href=\"https:\/\/www.tubitex.com\/fr\/2025\/04\/03\/tendenze-imballaggi-2025\/\" rel=\"nofollow\">\n<figure><img width=\"600\" height=\"400\" src=\"https:\/\/www.tubitex.com\/wp-content\/uploads\/2025\/04\/Imballaggi-2025.jpg\" class=\"attachment-800x400 size-800x400 wp-post-image\" alt=\"Illustrazione imballaggi\" decoding=\"async\" loading=\"lazy\" \/><\/figure>\n<\/a>\n<div class=\"text\">\n<p class=\"date\">03 avril 2025<\/p>\n<a class=\"post-link\" href=\"https:\/\/www.tubitex.com\/fr\/2025\/04\/03\/tendenze-imballaggi-2025\/\">\n<h3>Verso degli imballaggi sempre pi\u00f9 sostenibili: le tendenze del 2025<\/h3>\n<\/a>\n<\/div>\n<\/article>\n<\/li>\n<li>\n<article id=\"articles-list-post-9303\">\n<a href=\"https:\/\/www.tubitex.com\/fr\/2024\/06\/03\/scrapbooking-lart-de-creer-des-souvenirs-grace-au-papier\/\" rel=\"nofollow\">\n<figure><img width=\"600\" height=\"400\" src=\"https:\/\/www.tubitex.com\/wp-content\/uploads\/2024\/06\/scrapbooking.jpg\" class=\"attachment-800x400 size-800x400 wp-post-image\" alt=\"Vue d&#039;un album d\u00e9cor\u00e9.\" decoding=\"async\" loading=\"lazy\" srcset=\"https:\/\/www.tubitex.com\/wp-content\/uploads\/2024\/06\/scrapbooking-980x653.jpg 980w, https:\/\/www.tubitex.com\/wp-content\/uploads\/2024\/06\/scrapbooking-480x320.jpg 480w\" sizes=\"(min-width: 0px) and (max-width: 480px) 480px, (min-width: 481px) and (max-width: 980px) 980px, 100vw\" \/><\/figure>\n<\/a>\n<div class=\"text\">\n<p class=\"date\">03 juin 2024<\/p>\n<a class=\"post-link\" href=\"https:\/\/www.tubitex.com\/fr\/2024\/06\/03\/scrapbooking-lart-de-creer-des-souvenirs-grace-au-papier\/\">\n<h3>Scrapbooking : l&#039;art de cr\u00e9er des souvenirs gr\u00e2ce au papier<\/h3>\n<\/a>\n<\/div>\n<\/article>\n<\/li>\n<\/ul>\n<\/div>\n<\/section>\n<\/p>\n","protected":false},"author":1,"featured_media":0,"parent":0,"menu_order":0,"comment_status":"closed","ping_status":"closed","template":"","meta":{"_acf_changed":false,"_et_pb_use_builder":"on","_et_pb_old_content":"","_et_gb_content_width":"","inline_featured_image":false,"footnotes":""},"categories":[],"class_list":["post-8765","page","type-page","status-publish","hentry"],"acf":[],"yoast_head":"<!-- This site is optimized with the Yoast SEO plugin v27.1.1 - https:\/\/yoast.com\/product\/yoast-seo-wordpress\/ -->\n<title>Actualit\u00e9s - Tubitex<\/title>\n<meta name=\"robots\" content=\"index, follow, max-snippet:-1, max-image-preview:large, max-video-preview:-1\" \/>\n<link rel=\"canonical\" href=\"https:\/\/www.tubitex.com\/fr\/actualites\/\" \/>\n<meta property=\"og:locale\" content=\"fr_FR\" \/>\n<meta property=\"og:type\" content=\"article\" \/>\n<meta property=\"og:title\" content=\"Actualit\u00e9s - Tubitex\" \/>\n<meta property=\"og:description\" content=\"Actualit\u00e9s Suivez nos d\u00e9veloppements, regardez de plus pr\u00e8s nos progr\u00e8s\" \/>\n<meta property=\"og:url\" content=\"https:\/\/www.tubitex.com\/fr\/actualites\/\" \/>\n<meta property=\"og:site_name\" content=\"Tubitex\" \/>\n<meta property=\"article:modified_time\" content=\"2024-11-29T15:38:33+00:00\" \/>\n<meta name=\"twitter:card\" content=\"summary_large_image\" \/>\n<meta name=\"twitter:label1\" content=\"Dur\u00e9e de lecture estim\u00e9e\" \/>\n\t<meta name=\"twitter:data1\" content=\"2 minutes\" \/>\n<script type=\"application\/ld+json\" class=\"yoast-schema-graph\">{\"@context\":\"https:\/\/schema.org\",\"@graph\":[{\"@type\":\"WebPage\",\"@id\":\"https:\/\/www.tubitex.com\/fr\/actualites\/\",\"url\":\"https:\/\/www.tubitex.com\/fr\/actualites\/\",\"name\":\"Actualit\u00e9s - Tubitex\",\"isPartOf\":{\"@id\":\"https:\/\/www.tubitex.com\/fr\/#website\"},\"datePublished\":\"2022-09-30T11:35:23+00:00\",\"dateModified\":\"2024-11-29T15:38:33+00:00\",\"breadcrumb\":{\"@id\":\"https:\/\/www.tubitex.com\/fr\/actualites\/#breadcrumb\"},\"inLanguage\":\"fr-FR\",\"potentialAction\":[{\"@type\":\"ReadAction\",\"target\":[\"https:\/\/www.tubitex.com\/fr\/actualites\/\"]}]},{\"@type\":\"BreadcrumbList\",\"@id\":\"https:\/\/www.tubitex.com\/fr\/actualites\/#breadcrumb\",\"itemListElement\":[{\"@type\":\"ListItem\",\"position\":1,\"name\":\"Home\",\"item\":\"https:\/\/www.tubitex.com\/fr\/page-daccueil\/\"},{\"@type\":\"ListItem\",\"position\":2,\"name\":\"Actualit\u00e9s\"}]},{\"@type\":\"WebSite\",\"@id\":\"https:\/\/www.tubitex.com\/fr\/#website\",\"url\":\"https:\/\/www.tubitex.com\/fr\/\",\"name\":\"Tubitex\",\"description\":\"Produzione tubi in cartone, anime e bobine di carta\",\"potentialAction\":[{\"@type\":\"SearchAction\",\"target\":{\"@type\":\"EntryPoint\",\"urlTemplate\":\"https:\/\/www.tubitex.com\/fr\/?s={search_term_string}\"},\"query-input\":{\"@type\":\"PropertyValueSpecification\",\"valueRequired\":true,\"valueName\":\"search_term_string\"}}],\"inLanguage\":\"fr-FR\"}]}<\/script>\n<!-- \/ Yoast SEO plugin. -->","yoast_head_json":{"title":"Actualit\u00e9s - Tubitex","robots":{"index":"index","follow":"follow","max-snippet":"max-snippet:-1","max-image-preview":"max-image-preview:large","max-video-preview":"max-video-preview:-1"},"canonical":"https:\/\/www.tubitex.com\/fr\/actualites\/","og_locale":"fr_FR","og_type":"article","og_title":"Actualit\u00e9s - Tubitex","og_description":"Actualit\u00e9s Suivez nos d\u00e9veloppements, regardez de plus pr\u00e8s nos progr\u00e8s","og_url":"https:\/\/www.tubitex.com\/fr\/actualites\/","og_site_name":"Tubitex","article_modified_time":"2024-11-29T15:38:33+00:00","twitter_card":"summary_large_image","twitter_misc":{"Dur\u00e9e de lecture estim\u00e9e":"2 minutes"},"schema":{"@context":"https:\/\/schema.org","@graph":[{"@type":"WebPage","@id":"https:\/\/www.tubitex.com\/fr\/actualites\/","url":"https:\/\/www.tubitex.com\/fr\/actualites\/","name":"Actualit\u00e9s - Tubitex","isPartOf":{"@id":"https:\/\/www.tubitex.com\/fr\/#website"},"datePublished":"2022-09-30T11:35:23+00:00","dateModified":"2024-11-29T15:38:33+00:00","breadcrumb":{"@id":"https:\/\/www.tubitex.com\/fr\/actualites\/#breadcrumb"},"inLanguage":"fr-FR","potentialAction":[{"@type":"ReadAction","target":["https:\/\/www.tubitex.com\/fr\/actualites\/"]}]},{"@type":"BreadcrumbList","@id":"https:\/\/www.tubitex.com\/fr\/actualites\/#breadcrumb","itemListElement":[{"@type":"ListItem","position":1,"name":"Home","item":"https:\/\/www.tubitex.com\/fr\/page-daccueil\/"},{"@type":"ListItem","position":2,"name":"Actualit\u00e9s"}]},{"@type":"WebSite","@id":"https:\/\/www.tubitex.com\/fr\/#website","url":"https:\/\/www.tubitex.com\/fr\/","name":"Tubitex","description":"Produzione tubi in cartone, anime e bobine di carta","potentialAction":[{"@type":"SearchAction","target":{"@type":"EntryPoint","urlTemplate":"https:\/\/www.tubitex.com\/fr\/?s={search_term_string}"},"query-input":{"@type":"PropertyValueSpecification","valueRequired":true,"valueName":"search_term_string"}}],"inLanguage":"fr-FR"}]}},"_links":{"self":[{"href":"https:\/\/www.tubitex.com\/fr\/wp-json\/wp\/v2\/pages\/8765","targetHints":{"allow":["GET"]}}],"collection":[{"href":"https:\/\/www.tubitex.com\/fr\/wp-json\/wp\/v2\/pages"}],"about":[{"href":"https:\/\/www.tubitex.com\/fr\/wp-json\/wp\/v2\/types\/page"}],"author":[{"embeddable":true,"href":"https:\/\/www.tubitex.com\/fr\/wp-json\/wp\/v2\/users\/1"}],"replies":[{"embeddable":true,"href":"https:\/\/www.tubitex.com\/fr\/wp-json\/wp\/v2\/comments?post=8765"}],"version-history":[{"count":2,"href":"https:\/\/www.tubitex.com\/fr\/wp-json\/wp\/v2\/pages\/8765\/revisions"}],"predecessor-version":[{"id":8767,"href":"https:\/\/www.tubitex.com\/fr\/wp-json\/wp\/v2\/pages\/8765\/revisions\/8767"}],"wp:attachment":[{"href":"https:\/\/www.tubitex.com\/fr\/wp-json\/wp\/v2\/media?parent=8765"}],"wp:term":[{"taxonomy":"category","embeddable":true,"href":"https:\/\/www.tubitex.com\/fr\/wp-json\/wp\/v2\/categories?post=8765"}],"curies":[{"name":"wp","href":"https:\/\/api.w.org\/{rel}","templated":true}]}}