{"id":8749,"date":"2023-08-29T09:59:23","date_gmt":"2023-08-29T09:59:23","guid":{"rendered":"https:\/\/www.tubitex.com\/telecharger\/"},"modified":"2024-11-29T15:33:07","modified_gmt":"2024-11-29T15:33:07","slug":"telecharger","status":"publish","type":"page","link":"https:\/\/www.tubitex.com\/fr\/telecharger\/","title":{"rendered":"T\u00e9l\u00e9charger"},"content":{"rendered":"<p>[et_pb_section fb_built=\u00a0\u00bb1&Prime; module_id=\u00a0\u00bbcertifications-boutons\u00a0\u00bb _builder_version=\u00a0\u00bb4.17.4&Prime; _module_preset=\u00a0\u00bbdefault\u00a0\u00bb global_colors_info=\u00a0\u00bb{}\u00a0\u00bb][et_pb_row _builder_version=\u00a0\u00bb4.17.4&Prime; _module_preset=\u00a0\u00bbdefault\u00a0\u00bb global_colors_info=\u00a0\u00bb{}\u00a0\u00bb][et_pb_column type=\u00a0\u00bb4_4&Prime; _builder_version=\u00a0\u00bb4.17.4&Prime; _module_preset=\u00a0\u00bbdefault\u00a0\u00bb global_colors_info=\u00a0\u00bb{}\u00a0\u00bb][et_pb_text _builder_version=\u00a0\u00bb4.23&Prime; _module_preset=\u00a0\u00bbdefault\u00a0\u00bb global_colors_info=\u00a0\u00bb{}\u00a0\u00bb]<\/p>\n<h2>Certifications et r\u00e9glementations<\/h2>\n<ul>\n<li><a href=\"\/wp-content\/uploads\/2023\/08\/politica-aziendale_rev06_15-02-2021.pdf\">Politique de l&rsquo;entreprise SGI<\/a><\/li>\n<li><a href=\"\/wp-content\/uploads\/2024\/06\/01-100-1517501_Main_IT.pdf\">Certifi\u00e9 ISO 9001:2015<\/a><\/li>\n<li><a href=\"\/wp-content\/uploads\/2023\/08\/01-104-1917580_main_it2.pdf\">Certifi\u00e9 ISO 14001:2015<\/a><\/li>\n<li><a href=\"\/wp-content\/uploads\/2023\/08\/01-213-1419932_main_it.pdf\">Certifi\u00e9 ISO 45001:2018<\/a><\/li>\n<li><a href=\"\/wp-content\/uploads\/2023\/08\/politica-aziendale-modello-organizzativo-231.pdf\">PAMO 231<\/a><\/li>\n<li><a href=\"\/wp-content\/uploads\/2023\/08\/ce_tubitex_rev1_09-2022.pdf\">Code d&rsquo;\u00e9thique de TUBITEX<\/a><\/li>\n<li><a href=\"\/wp-content\/uploads\/2023\/08\/condizioni-generali-di-vendita-rev-03-del-07-12-16.pdf\">Conditions g\u00e9n\u00e9rales de vente<\/a><\/li>\n<li><a href=\"\/wp-content\/uploads\/2023\/08\/mod-8-4-02_informativa-fornitori_rev02_del17-02-2021.pdf\">Informations sur le fournisseur<\/a><\/li>\n<\/ul>\n<p>[\/et_pb_text][\/et_pb_column][\/et_pb_row][\/et_pb_section]<\/p>\n","protected":false},"excerpt":{"rendered":"<p>Certifications et r\u00e9glementations Politique de l&rsquo;entreprise SGI Certifi\u00e9 ISO 9001:2015 Certifi\u00e9 ISO 14001:2015 Certifi\u00e9 ISO 45001:2018 PAMO 231 Code d&rsquo;\u00e9thique de TUBITEX Conditions g\u00e9n\u00e9rales de vente Informations sur le fournisseur<\/p>\n","protected":false},"author":1,"featured_media":0,"parent":0,"menu_order":0,"comment_status":"closed","ping_status":"closed","template":"","meta":{"_acf_changed":false,"_et_pb_use_builder":"on","_et_pb_old_content":"","_et_gb_content_width":"","inline_featured_image":false,"footnotes":""},"categories":[],"class_list":["post-8749","page","type-page","status-publish","hentry"],"acf":[],"yoast_head":"<!-- This site is optimized with the Yoast SEO plugin v27.1.1 - https:\/\/yoast.com\/product\/yoast-seo-wordpress\/ -->\n<title>T\u00e9l\u00e9charger - Tubitex<\/title>\n<meta name=\"robots\" content=\"index, follow, max-snippet:-1, max-image-preview:large, max-video-preview:-1\" \/>\n<link rel=\"canonical\" href=\"https:\/\/www.tubitex.com\/fr\/telecharger\/\" \/>\n<meta property=\"og:locale\" content=\"fr_FR\" \/>\n<meta property=\"og:type\" content=\"article\" \/>\n<meta property=\"og:title\" content=\"T\u00e9l\u00e9charger - Tubitex\" \/>\n<meta property=\"og:description\" content=\"Certifications et r\u00e9glementations Politique de l&#039;entreprise SGI Certifi\u00e9 ISO 9001:2015 Certifi\u00e9 ISO 14001:2015 Certifi\u00e9 ISO 45001:2018 PAMO 231 Code d&#039;\u00e9thique de TUBITEX Conditions g\u00e9n\u00e9rales de vente Informations sur le fournisseur\" \/>\n<meta property=\"og:url\" content=\"https:\/\/www.tubitex.com\/fr\/telecharger\/\" \/>\n<meta property=\"og:site_name\" content=\"Tubitex\" \/>\n<meta property=\"article:modified_time\" content=\"2024-11-29T15:33:07+00:00\" \/>\n<meta name=\"twitter:card\" content=\"summary_large_image\" \/>\n<script type=\"application\/ld+json\" class=\"yoast-schema-graph\">{\"@context\":\"https:\/\/schema.org\",\"@graph\":[{\"@type\":\"WebPage\",\"@id\":\"https:\/\/www.tubitex.com\/fr\/telecharger\/\",\"url\":\"https:\/\/www.tubitex.com\/fr\/telecharger\/\",\"name\":\"T\u00e9l\u00e9charger - Tubitex\",\"isPartOf\":{\"@id\":\"https:\/\/www.tubitex.com\/fr\/#website\"},\"datePublished\":\"2023-08-29T09:59:23+00:00\",\"dateModified\":\"2024-11-29T15:33:07+00:00\",\"breadcrumb\":{\"@id\":\"https:\/\/www.tubitex.com\/fr\/telecharger\/#breadcrumb\"},\"inLanguage\":\"fr-FR\",\"potentialAction\":[{\"@type\":\"ReadAction\",\"target\":[\"https:\/\/www.tubitex.com\/fr\/telecharger\/\"]}]},{\"@type\":\"BreadcrumbList\",\"@id\":\"https:\/\/www.tubitex.com\/fr\/telecharger\/#breadcrumb\",\"itemListElement\":[{\"@type\":\"ListItem\",\"position\":1,\"name\":\"Home\",\"item\":\"https:\/\/www.tubitex.com\/fr\/page-daccueil\/\"},{\"@type\":\"ListItem\",\"position\":2,\"name\":\"T\u00e9l\u00e9charger\"}]},{\"@type\":\"WebSite\",\"@id\":\"https:\/\/www.tubitex.com\/fr\/#website\",\"url\":\"https:\/\/www.tubitex.com\/fr\/\",\"name\":\"Tubitex\",\"description\":\"Produzione tubi in cartone, anime e bobine di carta\",\"potentialAction\":[{\"@type\":\"SearchAction\",\"target\":{\"@type\":\"EntryPoint\",\"urlTemplate\":\"https:\/\/www.tubitex.com\/fr\/?s={search_term_string}\"},\"query-input\":{\"@type\":\"PropertyValueSpecification\",\"valueRequired\":true,\"valueName\":\"search_term_string\"}}],\"inLanguage\":\"fr-FR\"}]}<\/script>\n<!-- \/ Yoast SEO plugin. -->","yoast_head_json":{"title":"T\u00e9l\u00e9charger - Tubitex","robots":{"index":"index","follow":"follow","max-snippet":"max-snippet:-1","max-image-preview":"max-image-preview:large","max-video-preview":"max-video-preview:-1"},"canonical":"https:\/\/www.tubitex.com\/fr\/telecharger\/","og_locale":"fr_FR","og_type":"article","og_title":"T\u00e9l\u00e9charger - Tubitex","og_description":"Certifications et r\u00e9glementations Politique de l'entreprise SGI Certifi\u00e9 ISO 9001:2015 Certifi\u00e9 ISO 14001:2015 Certifi\u00e9 ISO 45001:2018 PAMO 231 Code d'\u00e9thique de TUBITEX Conditions g\u00e9n\u00e9rales de vente Informations sur le fournisseur","og_url":"https:\/\/www.tubitex.com\/fr\/telecharger\/","og_site_name":"Tubitex","article_modified_time":"2024-11-29T15:33:07+00:00","twitter_card":"summary_large_image","schema":{"@context":"https:\/\/schema.org","@graph":[{"@type":"WebPage","@id":"https:\/\/www.tubitex.com\/fr\/telecharger\/","url":"https:\/\/www.tubitex.com\/fr\/telecharger\/","name":"T\u00e9l\u00e9charger - Tubitex","isPartOf":{"@id":"https:\/\/www.tubitex.com\/fr\/#website"},"datePublished":"2023-08-29T09:59:23+00:00","dateModified":"2024-11-29T15:33:07+00:00","breadcrumb":{"@id":"https:\/\/www.tubitex.com\/fr\/telecharger\/#breadcrumb"},"inLanguage":"fr-FR","potentialAction":[{"@type":"ReadAction","target":["https:\/\/www.tubitex.com\/fr\/telecharger\/"]}]},{"@type":"BreadcrumbList","@id":"https:\/\/www.tubitex.com\/fr\/telecharger\/#breadcrumb","itemListElement":[{"@type":"ListItem","position":1,"name":"Home","item":"https:\/\/www.tubitex.com\/fr\/page-daccueil\/"},{"@type":"ListItem","position":2,"name":"T\u00e9l\u00e9charger"}]},{"@type":"WebSite","@id":"https:\/\/www.tubitex.com\/fr\/#website","url":"https:\/\/www.tubitex.com\/fr\/","name":"Tubitex","description":"Produzione tubi in cartone, anime e bobine di carta","potentialAction":[{"@type":"SearchAction","target":{"@type":"EntryPoint","urlTemplate":"https:\/\/www.tubitex.com\/fr\/?s={search_term_string}"},"query-input":{"@type":"PropertyValueSpecification","valueRequired":true,"valueName":"search_term_string"}}],"inLanguage":"fr-FR"}]}},"_links":{"self":[{"href":"https:\/\/www.tubitex.com\/fr\/wp-json\/wp\/v2\/pages\/8749","targetHints":{"allow":["GET"]}}],"collection":[{"href":"https:\/\/www.tubitex.com\/fr\/wp-json\/wp\/v2\/pages"}],"about":[{"href":"https:\/\/www.tubitex.com\/fr\/wp-json\/wp\/v2\/types\/page"}],"author":[{"embeddable":true,"href":"https:\/\/www.tubitex.com\/fr\/wp-json\/wp\/v2\/users\/1"}],"replies":[{"embeddable":true,"href":"https:\/\/www.tubitex.com\/fr\/wp-json\/wp\/v2\/comments?post=8749"}],"version-history":[{"count":2,"href":"https:\/\/www.tubitex.com\/fr\/wp-json\/wp\/v2\/pages\/8749\/revisions"}],"predecessor-version":[{"id":8751,"href":"https:\/\/www.tubitex.com\/fr\/wp-json\/wp\/v2\/pages\/8749\/revisions\/8751"}],"wp:attachment":[{"href":"https:\/\/www.tubitex.com\/fr\/wp-json\/wp\/v2\/media?parent=8749"}],"wp:term":[{"taxonomy":"category","embeddable":true,"href":"https:\/\/www.tubitex.com\/fr\/wp-json\/wp\/v2\/categories?post=8749"}],"curies":[{"name":"wp","href":"https:\/\/api.w.org\/{rel}","templated":true}]}}