{"id":8647,"date":"2023-05-15T10:56:08","date_gmt":"2023-05-15T10:56:08","guid":{"rendered":"https:\/\/www.tubitex.com\/profesionalidad-y-experiencia-a-tu-servicio-para-ofrecerte-tubos-de-film-plastico-personalizados-y-de-calidad\/"},"modified":"2024-11-27T15:24:44","modified_gmt":"2024-11-27T15:24:44","slug":"profesionalidad-y-experiencia-a-tu-servicio-para-ofrecerte-tubos-de-film-plastico-personalizados-y-de-calidad","status":"publish","type":"page","link":"https:\/\/www.tubitex.com\/es\/profesionalidad-y-experiencia-a-tu-servicio-para-ofrecerte-tubos-de-film-plastico-personalizados-y-de-calidad\/","title":{"rendered":"Profesionalidad y experiencia a tu servicio, para ofrecerte tubos de film pl\u00e1stico personalizados y de calidad."},"content":{"rendered":"<p>[et_pb_section fb_built=\u00bb1&#8243; admin_label=\u00bbServices Header\u00bb _builder_version=\u00bb4.17.4&#8243; _module_preset=\u00bbdefault\u00bb background_color=\u00bb#f8f0e7&#8243; custom_padding=\u00bb0|0px|54px|0px|false|false\u00bb locked=\u00bboff\u00bb global_colors_info=\u00bb{}\u00bb][et_pb_row column_structure=\u00bb2_3,1_3&#8243; use_custom_gutter=\u00bbon\u00bb gutter_width=\u00bb1&#8243; padding_top_bottom_link_2=\u00bbtrue\u00bb padding_left_right_link_2=\u00bbtrue\u00bb _builder_version=\u00bb4.16&#8243; _module_preset=\u00bbdefault\u00bb custom_padding=\u00bb0|0px|0px|0px|false|false\u00bb animation_style=\u00bbslide\u00bb animation_direction=\u00bbtop\u00bb animation_intensity_slide=\u00bb20%\u00bb locked=\u00bboff\u00bb global_colors_info=\u00bb{}\u00bb][et_pb_column type=\u00bb2_3&#8243; _builder_version=\u00bb4.16&#8243; _module_preset=\u00bbdefault\u00bb custom_padding=\u00bb|||\u00bb global_colors_info=\u00bb{}\u00bb custom_padding__hover=\u00bb|||\u00bb][et_pb_text _builder_version=\u00bb4.17.4&#8243; _module_preset=\u00bbdefault\u00bb text_font=\u00bb||||||||\u00bb ul_font=\u00bb||||||||\u00bb ol_font=\u00bb||||||||\u00bb quote_font=\u00bb||||||||\u00bb header_font=\u00bb||||||||\u00bb header_2_font=\u00bb|800|||||||\u00bb header_2_font_size=\u00bb24px\u00bb header_2_line_height=\u00bb1.8em\u00bb header_3_font=\u00bb||||||||\u00bb header_4_font=\u00bb|800||on|||||\u00bb header_4_font_size=\u00bb16px\u00bb header_4_letter_spacing=\u00bb0.5px\u00bb header_4_line_height=\u00bb1.7em\u00bb header_5_font=\u00bb||||||||\u00bb header_6_font=\u00bb||||||||\u00bb background_color=\u00bb#efefef\u00bb padding_1_last_edited=\u00bbon|desktop\u00bb custom_padding=\u00bb30px|50px|30px|50px|true|true|20px|10%|20px|10%|true|true||on|desktop\u00bb custom_padding_tablet=\u00bb\u00bb custom_padding_phone=\u00bb20px|10%|20px|10%|true|true\u00bb custom_padding_last_edited=\u00bbon|phone\u00bb header_2_font_size_tablet=\u00bb\u00bb header_2_font_size_phone=\u00bb18px\u00bb header_2_font_size_last_edited=\u00bbon|phone\u00bb locked=\u00bboff\u00bb global_colors_info=\u00bb{}\u00bb]<\/p>\n<h4>profesionalidad y experiencia a tu servicio, para proporcionarte tubos de cart\u00f3n para film pl\u00e1stico a medida y de calidad.<\/h4>\n<p>[\/et_pb_text][\/et_pb_column][et_pb_column type=\u00bb1_3&#8243; _builder_version=\u00bb4.16&#8243; _module_preset=\u00bbdefault\u00bb custom_padding=\u00bb50px|50px|50px|50px\u00bb custom_padding_tablet=\u00bb50px|50px|50px|50px\u00bb custom_padding_phone=\u00bb20px|10%|20px|10%|true|true\u00bb custom_padding_last_edited=\u00bbon|phone\u00bb global_colors_info=\u00bb{}\u00bb padding_phone=\u00bb20px|10%|20px|10%|true|true\u00bb padding_last_edited=\u00bbon|phone\u00bb custom_padding__hover=\u00bb|||\u00bb][\/et_pb_column][\/et_pb_row][et_pb_row _builder_version=\u00bb4.17.4&#8243; _module_preset=\u00bbdefault\u00bb global_colors_info=\u00bb{}\u00bb][et_pb_column type=\u00bb4_4&#8243; _builder_version=\u00bb4.16&#8243; _module_preset=\u00bbdefault\u00bb custom_padding=\u00bb|||\u00bb global_colors_info=\u00bb{}\u00bb custom_padding__hover=\u00bb|||\u00bb][et_pb_text _builder_version=\u00bb4.17.4&#8243; _module_preset=\u00bbdefault\u00bb text_font=\u00bbOpen Sans||||||||\u00bb header_font=\u00bb||||||||\u00bb header_3_font=\u00bb|800|||||||\u00bb header_3_text_color=\u00bb#f25b3a\u00bb header_3_font_size=\u00bb16px\u00bb header_3_line_height=\u00bb1.8em\u00bb custom_padding=\u00bb||0px|||\u00bb hover_enabled=\u00bb0&#8243; header_3_font_size_tablet=\u00bb\u00bb header_3_font_size_phone=\u00bb18px\u00bb header_3_font_size_last_edited=\u00bbon|phone\u00bb locked=\u00bboff\u00bb global_colors_info=\u00bb{}\u00bb header_4_font=\u00bb|800||on|||||\u00bb header_4_font_size=\u00bb16px\u00bb sticky_enabled=\u00bb0&#8243; custom_margin=\u00bb-30px|||||\u00bb]<\/p>\n<p style=\"text-align: justify;\">Desde hace m\u00e1s de 40 a\u00f1os, somos sin\u00f3nimo de alta calidad y atenci\u00f3n a las necesidades de los clientes que buscan<span> <\/span><strong>tubos de cart\u00f3n para film pl\u00e1stico<\/strong><span> <\/span>personalizados y a medida. Gracias a nuestra larga experiencia, podemos ayudarte a optimizar tus productos y procesos de producci\u00f3n. <\/p>\n<p style=\"text-align: justify;\"><span> <\/span>Si buscas<strong>tubos para envolver con film pl\u00e1stico<\/strong>, en Tubitex puedes estar seguro de recibir un producto de calidad, garantizado y certificado.<\/p>\n<h4 style=\"text-align: justify;\"><span style=\"color: #000000;\">tubos enrollables de pel\u00edcula de pl\u00e1stico &#8211; <\/span><span style=\"color: #000000;\">pon a prueba un rendimiento excepcional<\/span><\/h4>\n<p style=\"text-align: justify;\">Garantizamos alta velocidad de bobinado, gran resistencia, ausencia de excentricidad y m\u00ednima rugosidad para todas las pel\u00edculas de polipropileno, PVC, polietileno, poli\u00e9ster, fotogr\u00e1ficas, laminadas, impresas, para cualquier industria. Adem\u00e1s, gracias al uso de tecnolog\u00edas avanzadas y materias primas seleccionadas, podemos obtener <span> <\/span><strong>tubos de cart\u00f3n para l\u00e1minas retr\u00e1ctiles<\/strong><span> <\/span>duradera en el tiempo.<\/p>\n<p style=\"text-align: justify;\">As\u00ed que si buscas un socio de confianza que te ayude a hacer crecer tu marca, elige la experiencia y la calidad de Tubitex.<\/p>\n<p>[\/et_pb_text][\/et_pb_column][\/et_pb_row][\/et_pb_section][et_pb_section fb_built=\u00bb1&#8243; admin_label=\u00bbGallery\u00bb _builder_version=\u00bb4.16&#8243; _module_preset=\u00bbdefault\u00bb custom_padding=\u00bb0px||0px|\u00bb global_colors_info=\u00bb{}\u00bb][et_pb_row column_structure=\u00bb1_4,1_4,1_4,1_4&#8243; use_custom_gutter=\u00bbon\u00bb gutter_width=\u00bb1&#8243; make_equal=\u00bbon\u00bb admin_label=\u00bbRejilla de im\u00e1genes\u00bb module_class=\u00bb et_pb_row_fullwidth\u00bb _builder_version=\u00bb4.16&#8243; _module_preset=\u00bbdefault\u00bb background_size=\u00bbinitial\u00bb background_position=\u00bbtop_left\u00bb background_repeat=\u00bbrepeat\u00bb width=\u00bb100%\u00bb width_tablet=\u00bb100%\u00bb width_phone=\u00bb100%\u00bb width_last_edited=\u00bbon|desktop\u00bb max_width=\u00bb100%\u00bb max_width_tablet=\u00bb100%\u00bb max_width_phone=\u00bb100%\u00bb max_width_last_edited=\u00bbon|desktop\u00bb custom_padding=\u00bb0px|0px|0px|0px\u00bb make_fullwidth=\u00bbon\u00bb global_colors_info=\u00bb{}\u00bb][et_pb_column type=\u00bb1_4&#8243; _builder_version=\u00bb4.16&#8243; _module_preset=\u00bbdefault\u00bb custom_padding=\u00bb|||\u00bb global_colors_info=\u00bb{}\u00bb custom_padding__hover=\u00bb|||\u00bb][et_pb_image src=\u00bbhttps:\/\/www.tubitex.com\/wp-content\/uploads\/2022\/10\/1_anime-di-cartone-per-cartiere_box3.jpg\u00bb title_text=\u00bb1_anime-di-cartone-per-cartiere_box3&#8243; show_in_lightbox=\u00bbon\u00bb force_fullwidth=\u00bbon\u00bb align_tablet=\u00bbcenter\u00bb align_phone=\u00bbcenter\u00bb align_last_edited=\u00bbon|desktop\u00bb _builder_version=\u00bb4.17.4&#8243; _module_preset=\u00bbdefault\u00bb animation_style=\u00bbzoom\u00bb animation_intensity_zoom=\u00bb10%\u00bb global_colors_info=\u00bb{}\u00bb][\/et_pb_image][\/et_pb_column][et_pb_column type=\u00bb1_4&#8243; _builder_version=\u00bb4.16&#8243; _module_preset=\u00bbdefault\u00bb custom_padding=\u00bb|||\u00bb global_colors_info=\u00bb{}\u00bb custom_padding__hover=\u00bb|||\u00bb][et_pb_image src=\u00bbhttps:\/\/www.tubitex.com\/wp-content\/uploads\/2022\/10\/1_anime-di-cartone-per-cartiere_box5.jpg\u00bb title_text=\u00bb1_anime-di-cartone-per-cartiere_box5&#8243; show_in_lightbox=\u00bbon\u00bb force_fullwidth=\u00bbon\u00bb align_tablet=\u00bbcenter\u00bb align_phone=\u00bbcenter\u00bb align_last_edited=\u00bbon|desktop\u00bb _builder_version=\u00bb4.17.4&#8243; _module_preset=\u00bbdefault\u00bb animation_style=\u00bbzoom\u00bb animation_delay=\u00bb100ms\u00bb animation_intensity_zoom=\u00bb10%\u00bb locked=\u00bboff\u00bb global_colors_info=\u00bb{}\u00bb][\/et_pb_image][\/et_pb_column][et_pb_column type=\u00bb1_4&#8243; _builder_version=\u00bb4.16&#8243; _module_preset=\u00bbdefault\u00bb custom_padding=\u00bb|||\u00bb global_colors_info=\u00bb{}\u00bb custom_padding__hover=\u00bb|||\u00bb][et_pb_image src=\u00bbhttps:\/\/www.tubitex.com\/wp-content\/uploads\/2022\/10\/1_anime-di-cartone-per-cartiere_box4.jpg\u00bb title_text=\u00bb1_anime-di-cartone-per-cartiere_box4&#8243; show_in_lightbox=\u00bbon\u00bb force_fullwidth=\u00bbon\u00bb align_tablet=\u00bbcenter\u00bb align_phone=\u00bbcenter\u00bb align_last_edited=\u00bbon|desktop\u00bb _builder_version=\u00bb4.17.4&#8243; _module_preset=\u00bbdefault\u00bb animation_style=\u00bbzoom\u00bb animation_delay=\u00bb200ms\u00bb animation_intensity_zoom=\u00bb10%\u00bb locked=\u00bboff\u00bb global_colors_info=\u00bb{}\u00bb][\/et_pb_image][\/et_pb_column][et_pb_column type=\u00bb1_4&#8243; _builder_version=\u00bb4.16&#8243; _module_preset=\u00bbdefault\u00bb custom_padding=\u00bb|||\u00bb global_colors_info=\u00bb{}\u00bb custom_padding__hover=\u00bb|||\u00bb][et_pb_image src=\u00bbhttps:\/\/www.tubitex.com\/wp-content\/uploads\/2022\/10\/3_anime-di-cartone-per-film-plastico_box6.jpg\u00bb title_text=\u00bb3_anime-di-cartone-per-film-plastico_box6&#8243; show_in_lightbox=\u00bbon\u00bb force_fullwidth=\u00bbon\u00bb align_tablet=\u00bbcenter\u00bb align_phone=\u00bbcenter\u00bb align_last_edited=\u00bbon|desktop\u00bb _builder_version=\u00bb4.17.4&#8243; _module_preset=\u00bbdefault\u00bb animation_style=\u00bbzoom\u00bb animation_delay=\u00bb300ms\u00bb animation_intensity_zoom=\u00bb10%\u00bb locked=\u00bboff\u00bb global_colors_info=\u00bb{}\u00bb][\/et_pb_image][\/et_pb_column][\/et_pb_row][\/et_pb_section][et_pb_section fb_built=\u00bb1&#8243; admin_label=\u00bbContact Banner\u00bb _builder_version=\u00bb4.17.4&#8243; _module_preset=\u00bbdefault\u00bb background_color=\u00bbrgba(135,65,8,0.8)\u00bb custom_padding=\u00bb20px|0px|0px|0px|false|false\u00bb animation_style=\u00bbslide\u00bb animation_direction=\u00bbbottom\u00bb global_colors_info=\u00bb{}\u00bb][et_pb_row column_structure=\u00bb3_5,2_5&#8243; _builder_version=\u00bb4.17.4&#8243; _module_preset=\u00bbdefault\u00bb custom_margin=\u00bb-5px||||false|false\u00bb global_colors_info=\u00bb{}\u00bb][et_pb_column type=\u00bb3_5&#8243; _builder_version=\u00bb4.16&#8243; _module_preset=\u00bbdefault\u00bb custom_padding=\u00bb|||\u00bb global_colors_info=\u00bb{}\u00bb custom_padding__hover=\u00bb|||\u00bb][et_pb_text _builder_version=\u00bb4.17.4&#8243; _module_preset=\u00bbdefault\u00bb text_font=\u00bb||||||||\u00bb quote_font=\u00bb||||||||\u00bb header_font=\u00bb||||||||\u00bb header_2_font=\u00bb|600||on|||||\u00bb header_2_font_size=\u00bb24px\u00bb header_3_font=\u00bb||||||||\u00bb header_4_font=\u00bb|800||on|||||\u00bb header_4_font_size=\u00bb16px\u00bb header_4_letter_spacing=\u00bb0.5px\u00bb header_4_line_height=\u00bb1.7em\u00bb background_layout=\u00bbdark\u00bb max_width=\u00bb800%\u00bb custom_padding=\u00bb0px||||false|false\u00bb header_2_font_size_tablet=\u00bb\u00bb header_2_font_size_phone=\u00bb18px\u00bb header_2_font_size_last_edited=\u00bbon|phone\u00bb locked=\u00bboff\u00bb global_colors_info=\u00bb{}\u00bb]<\/p>\n<h4>PARA TUS TUBOS Y TUBER\u00cdAS DE CART\u00d3N PERSONALIZADOS, conf\u00eda en tubitex<\/h4>\n<p>[\/et_pb_text][\/et_pb_column][et_pb_column type=\u00bb2_5&#8243; _builder_version=\u00bb4.17.4&#8243; _module_preset=\u00bbdefault\u00bb custom_padding=\u00bb|||\u00bb global_colors_info=\u00bb{}\u00bb custom_padding__hover=\u00bb|||\u00bb][et_pb_button button_url=\u00bb@ET-DC@eyJkeW5hbWljIjp0cnVlLCJjb250ZW50IjoicG9zdF9saW5rX3VybF9wYWdlIiwic2V0dGluZ3MiOnsicG9zdF9pZCI6IjI4In19@\u00bb button_text=\u00bbsolicitar m\u00e1s informaci\u00f3n\u00bb button_alignment=\u00bbright\u00bb _builder_version=\u00bb4.17.4&#8243; _dynamic_attributes=\u00bbbutton_url\u00bb _module_preset=\u00bbdefault\u00bb custom_button=\u00bbon\u00bb button_text_size=\u00bb15px\u00bb button_text_color=\u00bb#FFFFFF\u00bb button_bg_color=\u00bbRGBA(255,255,255,0)\u00bb button_border_color=\u00bb#FFFFFF\u00bb button_border_radius=\u00bb0px\u00bb button_font=\u00bbMontserrat|||on|||||\u00bb button_use_icon=\u00bboff\u00bb custom_margin=\u00bb0px||||false|false\u00bb global_colors_info=\u00bb{}\u00bb][\/et_pb_button][\/et_pb_column][\/et_pb_row][\/et_pb_section]<\/p>\n","protected":false},"excerpt":{"rendered":"<p>profesionalidad y experiencia a tu servicio, para proporcionarte tubos de cart\u00f3n para film pl\u00e1stico a medida y de calidad.Desde hace m\u00e1s de 40 a\u00f1os, somos sin\u00f3nimo de alta calidad y atenci\u00f3n a las necesidades de los clientes que buscan tubos de cart\u00f3n para film pl\u00e1stico personalizados y a medida. Gracias a nuestra larga experiencia, podemos [&hellip;]<\/p>\n","protected":false},"author":1,"featured_media":0,"parent":0,"menu_order":0,"comment_status":"closed","ping_status":"closed","template":"","meta":{"_acf_changed":false,"_et_pb_use_builder":"on","_et_pb_old_content":"","_et_gb_content_width":"","inline_featured_image":false,"footnotes":""},"categories":[],"class_list":["post-8647","page","type-page","status-publish","hentry"],"acf":[],"yoast_head":"<!-- This site is optimized with the Yoast SEO plugin v27.1.1 - https:\/\/yoast.com\/product\/yoast-seo-wordpress\/ -->\n<title>Profesionalidad y experiencia a tu servicio, para ofrecerte tubos de film pl\u00e1stico personalizados y de calidad. - Tubitex<\/title>\n<meta name=\"robots\" content=\"index, follow, max-snippet:-1, max-image-preview:large, max-video-preview:-1\" \/>\n<link rel=\"canonical\" href=\"https:\/\/www.tubitex.com\/es\/profesionalidad-y-experiencia-a-tu-servicio-para-ofrecerte-tubos-de-film-plastico-personalizados-y-de-calidad\/\" \/>\n<meta property=\"og:locale\" content=\"es_ES\" \/>\n<meta property=\"og:type\" content=\"article\" \/>\n<meta property=\"og:title\" content=\"Profesionalidad y experiencia a tu servicio, para ofrecerte tubos de film pl\u00e1stico personalizados y de calidad. - Tubitex\" \/>\n<meta property=\"og:description\" content=\"profesionalidad y experiencia a tu servicio, para proporcionarte tubos de cart\u00f3n para film pl\u00e1stico a medida y de calidad.Desde hace m\u00e1s de 40 a\u00f1os, somos sin\u00f3nimo de alta calidad y atenci\u00f3n a las necesidades de los clientes que buscan tubos de cart\u00f3n para film pl\u00e1stico personalizados y a medida. Gracias a nuestra larga experiencia, podemos [&hellip;]\" \/>\n<meta property=\"og:url\" content=\"https:\/\/www.tubitex.com\/es\/profesionalidad-y-experiencia-a-tu-servicio-para-ofrecerte-tubos-de-film-plastico-personalizados-y-de-calidad\/\" \/>\n<meta property=\"og:site_name\" content=\"Tubitex\" \/>\n<meta property=\"article:modified_time\" content=\"2024-11-27T15:24:44+00:00\" \/>\n<meta name=\"twitter:card\" content=\"summary_large_image\" \/>\n<meta name=\"twitter:label1\" content=\"Tiempo de lectura\" \/>\n\t<meta name=\"twitter:data1\" content=\"6 minutos\" \/>\n<script type=\"application\/ld+json\" class=\"yoast-schema-graph\">{\"@context\":\"https:\/\/schema.org\",\"@graph\":[{\"@type\":\"WebPage\",\"@id\":\"https:\/\/www.tubitex.com\/es\/profesionalidad-y-experiencia-a-tu-servicio-para-ofrecerte-tubos-de-film-plastico-personalizados-y-de-calidad\/\",\"url\":\"https:\/\/www.tubitex.com\/es\/profesionalidad-y-experiencia-a-tu-servicio-para-ofrecerte-tubos-de-film-plastico-personalizados-y-de-calidad\/\",\"name\":\"Profesionalidad y experiencia a tu servicio, para ofrecerte tubos de film pl\u00e1stico personalizados y de calidad. - Tubitex\",\"isPartOf\":{\"@id\":\"https:\/\/www.tubitex.com\/es\/#website\"},\"datePublished\":\"2023-05-15T10:56:08+00:00\",\"dateModified\":\"2024-11-27T15:24:44+00:00\",\"breadcrumb\":{\"@id\":\"https:\/\/www.tubitex.com\/es\/profesionalidad-y-experiencia-a-tu-servicio-para-ofrecerte-tubos-de-film-plastico-personalizados-y-de-calidad\/#breadcrumb\"},\"inLanguage\":\"es\",\"potentialAction\":[{\"@type\":\"ReadAction\",\"target\":[\"https:\/\/www.tubitex.com\/es\/profesionalidad-y-experiencia-a-tu-servicio-para-ofrecerte-tubos-de-film-plastico-personalizados-y-de-calidad\/\"]}]},{\"@type\":\"BreadcrumbList\",\"@id\":\"https:\/\/www.tubitex.com\/es\/profesionalidad-y-experiencia-a-tu-servicio-para-ofrecerte-tubos-de-film-plastico-personalizados-y-de-calidad\/#breadcrumb\",\"itemListElement\":[{\"@type\":\"ListItem\",\"position\":1,\"name\":\"Home\",\"item\":\"https:\/\/www.tubitex.com\/es\/\"},{\"@type\":\"ListItem\",\"position\":2,\"name\":\"Profesionalidad y experiencia a tu servicio, para ofrecerte tubos de film pl\u00e1stico personalizados y de calidad.\"}]},{\"@type\":\"WebSite\",\"@id\":\"https:\/\/www.tubitex.com\/es\/#website\",\"url\":\"https:\/\/www.tubitex.com\/es\/\",\"name\":\"Tubitex\",\"description\":\"Produzione tubi in cartone, anime e bobine di carta\",\"potentialAction\":[{\"@type\":\"SearchAction\",\"target\":{\"@type\":\"EntryPoint\",\"urlTemplate\":\"https:\/\/www.tubitex.com\/es\/?s={search_term_string}\"},\"query-input\":{\"@type\":\"PropertyValueSpecification\",\"valueRequired\":true,\"valueName\":\"search_term_string\"}}],\"inLanguage\":\"es\"}]}<\/script>\n<!-- \/ Yoast SEO plugin. -->","yoast_head_json":{"title":"Profesionalidad y experiencia a tu servicio, para ofrecerte tubos de film pl\u00e1stico personalizados y de calidad. - Tubitex","robots":{"index":"index","follow":"follow","max-snippet":"max-snippet:-1","max-image-preview":"max-image-preview:large","max-video-preview":"max-video-preview:-1"},"canonical":"https:\/\/www.tubitex.com\/es\/profesionalidad-y-experiencia-a-tu-servicio-para-ofrecerte-tubos-de-film-plastico-personalizados-y-de-calidad\/","og_locale":"es_ES","og_type":"article","og_title":"Profesionalidad y experiencia a tu servicio, para ofrecerte tubos de film pl\u00e1stico personalizados y de calidad. - Tubitex","og_description":"profesionalidad y experiencia a tu servicio, para proporcionarte tubos de cart\u00f3n para film pl\u00e1stico a medida y de calidad.Desde hace m\u00e1s de 40 a\u00f1os, somos sin\u00f3nimo de alta calidad y atenci\u00f3n a las necesidades de los clientes que buscan tubos de cart\u00f3n para film pl\u00e1stico personalizados y a medida. Gracias a nuestra larga experiencia, podemos [&hellip;]","og_url":"https:\/\/www.tubitex.com\/es\/profesionalidad-y-experiencia-a-tu-servicio-para-ofrecerte-tubos-de-film-plastico-personalizados-y-de-calidad\/","og_site_name":"Tubitex","article_modified_time":"2024-11-27T15:24:44+00:00","twitter_card":"summary_large_image","twitter_misc":{"Tiempo de lectura":"6 minutos"},"schema":{"@context":"https:\/\/schema.org","@graph":[{"@type":"WebPage","@id":"https:\/\/www.tubitex.com\/es\/profesionalidad-y-experiencia-a-tu-servicio-para-ofrecerte-tubos-de-film-plastico-personalizados-y-de-calidad\/","url":"https:\/\/www.tubitex.com\/es\/profesionalidad-y-experiencia-a-tu-servicio-para-ofrecerte-tubos-de-film-plastico-personalizados-y-de-calidad\/","name":"Profesionalidad y experiencia a tu servicio, para ofrecerte tubos de film pl\u00e1stico personalizados y de calidad. - Tubitex","isPartOf":{"@id":"https:\/\/www.tubitex.com\/es\/#website"},"datePublished":"2023-05-15T10:56:08+00:00","dateModified":"2024-11-27T15:24:44+00:00","breadcrumb":{"@id":"https:\/\/www.tubitex.com\/es\/profesionalidad-y-experiencia-a-tu-servicio-para-ofrecerte-tubos-de-film-plastico-personalizados-y-de-calidad\/#breadcrumb"},"inLanguage":"es","potentialAction":[{"@type":"ReadAction","target":["https:\/\/www.tubitex.com\/es\/profesionalidad-y-experiencia-a-tu-servicio-para-ofrecerte-tubos-de-film-plastico-personalizados-y-de-calidad\/"]}]},{"@type":"BreadcrumbList","@id":"https:\/\/www.tubitex.com\/es\/profesionalidad-y-experiencia-a-tu-servicio-para-ofrecerte-tubos-de-film-plastico-personalizados-y-de-calidad\/#breadcrumb","itemListElement":[{"@type":"ListItem","position":1,"name":"Home","item":"https:\/\/www.tubitex.com\/es\/"},{"@type":"ListItem","position":2,"name":"Profesionalidad y experiencia a tu servicio, para ofrecerte tubos de film pl\u00e1stico personalizados y de calidad."}]},{"@type":"WebSite","@id":"https:\/\/www.tubitex.com\/es\/#website","url":"https:\/\/www.tubitex.com\/es\/","name":"Tubitex","description":"Produzione tubi in cartone, anime e bobine di carta","potentialAction":[{"@type":"SearchAction","target":{"@type":"EntryPoint","urlTemplate":"https:\/\/www.tubitex.com\/es\/?s={search_term_string}"},"query-input":{"@type":"PropertyValueSpecification","valueRequired":true,"valueName":"search_term_string"}}],"inLanguage":"es"}]}},"_links":{"self":[{"href":"https:\/\/www.tubitex.com\/es\/wp-json\/wp\/v2\/pages\/8647","targetHints":{"allow":["GET"]}}],"collection":[{"href":"https:\/\/www.tubitex.com\/es\/wp-json\/wp\/v2\/pages"}],"about":[{"href":"https:\/\/www.tubitex.com\/es\/wp-json\/wp\/v2\/types\/page"}],"author":[{"embeddable":true,"href":"https:\/\/www.tubitex.com\/es\/wp-json\/wp\/v2\/users\/1"}],"replies":[{"embeddable":true,"href":"https:\/\/www.tubitex.com\/es\/wp-json\/wp\/v2\/comments?post=8647"}],"version-history":[{"count":2,"href":"https:\/\/www.tubitex.com\/es\/wp-json\/wp\/v2\/pages\/8647\/revisions"}],"predecessor-version":[{"id":8649,"href":"https:\/\/www.tubitex.com\/es\/wp-json\/wp\/v2\/pages\/8647\/revisions\/8649"}],"wp:attachment":[{"href":"https:\/\/www.tubitex.com\/es\/wp-json\/wp\/v2\/media?parent=8647"}],"wp:term":[{"taxonomy":"category","embeddable":true,"href":"https:\/\/www.tubitex.com\/es\/wp-json\/wp\/v2\/categories?post=8647"}],"curies":[{"name":"wp","href":"https:\/\/api.w.org\/{rel}","templated":true}]}}