{"id":8601,"date":"2023-05-12T15:08:51","date_gmt":"2023-05-12T15:08:51","guid":{"rendered":"https:\/\/www.tubitex.com\/proveedor-de-tubos-mandriles-y-bobinas-de-carton\/"},"modified":"2024-11-28T09:25:39","modified_gmt":"2024-11-28T09:25:39","slug":"proveedor-de-tubos-mandriles-y-bobinas-de-carton","status":"publish","type":"page","link":"https:\/\/www.tubitex.com\/es\/proveedor-de-tubos-mandriles-y-bobinas-de-carton\/","title":{"rendered":"proveedor de tubos, mandriles y bobinas de cart\u00f3n"},"content":{"rendered":"<p>[et_pb_section fb_built=\u00bb1&#8243; admin_label=\u00bbServices Header\u00bb _builder_version=\u00bb4.17.4&#8243; _module_preset=\u00bbdefault\u00bb background_color=\u00bb#f8f0e7&#8243; custom_padding=\u00bb0|0px|54px|0px|false|false\u00bb locked=\u00bboff\u00bb global_colors_info=\u00bb{}\u00bb][et_pb_row column_structure=\u00bb2_3,1_3&#8243; use_custom_gutter=\u00bbon\u00bb gutter_width=\u00bb1&#8243; padding_top_bottom_link_2=\u00bbtrue\u00bb padding_left_right_link_2=\u00bbtrue\u00bb _builder_version=\u00bb4.16&#8243; _module_preset=\u00bbdefault\u00bb custom_padding=\u00bb0|0px|27px|0px|false|false\u00bb animation_style=\u00bbslide\u00bb animation_direction=\u00bbtop\u00bb animation_intensity_slide=\u00bb20%\u00bb locked=\u00bboff\u00bb global_colors_info=\u00bb{}\u00bb][et_pb_column type=\u00bb2_3&#8243; _builder_version=\u00bb4.16&#8243; _module_preset=\u00bbdefault\u00bb custom_padding=\u00bb|||\u00bb global_colors_info=\u00bb{}\u00bb custom_padding__hover=\u00bb|||\u00bb][et_pb_text _builder_version=\u00bb4.17.4&#8243; _module_preset=\u00bbdefault\u00bb text_font=\u00bb||||||||\u00bb ul_font=\u00bb||||||||\u00bb ol_font=\u00bb||||||||\u00bb quote_font=\u00bb||||||||\u00bb header_font=\u00bb||||||||\u00bb header_2_font=\u00bb|800|||||||\u00bb header_2_font_size=\u00bb24px\u00bb header_2_line_height=\u00bb1.8em\u00bb header_3_font=\u00bb|||on|||||\u00bb header_3_font_size=\u00bb16px\u00bb header_4_font=\u00bb|800||on|||||\u00bb header_4_font_size=\u00bb16px\u00bb header_4_letter_spacing=\u00bb0.5px\u00bb header_4_line_height=\u00bb1.7em\u00bb header_5_font=\u00bb||||||||\u00bb header_6_font=\u00bb||||||||\u00bb background_color=\u00bb#efefef\u00bb padding_1_last_edited=\u00bbon|desktop\u00bb custom_padding=\u00bb30px|50px|30px|50px|true|true|20px|10%|20px|10%|true|true||on|desktop\u00bb custom_padding_tablet=\u00bb\u00bb custom_padding_phone=\u00bb20px|10%|20px|10%|true|true\u00bb custom_padding_last_edited=\u00bbon|phone\u00bb header_2_font_size_tablet=\u00bb\u00bb header_2_font_size_phone=\u00bb18px\u00bb header_2_font_size_last_edited=\u00bbon|phone\u00bb locked=\u00bboff\u00bb global_colors_info=\u00bb{}\u00bb]<\/p>\n<h4>proveedor de tubos y tubos de cart\u00f3n,<\/h4>\n<h3>n\u00facleos y bobinas<\/h3>\n<p>[\/et_pb_text][\/et_pb_column][et_pb_column type=\u00bb1_3&#8243; _builder_version=\u00bb4.16&#8243; _module_preset=\u00bbdefault\u00bb custom_padding=\u00bb50px|50px|50px|50px\u00bb custom_padding_tablet=\u00bb50px|50px|50px|50px\u00bb custom_padding_phone=\u00bb20px|10%|20px|10%|true|true\u00bb custom_padding_last_edited=\u00bbon|phone\u00bb global_colors_info=\u00bb{}\u00bb padding_phone=\u00bb20px|10%|20px|10%|true|true\u00bb padding_last_edited=\u00bbon|phone\u00bb custom_padding__hover=\u00bb|||\u00bb][\/et_pb_column][\/et_pb_row][et_pb_row _builder_version=\u00bb4.17.4&#8243; _module_preset=\u00bbdefault\u00bb global_colors_info=\u00bb{}\u00bb][et_pb_column type=\u00bb4_4&#8243; _builder_version=\u00bb4.16&#8243; _module_preset=\u00bbdefault\u00bb custom_padding=\u00bb|||\u00bb global_colors_info=\u00bb{}\u00bb custom_padding__hover=\u00bb|||\u00bb][et_pb_text _builder_version=\u00bb4.17.4&#8243; _module_preset=\u00bbdefault\u00bb text_font=\u00bbOpen Sans||||||||\u00bb header_font=\u00bb||||||||\u00bb header_3_font=\u00bb|800||on|||||\u00bb header_3_text_color=\u00bb#f25b3a\u00bb header_3_font_size=\u00bb24px\u00bb header_3_line_height=\u00bb1.8em\u00bb header_4_font=\u00bb|700||on|||||\u00bb header_4_font_size=\u00bb16px\u00bb hover_enabled=\u00bb0&#8243; header_3_font_size_tablet=\u00bb\u00bb header_3_font_size_phone=\u00bb18px\u00bb header_3_font_size_last_edited=\u00bbon|phone\u00bb locked=\u00bboff\u00bb global_colors_info=\u00bb{}\u00bb sticky_enabled=\u00bb0&#8243;]<\/p>\n<p style=\"text-align: justify;\">Est\u00e1s buscando un<span> <\/span><strong><span> <\/span>\u00bfun<\/strong><strong>proveedor<\/strong> fiable y certificado <strong>de<a href=\"https:\/\/www.tubitex.com\/es\/tubos-de-carton-resistente-calidad\/\" target=\"_blank\" rel=\"noopener noreferrer\">tubos de<\/a><a href=\"https:\/\/www.tubitex.com\/es\/tubos-de-carton-resistente-calidad\/\" target=\"_blank\" rel=\"noopener noreferrer\">cart\u00f3n<\/a><\/strong> que satisfaga tus necesidades con productos personalizados y de calidad? Tubitex, desde hace m\u00e1s de 40 a\u00f1os, proporciona a sus clientes grandes conocimientos y experiencia en <span> <\/span><strong>producci\u00f3n y suministro de tubos, mandriles y bobinas de cart\u00f3n a medida.<\/strong><\/p>\n<p style=\"text-align: justify;\">Desde el textil al alimentario, pasando por el papel, seg\u00fan tus necesidades, te ofrecemos un producto a medida, garantiz\u00e1ndote un suministro continuo y programado, listo para responder a todas tus necesidades.<\/p>\n<h4 style=\"text-align: justify;\"><span style=\"color: #000000;\">tubos de cart\u00f3n &#8211; producci\u00f3n de tubos, n\u00facleos y bobinas de cart\u00f3n a medida<\/span><b><\/b><\/h4>\n<p style=\"text-align: justify;\"><span> <\/span>Como <strong>fabricante y proveedor de n\u00facleos de cart\u00f3n,<a href=\"https:\/\/www.tubitex.com\/es\/sobre-nosotros\/\"> Tubitex<\/a><\/strong> es ahora un socio de confianza de muchas empresas, que llevan a\u00f1os confiando en su profesionalidad y en la calidad de sus productos para llevar su negocio a lo m\u00e1s alto.<\/p>\n<p style=\"text-align: justify;\"><span> <\/span>Gracias a estrictos controles durante el ciclo de dise\u00f1o y transformaci\u00f3n y al apoyo de nuestro personal t\u00e9cnico y equipos de \u00faltima generaci\u00f3n, garantizamos la mejor calidad del mercado, lo que nos convierte en el<strong>proveedor<\/strong><strong>l\u00edder de tubos, mandriles y bobinas de cart\u00f3n<\/strong>.<\/p>\n<p style=\"text-align: justify;\"><span> <\/span>Con Tubitex, el principal<strong>fabricante y proveedor<\/strong> europeo<strong>de bobinas, tubos, mandriles y tubos de cart\u00f3n personalizados<\/strong>, puedes estar seguro de recibir el producto que buscas para llevar tu marca a lo m\u00e1s alto.<\/p>\n<h4 style=\"text-align: justify;\"><\/h4>\n<p style=\"text-align: justify;\">[\/et_pb_text][\/et_pb_column][\/et_pb_row][\/et_pb_section][et_pb_section fb_built=\u00bb1&#8243; admin_label=\u00bbGallery\u00bb _builder_version=\u00bb4.16&#8243; _module_preset=\u00bbdefault\u00bb custom_padding=\u00bb0px||0px|\u00bb global_colors_info=\u00bb{}\u00bb][et_pb_row column_structure=\u00bb1_4,1_4,1_4,1_4&#8243; use_custom_gutter=\u00bbon\u00bb gutter_width=\u00bb1&#8243; make_equal=\u00bbon\u00bb admin_label=\u00bbImage Grid\u00bb module_class=\u00bb et_pb_row_fullwidth\u00bb _builder_version=\u00bb4.16&#8243; _module_preset=\u00bbdefault\u00bb background_size=\u00bbinitial\u00bb background_position=\u00bbtop_left\u00bb background_repeat=\u00bbrepeat\u00bb width=\u00bb100%\u00bb width_tablet=\u00bb100%\u00bb width_phone=\u00bb100%\u00bb width_last_edited=\u00bbon|desktop\u00bb max_width=\u00bb100%\u00bb max_width_tablet=\u00bb100%\u00bb max_width_phone=\u00bb100%\u00bb max_width_last_edited=\u00bbon|desktop\u00bb custom_padding=\u00bb0px|0px|0px|0px\u00bb make_fullwidth=\u00bbon\u00bb global_colors_info=\u00bb{}\u00bb][et_pb_column type=\u00bb1_4&#8243; _builder_version=\u00bb4.16&#8243; _module_preset=\u00bbdefault\u00bb custom_padding=\u00bb|||\u00bb global_colors_info=\u00bb{}\u00bb custom_padding__hover=\u00bb|||\u00bb][et_pb_image src=\u00bbhttps:\/\/www.tubitex.com\/wp-content\/uploads\/2022\/10\/1_anime-di-cartone-per-cartiere_box3.jpg\u00bb title_text=\u00bb1_anime-di-cartone-per-cartiere_box3&#8243; show_in_lightbox=\u00bbon\u00bb force_fullwidth=\u00bbon\u00bb align_tablet=\u00bbcenter\u00bb align_phone=\u00bbcenter\u00bb align_last_edited=\u00bbon|desktop\u00bb _builder_version=\u00bb4.17.4&#8243; _module_preset=\u00bbdefault\u00bb animation_style=\u00bbzoom\u00bb animation_intensity_zoom=\u00bb10%\u00bb global_colors_info=\u00bb{}\u00bb][\/et_pb_image][\/et_pb_column][et_pb_column type=\u00bb1_4&#8243; _builder_version=\u00bb4.16&#8243; _module_preset=\u00bbdefault\u00bb custom_padding=\u00bb|||\u00bb global_colors_info=\u00bb{}\u00bb custom_padding__hover=\u00bb|||\u00bb][et_pb_image src=\u00bbhttps:\/\/www.tubitex.com\/wp-content\/uploads\/2022\/10\/1_anime-di-cartone-per-cartiere_box5.jpg\u00bb title_text=\u00bb1_anime-di-cartone-per-cartiere_box5&#8243; show_in_lightbox=\u00bbon\u00bb force_fullwidth=\u00bbon\u00bb align_tablet=\u00bbcenter\u00bb align_phone=\u00bbcenter\u00bb align_last_edited=\u00bbon|desktop\u00bb _builder_version=\u00bb4.17.4&#8243; _module_preset=\u00bbdefault\u00bb animation_style=\u00bbzoom\u00bb animation_delay=\u00bb100ms\u00bb animation_intensity_zoom=\u00bb10%\u00bb locked=\u00bboff\u00bb global_colors_info=\u00bb{}\u00bb][\/et_pb_image][\/et_pb_column][et_pb_column type=\u00bb1_4&#8243; _builder_version=\u00bb4.16&#8243; _module_preset=\u00bbdefault\u00bb custom_padding=\u00bb|||\u00bb global_colors_info=\u00bb{}\u00bb custom_padding__hover=\u00bb|||\u00bb][et_pb_image src=\u00bbhttps:\/\/www.tubitex.com\/wp-content\/uploads\/2022\/10\/1_anime-di-cartone-per-cartiere_box4.jpg\u00bb title_text=\u00bb1_anime-di-cartone-per-cartiere_box4&#8243; show_in_lightbox=\u00bbon\u00bb force_fullwidth=\u00bbon\u00bb align_tablet=\u00bbcenter\u00bb align_phone=\u00bbcenter\u00bb align_last_edited=\u00bbon|desktop\u00bb _builder_version=\u00bb4.17.4&#8243; _module_preset=\u00bbdefault\u00bb animation_style=\u00bbzoom\u00bb animation_delay=\u00bb200ms\u00bb animation_intensity_zoom=\u00bb10%\u00bb locked=\u00bboff\u00bb global_colors_info=\u00bb{}\u00bb][\/et_pb_image][\/et_pb_column][et_pb_column type=\u00bb1_4&#8243; _builder_version=\u00bb4.16&#8243; _module_preset=\u00bbdefault\u00bb custom_padding=\u00bb|||\u00bb global_colors_info=\u00bb{}\u00bb custom_padding__hover=\u00bb|||\u00bb][et_pb_image src=\u00bbhttps:\/\/www.tubitex.com\/wp-content\/uploads\/2022\/10\/3_anime-di-cartone-per-film-plastico_box6.jpg\u00bb title_text=\u00bb3_anime-di-cartone-per-film-plastico_box6&#8243; show_in_lightbox=\u00bbon\u00bb force_fullwidth=\u00bbon\u00bb align_tablet=\u00bbcenter\u00bb align_phone=\u00bbcenter\u00bb align_last_edited=\u00bbon|desktop\u00bb _builder_version=\u00bb4.17.4&#8243; _module_preset=\u00bbdefault\u00bb animation_style=\u00bbzoom\u00bb animation_delay=\u00bb300ms\u00bb animation_intensity_zoom=\u00bb10%\u00bb locked=\u00bboff\u00bb global_colors_info=\u00bb{}\u00bb][\/et_pb_image][\/et_pb_column][\/et_pb_row][\/et_pb_section][et_pb_section fb_built=\u00bb1&#8243; admin_label=\u00bbContact Banner\u00bb _builder_version=\u00bb4.17.4&#8243; _module_preset=\u00bbdefault\u00bb background_color=\u00bbrgba(135,65,8,0.8)\u00bb custom_padding=\u00bb20px|0px|0px|0px|false|false\u00bb animation_style=\u00bbslide\u00bb animation_direction=\u00bbbottom\u00bb global_colors_info=\u00bb{}\u00bb][et_pb_row column_structure=\u00bb3_5,2_5&#8243; _builder_version=\u00bb4.17.4&#8243; _module_preset=\u00bbdefault\u00bb custom_margin=\u00bb-5px||||false|false\u00bb global_colors_info=\u00bb{}\u00bb][et_pb_column type=\u00bb3_5&#8243; _builder_version=\u00bb4.16&#8243; _module_preset=\u00bbdefault\u00bb custom_padding=\u00bb|||\u00bb global_colors_info=\u00bb{}\u00bb custom_padding__hover=\u00bb|||\u00bb][et_pb_text _builder_version=\u00bb4.17.4&#8243; _module_preset=\u00bbdefault\u00bb text_font=\u00bb||||||||\u00bb quote_font=\u00bb||||||||\u00bb header_font=\u00bb||||||||\u00bb header_2_font=\u00bb|600||on|||||\u00bb header_2_font_size=\u00bb24px\u00bb header_3_font=\u00bb||||||||\u00bb header_4_font=\u00bb|800||on|||||\u00bb header_4_font_size=\u00bb16px\u00bb header_4_letter_spacing=\u00bb0.5px\u00bb header_4_line_height=\u00bb1.7em\u00bb background_layout=\u00bbdark\u00bb max_width=\u00bb800%\u00bb custom_padding=\u00bb0px||||false|false\u00bb header_2_font_size_tablet=\u00bb\u00bb header_2_font_size_phone=\u00bb18px\u00bb header_2_font_size_last_edited=\u00bbon|phone\u00bb locked=\u00bboff\u00bb global_colors_info=\u00bb{}\u00bb]<\/p>\n<h4>\u00a1experimenta la calidad de nuestros productos y lucha por la excelencia!<\/h4>\n<p>[\/et_pb_text][\/et_pb_column][et_pb_column type=\u00bb2_5&#8243; _builder_version=\u00bb4.17.4&#8243; _module_preset=\u00bbdefault\u00bb custom_padding=\u00bb|||\u00bb global_colors_info=\u00bb{}\u00bb custom_padding__hover=\u00bb|||\u00bb][et_pb_button button_url=\u00bb@ET-DC@eyJkeW5hbWljIjp0cnVlLCJjb250ZW50IjoicG9zdF9saW5rX3VybF9wYWdlIiwic2V0dGluZ3MiOnsicG9zdF9pZCI6IjI4In19@\u00bb button_text=\u00bbsolicitar m\u00e1s informaci\u00f3n\u00bb button_alignment=\u00bbright\u00bb _builder_version=\u00bb4.17.4&#8243; _dynamic_attributes=\u00bbbutton_url\u00bb _module_preset=\u00bbdefault\u00bb custom_button=\u00bbon\u00bb button_text_size=\u00bb19px\u00bb button_text_color=\u00bb#FFFFFF\u00bb button_bg_color=\u00bbRGBA(255,255,255,0)\u00bb button_border_color=\u00bb#FFFFFF\u00bb button_border_radius=\u00bb0px\u00bb button_font=\u00bb|||on|||||\u00bb button_use_icon=\u00bboff\u00bb custom_margin=\u00bb1px||||false|false\u00bb global_colors_info=\u00bb{}\u00bb][\/et_pb_button][\/et_pb_column][\/et_pb_row][\/et_pb_section]<\/p>\n","protected":false},"excerpt":{"rendered":"<p>proveedor de tubos y tubos de cart\u00f3n, n\u00facleos y bobinasEst\u00e1s buscando un \u00bfunproveedor fiable y certificado detubos decart\u00f3n que satisfaga tus necesidades con productos personalizados y de calidad? Tubitex, desde hace m\u00e1s de 40 a\u00f1os, proporciona a sus clientes grandes conocimientos y experiencia en producci\u00f3n y suministro de tubos, mandriles y bobinas de cart\u00f3n a [&hellip;]<\/p>\n","protected":false},"author":1,"featured_media":0,"parent":0,"menu_order":0,"comment_status":"closed","ping_status":"closed","template":"","meta":{"_acf_changed":false,"_et_pb_use_builder":"on","_et_pb_old_content":"","_et_gb_content_width":"","inline_featured_image":false,"footnotes":""},"categories":[],"class_list":["post-8601","page","type-page","status-publish","hentry"],"acf":[],"yoast_head":"<!-- This site is optimized with the Yoast SEO plugin v27.1.1 - https:\/\/yoast.com\/product\/yoast-seo-wordpress\/ -->\n<title>proveedor de tubos, mandriles y bobinas de cart\u00f3n - Tubitex<\/title>\n<meta name=\"robots\" content=\"index, follow, max-snippet:-1, max-image-preview:large, max-video-preview:-1\" \/>\n<link rel=\"canonical\" href=\"https:\/\/www.tubitex.com\/es\/proveedor-de-tubos-mandriles-y-bobinas-de-carton\/\" \/>\n<meta property=\"og:locale\" content=\"es_ES\" \/>\n<meta property=\"og:type\" content=\"article\" \/>\n<meta property=\"og:title\" content=\"proveedor de tubos, mandriles y bobinas de cart\u00f3n - Tubitex\" \/>\n<meta property=\"og:description\" content=\"proveedor de tubos y tubos de cart\u00f3n, n\u00facleos y bobinasEst\u00e1s buscando un \u00bfunproveedor fiable y certificado detubos decart\u00f3n que satisfaga tus necesidades con productos personalizados y de calidad? Tubitex, desde hace m\u00e1s de 40 a\u00f1os, proporciona a sus clientes grandes conocimientos y experiencia en producci\u00f3n y suministro de tubos, mandriles y bobinas de cart\u00f3n a [&hellip;]\" \/>\n<meta property=\"og:url\" content=\"https:\/\/www.tubitex.com\/es\/proveedor-de-tubos-mandriles-y-bobinas-de-carton\/\" \/>\n<meta property=\"og:site_name\" content=\"Tubitex\" \/>\n<meta property=\"article:modified_time\" content=\"2024-11-28T09:25:39+00:00\" \/>\n<meta name=\"twitter:card\" content=\"summary_large_image\" \/>\n<meta name=\"twitter:label1\" content=\"Tiempo de lectura\" \/>\n\t<meta name=\"twitter:data1\" content=\"6 minutos\" \/>\n<script type=\"application\/ld+json\" class=\"yoast-schema-graph\">{\"@context\":\"https:\/\/schema.org\",\"@graph\":[{\"@type\":\"WebPage\",\"@id\":\"https:\/\/www.tubitex.com\/es\/proveedor-de-tubos-mandriles-y-bobinas-de-carton\/\",\"url\":\"https:\/\/www.tubitex.com\/es\/proveedor-de-tubos-mandriles-y-bobinas-de-carton\/\",\"name\":\"proveedor de tubos, mandriles y bobinas de cart\u00f3n - Tubitex\",\"isPartOf\":{\"@id\":\"https:\/\/www.tubitex.com\/es\/#website\"},\"datePublished\":\"2023-05-12T15:08:51+00:00\",\"dateModified\":\"2024-11-28T09:25:39+00:00\",\"breadcrumb\":{\"@id\":\"https:\/\/www.tubitex.com\/es\/proveedor-de-tubos-mandriles-y-bobinas-de-carton\/#breadcrumb\"},\"inLanguage\":\"es\",\"potentialAction\":[{\"@type\":\"ReadAction\",\"target\":[\"https:\/\/www.tubitex.com\/es\/proveedor-de-tubos-mandriles-y-bobinas-de-carton\/\"]}]},{\"@type\":\"BreadcrumbList\",\"@id\":\"https:\/\/www.tubitex.com\/es\/proveedor-de-tubos-mandriles-y-bobinas-de-carton\/#breadcrumb\",\"itemListElement\":[{\"@type\":\"ListItem\",\"position\":1,\"name\":\"Home\",\"item\":\"https:\/\/www.tubitex.com\/es\/\"},{\"@type\":\"ListItem\",\"position\":2,\"name\":\"proveedor de tubos, mandriles y bobinas de cart\u00f3n\"}]},{\"@type\":\"WebSite\",\"@id\":\"https:\/\/www.tubitex.com\/es\/#website\",\"url\":\"https:\/\/www.tubitex.com\/es\/\",\"name\":\"Tubitex\",\"description\":\"Produzione tubi in cartone, anime e bobine di carta\",\"potentialAction\":[{\"@type\":\"SearchAction\",\"target\":{\"@type\":\"EntryPoint\",\"urlTemplate\":\"https:\/\/www.tubitex.com\/es\/?s={search_term_string}\"},\"query-input\":{\"@type\":\"PropertyValueSpecification\",\"valueRequired\":true,\"valueName\":\"search_term_string\"}}],\"inLanguage\":\"es\"}]}<\/script>\n<!-- \/ Yoast SEO plugin. -->","yoast_head_json":{"title":"proveedor de tubos, mandriles y bobinas de cart\u00f3n - Tubitex","robots":{"index":"index","follow":"follow","max-snippet":"max-snippet:-1","max-image-preview":"max-image-preview:large","max-video-preview":"max-video-preview:-1"},"canonical":"https:\/\/www.tubitex.com\/es\/proveedor-de-tubos-mandriles-y-bobinas-de-carton\/","og_locale":"es_ES","og_type":"article","og_title":"proveedor de tubos, mandriles y bobinas de cart\u00f3n - Tubitex","og_description":"proveedor de tubos y tubos de cart\u00f3n, n\u00facleos y bobinasEst\u00e1s buscando un \u00bfunproveedor fiable y certificado detubos decart\u00f3n que satisfaga tus necesidades con productos personalizados y de calidad? Tubitex, desde hace m\u00e1s de 40 a\u00f1os, proporciona a sus clientes grandes conocimientos y experiencia en producci\u00f3n y suministro de tubos, mandriles y bobinas de cart\u00f3n a [&hellip;]","og_url":"https:\/\/www.tubitex.com\/es\/proveedor-de-tubos-mandriles-y-bobinas-de-carton\/","og_site_name":"Tubitex","article_modified_time":"2024-11-28T09:25:39+00:00","twitter_card":"summary_large_image","twitter_misc":{"Tiempo de lectura":"6 minutos"},"schema":{"@context":"https:\/\/schema.org","@graph":[{"@type":"WebPage","@id":"https:\/\/www.tubitex.com\/es\/proveedor-de-tubos-mandriles-y-bobinas-de-carton\/","url":"https:\/\/www.tubitex.com\/es\/proveedor-de-tubos-mandriles-y-bobinas-de-carton\/","name":"proveedor de tubos, mandriles y bobinas de cart\u00f3n - Tubitex","isPartOf":{"@id":"https:\/\/www.tubitex.com\/es\/#website"},"datePublished":"2023-05-12T15:08:51+00:00","dateModified":"2024-11-28T09:25:39+00:00","breadcrumb":{"@id":"https:\/\/www.tubitex.com\/es\/proveedor-de-tubos-mandriles-y-bobinas-de-carton\/#breadcrumb"},"inLanguage":"es","potentialAction":[{"@type":"ReadAction","target":["https:\/\/www.tubitex.com\/es\/proveedor-de-tubos-mandriles-y-bobinas-de-carton\/"]}]},{"@type":"BreadcrumbList","@id":"https:\/\/www.tubitex.com\/es\/proveedor-de-tubos-mandriles-y-bobinas-de-carton\/#breadcrumb","itemListElement":[{"@type":"ListItem","position":1,"name":"Home","item":"https:\/\/www.tubitex.com\/es\/"},{"@type":"ListItem","position":2,"name":"proveedor de tubos, mandriles y bobinas de cart\u00f3n"}]},{"@type":"WebSite","@id":"https:\/\/www.tubitex.com\/es\/#website","url":"https:\/\/www.tubitex.com\/es\/","name":"Tubitex","description":"Produzione tubi in cartone, anime e bobine di carta","potentialAction":[{"@type":"SearchAction","target":{"@type":"EntryPoint","urlTemplate":"https:\/\/www.tubitex.com\/es\/?s={search_term_string}"},"query-input":{"@type":"PropertyValueSpecification","valueRequired":true,"valueName":"search_term_string"}}],"inLanguage":"es"}]}},"_links":{"self":[{"href":"https:\/\/www.tubitex.com\/es\/wp-json\/wp\/v2\/pages\/8601","targetHints":{"allow":["GET"]}}],"collection":[{"href":"https:\/\/www.tubitex.com\/es\/wp-json\/wp\/v2\/pages"}],"about":[{"href":"https:\/\/www.tubitex.com\/es\/wp-json\/wp\/v2\/types\/page"}],"author":[{"embeddable":true,"href":"https:\/\/www.tubitex.com\/es\/wp-json\/wp\/v2\/users\/1"}],"replies":[{"embeddable":true,"href":"https:\/\/www.tubitex.com\/es\/wp-json\/wp\/v2\/comments?post=8601"}],"version-history":[{"count":5,"href":"https:\/\/www.tubitex.com\/es\/wp-json\/wp\/v2\/pages\/8601\/revisions"}],"predecessor-version":[{"id":8704,"href":"https:\/\/www.tubitex.com\/es\/wp-json\/wp\/v2\/pages\/8601\/revisions\/8704"}],"wp:attachment":[{"href":"https:\/\/www.tubitex.com\/es\/wp-json\/wp\/v2\/media?parent=8601"}],"wp:term":[{"taxonomy":"category","embeddable":true,"href":"https:\/\/www.tubitex.com\/es\/wp-json\/wp\/v2\/categories?post=8601"}],"curies":[{"name":"wp","href":"https:\/\/api.w.org\/{rel}","templated":true}]}}