{"id":8598,"date":"2022-10-27T09:38:47","date_gmt":"2022-10-27T09:38:47","guid":{"rendered":"https:\/\/www.tubitex.com\/socios\/"},"modified":"2024-11-27T11:34:11","modified_gmt":"2024-11-27T11:34:11","slug":"socios","status":"publish","type":"page","link":"https:\/\/www.tubitex.com\/es\/socios\/","title":{"rendered":"Socios"},"content":{"rendered":"<p>[et_pb_section fb_built=\u00bb1&#8243; admin_label=\u00bbHero\u00bb _builder_version=\u00bb4.17.4&#8243; _module_preset=\u00bbdefault\u00bb use_background_color_gradient=\u00bbon\u00bb background_color_gradient_type=\u00bbcircular\u00bb background_color_gradient_direction_radial=\u00bbtop right\u00bb background_color_gradient_stops=\u00bb#210b00 10%|rgba(33,25,21,0) 100%\u00bb background_color_gradient_overlays_image=\u00bbon\u00bb background_color_gradient_start=\u00bb#210b00&#8243; background_color_gradient_start_position=\u00bb10%\u00bb background_color_gradient_end=\u00bbrgba(33,25,21,0)\u00bb background_image=\u00bbhttps:\/\/www.tubitex.com\/wp-content\/uploads\/2022\/10\/slide-partner.png\u00bb custom_padding=\u00bb80px|0|80px||true|false\u00bb hover_enabled=\u00bb0&#8243; global_colors_info=\u00bb{}\u00bb locked=\u00bboff\u00bb background_color=\u00bbRGBA(255,255,255,0)\u00bb title_text=\u00bbslide-partner\u00bb sticky_enabled=\u00bb0&#8243;][et_pb_row _builder_version=\u00bb4.16&#8243; _module_preset=\u00bbdefault\u00bb custom_padding=\u00bb27px|0px|27px|0px|false|false\u00bb global_colors_info=\u00bb{}\u00bb][et_pb_column type=\u00bb4_4&#8243; _builder_version=\u00bb4.16&#8243; _module_preset=\u00bbdefault\u00bb custom_padding=\u00bb|||\u00bb global_colors_info=\u00bb{}\u00bb custom_padding__hover=\u00bb|||\u00bb][et_pb_text _builder_version=\u00bb4.17.4&#8243; _module_preset=\u00bbdefault\u00bb text_font=\u00bbOpen Sans||||||||\u00bb text_font_size=\u00bb20px\u00bb text_line_height=\u00bb2em\u00bb header_font=\u00bbOpen Sans|800||on|||||\u00bb header_font_size=\u00bb50px\u00bb header_line_height=\u00bb1.4em\u00bb background_layout=\u00bbdark\u00bb max_width=\u00bb900px\u00bb text_font_size_tablet=\u00bb\u00bb text_font_size_phone=\u00bb16px\u00bb text_font_size_last_edited=\u00bbon|phone\u00bb header_font_size_tablet=\u00bb44px\u00bb header_font_size_phone=\u00bb24px\u00bb header_font_size_last_edited=\u00bbon|desktop\u00bb header_line_height_tablet=\u00bb1.4em\u00bb header_line_height_phone=\u00bb1.4em\u00bb header_line_height_last_edited=\u00bbon|desktop\u00bb global_colors_info=\u00bb{}\u00bb]<\/p>\n<h1>SOCIO<\/h1>\n<p>&nbsp;<\/p>\n<p>[\/et_pb_text][\/et_pb_column][\/et_pb_row][\/et_pb_section][et_pb_section fb_built=\u00bb1&#8243; _builder_version=\u00bb4.17.4&#8243; _module_preset=\u00bbdefault\u00bb custom_padding=\u00bb||80px|||\u00bb global_colors_info=\u00bb{}\u00bb][et_pb_row _builder_version=\u00bb4.17.4&#8243; _module_preset=\u00bbdefault\u00bb global_colors_info=\u00bb{}\u00bb][et_pb_column type=\u00bb4_4&#8243; _builder_version=\u00bb4.17.4&#8243; _module_preset=\u00bbdefault\u00bb global_colors_info=\u00bb{}\u00bb][et_pb_text _builder_version=\u00bb4.17.4&#8243; _module_preset=\u00bbdefault\u00bb text_font=\u00bbMontserrat|300|||||||\u00bb text_text_color=\u00bb#000000&#8243; text_font_size=\u00bb16px\u00bb text_line_height=\u00bb19px\u00bb hover_enabled=\u00bb0&#8243; global_colors_info=\u00bb{}\u00bb sticky_enabled=\u00bb0&#8243;]<\/p>\n<p>La eficaz colaboraci\u00f3n entre TUBITEX y otras empresas asociadas ha permitido a la empresa situarse a la vanguardia de los fabricantes europeos de tubos y machos de cart\u00f3n. En particular, el vanguardista proyecto de sinergia con el consorcio Nord Est Packaging y el Distrito Mecatr\u00f3nico, posible tambi\u00e9n gracias al apoyo financiero de la Regi\u00f3n del V\u00e9neto, ha elevado el nivel tecnol\u00f3gico del sector de producci\u00f3n de tubos en espiral y se ha convertido en el objetivo de todos nuestros competidores. <\/p>\n<p>[\/et_pb_text][\/et_pb_column][\/et_pb_row][et_pb_row column_structure=\u00bb1_5,1_5,1_5,1_5,1_5&#8243; _builder_version=\u00bb4.17.4&#8243; _module_preset=\u00bbdefault\u00bb custom_margin=\u00bb30px|auto||auto||\u00bb global_colors_info=\u00bb{}\u00bb][et_pb_column type=\u00bb1_5&#8243; _builder_version=\u00bb4.17.4&#8243; _module_preset=\u00bbdefault\u00bb global_colors_info=\u00bb{}\u00bb][et_pb_image src=\u00bbhttps:\/\/www.tubitex.com\/wp-content\/uploads\/2022\/10\/logo1.png\u00bb title_text=\u00bblogo1&#8243; _builder_version=\u00bb4.17.4&#8243; _module_preset=\u00bbdefault\u00bb global_colors_info=\u00bb{}\u00bb][\/et_pb_image][\/et_pb_column][et_pb_column type=\u00bb1_5&#8243; _builder_version=\u00bb4.17.4&#8243; _module_preset=\u00bbdefault\u00bb global_colors_info=\u00bb{}\u00bb][et_pb_image src=\u00bbhttps:\/\/www.tubitex.com\/wp-content\/uploads\/2022\/10\/logo2.png\u00bb title_text=\u00bblogo2&#8243; _builder_version=\u00bb4.17.4&#8243; _module_preset=\u00bbdefault\u00bb global_colors_info=\u00bb{}\u00bb][\/et_pb_image][\/et_pb_column][et_pb_column type=\u00bb1_5&#8243; _builder_version=\u00bb4.17.4&#8243; _module_preset=\u00bbdefault\u00bb global_colors_info=\u00bb{}\u00bb][et_pb_image src=\u00bbhttps:\/\/www.tubitex.com\/wp-content\/uploads\/2022\/10\/logo3.png\u00bb title_text=\u00bblogo3&#8243; _builder_version=\u00bb4.17.4&#8243; _module_preset=\u00bbdefault\u00bb global_colors_info=\u00bb{}\u00bb][\/et_pb_image][\/et_pb_column][et_pb_column type=\u00bb1_5&#8243; _builder_version=\u00bb4.17.4&#8243; _module_preset=\u00bbdefault\u00bb global_colors_info=\u00bb{}\u00bb][et_pb_image src=\u00bbhttps:\/\/www.tubitex.com\/wp-content\/uploads\/2022\/10\/logo4.png\u00bb title_text=\u00bblogo4&#8243; _builder_version=\u00bb4.17.4&#8243; _module_preset=\u00bbdefault\u00bb global_colors_info=\u00bb{}\u00bb][\/et_pb_image][\/et_pb_column][et_pb_column type=\u00bb1_5&#8243; _builder_version=\u00bb4.17.4&#8243; _module_preset=\u00bbdefault\u00bb global_colors_info=\u00bb{}\u00bb][et_pb_image src=\u00bbhttps:\/\/www.tubitex.com\/wp-content\/uploads\/2022\/10\/logo5.png\u00bb title_text=\u00bblogo5&#8243; _builder_version=\u00bb4.17.4&#8243; _module_preset=\u00bbdefault\u00bb global_colors_info=\u00bb{}\u00bb][\/et_pb_image][\/et_pb_column][\/et_pb_row][\/et_pb_section]<\/p>\n","protected":false},"excerpt":{"rendered":"<p>SOCIO &nbsp;La eficaz colaboraci\u00f3n entre TUBITEX y otras empresas asociadas ha permitido a la empresa situarse a la vanguardia de los fabricantes europeos de tubos y machos de cart\u00f3n. En particular, el vanguardista proyecto de sinergia con el consorcio Nord Est Packaging y el Distrito Mecatr\u00f3nico, posible tambi\u00e9n gracias al apoyo financiero de la Regi\u00f3n [&hellip;]<\/p>\n","protected":false},"author":1,"featured_media":0,"parent":0,"menu_order":0,"comment_status":"closed","ping_status":"closed","template":"","meta":{"_acf_changed":false,"_et_pb_use_builder":"on","_et_pb_old_content":"","_et_gb_content_width":"","inline_featured_image":false,"footnotes":""},"categories":[],"class_list":["post-8598","page","type-page","status-publish","hentry"],"acf":[],"yoast_head":"<!-- This site is optimized with the Yoast SEO plugin v27.1.1 - https:\/\/yoast.com\/product\/yoast-seo-wordpress\/ -->\n<title>Socios - Tubitex<\/title>\n<meta name=\"robots\" content=\"index, follow, max-snippet:-1, max-image-preview:large, max-video-preview:-1\" \/>\n<link rel=\"canonical\" href=\"https:\/\/www.tubitex.com\/es\/socios\/\" \/>\n<meta property=\"og:locale\" content=\"es_ES\" \/>\n<meta property=\"og:type\" content=\"article\" \/>\n<meta property=\"og:title\" content=\"Socios - Tubitex\" \/>\n<meta property=\"og:description\" content=\"SOCIO &nbsp;La eficaz colaboraci\u00f3n entre TUBITEX y otras empresas asociadas ha permitido a la empresa situarse a la vanguardia de los fabricantes europeos de tubos y machos de cart\u00f3n. En particular, el vanguardista proyecto de sinergia con el consorcio Nord Est Packaging y el Distrito Mecatr\u00f3nico, posible tambi\u00e9n gracias al apoyo financiero de la Regi\u00f3n [&hellip;]\" \/>\n<meta property=\"og:url\" content=\"https:\/\/www.tubitex.com\/es\/socios\/\" \/>\n<meta property=\"og:site_name\" content=\"Tubitex\" \/>\n<meta property=\"article:modified_time\" content=\"2024-11-27T11:34:11+00:00\" \/>\n<meta name=\"twitter:card\" content=\"summary_large_image\" \/>\n<meta name=\"twitter:label1\" content=\"Tiempo de lectura\" \/>\n\t<meta name=\"twitter:data1\" content=\"3 minutos\" \/>\n<script type=\"application\/ld+json\" class=\"yoast-schema-graph\">{\"@context\":\"https:\/\/schema.org\",\"@graph\":[{\"@type\":\"WebPage\",\"@id\":\"https:\/\/www.tubitex.com\/es\/socios\/\",\"url\":\"https:\/\/www.tubitex.com\/es\/socios\/\",\"name\":\"Socios - Tubitex\",\"isPartOf\":{\"@id\":\"https:\/\/www.tubitex.com\/es\/#website\"},\"datePublished\":\"2022-10-27T09:38:47+00:00\",\"dateModified\":\"2024-11-27T11:34:11+00:00\",\"breadcrumb\":{\"@id\":\"https:\/\/www.tubitex.com\/es\/socios\/#breadcrumb\"},\"inLanguage\":\"es\",\"potentialAction\":[{\"@type\":\"ReadAction\",\"target\":[\"https:\/\/www.tubitex.com\/es\/socios\/\"]}]},{\"@type\":\"BreadcrumbList\",\"@id\":\"https:\/\/www.tubitex.com\/es\/socios\/#breadcrumb\",\"itemListElement\":[{\"@type\":\"ListItem\",\"position\":1,\"name\":\"Home\",\"item\":\"https:\/\/www.tubitex.com\/es\/\"},{\"@type\":\"ListItem\",\"position\":2,\"name\":\"Socios\"}]},{\"@type\":\"WebSite\",\"@id\":\"https:\/\/www.tubitex.com\/es\/#website\",\"url\":\"https:\/\/www.tubitex.com\/es\/\",\"name\":\"Tubitex\",\"description\":\"Produzione tubi in cartone, anime e bobine di carta\",\"potentialAction\":[{\"@type\":\"SearchAction\",\"target\":{\"@type\":\"EntryPoint\",\"urlTemplate\":\"https:\/\/www.tubitex.com\/es\/?s={search_term_string}\"},\"query-input\":{\"@type\":\"PropertyValueSpecification\",\"valueRequired\":true,\"valueName\":\"search_term_string\"}}],\"inLanguage\":\"es\"}]}<\/script>\n<!-- \/ Yoast SEO plugin. -->","yoast_head_json":{"title":"Socios - Tubitex","robots":{"index":"index","follow":"follow","max-snippet":"max-snippet:-1","max-image-preview":"max-image-preview:large","max-video-preview":"max-video-preview:-1"},"canonical":"https:\/\/www.tubitex.com\/es\/socios\/","og_locale":"es_ES","og_type":"article","og_title":"Socios - Tubitex","og_description":"SOCIO &nbsp;La eficaz colaboraci\u00f3n entre TUBITEX y otras empresas asociadas ha permitido a la empresa situarse a la vanguardia de los fabricantes europeos de tubos y machos de cart\u00f3n. En particular, el vanguardista proyecto de sinergia con el consorcio Nord Est Packaging y el Distrito Mecatr\u00f3nico, posible tambi\u00e9n gracias al apoyo financiero de la Regi\u00f3n [&hellip;]","og_url":"https:\/\/www.tubitex.com\/es\/socios\/","og_site_name":"Tubitex","article_modified_time":"2024-11-27T11:34:11+00:00","twitter_card":"summary_large_image","twitter_misc":{"Tiempo de lectura":"3 minutos"},"schema":{"@context":"https:\/\/schema.org","@graph":[{"@type":"WebPage","@id":"https:\/\/www.tubitex.com\/es\/socios\/","url":"https:\/\/www.tubitex.com\/es\/socios\/","name":"Socios - Tubitex","isPartOf":{"@id":"https:\/\/www.tubitex.com\/es\/#website"},"datePublished":"2022-10-27T09:38:47+00:00","dateModified":"2024-11-27T11:34:11+00:00","breadcrumb":{"@id":"https:\/\/www.tubitex.com\/es\/socios\/#breadcrumb"},"inLanguage":"es","potentialAction":[{"@type":"ReadAction","target":["https:\/\/www.tubitex.com\/es\/socios\/"]}]},{"@type":"BreadcrumbList","@id":"https:\/\/www.tubitex.com\/es\/socios\/#breadcrumb","itemListElement":[{"@type":"ListItem","position":1,"name":"Home","item":"https:\/\/www.tubitex.com\/es\/"},{"@type":"ListItem","position":2,"name":"Socios"}]},{"@type":"WebSite","@id":"https:\/\/www.tubitex.com\/es\/#website","url":"https:\/\/www.tubitex.com\/es\/","name":"Tubitex","description":"Produzione tubi in cartone, anime e bobine di carta","potentialAction":[{"@type":"SearchAction","target":{"@type":"EntryPoint","urlTemplate":"https:\/\/www.tubitex.com\/es\/?s={search_term_string}"},"query-input":{"@type":"PropertyValueSpecification","valueRequired":true,"valueName":"search_term_string"}}],"inLanguage":"es"}]}},"_links":{"self":[{"href":"https:\/\/www.tubitex.com\/es\/wp-json\/wp\/v2\/pages\/8598","targetHints":{"allow":["GET"]}}],"collection":[{"href":"https:\/\/www.tubitex.com\/es\/wp-json\/wp\/v2\/pages"}],"about":[{"href":"https:\/\/www.tubitex.com\/es\/wp-json\/wp\/v2\/types\/page"}],"author":[{"embeddable":true,"href":"https:\/\/www.tubitex.com\/es\/wp-json\/wp\/v2\/users\/1"}],"replies":[{"embeddable":true,"href":"https:\/\/www.tubitex.com\/es\/wp-json\/wp\/v2\/comments?post=8598"}],"version-history":[{"count":5,"href":"https:\/\/www.tubitex.com\/es\/wp-json\/wp\/v2\/pages\/8598\/revisions"}],"predecessor-version":[{"id":8606,"href":"https:\/\/www.tubitex.com\/es\/wp-json\/wp\/v2\/pages\/8598\/revisions\/8606"}],"wp:attachment":[{"href":"https:\/\/www.tubitex.com\/es\/wp-json\/wp\/v2\/media?parent=8598"}],"wp:term":[{"taxonomy":"category","embeddable":true,"href":"https:\/\/www.tubitex.com\/es\/wp-json\/wp\/v2\/categories?post=8598"}],"curies":[{"name":"wp","href":"https:\/\/api.w.org\/{rel}","templated":true}]}}