{"id":8595,"date":"2023-09-12T10:07:45","date_gmt":"2023-09-12T10:07:45","guid":{"rendered":"https:\/\/www.tubitex.com\/requisitos-de-divulgacion-de-los-desembolsos-publicos\/"},"modified":"2024-11-27T11:13:44","modified_gmt":"2024-11-27T11:13:44","slug":"requisitos-de-divulgacion-de-los-desembolsos-publicos","status":"publish","type":"page","link":"https:\/\/www.tubitex.com\/es\/requisitos-de-divulgacion-de-los-desembolsos-publicos\/","title":{"rendered":"Requisitos de divulgaci\u00f3n de los desembolsos p\u00fablicos"},"content":{"rendered":"<p>[et_pb_section fb_built=\u00bb1&#8243; admin_label=\u00bbsection\u00bb _builder_version=\u00bb4.16&#8243; global_colors_info=\u00bb{}\u00bb][et_pb_row admin_label=\u00bbfila\u00bb _builder_version=\u00bb4.16&#8243; background_size=\u00bbinitial\u00bb background_position=\u00bbtop_left\u00bb background_repeat=\u00bbrepeat\u00bb global_colors_info=\u00bb{}\u00bb][et_pb_column type=\u00bb4_4&#8243; _builder_version=\u00bb4.16&#8243; custom_padding=\u00bb|||\u00bb global_colors_info=\u00bb{}\u00bb custom_padding__hover=\u00bb|||\u00bb][et_pb_text admin_label=\u00bbText\u00bb _builder_version=\u00bb4.17.4&#8243; background_size=\u00bbinitial\u00bb background_position=\u00bbtop_left\u00bb background_repeat=\u00bbrepeat\u00bb hover_enabled=\u00bb0&#8243; global_colors_info=\u00bb{}\u00bb sticky_enabled=\u00bb0&#8243;]<\/p>\n<div id=\"left-area\">\n<article id=\"post-6504\" class=\"post-6504 page type-page status-publish hentry\">\n<h1 class=\"entry-title main_title\">Requisitos de divulgaci\u00f3n de los desembolsos p\u00fablicos<\/h1>\n<div class=\"entry-content\">\n<p>Las ayudas de Estado y ayudas de minimis recibidas por nuestra empresa est\u00e1n recogidas en el Registro Nacional de Ayudas de Estado al que se refiere el art\u00edculo 52 de la Ley 234\/2012 al que nos remitimos, y pueden consultarse en el siguiente enlace: <a href=\"https:\/\/www.rna.gov.it\/RegistroNazionaleTrasparenza\/faces\/pages\/TrasparenzaAiuto.jspx\">RNA Transparencia Ayudas<\/a> <\/p>\n<\/div>\n<\/article>\n<\/div>\n<p>[\/et_pb_text][\/et_pb_column][\/et_pb_row][\/et_pb_section]<\/p>\n","protected":false},"excerpt":{"rendered":"<p>Requisitos de divulgaci\u00f3n de los desembolsos p\u00fablicos Las ayudas de Estado y ayudas de minimis recibidas por nuestra empresa est\u00e1n recogidas en el Registro Nacional de Ayudas de Estado al que se refiere el art\u00edculo 52 de la Ley 234\/2012 al que nos remitimos, y pueden consultarse en el siguiente enlace: RNA Transparencia Ayudas<\/p>\n","protected":false},"author":1,"featured_media":0,"parent":0,"menu_order":0,"comment_status":"closed","ping_status":"closed","template":"","meta":{"_acf_changed":false,"_et_pb_use_builder":"on","_et_pb_old_content":"","_et_gb_content_width":"","inline_featured_image":false,"footnotes":""},"categories":[],"class_list":["post-8595","page","type-page","status-publish","hentry"],"acf":[],"yoast_head":"<!-- This site is optimized with the Yoast SEO plugin v27.1.1 - https:\/\/yoast.com\/product\/yoast-seo-wordpress\/ -->\n<title>Requisitos de divulgaci\u00f3n de los desembolsos p\u00fablicos - Tubitex<\/title>\n<meta name=\"robots\" content=\"index, follow, max-snippet:-1, max-image-preview:large, max-video-preview:-1\" \/>\n<link rel=\"canonical\" href=\"https:\/\/www.tubitex.com\/es\/requisitos-de-divulgacion-de-los-desembolsos-publicos\/\" \/>\n<meta property=\"og:locale\" content=\"es_ES\" \/>\n<meta property=\"og:type\" content=\"article\" \/>\n<meta property=\"og:title\" content=\"Requisitos de divulgaci\u00f3n de los desembolsos p\u00fablicos - Tubitex\" \/>\n<meta property=\"og:description\" content=\"Requisitos de divulgaci\u00f3n de los desembolsos p\u00fablicos Las ayudas de Estado y ayudas de minimis recibidas por nuestra empresa est\u00e1n recogidas en el Registro Nacional de Ayudas de Estado al que se refiere el art\u00edculo 52 de la Ley 234\/2012 al que nos remitimos, y pueden consultarse en el siguiente enlace: RNA Transparencia Ayudas\" \/>\n<meta property=\"og:url\" content=\"https:\/\/www.tubitex.com\/es\/requisitos-de-divulgacion-de-los-desembolsos-publicos\/\" \/>\n<meta property=\"og:site_name\" content=\"Tubitex\" \/>\n<meta property=\"article:modified_time\" content=\"2024-11-27T11:13:44+00:00\" \/>\n<meta name=\"twitter:card\" content=\"summary_large_image\" \/>\n<meta name=\"twitter:label1\" content=\"Tiempo de lectura\" \/>\n\t<meta name=\"twitter:data1\" content=\"1 minuto\" \/>\n<script type=\"application\/ld+json\" class=\"yoast-schema-graph\">{\"@context\":\"https:\/\/schema.org\",\"@graph\":[{\"@type\":\"WebPage\",\"@id\":\"https:\/\/www.tubitex.com\/es\/requisitos-de-divulgacion-de-los-desembolsos-publicos\/\",\"url\":\"https:\/\/www.tubitex.com\/es\/requisitos-de-divulgacion-de-los-desembolsos-publicos\/\",\"name\":\"Requisitos de divulgaci\u00f3n de los desembolsos p\u00fablicos - Tubitex\",\"isPartOf\":{\"@id\":\"https:\/\/www.tubitex.com\/es\/#website\"},\"datePublished\":\"2023-09-12T10:07:45+00:00\",\"dateModified\":\"2024-11-27T11:13:44+00:00\",\"breadcrumb\":{\"@id\":\"https:\/\/www.tubitex.com\/es\/requisitos-de-divulgacion-de-los-desembolsos-publicos\/#breadcrumb\"},\"inLanguage\":\"es\",\"potentialAction\":[{\"@type\":\"ReadAction\",\"target\":[\"https:\/\/www.tubitex.com\/es\/requisitos-de-divulgacion-de-los-desembolsos-publicos\/\"]}]},{\"@type\":\"BreadcrumbList\",\"@id\":\"https:\/\/www.tubitex.com\/es\/requisitos-de-divulgacion-de-los-desembolsos-publicos\/#breadcrumb\",\"itemListElement\":[{\"@type\":\"ListItem\",\"position\":1,\"name\":\"Home\",\"item\":\"https:\/\/www.tubitex.com\/es\/\"},{\"@type\":\"ListItem\",\"position\":2,\"name\":\"Requisitos de divulgaci\u00f3n de los desembolsos p\u00fablicos\"}]},{\"@type\":\"WebSite\",\"@id\":\"https:\/\/www.tubitex.com\/es\/#website\",\"url\":\"https:\/\/www.tubitex.com\/es\/\",\"name\":\"Tubitex\",\"description\":\"Produzione tubi in cartone, anime e bobine di carta\",\"potentialAction\":[{\"@type\":\"SearchAction\",\"target\":{\"@type\":\"EntryPoint\",\"urlTemplate\":\"https:\/\/www.tubitex.com\/es\/?s={search_term_string}\"},\"query-input\":{\"@type\":\"PropertyValueSpecification\",\"valueRequired\":true,\"valueName\":\"search_term_string\"}}],\"inLanguage\":\"es\"}]}<\/script>\n<!-- \/ Yoast SEO plugin. -->","yoast_head_json":{"title":"Requisitos de divulgaci\u00f3n de los desembolsos p\u00fablicos - Tubitex","robots":{"index":"index","follow":"follow","max-snippet":"max-snippet:-1","max-image-preview":"max-image-preview:large","max-video-preview":"max-video-preview:-1"},"canonical":"https:\/\/www.tubitex.com\/es\/requisitos-de-divulgacion-de-los-desembolsos-publicos\/","og_locale":"es_ES","og_type":"article","og_title":"Requisitos de divulgaci\u00f3n de los desembolsos p\u00fablicos - Tubitex","og_description":"Requisitos de divulgaci\u00f3n de los desembolsos p\u00fablicos Las ayudas de Estado y ayudas de minimis recibidas por nuestra empresa est\u00e1n recogidas en el Registro Nacional de Ayudas de Estado al que se refiere el art\u00edculo 52 de la Ley 234\/2012 al que nos remitimos, y pueden consultarse en el siguiente enlace: RNA Transparencia Ayudas","og_url":"https:\/\/www.tubitex.com\/es\/requisitos-de-divulgacion-de-los-desembolsos-publicos\/","og_site_name":"Tubitex","article_modified_time":"2024-11-27T11:13:44+00:00","twitter_card":"summary_large_image","twitter_misc":{"Tiempo de lectura":"1 minuto"},"schema":{"@context":"https:\/\/schema.org","@graph":[{"@type":"WebPage","@id":"https:\/\/www.tubitex.com\/es\/requisitos-de-divulgacion-de-los-desembolsos-publicos\/","url":"https:\/\/www.tubitex.com\/es\/requisitos-de-divulgacion-de-los-desembolsos-publicos\/","name":"Requisitos de divulgaci\u00f3n de los desembolsos p\u00fablicos - Tubitex","isPartOf":{"@id":"https:\/\/www.tubitex.com\/es\/#website"},"datePublished":"2023-09-12T10:07:45+00:00","dateModified":"2024-11-27T11:13:44+00:00","breadcrumb":{"@id":"https:\/\/www.tubitex.com\/es\/requisitos-de-divulgacion-de-los-desembolsos-publicos\/#breadcrumb"},"inLanguage":"es","potentialAction":[{"@type":"ReadAction","target":["https:\/\/www.tubitex.com\/es\/requisitos-de-divulgacion-de-los-desembolsos-publicos\/"]}]},{"@type":"BreadcrumbList","@id":"https:\/\/www.tubitex.com\/es\/requisitos-de-divulgacion-de-los-desembolsos-publicos\/#breadcrumb","itemListElement":[{"@type":"ListItem","position":1,"name":"Home","item":"https:\/\/www.tubitex.com\/es\/"},{"@type":"ListItem","position":2,"name":"Requisitos de divulgaci\u00f3n de los desembolsos p\u00fablicos"}]},{"@type":"WebSite","@id":"https:\/\/www.tubitex.com\/es\/#website","url":"https:\/\/www.tubitex.com\/es\/","name":"Tubitex","description":"Produzione tubi in cartone, anime e bobine di carta","potentialAction":[{"@type":"SearchAction","target":{"@type":"EntryPoint","urlTemplate":"https:\/\/www.tubitex.com\/es\/?s={search_term_string}"},"query-input":{"@type":"PropertyValueSpecification","valueRequired":true,"valueName":"search_term_string"}}],"inLanguage":"es"}]}},"_links":{"self":[{"href":"https:\/\/www.tubitex.com\/es\/wp-json\/wp\/v2\/pages\/8595","targetHints":{"allow":["GET"]}}],"collection":[{"href":"https:\/\/www.tubitex.com\/es\/wp-json\/wp\/v2\/pages"}],"about":[{"href":"https:\/\/www.tubitex.com\/es\/wp-json\/wp\/v2\/types\/page"}],"author":[{"embeddable":true,"href":"https:\/\/www.tubitex.com\/es\/wp-json\/wp\/v2\/users\/1"}],"replies":[{"embeddable":true,"href":"https:\/\/www.tubitex.com\/es\/wp-json\/wp\/v2\/comments?post=8595"}],"version-history":[{"count":2,"href":"https:\/\/www.tubitex.com\/es\/wp-json\/wp\/v2\/pages\/8595\/revisions"}],"predecessor-version":[{"id":8597,"href":"https:\/\/www.tubitex.com\/es\/wp-json\/wp\/v2\/pages\/8595\/revisions\/8597"}],"wp:attachment":[{"href":"https:\/\/www.tubitex.com\/es\/wp-json\/wp\/v2\/media?parent=8595"}],"wp:term":[{"taxonomy":"category","embeddable":true,"href":"https:\/\/www.tubitex.com\/es\/wp-json\/wp\/v2\/categories?post=8595"}],"curies":[{"name":"wp","href":"https:\/\/api.w.org\/{rel}","templated":true}]}}