{"id":8585,"date":"2023-08-29T09:59:23","date_gmt":"2023-08-29T09:59:23","guid":{"rendered":"https:\/\/www.tubitex.com\/descarga\/"},"modified":"2024-11-08T17:01:49","modified_gmt":"2024-11-08T17:01:49","slug":"descarga","status":"publish","type":"page","link":"https:\/\/www.tubitex.com\/es\/descarga\/","title":{"rendered":"Descarga"},"content":{"rendered":"<p>[et_pb_section fb_built=\u00bb1&#8243; module_id=\u00bbcertificaciones-botones\u00bb _builder_version=\u00bb4.17.4&#8243; _module_preset=\u00bbdefault\u00bb global_colors_info=\u00bb{}\u00bb][et_pb_row _builder_version=\u00bb4.17.4&#8243; _module_preset=\u00bbdefault\u00bb global_colors_info=\u00bb{}\u00bb][et_pb_column type=\u00bb4_4&#8243; _builder_version=\u00bb4.17.4&#8243; _module_preset=\u00bbdefault\u00bb global_colors_info=\u00bb{}\u00bb][et_pb_text _builder_version=\u00bb4.23&#8243; _module_preset=\u00bbdefault\u00bb global_colors_info=\u00bb{}\u00bb]<\/p>\n<h2>Certificaciones y normativas<\/h2>\n<ul>\n<li><a href=\"\/wp-content\/uploads\/2023\/08\/politica-aziendale_rev06_15-02-2021.pdf\">Pol\u00edtica corporativa de la SGI<\/a><\/li>\n<li><a href=\"\/wp-content\/uploads\/2024\/06\/01-100-1517501_Main_IT.pdf\">Certificado ISO 9001:2015<\/a><\/li>\n<li><a href=\"\/wp-content\/uploads\/2023\/08\/01-104-1917580_main_it2.pdf\">Certificado ISO 14001:2015<\/a><\/li>\n<li><a href=\"\/wp-content\/uploads\/2023\/08\/01-213-1419932_main_it.pdf\">Certificado ISO 45001:2018<\/a><\/li>\n<li><a href=\"\/wp-content\/uploads\/2023\/08\/politica-aziendale-modello-organizzativo-231.pdf\">PAMO 231<\/a><\/li>\n<li><a href=\"\/wp-content\/uploads\/2023\/08\/ce_tubitex_rev1_09-2022.pdf\">C\u00f3digo \u00c9tico de TUBITEX<\/a><\/li>\n<li><a href=\"\/wp-content\/uploads\/2023\/08\/condizioni-generali-di-vendita-rev-03-del-07-12-16.pdf\">Condiciones Generales de Venta<\/a><\/li>\n<li><a href=\"\/wp-content\/uploads\/2023\/08\/mod-8-4-02_informativa-fornitori_rev02_del17-02-2021.pdf\">Informaci\u00f3n para proveedores<\/a><\/li>\n<\/ul>\n<p>[\/et_pb_text][\/et_pb_column][\/et_pb_row][\/et_pb_section]<\/p>\n","protected":false},"excerpt":{"rendered":"<p>Certificaciones y normativas Pol\u00edtica corporativa de la SGI Certificado ISO 9001:2015 Certificado ISO 14001:2015 Certificado ISO 45001:2018 PAMO 231 C\u00f3digo \u00c9tico de TUBITEX Condiciones Generales de Venta Informaci\u00f3n para proveedores<\/p>\n","protected":false},"author":1,"featured_media":0,"parent":0,"menu_order":0,"comment_status":"closed","ping_status":"closed","template":"","meta":{"_acf_changed":false,"_et_pb_use_builder":"on","_et_pb_old_content":"","_et_gb_content_width":"","inline_featured_image":false,"footnotes":""},"categories":[],"class_list":["post-8585","page","type-page","status-publish","hentry"],"acf":[],"yoast_head":"<!-- This site is optimized with the Yoast SEO plugin v27.1.1 - https:\/\/yoast.com\/product\/yoast-seo-wordpress\/ -->\n<title>Descarga - Tubitex<\/title>\n<meta name=\"robots\" content=\"index, follow, max-snippet:-1, max-image-preview:large, max-video-preview:-1\" \/>\n<link rel=\"canonical\" href=\"https:\/\/www.tubitex.com\/es\/descarga\/\" \/>\n<meta property=\"og:locale\" content=\"es_ES\" \/>\n<meta property=\"og:type\" content=\"article\" \/>\n<meta property=\"og:title\" content=\"Descarga - Tubitex\" \/>\n<meta property=\"og:description\" content=\"Certificaciones y normativas Pol\u00edtica corporativa de la SGI Certificado ISO 9001:2015 Certificado ISO 14001:2015 Certificado ISO 45001:2018 PAMO 231 C\u00f3digo \u00c9tico de TUBITEX Condiciones Generales de Venta Informaci\u00f3n para proveedores\" \/>\n<meta property=\"og:url\" content=\"https:\/\/www.tubitex.com\/es\/descarga\/\" \/>\n<meta property=\"og:site_name\" content=\"Tubitex\" \/>\n<meta property=\"article:modified_time\" content=\"2024-11-08T17:01:49+00:00\" \/>\n<meta name=\"twitter:card\" content=\"summary_large_image\" \/>\n<script type=\"application\/ld+json\" class=\"yoast-schema-graph\">{\"@context\":\"https:\/\/schema.org\",\"@graph\":[{\"@type\":\"WebPage\",\"@id\":\"https:\/\/www.tubitex.com\/es\/descarga\/\",\"url\":\"https:\/\/www.tubitex.com\/es\/descarga\/\",\"name\":\"Descarga - Tubitex\",\"isPartOf\":{\"@id\":\"https:\/\/www.tubitex.com\/es\/#website\"},\"datePublished\":\"2023-08-29T09:59:23+00:00\",\"dateModified\":\"2024-11-08T17:01:49+00:00\",\"breadcrumb\":{\"@id\":\"https:\/\/www.tubitex.com\/es\/descarga\/#breadcrumb\"},\"inLanguage\":\"es\",\"potentialAction\":[{\"@type\":\"ReadAction\",\"target\":[\"https:\/\/www.tubitex.com\/es\/descarga\/\"]}]},{\"@type\":\"BreadcrumbList\",\"@id\":\"https:\/\/www.tubitex.com\/es\/descarga\/#breadcrumb\",\"itemListElement\":[{\"@type\":\"ListItem\",\"position\":1,\"name\":\"Home\",\"item\":\"https:\/\/www.tubitex.com\/es\/\"},{\"@type\":\"ListItem\",\"position\":2,\"name\":\"Descarga\"}]},{\"@type\":\"WebSite\",\"@id\":\"https:\/\/www.tubitex.com\/es\/#website\",\"url\":\"https:\/\/www.tubitex.com\/es\/\",\"name\":\"Tubitex\",\"description\":\"Produzione tubi in cartone, anime e bobine di carta\",\"potentialAction\":[{\"@type\":\"SearchAction\",\"target\":{\"@type\":\"EntryPoint\",\"urlTemplate\":\"https:\/\/www.tubitex.com\/es\/?s={search_term_string}\"},\"query-input\":{\"@type\":\"PropertyValueSpecification\",\"valueRequired\":true,\"valueName\":\"search_term_string\"}}],\"inLanguage\":\"es\"}]}<\/script>\n<!-- \/ Yoast SEO plugin. -->","yoast_head_json":{"title":"Descarga - Tubitex","robots":{"index":"index","follow":"follow","max-snippet":"max-snippet:-1","max-image-preview":"max-image-preview:large","max-video-preview":"max-video-preview:-1"},"canonical":"https:\/\/www.tubitex.com\/es\/descarga\/","og_locale":"es_ES","og_type":"article","og_title":"Descarga - Tubitex","og_description":"Certificaciones y normativas Pol\u00edtica corporativa de la SGI Certificado ISO 9001:2015 Certificado ISO 14001:2015 Certificado ISO 45001:2018 PAMO 231 C\u00f3digo \u00c9tico de TUBITEX Condiciones Generales de Venta Informaci\u00f3n para proveedores","og_url":"https:\/\/www.tubitex.com\/es\/descarga\/","og_site_name":"Tubitex","article_modified_time":"2024-11-08T17:01:49+00:00","twitter_card":"summary_large_image","schema":{"@context":"https:\/\/schema.org","@graph":[{"@type":"WebPage","@id":"https:\/\/www.tubitex.com\/es\/descarga\/","url":"https:\/\/www.tubitex.com\/es\/descarga\/","name":"Descarga - Tubitex","isPartOf":{"@id":"https:\/\/www.tubitex.com\/es\/#website"},"datePublished":"2023-08-29T09:59:23+00:00","dateModified":"2024-11-08T17:01:49+00:00","breadcrumb":{"@id":"https:\/\/www.tubitex.com\/es\/descarga\/#breadcrumb"},"inLanguage":"es","potentialAction":[{"@type":"ReadAction","target":["https:\/\/www.tubitex.com\/es\/descarga\/"]}]},{"@type":"BreadcrumbList","@id":"https:\/\/www.tubitex.com\/es\/descarga\/#breadcrumb","itemListElement":[{"@type":"ListItem","position":1,"name":"Home","item":"https:\/\/www.tubitex.com\/es\/"},{"@type":"ListItem","position":2,"name":"Descarga"}]},{"@type":"WebSite","@id":"https:\/\/www.tubitex.com\/es\/#website","url":"https:\/\/www.tubitex.com\/es\/","name":"Tubitex","description":"Produzione tubi in cartone, anime e bobine di carta","potentialAction":[{"@type":"SearchAction","target":{"@type":"EntryPoint","urlTemplate":"https:\/\/www.tubitex.com\/es\/?s={search_term_string}"},"query-input":{"@type":"PropertyValueSpecification","valueRequired":true,"valueName":"search_term_string"}}],"inLanguage":"es"}]}},"_links":{"self":[{"href":"https:\/\/www.tubitex.com\/es\/wp-json\/wp\/v2\/pages\/8585","targetHints":{"allow":["GET"]}}],"collection":[{"href":"https:\/\/www.tubitex.com\/es\/wp-json\/wp\/v2\/pages"}],"about":[{"href":"https:\/\/www.tubitex.com\/es\/wp-json\/wp\/v2\/types\/page"}],"author":[{"embeddable":true,"href":"https:\/\/www.tubitex.com\/es\/wp-json\/wp\/v2\/users\/1"}],"replies":[{"embeddable":true,"href":"https:\/\/www.tubitex.com\/es\/wp-json\/wp\/v2\/comments?post=8585"}],"version-history":[{"count":2,"href":"https:\/\/www.tubitex.com\/es\/wp-json\/wp\/v2\/pages\/8585\/revisions"}],"predecessor-version":[{"id":8587,"href":"https:\/\/www.tubitex.com\/es\/wp-json\/wp\/v2\/pages\/8585\/revisions\/8587"}],"wp:attachment":[{"href":"https:\/\/www.tubitex.com\/es\/wp-json\/wp\/v2\/media?parent=8585"}],"wp:term":[{"taxonomy":"category","embeddable":true,"href":"https:\/\/www.tubitex.com\/es\/wp-json\/wp\/v2\/categories?post=8585"}],"curies":[{"name":"wp","href":"https:\/\/api.w.org\/{rel}","templated":true}]}}