{"id":8578,"date":"2023-03-10T17:01:04","date_gmt":"2023-03-10T17:01:04","guid":{"rendered":"https:\/\/www.tubitex.com\/el-medio-ambiente-esta-cerca-de-nuestros-corazones-permitenos-presentarte-nuestro-sistema-fotovoltaico\/"},"modified":"2024-11-08T16:50:31","modified_gmt":"2024-11-08T16:50:31","slug":"el-medio-ambiente-esta-cerca-de-nuestros-corazones-permitenos-presentarte-nuestro-sistema-fotovoltaico","status":"publish","type":"page","link":"https:\/\/www.tubitex.com\/es\/el-medio-ambiente-esta-cerca-de-nuestros-corazones-permitenos-presentarte-nuestro-sistema-fotovoltaico\/","title":{"rendered":"El medio ambiente est\u00e1 cerca de nuestros corazones, perm\u00edtenos presentarte nuestro sistema fotovoltaico"},"content":{"rendered":"<p>[et_pb_section fb_built=\u00bb1&#8243; admin_label=\u00bbHero\u00bb _builder_version=\u00bb4.17.4&#8243; _module_preset=\u00bbdefault\u00bb background_color=\u00bb#f8f0e7&#8243; background_enable_image=\u00bboff\u00bb custom_padding=\u00bb80px|0|0||false|false\u00bb global_colors_info=\u00bb{}\u00bb][et_pb_row use_custom_gutter=\u00bbon\u00bb gutter_width=\u00bb1&#8243; make_equal=\u00bbon\u00bb padding_top_bottom_link_2=\u00bbtrue\u00bb padding_left_right_link_2=\u00bbtrue\u00bb _builder_version=\u00bb4.17.4&#8243; _module_preset=\u00bbdefault\u00bb custom_margin=\u00bb|||\u00bb custom_padding=\u00bb27px|0px|0|0px|false|false\u00bb global_colors_info=\u00bb{}\u00bb][et_pb_column type=\u00bb4_4&#8243; _builder_version=\u00bb4.16&#8243; _module_preset=\u00bbdefault\u00bb custom_padding=\u00bb|4%|80px|\u00bb custom_padding_tablet=\u00bb||40px|\u00bb custom_padding_phone=\u00bb||40px|\u00bb custom_padding_last_edited=\u00bbon|tablet\u00bb global_colors_info=\u00bb{}\u00bb padding_tablet=\u00bb||40px|\u00bb padding_last_edited=\u00bbon|tablet\u00bb custom_padding__hover=\u00bb|||\u00bb padding_phone=\u00bb||40px|\u00bb][\/et_pb_column][\/et_pb_row][\/et_pb_section][et_pb_section fb_built=\u00bb1&#8243; admin_label=\u00bbServices Header\u00bb _builder_version=\u00bb4.16&#8243; _module_preset=\u00bbdefault\u00bb custom_padding=\u00bb0|0px|54px|0px|false|false\u00bb locked=\u00bboff\u00bb global_colors_info=\u00bb{}\u00bb][et_pb_row column_structure=\u00bb2_3,1_3&#8243; use_custom_gutter=\u00bbon\u00bb gutter_width=\u00bb1&#8243; padding_top_bottom_link_2=\u00bbtrue\u00bb padding_left_right_link_2=\u00bbtrue\u00bb _builder_version=\u00bb4.16&#8243; _module_preset=\u00bbdefault\u00bb custom_padding=\u00bb0|0px|27px|0px|false|false\u00bb animation_style=\u00bbslide\u00bb animation_direction=\u00bbtop\u00bb animation_intensity_slide=\u00bb20%\u00bb locked=\u00bboff\u00bb global_colors_info=\u00bb{}\u00bb][et_pb_column type=\u00bb2_3&#8243; _builder_version=\u00bb4.16&#8243; _module_preset=\u00bbdefault\u00bb custom_padding=\u00bb|||\u00bb global_colors_info=\u00bb{}\u00bb custom_padding__hover=\u00bb|||\u00bb][et_pb_text _builder_version=\u00bb4.17.4&#8243; _module_preset=\u00bbdefault\u00bb text_font=\u00bb||||||||\u00bb ul_font=\u00bb||||||||\u00bb ol_font=\u00bb||||||||\u00bb quote_font=\u00bb||||||||\u00bb header_font=\u00bb||||||||\u00bb header_2_font=\u00bb|800|||||||\u00bb header_2_font_size=\u00bb24px\u00bb header_2_line_height=\u00bb1.8em\u00bb header_3_font=\u00bb||||||||\u00bb header_4_font=\u00bb|800||on|||||\u00bb header_4_font_size=\u00bb16px\u00bb header_4_letter_spacing=\u00bb0.5px\u00bb header_4_line_height=\u00bb1.7em\u00bb header_5_font=\u00bb||||||||\u00bb header_6_font=\u00bb||||||||\u00bb background_color=\u00bb#efefef\u00bb padding_1_last_edited=\u00bbon|desktop\u00bb custom_padding=\u00bb30px|50px|30px|50px|true|true|20px|10%|20px|10%|true|true||on|desktop\u00bb custom_padding_tablet=\u00bb\u00bb custom_padding_phone=\u00bb20px|10%|20px|10%|true|true\u00bb custom_padding_last_edited=\u00bbon|phone\u00bb header_2_font_size_tablet=\u00bb\u00bb header_2_font_size_phone=\u00bb18px\u00bb header_2_font_size_last_edited=\u00bbon|phone\u00bb locked=\u00bboff\u00bb global_colors_info=\u00bb{}\u00bb]<\/p>\n<h4>el medio ambiente nos importa mucho,  <\/h4>\n<h2>te presentamos nuestro sistema fotovoltaico<\/h2>\n<p>[\/et_pb_text][\/et_pb_column][et_pb_column type=\u00bb1_3&#8243; _builder_version=\u00bb4.16&#8243; _module_preset=\u00bbdefault\u00bb custom_padding=\u00bb50px|50px|50px|50px\u00bb custom_padding_tablet=\u00bb50px|50px|50px|50px\u00bb custom_padding_phone=\u00bb20px|10%|20px|10%|true|true\u00bb custom_padding_last_edited=\u00bbon|phone\u00bb global_colors_info=\u00bb{}\u00bb padding_phone=\u00bb20px|10%|20px|10%|true|true\u00bb padding_last_edited=\u00bbon|phone\u00bb custom_padding__hover=\u00bb|||\u00bb][\/et_pb_column][\/et_pb_row][et_pb_row _builder_version=\u00bb4.17.4&#8243; _module_preset=\u00bbdefault\u00bb global_colors_info=\u00bb{}\u00bb][et_pb_column type=\u00bb4_4&#8243; _builder_version=\u00bb4.16&#8243; _module_preset=\u00bbdefault\u00bb custom_padding=\u00bb|||\u00bb global_colors_info=\u00bb{}\u00bb custom_padding__hover=\u00bb|||\u00bb][et_pb_text _builder_version=\u00bb4.17.4&#8243; _module_preset=\u00bbdefault\u00bb text_font=\u00bbOpen Sans||||||||\u00bb text_font_size=\u00bb16px\u00bb text_line_height=\u00bb1.8em\u00bb header_font=\u00bb||||||||\u00bb header_3_font=\u00bb|800||on|||||\u00bb header_3_text_color=\u00bb#f25b3a\u00bb header_3_font_size=\u00bb24px\u00bb header_3_line_height=\u00bb1.8em\u00bb header_3_font_size_tablet=\u00bb\u00bb header_3_font_size_phone=\u00bb18px\u00bb header_3_font_size_last_edited=\u00bbon|phone\u00bb locked=\u00bboff\u00bb global_colors_info=\u00bb{}\u00bb]<\/p>\n<p style=\"text-align: justify;\"><span>Somos capaces de conocer, respetar y gobernar los recursos naturales, nuestro verdadero e inalienable capital social. Por eso nos hemos dotado de un <\/span> <strong><span> <\/span>innovador sistema fotovoltaico<\/strong><span> que compensa el consumo energ\u00e9tico de la producci\u00f3n, pero sobre todo completa un proyecto de innovaci\u00f3n tecnol\u00f3gica sobre eficiencia energ\u00e9tica en el que hemos puesto todo nuestro empe\u00f1o.<\/span><\/p>\n<h3 style=\"text-align: justify;\"><span style=\"color: #000080;\">Planta fotovoltaica Tubitex: producci\u00f3n sostenible de tubos de cart\u00f3n<\/span><\/h3>\n<p style=\"text-align: justify;\">Inaugurada en mayo, la innovadora planta fotovoltaica se construy\u00f3 en la f\u00e1brica de Barbarano Vicentino. Perfectamente integrada en el tejado de la f\u00e1brica, produce hasta 770 kWp, unos 785.000 kwh\/a\u00f1o, una cantidad que puede satisfacer cerca del 68% de las necesidades energ\u00e9ticas de todo el proceso de producci\u00f3n de la empresa y ahorrar 67,52 TOE (toneladas equivalentes de petr\u00f3leo), evitando un total anual de 256.933 kg de CO2 a la atm\u00f3sfera. <br \/><strong>Era un proyecto muy deseado porque forma parte integrante de nuestra pol\u00edtica de empresa orientada a la protecci\u00f3n del medio ambiente y el desarrollo sostenible.<\/strong><\/p>\n<p>C<strong>reemos que la producci\u00f3n de energ\u00eda limpia y segura contribuye sustancialmente al bienestar de la zona y de la comunidad en la que opera.<\/strong> Los ingenieros responsables lograron un equilibrio perfecto en el dise\u00f1o de esta planta a pesar de que los tejados son tipol\u00f3gicamente distintos entre s\u00ed y tambi\u00e9n se caracterizan por exposiciones diferentes. De hecho, el tejado tiene partes de ca\u00f1\u00f3n y partes inclinadas. Por este motivo, se dise\u00f1\u00f3 un sistema multicadena para adaptarse a las distintas inclinaciones y orientaciones utilizando paneles de silicio policristalino y paneles con tecnolog\u00eda CIS (Diseleniuro de Cobre e Indio\u00bb -CuInSe2).  <\/p>\n<p style=\"text-align: justify;\">La planta, de acuerdo con la pol\u00edtica energ\u00e9tica de la empresa, est\u00e1 monitorizada en tiempo real los 365 d\u00edas del a\u00f1o para poder intervenir r\u00e1pidamente en caso de anomal\u00edas. En el mismo proyecto, tambi\u00e9n nos encargamos de la eliminaci\u00f3n de la antigua cubierta de amianto y su sustituci\u00f3n, completando la \u00faltima fase de un proceso que comenz\u00f3 en 2010 con un proyecto de innovaci\u00f3n tecnol\u00f3gica y mejora de la eficiencia energ\u00e9tica llevado a cabo en colaboraci\u00f3n con el Consorzio Nord Est Packaging y la Regi\u00f3n del V\u00e9neto.<\/p>\n<p>[\/et_pb_text][\/et_pb_column][\/et_pb_row][\/et_pb_section][et_pb_section fb_built=\u00bb1&#8243; admin_label=\u00bbGallery\u00bb _builder_version=\u00bb4.16&#8243; _module_preset=\u00bbdefault\u00bb custom_padding=\u00bb0px||0px|\u00bb global_colors_info=\u00bb{}\u00bb][et_pb_row column_structure=\u00bb1_4,1_4,1_4,1_4&#8243; use_custom_gutter=\u00bbon\u00bb gutter_width=\u00bb1&#8243; make_equal=\u00bbon\u00bb admin_label=\u00bbRejilla de im\u00e1genes\u00bb module_class=\u00bb et_pb_row_fullwidth\u00bb _builder_version=\u00bb4.16&#8243; _module_preset=\u00bbdefault\u00bb background_size=\u00bbinitial\u00bb background_position=\u00bbtop_left\u00bb background_repeat=\u00bbrepeat\u00bb width=\u00bb100%\u00bb width_tablet=\u00bb100%\u00bb width_phone=\u00bb100%\u00bb width_last_edited=\u00bbon|desktop\u00bb max_width=\u00bb100%\u00bb max_width_tablet=\u00bb100%\u00bb max_width_phone=\u00bb100%\u00bb max_width_last_edited=\u00bbon|desktop\u00bb custom_padding=\u00bb0px|0px|0px|0px\u00bb make_fullwidth=\u00bbon\u00bb global_colors_info=\u00bb{}\u00bb][et_pb_column type=\u00bb1_4&#8243; _builder_version=\u00bb4.16&#8243; _module_preset=\u00bbdefault\u00bb custom_padding=\u00bb|||\u00bb global_colors_info=\u00bb{}\u00bb custom_padding__hover=\u00bb|||\u00bb][et_pb_image src=\u00bbhttps:\/\/www.tubitex.com\/wp-content\/uploads\/2022\/10\/1_anime-di-cartone-per-cartiere_box3.jpg\u00bb title_text=\u00bb1_anime-di-cartone-per-cartiere_box3&#8243; show_in_lightbox=\u00bbon\u00bb force_fullwidth=\u00bbon\u00bb align_tablet=\u00bbcenter\u00bb align_phone=\u00bbcenter\u00bb align_last_edited=\u00bbon|desktop\u00bb _builder_version=\u00bb4.17.4&#8243; _module_preset=\u00bbdefault\u00bb animation_style=\u00bbzoom\u00bb animation_intensity_zoom=\u00bb10%\u00bb global_colors_info=\u00bb{}\u00bb][\/et_pb_image][\/et_pb_column][et_pb_column type=\u00bb1_4&#8243; _builder_version=\u00bb4.16&#8243; _module_preset=\u00bbdefault\u00bb custom_padding=\u00bb|||\u00bb global_colors_info=\u00bb{}\u00bb custom_padding__hover=\u00bb|||\u00bb][et_pb_image src=\u00bbhttps:\/\/www.tubitex.com\/wp-content\/uploads\/2022\/10\/1_anime-di-cartone-per-cartiere_box5.jpg\u00bb title_text=\u00bb1_anime-di-cartone-per-cartiere_box5&#8243; show_in_lightbox=\u00bbon\u00bb force_fullwidth=\u00bbon\u00bb align_tablet=\u00bbcenter\u00bb align_phone=\u00bbcenter\u00bb align_last_edited=\u00bbon|desktop\u00bb _builder_version=\u00bb4.17.4&#8243; _module_preset=\u00bbdefault\u00bb animation_style=\u00bbzoom\u00bb animation_delay=\u00bb100ms\u00bb animation_intensity_zoom=\u00bb10%\u00bb locked=\u00bboff\u00bb global_colors_info=\u00bb{}\u00bb][\/et_pb_image][\/et_pb_column][et_pb_column type=\u00bb1_4&#8243; _builder_version=\u00bb4.16&#8243; _module_preset=\u00bbdefault\u00bb custom_padding=\u00bb|||\u00bb global_colors_info=\u00bb{}\u00bb custom_padding__hover=\u00bb|||\u00bb][et_pb_image src=\u00bbhttps:\/\/www.tubitex.com\/wp-content\/uploads\/2022\/10\/1_anime-di-cartone-per-cartiere_box4.jpg\u00bb title_text=\u00bb1_anime-di-cartone-per-cartiere_box4&#8243; show_in_lightbox=\u00bbon\u00bb force_fullwidth=\u00bbon\u00bb align_tablet=\u00bbcenter\u00bb align_phone=\u00bbcenter\u00bb align_last_edited=\u00bbon|desktop\u00bb _builder_version=\u00bb4.17.4&#8243; _module_preset=\u00bbdefault\u00bb animation_style=\u00bbzoom\u00bb animation_delay=\u00bb200ms\u00bb animation_intensity_zoom=\u00bb10%\u00bb locked=\u00bboff\u00bb global_colors_info=\u00bb{}\u00bb][\/et_pb_image][\/et_pb_column][et_pb_column type=\u00bb1_4&#8243; _builder_version=\u00bb4.16&#8243; _module_preset=\u00bbdefault\u00bb custom_padding=\u00bb|||\u00bb global_colors_info=\u00bb{}\u00bb custom_padding__hover=\u00bb|||\u00bb][et_pb_image src=\u00bbhttps:\/\/www.tubitex.com\/wp-content\/uploads\/2022\/10\/3_anime-di-cartone-per-film-plastico_box6.jpg\u00bb title_text=\u00bb3_anime-di-cartone-per-film-plastico_box6&#8243; show_in_lightbox=\u00bbon\u00bb force_fullwidth=\u00bbon\u00bb align_tablet=\u00bbcenter\u00bb align_phone=\u00bbcenter\u00bb align_last_edited=\u00bbon|desktop\u00bb _builder_version=\u00bb4.17.4&#8243; _module_preset=\u00bbdefault\u00bb animation_style=\u00bbzoom\u00bb animation_delay=\u00bb300ms\u00bb animation_intensity_zoom=\u00bb10%\u00bb locked=\u00bboff\u00bb global_colors_info=\u00bb{}\u00bb][\/et_pb_image][\/et_pb_column][\/et_pb_row][\/et_pb_section][et_pb_section fb_built=\u00bb1&#8243; admin_label=\u00bbContact Banner\u00bb _builder_version=\u00bb4.17.4&#8243; _module_preset=\u00bbdefault\u00bb background_color=\u00bbrgba(135,65,8,0.8)\u00bb custom_padding=\u00bb20px|0px|0px|0px|false|false\u00bb animation_style=\u00bbslide\u00bb animation_direction=\u00bbbottom\u00bb global_colors_info=\u00bb{}\u00bb][et_pb_row column_structure=\u00bb3_5,2_5&#8243; _builder_version=\u00bb4.17.4&#8243; _module_preset=\u00bbdefault\u00bb custom_margin=\u00bb-5px||||false|false\u00bb global_colors_info=\u00bb{}\u00bb][et_pb_column type=\u00bb3_5&#8243; _builder_version=\u00bb4.16&#8243; _module_preset=\u00bbdefault\u00bb custom_padding=\u00bb|||\u00bb global_colors_info=\u00bb{}\u00bb custom_padding__hover=\u00bb|||\u00bb][et_pb_text _builder_version=\u00bb4.17.4&#8243; _module_preset=\u00bbdefault\u00bb text_font=\u00bb||||||||\u00bb quote_font=\u00bb||||||||\u00bb header_font=\u00bb||||||||\u00bb header_2_font=\u00bb|600||on|||||\u00bb header_2_font_size=\u00bb24px\u00bb header_3_font=\u00bb||||||||\u00bb header_4_font=\u00bb|800||on|||||\u00bb header_4_font_size=\u00bb16px\u00bb header_4_letter_spacing=\u00bb0.5px\u00bb header_4_line_height=\u00bb1.7em\u00bb background_layout=\u00bbdark\u00bb max_width=\u00bb800%\u00bb custom_padding=\u00bb0px||||false|false\u00bb header_2_font_size_tablet=\u00bb\u00bb header_2_font_size_phone=\u00bb18px\u00bb header_2_font_size_last_edited=\u00bbon|phone\u00bb locked=\u00bboff\u00bb global_colors_info=\u00bb{}\u00bb]<\/p>\n<h4>\u00a1elige la energ\u00eda limpia de tubitex!<\/h4>\n<h2>\u00a1m\u00e1s valor a tu negocio con productos respetuosos con el medio ambiente!<\/h2>\n<p>[\/et_pb_text][\/et_pb_column][et_pb_column type=\u00bb2_5&#8243; _builder_version=\u00bb4.17.4&#8243; _module_preset=\u00bbdefault\u00bb custom_padding=\u00bb|||\u00bb global_colors_info=\u00bb{}\u00bb custom_padding__hover=\u00bb|||\u00bb][et_pb_button button_url=\u00bb@ET-DC@eyJkeW5hbWljIjp0cnVlLCJjb250ZW50IjoicG9zdF9saW5rX3VybF9wYWdlIiwic2V0dGluZ3MiOnsicG9zdF9pZCI6IjI4In19@\u00bb button_text=\u00bbsolicitar m\u00e1s informaci\u00f3n\u00bb button_alignment=\u00bbright\u00bb _builder_version=\u00bb4.17.4&#8243; _dynamic_attributes=\u00bbbutton_url\u00bb _module_preset=\u00bbdefault\u00bb custom_button=\u00bbon\u00bb button_text_size=\u00bb19px\u00bb button_text_color=\u00bb#FFFFFF\u00bb button_bg_color=\u00bbRGBA(255,255,255,0)\u00bb button_border_color=\u00bb#FFFFFF\u00bb button_border_radius=\u00bb0px\u00bb button_font=\u00bb|||on|||||\u00bb button_use_icon=\u00bboff\u00bb custom_margin=\u00bb1px||||false|false\u00bb global_colors_info=\u00bb{}\u00bb][\/et_pb_button][\/et_pb_column][\/et_pb_row][\/et_pb_section]<\/p>\n","protected":false},"excerpt":{"rendered":"<p>el medio ambiente nos importa mucho, te presentamos nuestro sistema fotovoltaicoSomos capaces de conocer, respetar y gobernar los recursos naturales, nuestro verdadero e inalienable capital social. Por eso nos hemos dotado de un innovador sistema fotovoltaico que compensa el consumo energ\u00e9tico de la producci\u00f3n, pero sobre todo completa un proyecto de innovaci\u00f3n tecnol\u00f3gica sobre eficiencia [&hellip;]<\/p>\n","protected":false},"author":1,"featured_media":0,"parent":0,"menu_order":0,"comment_status":"closed","ping_status":"closed","template":"","meta":{"_acf_changed":false,"_et_pb_use_builder":"on","_et_pb_old_content":"","_et_gb_content_width":"","inline_featured_image":false,"footnotes":""},"categories":[],"class_list":["post-8578","page","type-page","status-publish","hentry"],"acf":[],"yoast_head":"<!-- This site is optimized with the Yoast SEO plugin v27.1.1 - https:\/\/yoast.com\/product\/yoast-seo-wordpress\/ -->\n<title>El medio ambiente est\u00e1 cerca de nuestros corazones, perm\u00edtenos presentarte nuestro sistema fotovoltaico - Tubitex<\/title>\n<meta name=\"robots\" content=\"index, follow, max-snippet:-1, max-image-preview:large, max-video-preview:-1\" \/>\n<link rel=\"canonical\" href=\"https:\/\/www.tubitex.com\/es\/el-medio-ambiente-esta-cerca-de-nuestros-corazones-permitenos-presentarte-nuestro-sistema-fotovoltaico\/\" \/>\n<meta property=\"og:locale\" content=\"es_ES\" \/>\n<meta property=\"og:type\" content=\"article\" \/>\n<meta property=\"og:title\" content=\"El medio ambiente est\u00e1 cerca de nuestros corazones, perm\u00edtenos presentarte nuestro sistema fotovoltaico - Tubitex\" \/>\n<meta property=\"og:description\" content=\"el medio ambiente nos importa mucho, te presentamos nuestro sistema fotovoltaicoSomos capaces de conocer, respetar y gobernar los recursos naturales, nuestro verdadero e inalienable capital social. Por eso nos hemos dotado de un innovador sistema fotovoltaico que compensa el consumo energ\u00e9tico de la producci\u00f3n, pero sobre todo completa un proyecto de innovaci\u00f3n tecnol\u00f3gica sobre eficiencia [&hellip;]\" \/>\n<meta property=\"og:url\" content=\"https:\/\/www.tubitex.com\/es\/el-medio-ambiente-esta-cerca-de-nuestros-corazones-permitenos-presentarte-nuestro-sistema-fotovoltaico\/\" \/>\n<meta property=\"og:site_name\" content=\"Tubitex\" \/>\n<meta property=\"article:modified_time\" content=\"2024-11-08T16:50:31+00:00\" \/>\n<meta name=\"twitter:card\" content=\"summary_large_image\" \/>\n<meta name=\"twitter:label1\" content=\"Tiempo de lectura\" \/>\n\t<meta name=\"twitter:data1\" content=\"8 minutos\" \/>\n<script type=\"application\/ld+json\" class=\"yoast-schema-graph\">{\"@context\":\"https:\/\/schema.org\",\"@graph\":[{\"@type\":\"WebPage\",\"@id\":\"https:\/\/www.tubitex.com\/es\/el-medio-ambiente-esta-cerca-de-nuestros-corazones-permitenos-presentarte-nuestro-sistema-fotovoltaico\/\",\"url\":\"https:\/\/www.tubitex.com\/es\/el-medio-ambiente-esta-cerca-de-nuestros-corazones-permitenos-presentarte-nuestro-sistema-fotovoltaico\/\",\"name\":\"El medio ambiente est\u00e1 cerca de nuestros corazones, perm\u00edtenos presentarte nuestro sistema fotovoltaico - Tubitex\",\"isPartOf\":{\"@id\":\"https:\/\/www.tubitex.com\/es\/#website\"},\"datePublished\":\"2023-03-10T17:01:04+00:00\",\"dateModified\":\"2024-11-08T16:50:31+00:00\",\"breadcrumb\":{\"@id\":\"https:\/\/www.tubitex.com\/es\/el-medio-ambiente-esta-cerca-de-nuestros-corazones-permitenos-presentarte-nuestro-sistema-fotovoltaico\/#breadcrumb\"},\"inLanguage\":\"es\",\"potentialAction\":[{\"@type\":\"ReadAction\",\"target\":[\"https:\/\/www.tubitex.com\/es\/el-medio-ambiente-esta-cerca-de-nuestros-corazones-permitenos-presentarte-nuestro-sistema-fotovoltaico\/\"]}]},{\"@type\":\"BreadcrumbList\",\"@id\":\"https:\/\/www.tubitex.com\/es\/el-medio-ambiente-esta-cerca-de-nuestros-corazones-permitenos-presentarte-nuestro-sistema-fotovoltaico\/#breadcrumb\",\"itemListElement\":[{\"@type\":\"ListItem\",\"position\":1,\"name\":\"Home\",\"item\":\"https:\/\/www.tubitex.com\/es\/\"},{\"@type\":\"ListItem\",\"position\":2,\"name\":\"El medio ambiente est\u00e1 cerca de nuestros corazones, perm\u00edtenos presentarte nuestro sistema fotovoltaico\"}]},{\"@type\":\"WebSite\",\"@id\":\"https:\/\/www.tubitex.com\/es\/#website\",\"url\":\"https:\/\/www.tubitex.com\/es\/\",\"name\":\"Tubitex\",\"description\":\"Produzione tubi in cartone, anime e bobine di carta\",\"potentialAction\":[{\"@type\":\"SearchAction\",\"target\":{\"@type\":\"EntryPoint\",\"urlTemplate\":\"https:\/\/www.tubitex.com\/es\/?s={search_term_string}\"},\"query-input\":{\"@type\":\"PropertyValueSpecification\",\"valueRequired\":true,\"valueName\":\"search_term_string\"}}],\"inLanguage\":\"es\"}]}<\/script>\n<!-- \/ Yoast SEO plugin. -->","yoast_head_json":{"title":"El medio ambiente est\u00e1 cerca de nuestros corazones, perm\u00edtenos presentarte nuestro sistema fotovoltaico - Tubitex","robots":{"index":"index","follow":"follow","max-snippet":"max-snippet:-1","max-image-preview":"max-image-preview:large","max-video-preview":"max-video-preview:-1"},"canonical":"https:\/\/www.tubitex.com\/es\/el-medio-ambiente-esta-cerca-de-nuestros-corazones-permitenos-presentarte-nuestro-sistema-fotovoltaico\/","og_locale":"es_ES","og_type":"article","og_title":"El medio ambiente est\u00e1 cerca de nuestros corazones, perm\u00edtenos presentarte nuestro sistema fotovoltaico - Tubitex","og_description":"el medio ambiente nos importa mucho, te presentamos nuestro sistema fotovoltaicoSomos capaces de conocer, respetar y gobernar los recursos naturales, nuestro verdadero e inalienable capital social. Por eso nos hemos dotado de un innovador sistema fotovoltaico que compensa el consumo energ\u00e9tico de la producci\u00f3n, pero sobre todo completa un proyecto de innovaci\u00f3n tecnol\u00f3gica sobre eficiencia [&hellip;]","og_url":"https:\/\/www.tubitex.com\/es\/el-medio-ambiente-esta-cerca-de-nuestros-corazones-permitenos-presentarte-nuestro-sistema-fotovoltaico\/","og_site_name":"Tubitex","article_modified_time":"2024-11-08T16:50:31+00:00","twitter_card":"summary_large_image","twitter_misc":{"Tiempo de lectura":"8 minutos"},"schema":{"@context":"https:\/\/schema.org","@graph":[{"@type":"WebPage","@id":"https:\/\/www.tubitex.com\/es\/el-medio-ambiente-esta-cerca-de-nuestros-corazones-permitenos-presentarte-nuestro-sistema-fotovoltaico\/","url":"https:\/\/www.tubitex.com\/es\/el-medio-ambiente-esta-cerca-de-nuestros-corazones-permitenos-presentarte-nuestro-sistema-fotovoltaico\/","name":"El medio ambiente est\u00e1 cerca de nuestros corazones, perm\u00edtenos presentarte nuestro sistema fotovoltaico - Tubitex","isPartOf":{"@id":"https:\/\/www.tubitex.com\/es\/#website"},"datePublished":"2023-03-10T17:01:04+00:00","dateModified":"2024-11-08T16:50:31+00:00","breadcrumb":{"@id":"https:\/\/www.tubitex.com\/es\/el-medio-ambiente-esta-cerca-de-nuestros-corazones-permitenos-presentarte-nuestro-sistema-fotovoltaico\/#breadcrumb"},"inLanguage":"es","potentialAction":[{"@type":"ReadAction","target":["https:\/\/www.tubitex.com\/es\/el-medio-ambiente-esta-cerca-de-nuestros-corazones-permitenos-presentarte-nuestro-sistema-fotovoltaico\/"]}]},{"@type":"BreadcrumbList","@id":"https:\/\/www.tubitex.com\/es\/el-medio-ambiente-esta-cerca-de-nuestros-corazones-permitenos-presentarte-nuestro-sistema-fotovoltaico\/#breadcrumb","itemListElement":[{"@type":"ListItem","position":1,"name":"Home","item":"https:\/\/www.tubitex.com\/es\/"},{"@type":"ListItem","position":2,"name":"El medio ambiente est\u00e1 cerca de nuestros corazones, perm\u00edtenos presentarte nuestro sistema fotovoltaico"}]},{"@type":"WebSite","@id":"https:\/\/www.tubitex.com\/es\/#website","url":"https:\/\/www.tubitex.com\/es\/","name":"Tubitex","description":"Produzione tubi in cartone, anime e bobine di carta","potentialAction":[{"@type":"SearchAction","target":{"@type":"EntryPoint","urlTemplate":"https:\/\/www.tubitex.com\/es\/?s={search_term_string}"},"query-input":{"@type":"PropertyValueSpecification","valueRequired":true,"valueName":"search_term_string"}}],"inLanguage":"es"}]}},"_links":{"self":[{"href":"https:\/\/www.tubitex.com\/es\/wp-json\/wp\/v2\/pages\/8578","targetHints":{"allow":["GET"]}}],"collection":[{"href":"https:\/\/www.tubitex.com\/es\/wp-json\/wp\/v2\/pages"}],"about":[{"href":"https:\/\/www.tubitex.com\/es\/wp-json\/wp\/v2\/types\/page"}],"author":[{"embeddable":true,"href":"https:\/\/www.tubitex.com\/es\/wp-json\/wp\/v2\/users\/1"}],"replies":[{"embeddable":true,"href":"https:\/\/www.tubitex.com\/es\/wp-json\/wp\/v2\/comments?post=8578"}],"version-history":[{"count":2,"href":"https:\/\/www.tubitex.com\/es\/wp-json\/wp\/v2\/pages\/8578\/revisions"}],"predecessor-version":[{"id":8580,"href":"https:\/\/www.tubitex.com\/es\/wp-json\/wp\/v2\/pages\/8578\/revisions\/8580"}],"wp:attachment":[{"href":"https:\/\/www.tubitex.com\/es\/wp-json\/wp\/v2\/media?parent=8578"}],"wp:term":[{"taxonomy":"category","embeddable":true,"href":"https:\/\/www.tubitex.com\/es\/wp-json\/wp\/v2\/categories?post=8578"}],"curies":[{"name":"wp","href":"https:\/\/api.w.org\/{rel}","templated":true}]}}