{"id":7419,"date":"2023-05-12T15:08:51","date_gmt":"2023-05-12T15:08:51","guid":{"rendered":"https:\/\/www.tubitex.com\/lieferant-von-papphuelsen-huelsen-und-rollen\/"},"modified":"2024-05-03T10:55:02","modified_gmt":"2024-05-03T10:55:02","slug":"lieferant-von-papphuelsen-huelsen-und-rollen","status":"publish","type":"page","link":"https:\/\/www.tubitex.com\/de\/lieferant-von-papphuelsen-huelsen-und-rollen\/","title":{"rendered":"Lieferant von Papph\u00fclsen, H\u00fclsen und Rollen"},"content":{"rendered":"<p>[et_pb_section fb_built=&#8220;1&#8243; admin_label=&#8220;Services Header&#8220; _builder_version=&#8220;4.17.4&#8243; _module_preset=&#8220;default&#8220; background_color=&#8220;#f8f0e7&#8243; custom_padding=&#8220;0|0px|54px|0px|false|false&#8220; locked=&#8220;off&#8220; global_colors_info=&#8220;{}&#8220;][et_pb_row column_structure=&#8220;2_3,1_3&#8243; use_custom_gutter=&#8220;on&#8220; gutter_width=&#8220;1&#8243; padding_top_bottom_link_2=&#8220;true&#8220; padding_left_right_link_2=&#8220;true&#8220; _builder_version=&#8220;4.16&#8243; _module_preset=&#8220;default&#8220; custom_padding=&#8220;0|0px|27px|0px|false|false&#8220; animation_style=&#8220;slide&#8220; animation_direction=&#8220;top&#8220; animation_intensity_slide=&#8220;20%&#8220; locked=&#8220;off&#8220; global_colors_info=&#8220;{}&#8220;][et_pb_column type=&#8220;2_3&#8243; _builder_version=&#8220;4.16&#8243; _module_preset=&#8220;default&#8220; custom_padding=&#8220;|||&#8220; global_colors_info=&#8220;{}&#8220; custom_padding__hover=&#8220;|||&#8220;][et_pb_text _builder_version=&#8220;4.17.4&#8243; _module_preset=&#8220;default&#8220; text_font=&#8220;||||||||&#8220; ul_font=&#8220;||||||||&#8220; ol_font=&#8220;||||||||&#8220; quote_font=&#8220;||||||||&#8220; header_font=&#8220;||||||||&#8220; header_2_font=&#8220;|800|||||||&#8220; header_2_font_size=&#8220;24px&#8220; header_2_line_height=&#8220;1.8em&#8220; header_3_font=&#8220;|||on|||||&#8220; header_3_font_size=&#8220;16px&#8220; header_4_font=&#8220;|800||on|||||&#8220; header_4_font_size=&#8220;16px&#8220; header_4_letter_spacing=&#8220;0.5px&#8220; header_4_line_height=&#8220;1.7em&#8220; header_5_font=&#8220;||||||||&#8220; header_6_font=&#8220;||||||||&#8220; background_color=&#8220;#efefef&#8220; padding_1_last_edited=&#8220;on|desktop&#8220; custom_padding=&#8220;30px|50px|30px|50px|true|true|20px|10%|20px|10%|true|true||on|desktop&#8220; custom_padding_tablet=&#8220;&#8220; custom_padding_phone=&#8220;20px|10%|20px|10%|true|true&#8220; custom_padding_last_edited=&#8220;on|phone&#8220; header_2_font_size_tablet=&#8220;&#8220; header_2_font_size_phone=&#8220;18px&#8220; header_2_font_size_last_edited=&#8220;on|phone&#8220; locked=&#8220;off&#8220; global_colors_info=&#8220;{}&#8220;]<\/p>\n<h4>Lieferant von Papph\u00fclsen und Tuben,<\/h4>\n<h3>Kerne und Rollen<\/h3>\n<p>[\/et_pb_text][\/et_pb_column][et_pb_column type=&#8220;1_3&#8243; _builder_version=&#8220;4.16&#8243; _module_preset=&#8220;default&#8220; custom_padding=&#8220;50px|50px|50px|50px&#8220; custom_padding_tablet=&#8220;50px|50px|50px|50px&#8220; custom_padding_phone=&#8220;20px|10%|20px|10%|true|true&#8220; custom_padding_last_edited=&#8220;on|phone&#8220; global_colors_info=&#8220;{}&#8220; padding_phone=&#8220;20px|10%|20px|10%|true|true&#8220; padding_last_edited=&#8220;on|phone&#8220; custom_padding__hover=&#8220;|||&#8220;][\/et_pb_column][\/et_pb_row][et_pb_row _builder_version=&#8220;4.17.4&#8243; _module_preset=&#8220;default&#8220; global_colors_info=&#8220;{}&#8220;][et_pb_column type=&#8220;4_4&#8243; _builder_version=&#8220;4.16&#8243; _module_preset=&#8220;default&#8220; custom_padding=&#8220;|||&#8220; global_colors_info=&#8220;{}&#8220; custom_padding__hover=&#8220;|||&#8220;][et_pb_text _builder_version=&#8220;4.17.4&#8243; _module_preset=&#8220;default&#8220; text_font=&#8220;Open Sans||||||||&#8220; header_font=&#8220;||||||||&#8220; header_3_font=&#8220;|800||on|||||&#8220; header_3_text_color=&#8220;#f25b3a&#8220; header_3_font_size=&#8220;24px&#8220; header_3_line_height=&#8220;1.8em&#8220; header_4_font=&#8220;|700||on|||||&#8220; header_4_font_size=&#8220;16px&#8220; hover_enabled=&#8220;0&#8243; header_3_font_size_tablet=&#8220;&#8220; header_3_font_size_phone=&#8220;18px&#8220; header_3_font_size_last_edited=&#8220;on|phone&#8220; locked=&#8220;off&#8220; global_colors_info=&#8220;{}&#8220; sticky_enabled=&#8220;0&#8243;]<\/p>\n<p style=\"text-align: justify;\">Sie suchen nach einem<span> <\/span><strong>Lieferant von<span> <\/span><a href=\"https:\/\/www.tubitex.com\/tubi-cartone-resistenti-qualita\/\" target=\"_blank\" rel=\"noopener noreferrer\">Kartonh\u00fclsen<\/a><\/strong>, zuverl\u00e4ssig und zertifiziert, der Ihre Bed\u00fcrfnisse mit ma\u00dfgeschneiderten Qualit\u00e4tsprodukten erf\u00fcllt? Tubitex bietet seinen Kunden seit mehr als 40 Jahren gro\u00dfe Kompetenz und Erfahrung im Bereich der<span> <\/span><strong>Herstellung und Lieferung von ma\u00dfgeschneiderten Papph\u00fclsen, -kernen und -spulen.<\/strong><\/p>\n<p style=\"text-align: justify;\">Von Textilien \u00fcber Lebensmittel bis hin zu Papier &#8211; je nach Ihren Bed\u00fcrfnissen bieten wir Ihnen ein ma\u00dfgeschneidertes Produkt, das eine kontinuierliche und planm\u00e4\u00dfige Versorgung gew\u00e4hrleistet und Ihren Anforderungen gerecht wird.<\/p>\n<h4 style=\"text-align: justify;\"><span style=\"color: #000000;\">Papph\u00fclsen &#8211; Herstellung von ma\u00dfgeschneiderten Papph\u00fclsen, H\u00fclsen und Rollen<\/span><b><\/b><\/h4>\n<p style=\"text-align: justify;\">Als <strong>Hersteller und Lieferant von Papph\u00fclsen<\/strong> ist <strong><a href=\"https:\/\/www.tubitex.com\/chi-siamo\/\"> Tubitex<\/a><\/strong><span> <\/span>heute ein vertrauensw\u00fcrdiger Partner f\u00fcr viele Unternehmen, die sich seit Jahren auf seine Professionalit\u00e4t und Produktqualit\u00e4t verlassen, um ihr Gesch\u00e4ft nach oben zu bringen.<\/p>\n<p style=\"text-align: justify;\">Dank strenger Kontrollen w\u00e4hrend des Entwurfs- und Verarbeitungszyklus und der Unterst\u00fctzung durch unser technisches Personal und modernste Ausr\u00fcstung garantieren wir die beste Qualit\u00e4t auf dem Markt, was uns zum<span> <\/span> f\u00fchrenden<strong>Anbieter von Papph\u00fclsen, -kernen und -rollen<\/strong> macht.<\/p>\n<p style=\"text-align: justify;\"><span> <\/span>Mit Tubitex, Europas f\u00fchrendem<strong>Hersteller und Lieferanten von ma\u00dfgeschneiderten Kartonrollen, Rohren, Kernen und H\u00fclsen<\/strong>, k\u00f6nnen Sie sicher sein, dass Sie das Produkt erhalten, das Sie suchen, um Ihre Marke an die Spitze zu bringen.<\/p>\n<h4 style=\"text-align: justify;\"><\/h4>\n<p style=\"text-align: justify;\">[\/et_pb_text][\/et_pb_column][\/et_pb_row][\/et_pb_section][et_pb_section fb_built=&#8220;1&#8243; admin_label=&#8220;Gallery&#8220; _builder_version=&#8220;4.16&#8243; _module_preset=&#8220;default&#8220; custom_padding=&#8220;0px||0px|&#8220; global_colors_info=&#8220;{}&#8220;][et_pb_row column_structure=&#8220;1_4,1_4,1_4,1_4&#8243; use_custom_gutter=&#8220;on&#8220; gutter_width=&#8220;1&#8243; make_equal=&#8220;on&#8220; admin_label=&#8220;Bildraster&#8220; module_class=&#8220; et_pb_row_fullwidth&#8220; _builder_version=&#8220;4.16&#8243; _module_preset=&#8220;default&#8220; background_size=&#8220;initial&#8220; background_position=&#8220;top_left&#8220; background_repeat=&#8220;repeat&#8220; width=&#8220;100%&#8220; width_tablet=&#8220;100%&#8220; width_phone=&#8220;100%&#8220; width_last_edited=&#8220;on|desktop&#8220; max_width=&#8220;100%&#8220; max_width_tablet=&#8220;100%&#8220; max_width_phone=&#8220;100%&#8220; max_width_last_edited=&#8220;on|desktop&#8220; custom_padding=&#8220;0px|0px|0px|0px&#8220; make_fullwidth=&#8220;on&#8220; global_colors_info=&#8220;{}&#8220;][et_pb_column type=&#8220;1_4&#8243; _builder_version=&#8220;4.16&#8243; _module_preset=&#8220;default&#8220; custom_padding=&#8220;|||&#8220; global_colors_info=&#8220;{}&#8220; custom_padding__hover=&#8220;|||&#8220;][et_pb_image src=&#8220;https:\/\/www.tubitex.com\/wp-content\/uploads\/2022\/10\/1_anime-di-cartone-per-cartiere_box3.jpg&#8220; title_text=&#8220;1_anime-von-karton-pro-nachbarschaft_box3&#8243; show_in_lightbox=&#8220;on&#8220; force_fullwidth=&#8220;on&#8220; align_tablet=&#8220;center&#8220; align_phone=&#8220;center&#8220; align_last_edited=&#8220;on|desktop&#8220; _builder_version=&#8220;4.17.4&#8243; _module_preset=&#8220;default&#8220; animation_style=&#8220;zoom&#8220; animation_intensity_zoom=&#8220;10%&#8220; global_colors_info=&#8220;{}&#8220;][\/et_pb_image][\/et_pb_column][et_pb_column type=&#8220;1_4&#8243; _builder_version=&#8220;4.16&#8243; _module_preset=&#8220;default&#8220; custom_padding=&#8220;|||&#8220; global_colors_info=&#8220;{}&#8220; custom_padding__hover=&#8220;|||&#8220;][et_pb_image src=&#8220;https:\/\/www.tubitex.com\/wp-content\/uploads\/2022\/10\/1_anime-di-cartone-per-cartiere_box5.jpg&#8220; title_text=&#8220;1_anime-von-karton-pro-nachbarschaft_box5&#8243; show_in_lightbox=&#8220;on&#8220; force_fullwidth=&#8220;on&#8220; align_tablet=&#8220;center&#8220; align_phone=&#8220;center&#8220; align_last_edited=&#8220;on|desktop&#8220; _builder_version=&#8220;4.17.4&#8243; _module_preset=&#8220;default&#8220; animation_style=&#8220;zoom&#8220; animation_delay=&#8220;100ms&#8220; animation_intensity_zoom=&#8220;10%&#8220; locked=&#8220;off&#8220; global_colors_info=&#8220;{}&#8220;][\/et_pb_image][\/et_pb_column][et_pb_column type=&#8220;1_4&#8243; _builder_version=&#8220;4.16&#8243; _module_preset=&#8220;default&#8220; custom_padding=&#8220;|||&#8220; global_colors_info=&#8220;{}&#8220; custom_padding__hover=&#8220;|||&#8220;][et_pb_image src=&#8220;https:\/\/www.tubitex.com\/wp-content\/uploads\/2022\/10\/1_anime-di-cartone-per-cartiere_box4.jpg&#8220; title_text=&#8220;1_anime-von-karton-pro-nachbarschaft_box4&#8243; show_in_lightbox=&#8220;on&#8220; force_fullwidth=&#8220;on&#8220; align_tablet=&#8220;center&#8220; align_phone=&#8220;center&#8220; align_last_edited=&#8220;on|desktop&#8220; _builder_version=&#8220;4.17.4&#8243; _module_preset=&#8220;default&#8220; animation_style=&#8220;zoom&#8220; animation_delay=&#8220;200ms&#8220; animation_intensity_zoom=&#8220;10%&#8220; locked=&#8220;off&#8220; global_colors_info=&#8220;{}&#8220;][\/et_pb_image][\/et_pb_column][et_pb_column type=&#8220;1_4&#8243; _builder_version=&#8220;4.16&#8243; _module_preset=&#8220;default&#8220; custom_padding=&#8220;|||&#8220; global_colors_info=&#8220;{}&#8220; custom_padding__hover=&#8220;|||&#8220;][et_pb_image src=&#8220;https:\/\/www.tubitex.com\/wp-content\/uploads\/2022\/10\/3_anime-di-cartone-per-film-plastico_box6.jpg&#8220; title_text=&#8220;3_Karikatur-Tiere-f\u00fcr-Plastik-Film_box6&#8243; show_in_lightbox=&#8220;on&#8220; force_fullwidth=&#8220;on&#8220; align_tablet=&#8220;center&#8220; align_phone=&#8220;center&#8220; align_last_edited=&#8220;on|desktop&#8220; _builder_version=&#8220;4.17.4&#8243; _module_preset=&#8220;default&#8220; animation_style=&#8220;zoom&#8220; animation_delay=&#8220;300ms&#8220; animation_intensity_zoom=&#8220;10%&#8220; locked=&#8220;off&#8220; global_colors_info=&#8220;{}&#8220;][\/et_pb_image][\/et_pb_column][\/et_pb_row][\/et_pb_section][et_pb_section fb_built=&#8220;1&#8243; admin_label=&#8220;Contact Banner&#8220; _builder_version=&#8220;4.17.4&#8243; _module_preset=&#8220;default&#8220; background_color=&#8220;rgba(135,65,8,0.8)&#8220; custom_padding=&#8220;20px|0px|0px|0px|false|false&#8220; animation_style=&#8220;slide&#8220; animation_direction=&#8220;bottom&#8220; global_colors_info=&#8220;{}&#8220;][et_pb_row column_structure=&#8220;3_5,2_5&#8243; _builder_version=&#8220;4.17.4&#8243; _module_preset=&#8220;default&#8220; custom_margin=&#8220;-5px||||false|false&#8220; global_colors_info=&#8220;{}&#8220;][et_pb_column type=&#8220;3_5&#8243; _builder_version=&#8220;4.16&#8243; _module_preset=&#8220;default&#8220; custom_padding=&#8220;|||&#8220; global_colors_info=&#8220;{}&#8220; custom_padding__hover=&#8220;|||&#8220;][et_pb_text _builder_version=&#8220;4.17.4&#8243; _module_preset=&#8220;default&#8220; text_font=&#8220;||||||||&#8220; quote_font=&#8220;||||||||&#8220; header_font=&#8220;||||||||&#8220; header_2_font=&#8220;|600||on|||||&#8220; header_2_font_size=&#8220;24px&#8220; header_3_font=&#8220;||||||||&#8220; header_4_font=&#8220;|800||on|||||&#8220; header_4_font_size=&#8220;16px&#8220; header_4_letter_spacing=&#8220;0.5px&#8220; header_4_line_height=&#8220;1.7em&#8220; background_layout=&#8220;dark&#8220; max_width=&#8220;800%&#8220; custom_padding=&#8220;0px||||false|false&#8220; header_2_font_size_tablet=&#8220;&#8220; header_2_font_size_phone=&#8220;18px&#8220; header_2_font_size_last_edited=&#8220;on|phone&#8220; locked=&#8220;off&#8220; global_colors_info=&#8220;{}&#8220;]<\/p>\n<h4>erleben Sie die Qualit\u00e4t unserer Produkte und streben Sie nach Spitzenleistungen!<\/h4>\n<p>[\/et_pb_text][\/et_pb_column][et_pb_column type=&#8220;2_5&#8243; _builder_version=&#8220;4.17.4&#8243; _module_preset=&#8220;default&#8220; custom_padding=&#8220;|||&#8220; global_colors_info=&#8220;{}&#8220; custom_padding__hover=&#8220;|||&#8220;][et_pb_button button_url=&#8220;@ET-DC@eyJkeW5hbWljIjp0cnVlLCJjb250ZW50IjoicG9zdF9saW5rX3VybF9wYWdlIiwic2V0dGluZ3MiOnsicG9zdF9pZCI6IjI4In19@&#8220; button_text=&#8220;Mehr Informationen anfordern&#8220; button_alignment=&#8220;right&#8220; _builder_version=&#8220;4.17.4&#8243; _dynamic_attributes=&#8220;button_url&#8220; _module_preset=&#8220;default&#8220; custom_button=&#8220;on&#8220; button_text_size=&#8220;19px&#8220; button_text_color=&#8220;#FFFFFF&#8220; button_bg_color=&#8220;RGBA(255,255,255,0)&#8220; button_border_color=&#8220;#FFFFFF&#8220; button_border_radius=&#8220;0px&#8220; button_font=&#8220;|||on|||||&#8220; button_use_icon=&#8220;off&#8220; custom_margin=&#8220;1px||||false|false&#8220; global_colors_info=&#8220;{}&#8220;][\/et_pb_button][\/et_pb_column][\/et_pb_row][\/et_pb_section]<\/p>\n","protected":false},"excerpt":{"rendered":"<p>Lieferant von Papph\u00fclsen und Tuben, Kerne und RollenSie suchen nach einem Lieferant von Kartonh\u00fclsen, zuverl\u00e4ssig und zertifiziert, der Ihre Bed\u00fcrfnisse mit ma\u00dfgeschneiderten Qualit\u00e4tsprodukten erf\u00fcllt? Tubitex bietet seinen Kunden seit mehr als 40 Jahren gro\u00dfe Kompetenz und Erfahrung im Bereich der Herstellung und Lieferung von ma\u00dfgeschneiderten Papph\u00fclsen, -kernen und -spulen. Von Textilien \u00fcber Lebensmittel bis hin [&hellip;]<\/p>\n","protected":false},"author":1,"featured_media":0,"parent":0,"menu_order":0,"comment_status":"closed","ping_status":"closed","template":"","meta":{"_acf_changed":false,"_et_pb_use_builder":"on","_et_pb_old_content":"","_et_gb_content_width":"","inline_featured_image":false,"footnotes":""},"categories":[],"class_list":["post-7419","page","type-page","status-publish","hentry"],"acf":[],"yoast_head":"<!-- This site is optimized with the Yoast SEO plugin v27.1.1 - https:\/\/yoast.com\/product\/yoast-seo-wordpress\/ -->\n<title>Lieferant von Papph\u00fclsen, H\u00fclsen und Rollen - Tubitex<\/title>\n<meta name=\"robots\" content=\"index, follow, max-snippet:-1, max-image-preview:large, max-video-preview:-1\" \/>\n<link rel=\"canonical\" href=\"https:\/\/www.tubitex.com\/de\/lieferant-von-papphuelsen-huelsen-und-rollen\/\" \/>\n<meta property=\"og:locale\" content=\"de_DE\" \/>\n<meta property=\"og:type\" content=\"article\" \/>\n<meta property=\"og:title\" content=\"Lieferant von Papph\u00fclsen, H\u00fclsen und Rollen - Tubitex\" \/>\n<meta property=\"og:description\" content=\"Lieferant von Papph\u00fclsen und Tuben, Kerne und RollenSie suchen nach einem Lieferant von Kartonh\u00fclsen, zuverl\u00e4ssig und zertifiziert, der Ihre Bed\u00fcrfnisse mit ma\u00dfgeschneiderten Qualit\u00e4tsprodukten erf\u00fcllt? Tubitex bietet seinen Kunden seit mehr als 40 Jahren gro\u00dfe Kompetenz und Erfahrung im Bereich der Herstellung und Lieferung von ma\u00dfgeschneiderten Papph\u00fclsen, -kernen und -spulen. Von Textilien \u00fcber Lebensmittel bis hin [&hellip;]\" \/>\n<meta property=\"og:url\" content=\"https:\/\/www.tubitex.com\/de\/lieferant-von-papphuelsen-huelsen-und-rollen\/\" \/>\n<meta property=\"og:site_name\" content=\"Tubitex\" \/>\n<meta property=\"article:modified_time\" content=\"2024-05-03T10:55:02+00:00\" \/>\n<meta name=\"twitter:card\" content=\"summary_large_image\" \/>\n<meta name=\"twitter:label1\" content=\"Gesch\u00e4tzte Lesezeit\" \/>\n\t<meta name=\"twitter:data1\" content=\"6\u00a0Minuten\" \/>\n<script type=\"application\/ld+json\" class=\"yoast-schema-graph\">{\"@context\":\"https:\/\/schema.org\",\"@graph\":[{\"@type\":\"WebPage\",\"@id\":\"https:\/\/www.tubitex.com\/de\/lieferant-von-papphuelsen-huelsen-und-rollen\/\",\"url\":\"https:\/\/www.tubitex.com\/de\/lieferant-von-papphuelsen-huelsen-und-rollen\/\",\"name\":\"Lieferant von Papph\u00fclsen, H\u00fclsen und Rollen - Tubitex\",\"isPartOf\":{\"@id\":\"https:\/\/www.tubitex.com\/de\/#website\"},\"datePublished\":\"2023-05-12T15:08:51+00:00\",\"dateModified\":\"2024-05-03T10:55:02+00:00\",\"breadcrumb\":{\"@id\":\"https:\/\/www.tubitex.com\/de\/lieferant-von-papphuelsen-huelsen-und-rollen\/#breadcrumb\"},\"inLanguage\":\"de\",\"potentialAction\":[{\"@type\":\"ReadAction\",\"target\":[\"https:\/\/www.tubitex.com\/de\/lieferant-von-papphuelsen-huelsen-und-rollen\/\"]}]},{\"@type\":\"BreadcrumbList\",\"@id\":\"https:\/\/www.tubitex.com\/de\/lieferant-von-papphuelsen-huelsen-und-rollen\/#breadcrumb\",\"itemListElement\":[{\"@type\":\"ListItem\",\"position\":1,\"name\":\"Home\",\"item\":\"https:\/\/www.tubitex.com\/de\/\"},{\"@type\":\"ListItem\",\"position\":2,\"name\":\"Lieferant von Papph\u00fclsen, H\u00fclsen und Rollen\"}]},{\"@type\":\"WebSite\",\"@id\":\"https:\/\/www.tubitex.com\/de\/#website\",\"url\":\"https:\/\/www.tubitex.com\/de\/\",\"name\":\"Tubitex\",\"description\":\"Produzione tubi in cartone, anime e bobine di carta\",\"potentialAction\":[{\"@type\":\"SearchAction\",\"target\":{\"@type\":\"EntryPoint\",\"urlTemplate\":\"https:\/\/www.tubitex.com\/de\/?s={search_term_string}\"},\"query-input\":{\"@type\":\"PropertyValueSpecification\",\"valueRequired\":true,\"valueName\":\"search_term_string\"}}],\"inLanguage\":\"de\"}]}<\/script>\n<!-- \/ Yoast SEO plugin. -->","yoast_head_json":{"title":"Lieferant von Papph\u00fclsen, H\u00fclsen und Rollen - Tubitex","robots":{"index":"index","follow":"follow","max-snippet":"max-snippet:-1","max-image-preview":"max-image-preview:large","max-video-preview":"max-video-preview:-1"},"canonical":"https:\/\/www.tubitex.com\/de\/lieferant-von-papphuelsen-huelsen-und-rollen\/","og_locale":"de_DE","og_type":"article","og_title":"Lieferant von Papph\u00fclsen, H\u00fclsen und Rollen - Tubitex","og_description":"Lieferant von Papph\u00fclsen und Tuben, Kerne und RollenSie suchen nach einem Lieferant von Kartonh\u00fclsen, zuverl\u00e4ssig und zertifiziert, der Ihre Bed\u00fcrfnisse mit ma\u00dfgeschneiderten Qualit\u00e4tsprodukten erf\u00fcllt? Tubitex bietet seinen Kunden seit mehr als 40 Jahren gro\u00dfe Kompetenz und Erfahrung im Bereich der Herstellung und Lieferung von ma\u00dfgeschneiderten Papph\u00fclsen, -kernen und -spulen. Von Textilien \u00fcber Lebensmittel bis hin [&hellip;]","og_url":"https:\/\/www.tubitex.com\/de\/lieferant-von-papphuelsen-huelsen-und-rollen\/","og_site_name":"Tubitex","article_modified_time":"2024-05-03T10:55:02+00:00","twitter_card":"summary_large_image","twitter_misc":{"Gesch\u00e4tzte Lesezeit":"6\u00a0Minuten"},"schema":{"@context":"https:\/\/schema.org","@graph":[{"@type":"WebPage","@id":"https:\/\/www.tubitex.com\/de\/lieferant-von-papphuelsen-huelsen-und-rollen\/","url":"https:\/\/www.tubitex.com\/de\/lieferant-von-papphuelsen-huelsen-und-rollen\/","name":"Lieferant von Papph\u00fclsen, H\u00fclsen und Rollen - Tubitex","isPartOf":{"@id":"https:\/\/www.tubitex.com\/de\/#website"},"datePublished":"2023-05-12T15:08:51+00:00","dateModified":"2024-05-03T10:55:02+00:00","breadcrumb":{"@id":"https:\/\/www.tubitex.com\/de\/lieferant-von-papphuelsen-huelsen-und-rollen\/#breadcrumb"},"inLanguage":"de","potentialAction":[{"@type":"ReadAction","target":["https:\/\/www.tubitex.com\/de\/lieferant-von-papphuelsen-huelsen-und-rollen\/"]}]},{"@type":"BreadcrumbList","@id":"https:\/\/www.tubitex.com\/de\/lieferant-von-papphuelsen-huelsen-und-rollen\/#breadcrumb","itemListElement":[{"@type":"ListItem","position":1,"name":"Home","item":"https:\/\/www.tubitex.com\/de\/"},{"@type":"ListItem","position":2,"name":"Lieferant von Papph\u00fclsen, H\u00fclsen und Rollen"}]},{"@type":"WebSite","@id":"https:\/\/www.tubitex.com\/de\/#website","url":"https:\/\/www.tubitex.com\/de\/","name":"Tubitex","description":"Produzione tubi in cartone, anime e bobine di carta","potentialAction":[{"@type":"SearchAction","target":{"@type":"EntryPoint","urlTemplate":"https:\/\/www.tubitex.com\/de\/?s={search_term_string}"},"query-input":{"@type":"PropertyValueSpecification","valueRequired":true,"valueName":"search_term_string"}}],"inLanguage":"de"}]}},"_links":{"self":[{"href":"https:\/\/www.tubitex.com\/de\/wp-json\/wp\/v2\/pages\/7419","targetHints":{"allow":["GET"]}}],"collection":[{"href":"https:\/\/www.tubitex.com\/de\/wp-json\/wp\/v2\/pages"}],"about":[{"href":"https:\/\/www.tubitex.com\/de\/wp-json\/wp\/v2\/types\/page"}],"author":[{"embeddable":true,"href":"https:\/\/www.tubitex.com\/de\/wp-json\/wp\/v2\/users\/1"}],"replies":[{"embeddable":true,"href":"https:\/\/www.tubitex.com\/de\/wp-json\/wp\/v2\/comments?post=7419"}],"version-history":[{"count":8,"href":"https:\/\/www.tubitex.com\/de\/wp-json\/wp\/v2\/pages\/7419\/revisions"}],"predecessor-version":[{"id":7499,"href":"https:\/\/www.tubitex.com\/de\/wp-json\/wp\/v2\/pages\/7419\/revisions\/7499"}],"wp:attachment":[{"href":"https:\/\/www.tubitex.com\/de\/wp-json\/wp\/v2\/media?parent=7419"}],"wp:term":[{"taxonomy":"category","embeddable":true,"href":"https:\/\/www.tubitex.com\/de\/wp-json\/wp\/v2\/categories?post=7419"}],"curies":[{"name":"wp","href":"https:\/\/api.w.org\/{rel}","templated":true}]}}