{"id":7413,"date":"2023-03-10T17:01:04","date_gmt":"2023-03-10T17:01:04","guid":{"rendered":"https:\/\/www.tubitex.com\/die-umwelt-liegt-uns-am-herzen-lassen-sie-uns-ihnen-unsere-photovoltaikanlage-vorstellen\/"},"modified":"2024-05-03T14:08:31","modified_gmt":"2024-05-03T14:08:31","slug":"die-umwelt-liegt-uns-am-herzen-lassen-sie-uns-ihnen-unsere-photovoltaikanlage-vorstellen","status":"publish","type":"page","link":"https:\/\/www.tubitex.com\/de\/die-umwelt-liegt-uns-am-herzen-lassen-sie-uns-ihnen-unsere-photovoltaikanlage-vorstellen\/","title":{"rendered":"Die Umwelt liegt uns am Herzen. Lassen Sie uns Ihnen unsere Photovoltaikanlage vorstellen"},"content":{"rendered":"<p>[et_pb_section fb_built=&#8220;1&#8243; admin_label=&#8220;Hero&#8220; _builder_version=&#8220;4.17.4&#8243; _module_preset=&#8220;default&#8220; background_color=&#8220;#f8f0e7&#8243; background_enable_image=&#8220;off&#8220; custom_padding=&#8220;80px|0|0||false|false&#8220; global_colors_info=&#8220;{}&#8220;][et_pb_row use_custom_gutter=&#8220;on&#8220; gutter_width=&#8220;1&#8243; make_equal=&#8220;on&#8220; padding_top_bottom_link_2=&#8220;true&#8220; padding_left_right_link_2=&#8220;true&#8220; _builder_version=&#8220;4.17.4&#8243; _module_preset=&#8220;default&#8220; custom_margin=&#8220;|||&#8220; custom_padding=&#8220;27px|0px|0|0px|false|false&#8220; global_colors_info=&#8220;{}&#8220;][et_pb_column type=&#8220;4_4&#8243; _builder_version=&#8220;4.16&#8243; _module_preset=&#8220;default&#8220; custom_padding=&#8220;|4%|80px|&#8220; custom_padding_tablet=&#8220;||40px|&#8220; custom_padding_phone=&#8220;||40px|&#8220; custom_padding_last_edited=&#8220;on|tablet&#8220; global_colors_info=&#8220;{}&#8220; padding_tablet=&#8220;||40px|&#8220; padding_last_edited=&#8220;on|tablet&#8220; custom_padding__hover=&#8220;|||&#8220; padding_phone=&#8220;||40px|&#8220;][\/et_pb_column][\/et_pb_row][\/et_pb_section][et_pb_section fb_built=&#8220;1&#8243; admin_label=&#8220;Services Header&#8220; _builder_version=&#8220;4.16&#8243; _module_preset=&#8220;default&#8220; custom_padding=&#8220;0|0px|54px|0px|false|false&#8220; locked=&#8220;off&#8220; global_colors_info=&#8220;{}&#8220;][et_pb_row column_structure=&#8220;2_3,1_3&#8243; use_custom_gutter=&#8220;on&#8220; gutter_width=&#8220;1&#8243; padding_top_bottom_link_2=&#8220;true&#8220; padding_left_right_link_2=&#8220;true&#8220; _builder_version=&#8220;4.16&#8243; _module_preset=&#8220;default&#8220; custom_padding=&#8220;0|0px|27px|0px|false|false&#8220; animation_style=&#8220;slide&#8220; animation_direction=&#8220;top&#8220; animation_intensity_slide=&#8220;20%&#8220; locked=&#8220;off&#8220; global_colors_info=&#8220;{}&#8220;][et_pb_column type=&#8220;2_3&#8243; _builder_version=&#8220;4.16&#8243; _module_preset=&#8220;default&#8220; custom_padding=&#8220;|||&#8220; global_colors_info=&#8220;{}&#8220; custom_padding__hover=&#8220;|||&#8220;][et_pb_text _builder_version=&#8220;4.17.4&#8243; _module_preset=&#8220;default&#8220; text_font=&#8220;||||||||&#8220; ul_font=&#8220;||||||||&#8220; ol_font=&#8220;||||||||&#8220; quote_font=&#8220;||||||||&#8220; header_font=&#8220;||||||||&#8220; header_2_font=&#8220;|800|||||||&#8220; header_2_font_size=&#8220;24px&#8220; header_2_line_height=&#8220;1.8em&#8220; header_3_font=&#8220;||||||||&#8220; header_4_font=&#8220;|800||on|||||&#8220; header_4_font_size=&#8220;16px&#8220; header_4_letter_spacing=&#8220;0.5px&#8220; header_4_line_height=&#8220;1.7em&#8220; header_5_font=&#8220;||||||||&#8220; header_6_font=&#8220;||||||||&#8220; background_color=&#8220;#efefef&#8220; padding_1_last_edited=&#8220;on|desktop&#8220; custom_padding=&#8220;30px|50px|30px|50px|true|true|20px|10%|20px|10%|true|true||on|desktop&#8220; custom_padding_tablet=&#8220;&#8220; custom_padding_phone=&#8220;20px|10%|20px|10%|true|true&#8220; custom_padding_last_edited=&#8220;on|phone&#8220; header_2_font_size_tablet=&#8220;&#8220; header_2_font_size_phone=&#8220;18px&#8220; header_2_font_size_last_edited=&#8220;on|phone&#8220; locked=&#8220;off&#8220; global_colors_info=&#8220;{}&#8220;]<\/p>\n<h4>die Umwelt liegt uns sehr am Herzen,  <\/h4>\n<h2>wir stellen Ihnen unser Photovoltaiksystem vor<\/h2>\n<p>[\/et_pb_text][\/et_pb_column][et_pb_column type=&#8220;1_3&#8243; _builder_version=&#8220;4.16&#8243; _module_preset=&#8220;default&#8220; custom_padding=&#8220;50px|50px|50px|50px&#8220; custom_padding_tablet=&#8220;50px|50px|50px|50px&#8220; custom_padding_phone=&#8220;20px|10%|20px|10%|true|true&#8220; custom_padding_last_edited=&#8220;on|phone&#8220; global_colors_info=&#8220;{}&#8220; padding_phone=&#8220;20px|10%|20px|10%|true|true&#8220; padding_last_edited=&#8220;on|phone&#8220; custom_padding__hover=&#8220;|||&#8220;][\/et_pb_column][\/et_pb_row][et_pb_row _builder_version=&#8220;4.17.4&#8243; _module_preset=&#8220;default&#8220; global_colors_info=&#8220;{}&#8220;][et_pb_column type=&#8220;4_4&#8243; _builder_version=&#8220;4.16&#8243; _module_preset=&#8220;default&#8220; custom_padding=&#8220;|||&#8220; global_colors_info=&#8220;{}&#8220; custom_padding__hover=&#8220;|||&#8220;][et_pb_text _builder_version=&#8220;4.17.4&#8243; _module_preset=&#8220;default&#8220; text_font=&#8220;Open Sans||||||||&#8220; text_font_size=&#8220;16px&#8220; text_line_height=&#8220;1.8em&#8220; header_font=&#8220;||||||||&#8220; header_3_font=&#8220;|800||on|||||&#8220; header_3_text_color=&#8220;#f25b3a&#8220; header_3_font_size=&#8220;24px&#8220; header_3_line_height=&#8220;1.8em&#8220; header_3_font_size_tablet=&#8220;&#8220; header_3_font_size_phone=&#8220;18px&#8220; header_3_font_size_last_edited=&#8220;on|phone&#8220; locked=&#8220;off&#8220; global_colors_info=&#8220;{}&#8220;]<\/p>\n<p style=\"text-align: justify;\"><span>Wir sind in der Lage, die nat\u00fcrlichen Ressourcen, unser wahres und unver\u00e4u\u00dferliches soziales Kapital, zu kennen, zu respektieren und zu verwalten. Aus diesem Grund haben wir uns mit einem<\/span> <strong><span> <\/span>innovative Photovoltaikanlage<\/strong><span> die den Energieverbrauch der Produktion ausgleicht, aber vor allem ein technologisches Innovationsprojekt zur Energieeffizienz vervollst\u00e4ndigt, f\u00fcr das wir alle unsere Anstrengungen unternommen haben.<\/span><\/p>\n<h3 style=\"text-align: justify;\"><span style=\"color: #000080;\">Tubitex-Photovoltaikanlage: nachhaltige Produktion von Pappr\u00f6hren<\/span><\/h3>\n<p style=\"text-align: justify;\">Die im Mai eingeweihte, innovative Photovoltaikanlage wurde in der Fabrik von Barbarano Vicentino gebaut. Perfekt auf dem Dach des Werks integriert, produziert sie bis zu 770 kWp, etwa 785.000 kWh\/Jahr, eine Menge, die etwa 68% des Energiebedarfs des gesamten Produktionsprozesses des Unternehmens deckt und 67,52 TOE (Tonnen \u00d6l\u00e4quivalent) einspart, wodurch j\u00e4hrlich insgesamt 256.933 kg CO2 aus der Atmosph\u00e4re vermieden werden.<br \/><strong>Ein Projekt, das sehr erw\u00fcnscht war, weil es ein integraler Bestandteil unserer auf Umweltschutz und nachhaltige Entwicklung ausgerichteten Unternehmenspolitik ist.<\/strong><br \/><strong>Wir glauben, dass die Produktion von sauberer und sicherer Energie wesentlich zum Wohl der Region und der Gemeinschaft beitr\u00e4gt, in der wir t\u00e4tig sind.<\/strong><br \/>Den verantwortlichen Ingenieuren ist es gelungen, ein perfektes Gleichgewicht bei der Gestaltung dieses Systems zu finden, obwohl die D\u00e4cher sich typologisch voneinander unterscheiden und auch durch unterschiedliche Expositionen gekennzeichnet sind. Das Dach besteht aus einem Tonnendach und einem Pultdach. Aus diesem Grund wurde ein Multi-String-System entworfen, das f\u00fcr verschiedene Neigungen und Ausrichtungen geeignet ist und polykristalline Silizium-Paneele und Paneele mit CIS (Kupfer-Indium-Diselenid&#8220; -CuInSe2) Technologie verwendet.<\/p>\n<p style=\"text-align: justify;\">In \u00dcbereinstimmung mit der Energiepolitik des Unternehmens wird die Anlage 365 Tage im Jahr in Echtzeit \u00fcberwacht, um im Falle von Anomalien sofort eingreifen zu k\u00f6nnen.<br \/>Im Rahmen desselben Projekts haben wir auch die Entsorgung der alten Asbestd\u00e4cher und deren Erneuerung \u00fcbernommen. Damit haben wir die letzte Phase eines Prozesses abgeschlossen, der 2010 mit einem Projekt zur technologischen Innovation und zur Verbesserung der Energieeffizienz in Zusammenarbeit mit dem Consorzio Nord Est Packaging und der Region Venetien begann.<\/p>\n<p>[\/et_pb_text][\/et_pb_column][\/et_pb_row][\/et_pb_section][et_pb_section fb_built=&#8220;1&#8243; admin_label=&#8220;Gallery&#8220; _builder_version=&#8220;4.16&#8243; _module_preset=&#8220;default&#8220; custom_padding=&#8220;0px||0px|&#8220; global_colors_info=&#8220;{}&#8220;][et_pb_row column_structure=&#8220;1_4,1_4,1_4,1_4&#8243; use_custom_gutter=&#8220;on&#8220; gutter_width=&#8220;1&#8243; make_equal=&#8220;on&#8220; admin_label=&#8220;Image Grid&#8220; module_class=&#8220; et_pb_row_fullwidth&#8220; _builder_version=&#8220;4.16&#8243; _module_preset=&#8220;default&#8220; background_size=&#8220;initial&#8220; background_position=&#8220;top_left&#8220; background_repeat=&#8220;repeat&#8220; width=&#8220;100%&#8220; width_tablet=&#8220;100%&#8220; width_phone=&#8220;100%&#8220; width_last_edited=&#8220;on|desktop&#8220; max_width=&#8220;100%&#8220; max_width_tablet=&#8220;100%&#8220; max_width_phone=&#8220;100%&#8220; max_width_last_edited=&#8220;on|desktop&#8220; custom_padding=&#8220;0px|0px|0px|0px&#8220; make_fullwidth=&#8220;on&#8220; global_colors_info=&#8220;{}&#8220;][et_pb_column type=&#8220;1_4&#8243; _builder_version=&#8220;4.16&#8243; _module_preset=&#8220;default&#8220; custom_padding=&#8220;|||&#8220; global_colors_info=&#8220;{}&#8220; custom_padding__hover=&#8220;|||&#8220;][et_pb_image src=&#8220;https:\/\/www.tubitex.com\/wp-content\/uploads\/2022\/10\/1_anime-di-cartone-per-cartiere_box3.jpg&#8220; title_text=&#8220;1_anime-von-karton-pro-nachbarschaft_box3&#8243; show_in_lightbox=&#8220;on&#8220; force_fullwidth=&#8220;on&#8220; align_tablet=&#8220;center&#8220; align_phone=&#8220;center&#8220; align_last_edited=&#8220;on|desktop&#8220; _builder_version=&#8220;4.17.4&#8243; _module_preset=&#8220;default&#8220; animation_style=&#8220;zoom&#8220; animation_intensity_zoom=&#8220;10%&#8220; global_colors_info=&#8220;{}&#8220;][\/et_pb_image][\/et_pb_column][et_pb_column type=&#8220;1_4&#8243; _builder_version=&#8220;4.16&#8243; _module_preset=&#8220;default&#8220; custom_padding=&#8220;|||&#8220; global_colors_info=&#8220;{}&#8220; custom_padding__hover=&#8220;|||&#8220;][et_pb_image src=&#8220;https:\/\/www.tubitex.com\/wp-content\/uploads\/2022\/10\/1_anime-di-cartone-per-cartiere_box5.jpg&#8220; title_text=&#8220;1_anime-di-cartone-per-cartiere_box5&#8243; show_in_lightbox=&#8220;on&#8220; force_fullwidth=&#8220;on&#8220; align_tablet=&#8220;center&#8220; align_phone=&#8220;center&#8220; align_last_edited=&#8220;on|desktop&#8220; _builder_version=&#8220;4.17.4&#8243; _module_preset=&#8220;default&#8220; animation_style=&#8220;zoom&#8220; animation_delay=&#8220;100ms&#8220; animation_intensity_zoom=&#8220;10%&#8220; locked=&#8220;off&#8220; global_colors_info=&#8220;{}&#8220;][\/et_pb_image][\/et_pb_column][et_pb_column type=&#8220;1_4&#8243; _builder_version=&#8220;4.16&#8243; _module_preset=&#8220;default&#8220; custom_padding=&#8220;|||&#8220; global_colors_info=&#8220;{}&#8220; custom_padding__hover=&#8220;|||&#8220;][et_pb_image src=&#8220;https:\/\/www.tubitex.com\/wp-content\/uploads\/2022\/10\/1_anime-di-cartone-per-cartiere_box4.jpg&#8220; title_text=&#8220;1_anime-di-cartone-per-cartiere_box4&#8243; show_in_lightbox=&#8220;on&#8220; force_fullwidth=&#8220;on&#8220; align_tablet=&#8220;center&#8220; align_phone=&#8220;center&#8220; align_last_edited=&#8220;on|desktop&#8220; _builder_version=&#8220;4.17.4&#8243; _module_preset=&#8220;default&#8220; animation_style=&#8220;zoom&#8220; animation_delay=&#8220;200ms&#8220; animation_intensity_zoom=&#8220;10%&#8220; locked=&#8220;off&#8220; global_colors_info=&#8220;{}&#8220;][\/et_pb_image][\/et_pb_column][et_pb_column type=&#8220;1_4&#8243; _builder_version=&#8220;4.16&#8243; _module_preset=&#8220;default&#8220; custom_padding=&#8220;|||&#8220; global_colors_info=&#8220;{}&#8220; custom_padding__hover=&#8220;|||&#8220;][et_pb_image src=&#8220;https:\/\/www.tubitex.com\/wp-content\/uploads\/2022\/10\/3_anime-di-cartone-per-film-plastico_box6.jpg&#8220; title_text=&#8220;3_anime-di-cartone-per-film-plastico_box6&#8243; show_in_lightbox=&#8220;on&#8220; force_fullwidth=&#8220;on&#8220; align_tablet=&#8220;center&#8220; align_phone=&#8220;center&#8220; align_last_edited=&#8220;on|desktop&#8220; _builder_version=&#8220;4.17.4&#8243; _module_preset=&#8220;default&#8220; animation_style=&#8220;zoom&#8220; animation_delay=&#8220;300ms&#8220; animation_intensity_zoom=&#8220;10%&#8220; locked=&#8220;off&#8220; global_colors_info=&#8220;{}&#8220;][\/et_pb_image][\/et_pb_column][\/et_pb_row][\/et_pb_section][et_pb_section fb_built=&#8220;1&#8243; admin_label=&#8220;Contact Banner&#8220; _builder_version=&#8220;4.17.4&#8243; _module_preset=&#8220;default&#8220; background_color=&#8220;rgba(135,65,8,0.8)&#8220; custom_padding=&#8220;20px|0px|0px|0px|false|false&#8220; animation_style=&#8220;slide&#8220; animation_direction=&#8220;bottom&#8220; global_colors_info=&#8220;{}&#8220;][et_pb_row column_structure=&#8220;3_5,2_5&#8243; _builder_version=&#8220;4.17.4&#8243; _module_preset=&#8220;default&#8220; custom_margin=&#8220;-5px||||false|false&#8220; global_colors_info=&#8220;{}&#8220;][et_pb_column type=&#8220;3_5&#8243; _builder_version=&#8220;4.16&#8243; _module_preset=&#8220;default&#8220; custom_padding=&#8220;|||&#8220; global_colors_info=&#8220;{}&#8220; custom_padding__hover=&#8220;|||&#8220;][et_pb_text _builder_version=&#8220;4.17.4&#8243; _module_preset=&#8220;default&#8220; text_font=&#8220;||||||||&#8220; quote_font=&#8220;||||||||&#8220; header_font=&#8220;||||||||&#8220; header_2_font=&#8220;|600||on|||||&#8220; header_2_font_size=&#8220;24px&#8220; header_3_font=&#8220;||||||||&#8220; header_4_font=&#8220;|800||on|||||&#8220; header_4_font_size=&#8220;16px&#8220; header_4_letter_spacing=&#8220;0.5px&#8220; header_4_line_height=&#8220;1.7em&#8220; background_layout=&#8220;dark&#8220; max_width=&#8220;800%&#8220; custom_padding=&#8220;0px||||false|false&#8220; header_2_font_size_tablet=&#8220;&#8220; header_2_font_size_phone=&#8220;18px&#8220; header_2_font_size_last_edited=&#8220;on|phone&#8220; locked=&#8220;off&#8220; global_colors_info=&#8220;{}&#8220;]<\/p>\n<h4>entscheiden Sie sich f\u00fcr die saubere Energie von tubitex!<\/h4>\n<h2>mehr Wert f\u00fcr Ihr Gesch\u00e4ft mit umweltfreundlichen Produkten!<\/h2>\n<p>[\/et_pb_text][\/et_pb_column][et_pb_column type=&#8220;2_5&#8243; _builder_version=&#8220;4.17.4&#8243; _module_preset=&#8220;default&#8220; custom_padding=&#8220;|||&#8220; global_colors_info=&#8220;{}&#8220; custom_padding__hover=&#8220;|||&#8220;][et_pb_button button_url=&#8220;@ET-DC@eyJkeW5hbWljIjp0cnVlLCJjb250ZW50IjoicG9zdF9saW5rX3VybF9wYWdlIiwic2V0dGluZ3MiOnsicG9zdF9pZCI6IjI4In19@&#8220; button_text=&#8220;Mehr Informationen anfordern&#8220; button_alignment=&#8220;right&#8220; _builder_version=&#8220;4.17.4&#8243; _dynamic_attributes=&#8220;button_url&#8220; _module_preset=&#8220;default&#8220; custom_button=&#8220;on&#8220; button_text_size=&#8220;19px&#8220; button_text_color=&#8220;#FFFFFF&#8220; button_bg_color=&#8220;RGBA(255,255,255,0)&#8220; button_border_color=&#8220;#FFFFFF&#8220; button_border_radius=&#8220;0px&#8220; button_font=&#8220;|||on|||||&#8220; button_use_icon=&#8220;off&#8220; custom_margin=&#8220;1px||||false|false&#8220; global_colors_info=&#8220;{}&#8220;][\/et_pb_button][\/et_pb_column][\/et_pb_row][\/et_pb_section]<\/p>\n","protected":false},"excerpt":{"rendered":"<p>die Umwelt liegt uns sehr am Herzen, wir stellen Ihnen unser Photovoltaiksystem vorWir sind in der Lage, die nat\u00fcrlichen Ressourcen, unser wahres und unver\u00e4u\u00dferliches soziales Kapital, zu kennen, zu respektieren und zu verwalten. Aus diesem Grund haben wir uns mit einem innovative Photovoltaikanlage die den Energieverbrauch der Produktion ausgleicht, aber vor allem ein technologisches Innovationsprojekt [&hellip;]<\/p>\n","protected":false},"author":1,"featured_media":0,"parent":0,"menu_order":0,"comment_status":"closed","ping_status":"closed","template":"","meta":{"_acf_changed":false,"_et_pb_use_builder":"on","_et_pb_old_content":"","_et_gb_content_width":"","inline_featured_image":false,"footnotes":""},"categories":[],"class_list":["post-7413","page","type-page","status-publish","hentry"],"acf":[],"yoast_head":"<!-- This site is optimized with the Yoast SEO plugin v27.1.1 - https:\/\/yoast.com\/product\/yoast-seo-wordpress\/ -->\n<title>Die Umwelt liegt uns am Herzen. Lassen Sie uns Ihnen unsere Photovoltaikanlage vorstellen - Tubitex<\/title>\n<meta name=\"robots\" content=\"index, follow, max-snippet:-1, max-image-preview:large, max-video-preview:-1\" \/>\n<link rel=\"canonical\" href=\"https:\/\/www.tubitex.com\/de\/die-umwelt-liegt-uns-am-herzen-lassen-sie-uns-ihnen-unsere-photovoltaikanlage-vorstellen\/\" \/>\n<meta property=\"og:locale\" content=\"de_DE\" \/>\n<meta property=\"og:type\" content=\"article\" \/>\n<meta property=\"og:title\" content=\"Die Umwelt liegt uns am Herzen. Lassen Sie uns Ihnen unsere Photovoltaikanlage vorstellen - Tubitex\" \/>\n<meta property=\"og:description\" content=\"die Umwelt liegt uns sehr am Herzen, wir stellen Ihnen unser Photovoltaiksystem vorWir sind in der Lage, die nat\u00fcrlichen Ressourcen, unser wahres und unver\u00e4u\u00dferliches soziales Kapital, zu kennen, zu respektieren und zu verwalten. Aus diesem Grund haben wir uns mit einem innovative Photovoltaikanlage die den Energieverbrauch der Produktion ausgleicht, aber vor allem ein technologisches Innovationsprojekt [&hellip;]\" \/>\n<meta property=\"og:url\" content=\"https:\/\/www.tubitex.com\/de\/die-umwelt-liegt-uns-am-herzen-lassen-sie-uns-ihnen-unsere-photovoltaikanlage-vorstellen\/\" \/>\n<meta property=\"og:site_name\" content=\"Tubitex\" \/>\n<meta property=\"article:modified_time\" content=\"2024-05-03T14:08:31+00:00\" \/>\n<meta name=\"twitter:card\" content=\"summary_large_image\" \/>\n<meta name=\"twitter:label1\" content=\"Gesch\u00e4tzte Lesezeit\" \/>\n\t<meta name=\"twitter:data1\" content=\"7\u00a0Minuten\" \/>\n<script type=\"application\/ld+json\" class=\"yoast-schema-graph\">{\"@context\":\"https:\/\/schema.org\",\"@graph\":[{\"@type\":\"WebPage\",\"@id\":\"https:\/\/www.tubitex.com\/de\/die-umwelt-liegt-uns-am-herzen-lassen-sie-uns-ihnen-unsere-photovoltaikanlage-vorstellen\/\",\"url\":\"https:\/\/www.tubitex.com\/de\/die-umwelt-liegt-uns-am-herzen-lassen-sie-uns-ihnen-unsere-photovoltaikanlage-vorstellen\/\",\"name\":\"Die Umwelt liegt uns am Herzen. Lassen Sie uns Ihnen unsere Photovoltaikanlage vorstellen - Tubitex\",\"isPartOf\":{\"@id\":\"https:\/\/www.tubitex.com\/de\/#website\"},\"datePublished\":\"2023-03-10T17:01:04+00:00\",\"dateModified\":\"2024-05-03T14:08:31+00:00\",\"breadcrumb\":{\"@id\":\"https:\/\/www.tubitex.com\/de\/die-umwelt-liegt-uns-am-herzen-lassen-sie-uns-ihnen-unsere-photovoltaikanlage-vorstellen\/#breadcrumb\"},\"inLanguage\":\"de\",\"potentialAction\":[{\"@type\":\"ReadAction\",\"target\":[\"https:\/\/www.tubitex.com\/de\/die-umwelt-liegt-uns-am-herzen-lassen-sie-uns-ihnen-unsere-photovoltaikanlage-vorstellen\/\"]}]},{\"@type\":\"BreadcrumbList\",\"@id\":\"https:\/\/www.tubitex.com\/de\/die-umwelt-liegt-uns-am-herzen-lassen-sie-uns-ihnen-unsere-photovoltaikanlage-vorstellen\/#breadcrumb\",\"itemListElement\":[{\"@type\":\"ListItem\",\"position\":1,\"name\":\"Home\",\"item\":\"https:\/\/www.tubitex.com\/de\/\"},{\"@type\":\"ListItem\",\"position\":2,\"name\":\"Die Umwelt liegt uns am Herzen. Lassen Sie uns Ihnen unsere Photovoltaikanlage vorstellen\"}]},{\"@type\":\"WebSite\",\"@id\":\"https:\/\/www.tubitex.com\/de\/#website\",\"url\":\"https:\/\/www.tubitex.com\/de\/\",\"name\":\"Tubitex\",\"description\":\"Produzione tubi in cartone, anime e bobine di carta\",\"potentialAction\":[{\"@type\":\"SearchAction\",\"target\":{\"@type\":\"EntryPoint\",\"urlTemplate\":\"https:\/\/www.tubitex.com\/de\/?s={search_term_string}\"},\"query-input\":{\"@type\":\"PropertyValueSpecification\",\"valueRequired\":true,\"valueName\":\"search_term_string\"}}],\"inLanguage\":\"de\"}]}<\/script>\n<!-- \/ Yoast SEO plugin. -->","yoast_head_json":{"title":"Die Umwelt liegt uns am Herzen. Lassen Sie uns Ihnen unsere Photovoltaikanlage vorstellen - Tubitex","robots":{"index":"index","follow":"follow","max-snippet":"max-snippet:-1","max-image-preview":"max-image-preview:large","max-video-preview":"max-video-preview:-1"},"canonical":"https:\/\/www.tubitex.com\/de\/die-umwelt-liegt-uns-am-herzen-lassen-sie-uns-ihnen-unsere-photovoltaikanlage-vorstellen\/","og_locale":"de_DE","og_type":"article","og_title":"Die Umwelt liegt uns am Herzen. Lassen Sie uns Ihnen unsere Photovoltaikanlage vorstellen - Tubitex","og_description":"die Umwelt liegt uns sehr am Herzen, wir stellen Ihnen unser Photovoltaiksystem vorWir sind in der Lage, die nat\u00fcrlichen Ressourcen, unser wahres und unver\u00e4u\u00dferliches soziales Kapital, zu kennen, zu respektieren und zu verwalten. Aus diesem Grund haben wir uns mit einem innovative Photovoltaikanlage die den Energieverbrauch der Produktion ausgleicht, aber vor allem ein technologisches Innovationsprojekt [&hellip;]","og_url":"https:\/\/www.tubitex.com\/de\/die-umwelt-liegt-uns-am-herzen-lassen-sie-uns-ihnen-unsere-photovoltaikanlage-vorstellen\/","og_site_name":"Tubitex","article_modified_time":"2024-05-03T14:08:31+00:00","twitter_card":"summary_large_image","twitter_misc":{"Gesch\u00e4tzte Lesezeit":"7\u00a0Minuten"},"schema":{"@context":"https:\/\/schema.org","@graph":[{"@type":"WebPage","@id":"https:\/\/www.tubitex.com\/de\/die-umwelt-liegt-uns-am-herzen-lassen-sie-uns-ihnen-unsere-photovoltaikanlage-vorstellen\/","url":"https:\/\/www.tubitex.com\/de\/die-umwelt-liegt-uns-am-herzen-lassen-sie-uns-ihnen-unsere-photovoltaikanlage-vorstellen\/","name":"Die Umwelt liegt uns am Herzen. Lassen Sie uns Ihnen unsere Photovoltaikanlage vorstellen - Tubitex","isPartOf":{"@id":"https:\/\/www.tubitex.com\/de\/#website"},"datePublished":"2023-03-10T17:01:04+00:00","dateModified":"2024-05-03T14:08:31+00:00","breadcrumb":{"@id":"https:\/\/www.tubitex.com\/de\/die-umwelt-liegt-uns-am-herzen-lassen-sie-uns-ihnen-unsere-photovoltaikanlage-vorstellen\/#breadcrumb"},"inLanguage":"de","potentialAction":[{"@type":"ReadAction","target":["https:\/\/www.tubitex.com\/de\/die-umwelt-liegt-uns-am-herzen-lassen-sie-uns-ihnen-unsere-photovoltaikanlage-vorstellen\/"]}]},{"@type":"BreadcrumbList","@id":"https:\/\/www.tubitex.com\/de\/die-umwelt-liegt-uns-am-herzen-lassen-sie-uns-ihnen-unsere-photovoltaikanlage-vorstellen\/#breadcrumb","itemListElement":[{"@type":"ListItem","position":1,"name":"Home","item":"https:\/\/www.tubitex.com\/de\/"},{"@type":"ListItem","position":2,"name":"Die Umwelt liegt uns am Herzen. Lassen Sie uns Ihnen unsere Photovoltaikanlage vorstellen"}]},{"@type":"WebSite","@id":"https:\/\/www.tubitex.com\/de\/#website","url":"https:\/\/www.tubitex.com\/de\/","name":"Tubitex","description":"Produzione tubi in cartone, anime e bobine di carta","potentialAction":[{"@type":"SearchAction","target":{"@type":"EntryPoint","urlTemplate":"https:\/\/www.tubitex.com\/de\/?s={search_term_string}"},"query-input":{"@type":"PropertyValueSpecification","valueRequired":true,"valueName":"search_term_string"}}],"inLanguage":"de"}]}},"_links":{"self":[{"href":"https:\/\/www.tubitex.com\/de\/wp-json\/wp\/v2\/pages\/7413","targetHints":{"allow":["GET"]}}],"collection":[{"href":"https:\/\/www.tubitex.com\/de\/wp-json\/wp\/v2\/pages"}],"about":[{"href":"https:\/\/www.tubitex.com\/de\/wp-json\/wp\/v2\/types\/page"}],"author":[{"embeddable":true,"href":"https:\/\/www.tubitex.com\/de\/wp-json\/wp\/v2\/users\/1"}],"replies":[{"embeddable":true,"href":"https:\/\/www.tubitex.com\/de\/wp-json\/wp\/v2\/comments?post=7413"}],"version-history":[{"count":17,"href":"https:\/\/www.tubitex.com\/de\/wp-json\/wp\/v2\/pages\/7413\/revisions"}],"predecessor-version":[{"id":8215,"href":"https:\/\/www.tubitex.com\/de\/wp-json\/wp\/v2\/pages\/7413\/revisions\/8215"}],"wp:attachment":[{"href":"https:\/\/www.tubitex.com\/de\/wp-json\/wp\/v2\/media?parent=7413"}],"wp:term":[{"taxonomy":"category","embeddable":true,"href":"https:\/\/www.tubitex.com\/de\/wp-json\/wp\/v2\/categories?post=7413"}],"curies":[{"name":"wp","href":"https:\/\/api.w.org\/{rel}","templated":true}]}}