{"id":7408,"date":"2023-05-11T13:31:29","date_gmt":"2023-05-11T13:31:29","guid":{"rendered":"https:\/\/www.tubitex.com\/fuehrend-in-der-entwicklung-und-produktion-von-papproehren-und-rohren\/"},"modified":"2024-05-03T14:08:29","modified_gmt":"2024-05-03T14:08:29","slug":"fuehrend-in-der-entwicklung-und-produktion-von-papproehren-und-rohren","status":"publish","type":"page","link":"https:\/\/www.tubitex.com\/de\/fuehrend-in-der-entwicklung-und-produktion-von-papproehren-und-rohren\/","title":{"rendered":"F\u00fchrend in der Entwicklung und Produktion von Pappr\u00f6hren und -rohren"},"content":{"rendered":"<p>[et_pb_section fb_built=&#8220;1&#8243; admin_label=&#8220;Services Header&#8220; _builder_version=&#8220;4.17.4&#8243; _module_preset=&#8220;default&#8220; background_color=&#8220;#f8f0e7&#8243; custom_padding=&#8220;0|0px|54px|0px|false|false&#8220; locked=&#8220;off&#8220; global_colors_info=&#8220;{}&#8220;][et_pb_row column_structure=&#8220;2_3,1_3&#8243; use_custom_gutter=&#8220;on&#8220; gutter_width=&#8220;1&#8243; padding_top_bottom_link_2=&#8220;true&#8220; padding_left_right_link_2=&#8220;true&#8220; _builder_version=&#8220;4.16&#8243; _module_preset=&#8220;default&#8220; custom_padding=&#8220;0|0px|27px|0px|false|false&#8220; animation_style=&#8220;slide&#8220; animation_direction=&#8220;top&#8220; animation_intensity_slide=&#8220;20%&#8220; locked=&#8220;off&#8220; global_colors_info=&#8220;{}&#8220;][et_pb_column type=&#8220;2_3&#8243; _builder_version=&#8220;4.16&#8243; _module_preset=&#8220;default&#8220; custom_padding=&#8220;|||&#8220; global_colors_info=&#8220;{}&#8220; custom_padding__hover=&#8220;|||&#8220;][et_pb_text _builder_version=&#8220;4.17.4&#8243; _module_preset=&#8220;default&#8220; text_font=&#8220;||||||||&#8220; ul_font=&#8220;||||||||&#8220; ol_font=&#8220;||||||||&#8220; quote_font=&#8220;||||||||&#8220; header_font=&#8220;||||||||&#8220; header_2_font=&#8220;|800|||||||&#8220; header_2_font_size=&#8220;24px&#8220; header_2_line_height=&#8220;1.8em&#8220; header_3_font=&#8220;||||||||&#8220; header_4_font=&#8220;|800||on|||||&#8220; header_4_font_size=&#8220;16px&#8220; header_4_letter_spacing=&#8220;0.5px&#8220; header_4_line_height=&#8220;1.7em&#8220; header_5_font=&#8220;||||||||&#8220; header_6_font=&#8220;||||||||&#8220; background_color=&#8220;#efefef&#8220; padding_1_last_edited=&#8220;on|desktop&#8220; custom_padding=&#8220;30px|50px|30px|50px|true|true|20px|10%|20px|10%|true|true||on|desktop&#8220; custom_padding_tablet=&#8220;&#8220; custom_padding_phone=&#8220;20px|10%|20px|10%|true|true&#8220; custom_padding_last_edited=&#8220;on|phone&#8220; header_2_font_size_tablet=&#8220;&#8220; header_2_font_size_phone=&#8220;18px&#8220; header_2_font_size_last_edited=&#8220;on|phone&#8220; locked=&#8220;off&#8220; global_colors_info=&#8220;{}&#8220;]<\/p>\n<h4>f\u00fchrend im Design und in der HERSTELLUNG von Papph\u00fclsen und Rohren<\/h4>\n<p>[\/et_pb_text][\/et_pb_column][et_pb_column type=&#8220;1_3&#8243; _builder_version=&#8220;4.16&#8243; _module_preset=&#8220;default&#8220; custom_padding=&#8220;50px|50px|50px|50px&#8220; custom_padding_tablet=&#8220;50px|50px|50px|50px&#8220; custom_padding_phone=&#8220;20px|10%|20px|10%|true|true&#8220; custom_padding_last_edited=&#8220;on|phone&#8220; global_colors_info=&#8220;{}&#8220; padding_phone=&#8220;20px|10%|20px|10%|true|true&#8220; padding_last_edited=&#8220;on|phone&#8220; custom_padding__hover=&#8220;|||&#8220;][\/et_pb_column][\/et_pb_row][et_pb_row _builder_version=&#8220;4.17.4&#8243; _module_preset=&#8220;default&#8220; custom_margin=&#8220;-27px|auto||auto||&#8220; global_colors_info=&#8220;{}&#8220;][et_pb_column type=&#8220;4_4&#8243; _builder_version=&#8220;4.16&#8243; _module_preset=&#8220;default&#8220; custom_padding=&#8220;|||&#8220; global_colors_info=&#8220;{}&#8220; custom_padding__hover=&#8220;|||&#8220;][et_pb_text _builder_version=&#8220;4.22.2&#8243; _module_preset=&#8220;default&#8220; text_font=&#8220;Open Sans||||||||&#8220; header_font=&#8220;||||||||&#8220; header_3_font=&#8220;|800||on|||||&#8220; header_3_text_color=&#8220;#0a0000&#8243; header_3_font_size=&#8220;16px&#8220; header_3_line_height=&#8220;1.7em&#8220; hover_enabled=&#8220;0&#8243; header_3_font_size_tablet=&#8220;&#8220; header_3_font_size_phone=&#8220;18px&#8220; header_3_font_size_last_edited=&#8220;on|phone&#8220; locked=&#8220;off&#8220; global_colors_info=&#8220;{}&#8220; sticky_enabled=&#8220;0&#8243;]<\/p>\n<p style=\"text-align: justify;\">Wenn Sie auf der Suche nach einem vertrauensw\u00fcrdigen Partner sind, der Ihnen Qualit\u00e4t, Zuverl\u00e4ssigkeit und Kompetenz bei der <strong>Herstellung von Papph\u00fclsen<\/strong> bietet, dann sind Sie bei uns genau richtig!<\/p>\n<h3 style=\"text-align: justify;\"><span style=\"color: #000000;\">Hochwertige Papph\u00fclsen: die Erfahrung von tubitex<\/span><\/h3>\n<p style=\"text-align: justify;\">Seit \u00fcber 40 Jahren bieten wir unseren Kunden Erfahrung und Fachwissen, um ihnen  <strong>Papph\u00fclsen von h\u00f6chster Qualit\u00e4t.<\/strong>  F\u00fcr jede Art von Unternehmen, von Papier \u00fcber Textilien bis hin zu Lebensmitteln, und je nach Ihren Bed\u00fcrfnissen bieten wir ein<strong>  ma\u00dfgeschneidertes Produkt<\/strong>die eine kontinuierliche und vollst\u00e4ndige Versorgung garantieren, die f\u00fcr jeden Bedarf geplant und vorbereitet ist.<\/p>\n<p style=\"text-align: justify;\">F\u00fcr jedes Produkt garantieren wir au\u00dferdem h\u00f6chste Qualit\u00e4t dank strenger Kontrollen bei der Entwicklung der Papph\u00fclsen und im Verarbeitungszyklus sowie der Unterst\u00fctzung durch ein leistungsf\u00e4higes technisches Personal und modernste Anlagen, die es uns erm\u00f6glichen, Ihnen jeden Tag die Papph\u00fclsen zu liefern, die Sie ben\u00f6tigen, und zwar auf h\u00f6chstem Niveau.<\/p>\n<p style=\"text-align: justify;\">Mit <a href=\"https:\/\/www.tubitex.com\/de\/papproehren-fuer-die-lebensmittelherstellung\/\"><br \/>\n  <strong>Tubitex<\/strong><br \/>\n<\/a>Europas f\u00fchrendem Designer und <strong>Hersteller von ma\u00dfgeschneiderten Papph\u00fclsen,<\/strong> k\u00f6nnen Sie sicher sein, dass Sie das Produkt erhalten, das Sie suchen, um Ihre Marke mit <strong>qualitativ hochwertigen Produkten<\/strong> zu neuen H\u00f6hen zu f\u00fchren.<\/p>\n<p>[\/et_pb_text][\/et_pb_column][\/et_pb_row][\/et_pb_section][et_pb_section fb_built=&#8220;1&#8243; admin_label=&#8220;Gallery&#8220; _builder_version=&#8220;4.16&#8243; _module_preset=&#8220;default&#8220; custom_padding=&#8220;0px||0px|&#8220; global_colors_info=&#8220;{}&#8220;][et_pb_row column_structure=&#8220;1_4,1_4,1_4,1_4&#8243; use_custom_gutter=&#8220;on&#8220; gutter_width=&#8220;1&#8243; make_equal=&#8220;on&#8220; admin_label=&#8220;Image Grid&#8220; module_class=&#8220; et_pb_row_fullwidth&#8220; _builder_version=&#8220;4.16&#8243; _module_preset=&#8220;default&#8220; background_size=&#8220;initial&#8220; background_position=&#8220;top_left&#8220; background_repeat=&#8220;repeat&#8220; width=&#8220;100%&#8220; width_tablet=&#8220;100%&#8220; width_phone=&#8220;100%&#8220; width_last_edited=&#8220;on|desktop&#8220; max_width=&#8220;100%&#8220; max_width_tablet=&#8220;100%&#8220; max_width_phone=&#8220;100%&#8220; max_width_last_edited=&#8220;on|desktop&#8220; custom_padding=&#8220;0px|0px|0px|0px&#8220; make_fullwidth=&#8220;on&#8220; global_colors_info=&#8220;{}&#8220;][et_pb_column type=&#8220;1_4&#8243; _builder_version=&#8220;4.16&#8243; _module_preset=&#8220;default&#8220; custom_padding=&#8220;|||&#8220; global_colors_info=&#8220;{}&#8220; custom_padding__hover=&#8220;|||&#8220;][et_pb_image src=&#8220;https:\/\/www.tubitex.com\/wp-content\/uploads\/2022\/10\/1_anime-di-cartone-per-cartiere_box3.jpg&#8220; title_text=&#8220;1_anime-von-karton-pro-nachbarschaft_box3&#8243; show_in_lightbox=&#8220;on&#8220; force_fullwidth=&#8220;on&#8220; align_tablet=&#8220;center&#8220; align_phone=&#8220;center&#8220; align_last_edited=&#8220;on|desktop&#8220; _builder_version=&#8220;4.17.4&#8243; _module_preset=&#8220;default&#8220; animation_style=&#8220;zoom&#8220; animation_intensity_zoom=&#8220;10%&#8220; global_colors_info=&#8220;{}&#8220;][\/et_pb_image][\/et_pb_column][et_pb_column type=&#8220;1_4&#8243; _builder_version=&#8220;4.16&#8243; _module_preset=&#8220;default&#8220; custom_padding=&#8220;|||&#8220; global_colors_info=&#8220;{}&#8220; custom_padding__hover=&#8220;|||&#8220;][et_pb_image src=&#8220;https:\/\/www.tubitex.com\/wp-content\/uploads\/2022\/10\/1_anime-di-cartone-per-cartiere_box5.jpg&#8220; title_text=&#8220;1_anime-di-cartone-per-cartiere_box5&#8243; show_in_lightbox=&#8220;on&#8220; force_fullwidth=&#8220;on&#8220; align_tablet=&#8220;center&#8220; align_phone=&#8220;center&#8220; align_last_edited=&#8220;on|desktop&#8220; _builder_version=&#8220;4.17.4&#8243; _module_preset=&#8220;default&#8220; animation_style=&#8220;zoom&#8220; animation_delay=&#8220;100ms&#8220; animation_intensity_zoom=&#8220;10%&#8220; locked=&#8220;off&#8220; global_colors_info=&#8220;{}&#8220;][\/et_pb_image][\/et_pb_column][et_pb_column type=&#8220;1_4&#8243; _builder_version=&#8220;4.16&#8243; _module_preset=&#8220;default&#8220; custom_padding=&#8220;|||&#8220; global_colors_info=&#8220;{}&#8220; custom_padding__hover=&#8220;|||&#8220;][et_pb_image src=&#8220;https:\/\/www.tubitex.com\/wp-content\/uploads\/2022\/10\/1_anime-di-cartone-per-cartiere_box4.jpg&#8220; title_text=&#8220;1_anime-di-cartone-per-cartiere_box4&#8243; show_in_lightbox=&#8220;on&#8220; force_fullwidth=&#8220;on&#8220; align_tablet=&#8220;center&#8220; align_phone=&#8220;center&#8220; align_last_edited=&#8220;on|desktop&#8220; _builder_version=&#8220;4.17.4&#8243; _module_preset=&#8220;default&#8220; animation_style=&#8220;zoom&#8220; animation_delay=&#8220;200ms&#8220; animation_intensity_zoom=&#8220;10%&#8220; locked=&#8220;off&#8220; global_colors_info=&#8220;{}&#8220;][\/et_pb_image][\/et_pb_column][et_pb_column type=&#8220;1_4&#8243; _builder_version=&#8220;4.16&#8243; _module_preset=&#8220;default&#8220; custom_padding=&#8220;|||&#8220; global_colors_info=&#8220;{}&#8220; custom_padding__hover=&#8220;|||&#8220;][et_pb_image src=&#8220;https:\/\/www.tubitex.com\/wp-content\/uploads\/2022\/10\/3_anime-di-cartone-per-film-plastico_box6.jpg&#8220; title_text=&#8220;3_anime-di-cartone-per-film-plastico_box6&#8243; show_in_lightbox=&#8220;on&#8220; force_fullwidth=&#8220;on&#8220; align_tablet=&#8220;center&#8220; align_phone=&#8220;center&#8220; align_last_edited=&#8220;on|desktop&#8220; _builder_version=&#8220;4.17.4&#8243; _module_preset=&#8220;default&#8220; animation_style=&#8220;zoom&#8220; animation_delay=&#8220;300ms&#8220; animation_intensity_zoom=&#8220;10%&#8220; locked=&#8220;off&#8220; global_colors_info=&#8220;{}&#8220;][\/et_pb_image][\/et_pb_column][\/et_pb_row][\/et_pb_section][et_pb_section fb_built=&#8220;1&#8243; admin_label=&#8220;Contact Banner&#8220; _builder_version=&#8220;4.17.4&#8243; _module_preset=&#8220;default&#8220; background_color=&#8220;rgba(135,65,8,0.8)&#8220; custom_padding=&#8220;20px|0px|0px|0px|false|false&#8220; animation_style=&#8220;slide&#8220; animation_direction=&#8220;bottom&#8220; global_colors_info=&#8220;{}&#8220;][et_pb_row column_structure=&#8220;3_5,2_5&#8243; _builder_version=&#8220;4.17.4&#8243; _module_preset=&#8220;default&#8220; custom_margin=&#8220;-5px||||false|false&#8220; global_colors_info=&#8220;{}&#8220;][et_pb_column type=&#8220;3_5&#8243; _builder_version=&#8220;4.16&#8243; _module_preset=&#8220;default&#8220; custom_padding=&#8220;|||&#8220; global_colors_info=&#8220;{}&#8220; custom_padding__hover=&#8220;|||&#8220;][et_pb_text _builder_version=&#8220;4.17.4&#8243; _module_preset=&#8220;default&#8220; text_font=&#8220;||||||||&#8220; quote_font=&#8220;||||||||&#8220; header_font=&#8220;||||||||&#8220; header_2_font=&#8220;|600||on|||||&#8220; header_2_font_size=&#8220;24px&#8220; header_3_font=&#8220;||||||||&#8220; header_4_font=&#8220;|800||on|||||&#8220; header_4_font_size=&#8220;16px&#8220; header_4_letter_spacing=&#8220;0.5px&#8220; header_4_line_height=&#8220;1.7em&#8220; background_layout=&#8220;dark&#8220; max_width=&#8220;800%&#8220; custom_padding=&#8220;0px||||false|false&#8220; header_2_font_size_tablet=&#8220;&#8220; header_2_font_size_phone=&#8220;18px&#8220; header_2_font_size_last_edited=&#8220;on|phone&#8220; locked=&#8220;off&#8220; global_colors_info=&#8220;{}&#8220;]<\/p>\n<h4>erleben Sie die Qualit\u00e4t unserer Produkte und streben Sie nach Spitzenleistungen!<\/h4>\n<p>[\/et_pb_text][\/et_pb_column][et_pb_column type=&#8220;2_5&#8243; _builder_version=&#8220;4.17.4&#8243; _module_preset=&#8220;default&#8220; custom_padding=&#8220;|||&#8220; global_colors_info=&#8220;{}&#8220; custom_padding__hover=&#8220;|||&#8220;][et_pb_button button_url=&#8220;@ET-DC@eyJkeW5hbWljIjp0cnVlLCJjb250ZW50IjoicG9zdF9saW5rX3VybF9wYWdlIiwic2V0dGluZ3MiOnsicG9zdF9pZCI6IjI4In19@&#8220; button_text=&#8220;Mehr Informationen anfordern&#8220; button_alignment=&#8220;right&#8220; _builder_version=&#8220;4.17.4&#8243; _dynamic_attributes=&#8220;button_url&#8220; _module_preset=&#8220;default&#8220; custom_button=&#8220;on&#8220; button_text_size=&#8220;15px&#8220; button_text_color=&#8220;#FFFFFF&#8220; button_bg_color=&#8220;RGBA(255,255,255,0)&#8220; button_border_color=&#8220;#FFFFFF&#8220; button_border_radius=&#8220;0px&#8220; button_font=&#8220;|||on|||||&#8220; button_use_icon=&#8220;off&#8220; custom_margin=&#8220;1px||||false|false&#8220; global_colors_info=&#8220;{}&#8220;][\/et_pb_button][\/et_pb_column][\/et_pb_row][\/et_pb_section]<\/p>\n","protected":false},"excerpt":{"rendered":"<p>f\u00fchrend im Design und in der HERSTELLUNG von Papph\u00fclsen und RohrenWenn Sie auf der Suche nach einem vertrauensw\u00fcrdigen Partner sind, der Ihnen Qualit\u00e4t, Zuverl\u00e4ssigkeit und Kompetenz bei der Herstellung von Papph\u00fclsen bietet, dann sind Sie bei uns genau richtig! Hochwertige Papph\u00fclsen: die Erfahrung von tubitex Seit \u00fcber 40 Jahren bieten wir unseren Kunden Erfahrung und [&hellip;]<\/p>\n","protected":false},"author":1,"featured_media":0,"parent":0,"menu_order":0,"comment_status":"closed","ping_status":"closed","template":"","meta":{"_acf_changed":false,"_et_pb_use_builder":"on","_et_pb_old_content":"","_et_gb_content_width":"","inline_featured_image":false,"footnotes":""},"categories":[],"class_list":["post-7408","page","type-page","status-publish","hentry"],"acf":[],"yoast_head":"<!-- This site is optimized with the Yoast SEO plugin v27.1.1 - https:\/\/yoast.com\/product\/yoast-seo-wordpress\/ -->\n<title>F\u00fchrend in der Entwicklung und Produktion von Pappr\u00f6hren und -rohren - Tubitex<\/title>\n<meta name=\"robots\" content=\"index, follow, max-snippet:-1, max-image-preview:large, max-video-preview:-1\" \/>\n<link rel=\"canonical\" href=\"https:\/\/www.tubitex.com\/de\/fuehrend-in-der-entwicklung-und-produktion-von-papproehren-und-rohren\/\" \/>\n<meta property=\"og:locale\" content=\"de_DE\" \/>\n<meta property=\"og:type\" content=\"article\" \/>\n<meta property=\"og:title\" content=\"F\u00fchrend in der Entwicklung und Produktion von Pappr\u00f6hren und -rohren - Tubitex\" \/>\n<meta property=\"og:description\" content=\"f\u00fchrend im Design und in der HERSTELLUNG von Papph\u00fclsen und RohrenWenn Sie auf der Suche nach einem vertrauensw\u00fcrdigen Partner sind, der Ihnen Qualit\u00e4t, Zuverl\u00e4ssigkeit und Kompetenz bei der Herstellung von Papph\u00fclsen bietet, dann sind Sie bei uns genau richtig! Hochwertige Papph\u00fclsen: die Erfahrung von tubitex Seit \u00fcber 40 Jahren bieten wir unseren Kunden Erfahrung und [&hellip;]\" \/>\n<meta property=\"og:url\" content=\"https:\/\/www.tubitex.com\/de\/fuehrend-in-der-entwicklung-und-produktion-von-papproehren-und-rohren\/\" \/>\n<meta property=\"og:site_name\" content=\"Tubitex\" \/>\n<meta property=\"article:modified_time\" content=\"2024-05-03T14:08:29+00:00\" \/>\n<meta name=\"twitter:card\" content=\"summary_large_image\" \/>\n<meta name=\"twitter:label1\" content=\"Gesch\u00e4tzte Lesezeit\" \/>\n\t<meta name=\"twitter:data1\" content=\"6\u00a0Minuten\" \/>\n<script type=\"application\/ld+json\" class=\"yoast-schema-graph\">{\"@context\":\"https:\/\/schema.org\",\"@graph\":[{\"@type\":\"WebPage\",\"@id\":\"https:\/\/www.tubitex.com\/de\/fuehrend-in-der-entwicklung-und-produktion-von-papproehren-und-rohren\/\",\"url\":\"https:\/\/www.tubitex.com\/de\/fuehrend-in-der-entwicklung-und-produktion-von-papproehren-und-rohren\/\",\"name\":\"F\u00fchrend in der Entwicklung und Produktion von Pappr\u00f6hren und -rohren - Tubitex\",\"isPartOf\":{\"@id\":\"https:\/\/www.tubitex.com\/de\/#website\"},\"datePublished\":\"2023-05-11T13:31:29+00:00\",\"dateModified\":\"2024-05-03T14:08:29+00:00\",\"breadcrumb\":{\"@id\":\"https:\/\/www.tubitex.com\/de\/fuehrend-in-der-entwicklung-und-produktion-von-papproehren-und-rohren\/#breadcrumb\"},\"inLanguage\":\"de\",\"potentialAction\":[{\"@type\":\"ReadAction\",\"target\":[\"https:\/\/www.tubitex.com\/de\/fuehrend-in-der-entwicklung-und-produktion-von-papproehren-und-rohren\/\"]}]},{\"@type\":\"BreadcrumbList\",\"@id\":\"https:\/\/www.tubitex.com\/de\/fuehrend-in-der-entwicklung-und-produktion-von-papproehren-und-rohren\/#breadcrumb\",\"itemListElement\":[{\"@type\":\"ListItem\",\"position\":1,\"name\":\"Home\",\"item\":\"https:\/\/www.tubitex.com\/de\/\"},{\"@type\":\"ListItem\",\"position\":2,\"name\":\"F\u00fchrend in der Entwicklung und Produktion von Pappr\u00f6hren und -rohren\"}]},{\"@type\":\"WebSite\",\"@id\":\"https:\/\/www.tubitex.com\/de\/#website\",\"url\":\"https:\/\/www.tubitex.com\/de\/\",\"name\":\"Tubitex\",\"description\":\"Produzione tubi in cartone, anime e bobine di carta\",\"potentialAction\":[{\"@type\":\"SearchAction\",\"target\":{\"@type\":\"EntryPoint\",\"urlTemplate\":\"https:\/\/www.tubitex.com\/de\/?s={search_term_string}\"},\"query-input\":{\"@type\":\"PropertyValueSpecification\",\"valueRequired\":true,\"valueName\":\"search_term_string\"}}],\"inLanguage\":\"de\"}]}<\/script>\n<!-- \/ Yoast SEO plugin. -->","yoast_head_json":{"title":"F\u00fchrend in der Entwicklung und Produktion von Pappr\u00f6hren und -rohren - Tubitex","robots":{"index":"index","follow":"follow","max-snippet":"max-snippet:-1","max-image-preview":"max-image-preview:large","max-video-preview":"max-video-preview:-1"},"canonical":"https:\/\/www.tubitex.com\/de\/fuehrend-in-der-entwicklung-und-produktion-von-papproehren-und-rohren\/","og_locale":"de_DE","og_type":"article","og_title":"F\u00fchrend in der Entwicklung und Produktion von Pappr\u00f6hren und -rohren - Tubitex","og_description":"f\u00fchrend im Design und in der HERSTELLUNG von Papph\u00fclsen und RohrenWenn Sie auf der Suche nach einem vertrauensw\u00fcrdigen Partner sind, der Ihnen Qualit\u00e4t, Zuverl\u00e4ssigkeit und Kompetenz bei der Herstellung von Papph\u00fclsen bietet, dann sind Sie bei uns genau richtig! Hochwertige Papph\u00fclsen: die Erfahrung von tubitex Seit \u00fcber 40 Jahren bieten wir unseren Kunden Erfahrung und [&hellip;]","og_url":"https:\/\/www.tubitex.com\/de\/fuehrend-in-der-entwicklung-und-produktion-von-papproehren-und-rohren\/","og_site_name":"Tubitex","article_modified_time":"2024-05-03T14:08:29+00:00","twitter_card":"summary_large_image","twitter_misc":{"Gesch\u00e4tzte Lesezeit":"6\u00a0Minuten"},"schema":{"@context":"https:\/\/schema.org","@graph":[{"@type":"WebPage","@id":"https:\/\/www.tubitex.com\/de\/fuehrend-in-der-entwicklung-und-produktion-von-papproehren-und-rohren\/","url":"https:\/\/www.tubitex.com\/de\/fuehrend-in-der-entwicklung-und-produktion-von-papproehren-und-rohren\/","name":"F\u00fchrend in der Entwicklung und Produktion von Pappr\u00f6hren und -rohren - Tubitex","isPartOf":{"@id":"https:\/\/www.tubitex.com\/de\/#website"},"datePublished":"2023-05-11T13:31:29+00:00","dateModified":"2024-05-03T14:08:29+00:00","breadcrumb":{"@id":"https:\/\/www.tubitex.com\/de\/fuehrend-in-der-entwicklung-und-produktion-von-papproehren-und-rohren\/#breadcrumb"},"inLanguage":"de","potentialAction":[{"@type":"ReadAction","target":["https:\/\/www.tubitex.com\/de\/fuehrend-in-der-entwicklung-und-produktion-von-papproehren-und-rohren\/"]}]},{"@type":"BreadcrumbList","@id":"https:\/\/www.tubitex.com\/de\/fuehrend-in-der-entwicklung-und-produktion-von-papproehren-und-rohren\/#breadcrumb","itemListElement":[{"@type":"ListItem","position":1,"name":"Home","item":"https:\/\/www.tubitex.com\/de\/"},{"@type":"ListItem","position":2,"name":"F\u00fchrend in der Entwicklung und Produktion von Pappr\u00f6hren und -rohren"}]},{"@type":"WebSite","@id":"https:\/\/www.tubitex.com\/de\/#website","url":"https:\/\/www.tubitex.com\/de\/","name":"Tubitex","description":"Produzione tubi in cartone, anime e bobine di carta","potentialAction":[{"@type":"SearchAction","target":{"@type":"EntryPoint","urlTemplate":"https:\/\/www.tubitex.com\/de\/?s={search_term_string}"},"query-input":{"@type":"PropertyValueSpecification","valueRequired":true,"valueName":"search_term_string"}}],"inLanguage":"de"}]}},"_links":{"self":[{"href":"https:\/\/www.tubitex.com\/de\/wp-json\/wp\/v2\/pages\/7408","targetHints":{"allow":["GET"]}}],"collection":[{"href":"https:\/\/www.tubitex.com\/de\/wp-json\/wp\/v2\/pages"}],"about":[{"href":"https:\/\/www.tubitex.com\/de\/wp-json\/wp\/v2\/types\/page"}],"author":[{"embeddable":true,"href":"https:\/\/www.tubitex.com\/de\/wp-json\/wp\/v2\/users\/1"}],"replies":[{"embeddable":true,"href":"https:\/\/www.tubitex.com\/de\/wp-json\/wp\/v2\/comments?post=7408"}],"version-history":[{"count":10,"href":"https:\/\/www.tubitex.com\/de\/wp-json\/wp\/v2\/pages\/7408\/revisions"}],"predecessor-version":[{"id":8218,"href":"https:\/\/www.tubitex.com\/de\/wp-json\/wp\/v2\/pages\/7408\/revisions\/8218"}],"wp:attachment":[{"href":"https:\/\/www.tubitex.com\/de\/wp-json\/wp\/v2\/media?parent=7408"}],"wp:term":[{"taxonomy":"category","embeddable":true,"href":"https:\/\/www.tubitex.com\/de\/wp-json\/wp\/v2\/categories?post=7408"}],"curies":[{"name":"wp","href":"https:\/\/api.w.org\/{rel}","templated":true}]}}