{"id":7387,"date":"2023-12-07T17:07:34","date_gmt":"2023-12-07T17:07:34","guid":{"rendered":"https:\/\/www.tubitex.com\/whistleblowing\/"},"modified":"2024-05-03T10:54:26","modified_gmt":"2024-05-03T10:54:26","slug":"whistleblowing","status":"publish","type":"page","link":"https:\/\/www.tubitex.com\/de\/whistleblowing\/","title":{"rendered":"Whistleblowing"},"content":{"rendered":"<p>[et_pb_section fb_built=&#8220;1&#8243; admin_label=&#8220;Hero&#8220; _builder_version=&#8220;4.23&#8243; _module_preset=&#8220;default&#8220; use_background_color_gradient=&#8220;on&#8220; background_color_gradient_direction=&#8220;111deg&#8220; background_color_gradient_stops=&#8220;rgba(224,120,51,0.3) 0%|rgba(226,226,226,0.41) 99%&#8220; background_color_gradient_overlays_image=&#8220;on&#8220; background_image=&#8220;https:\/\/www.tubitex.com\/wp-content\/uploads\/2023\/12\/office.jpg&#8220; custom_padding=&#8220;80px|0|0||false|false&#8220; locked=&#8220;off&#8220; global_colors_info=&#8220;{}&#8220;][et_pb_row column_structure=&#8220;2_3,1_3&#8243; use_custom_gutter=&#8220;on&#8220; gutter_width=&#8220;1&#8243; make_equal=&#8220;on&#8220; padding_top_bottom_link_2=&#8220;true&#8220; padding_left_right_link_2=&#8220;true&#8220; _builder_version=&#8220;4.17.4&#8243; _module_preset=&#8220;default&#8220; custom_margin=&#8220;|||&#8220; custom_padding=&#8220;27px|0px|0|0px|false|false&#8220; global_colors_info=&#8220;{}&#8220;][et_pb_column type=&#8220;2_3&#8243; _builder_version=&#8220;4.16&#8243; _module_preset=&#8220;default&#8220; custom_padding=&#8220;|4%|80px|&#8220; custom_padding_tablet=&#8220;||40px|&#8220; custom_padding_phone=&#8220;||40px|&#8220; custom_padding_last_edited=&#8220;on|tablet&#8220; global_colors_info=&#8220;{}&#8220; padding_tablet=&#8220;||40px|&#8220; padding_last_edited=&#8220;on|tablet&#8220; custom_padding__hover=&#8220;|||&#8220; padding_phone=&#8220;||40px|&#8220;][et_pb_text _builder_version=&#8220;4.23&#8243; _module_preset=&#8220;default&#8220; text_font=&#8220;Elegant Icons Font||||||||&#8220; text_font_size=&#8220;20px&#8220; text_line_height=&#8220;1.3em&#8220; header_font=&#8220;|800||on|||||&#8220; header_font_size=&#8220;50px&#8220; header_line_height=&#8220;1.4em&#8220; background_layout=&#8220;dark&#8220; max_width=&#8220;1000px&#8220; text_font_size_tablet=&#8220;&#8220; text_font_size_phone=&#8220;16px&#8220; text_font_size_last_edited=&#8220;on|phone&#8220; header_font_size_tablet=&#8220;44px&#8220; header_font_size_phone=&#8220;24px&#8220; header_font_size_last_edited=&#8220;on|desktop&#8220; header_line_height_tablet=&#8220;1.4em&#8220; header_line_height_phone=&#8220;1.4em&#8220; header_line_height_last_edited=&#8220;on|desktop&#8220; global_colors_info=&#8220;{}&#8220;]<\/p>\n<h1>Whistleblowing<\/h1>\n<p>Die Tubitex Integrity Platform entspricht den neuesten Sicherheitsstandards und Best Practices<\/p>\n<p>[\/et_pb_text][\/et_pb_column][et_pb_column type=&#8220;1_3&#8243; _builder_version=&#8220;4.17.4&#8243; _module_preset=&#8220;default&#8220; custom_padding=&#8220;40px|40px|40px|40px&#8220; custom_padding_tablet=&#8220;0px|||&#8220; custom_padding_last_edited=&#8220;off|desktop&#8220; global_colors_info=&#8220;{}&#8220; padding_tablet=&#8220;0px|||&#8220; padding_last_edited=&#8220;off|desktop&#8220; custom_padding__hover=&#8220;|||&#8220;][\/et_pb_column][\/et_pb_row][\/et_pb_section][et_pb_section fb_built=&#8220;1&#8243; _builder_version=&#8220;4.23&#8243; _module_preset=&#8220;default&#8220; background_color=&#8220;#f8f0e7&#8243; global_colors_info=&#8220;{}&#8220;][et_pb_row _builder_version=&#8220;4.23&#8243; _module_preset=&#8220;default&#8220; custom_padding=&#8220;||45px|||&#8220; global_colors_info=&#8220;{}&#8220;][et_pb_column type=&#8220;4_4&#8243; _builder_version=&#8220;4.23&#8243; _module_preset=&#8220;default&#8220; global_colors_info=&#8220;{}&#8220;][et_pb_text _builder_version=&#8220;4.23&#8243; _module_preset=&#8220;default&#8220; global_colors_info=&#8220;{}&#8220;]<\/p>\n<div>\n<h2>Die Tubitex Integrity Platform entspricht der Whistleblowing-Gesetzgebung und h\u00e4lt sich an die neuesten Sicherheitsstandards und Best Practices.<\/h2>\n<p>Tubitex f\u00f6rdert und betrachtet die im Ethikkodex der Gruppe enthaltenen Prinzipien als grundlegende Werte bei der Aus\u00fcbung seiner Aktivit\u00e4ten.<\/p>\n<div>Der Ethikkodex der Gruppe verlangt, dass Mitarbeiter, Manager und das Topmanagement alle geltenden Gesetze und Vorschriften einhalten und ihre Aufgaben mit Ehrlichkeit und Integrit\u00e4t erf\u00fcllen.<\/div>\n<p><div>In dem Ma\u00dfe, in dem die ethischen Werte und Grunds\u00e4tze zum Bezugspunkt f\u00fcr das t\u00e4gliche Handeln aller Mitarbeiter der Gruppe werden, werden die Grundlagen f\u00fcr das korrekte und gesunde Funktionieren und die Entwicklung des Unternehmens gest\u00e4rkt, die f\u00fcr die Erreichung ehrgeiziger und nachhaltiger Ziele im Interesse der Stakeholder, der Mitarbeiter und der Gebiete, in denen es t\u00e4tig ist, funktional sind und den Ruf seiner Produkte und damit seines Namens auf globaler Ebene verbessern.<\/div>\n<p><div>In diesem Zusammenhang und in \u00dcbereinstimmung mit den gesetzlichen Bestimmungen (Gesetzesdekret 231\/2001) hat Tubitex ein Whistleblowing-Instrument eingef\u00fchrt: Tubitex Integrity Platform.<\/div>\n<p><div>Das Whistleblowing-System ist eines der effektivsten Instrumente zur Aufdeckung von rechtswidrigem Verhalten, und Meldungen von Mitarbeitern spielen eine entscheidende Rolle.<\/div>\n<p><div>Die Tubitex Integrity Platform erf\u00fcllt die Whistleblowing-Gesetzgebung und entspricht den Sicherheitsstandards (ISO 37001:2016) und den neuesten Best Practices.<\/div>\n<p><div>\u00dcber die Tubitex Integrity Platform k\u00f6nnen Mitarbeiter, Mitarbeiter, Berater, Lieferanten und andere Dritte, die mit dem Konzern in Beziehung stehen, zum Schutz der Integrit\u00e4t des Konzerns rechtswidriges Verhalten oder Verhalten melden, das nicht mit dem Ethikkodex, den internen Verfahren, den geltenden Gesetzen und Vorschriften, dem Organisations-, Management- und Kontrollmodell (Organisationsmodell 231) f\u00fcr die italienischen Unternehmen des Konzerns, die es \u00fcbernommen haben, oder den vom Konzern angenommenen internen Verfahren \u00fcbereinstimmt. Die Meldungen m\u00fcssen fundiert sein und auf objektiven Daten beruhen, nicht auf pers\u00f6nlichen Verd\u00e4chtigungen oder Bewertungen, und k\u00f6nnen auch anonym erfolgen.<\/div>\n<p><div>Die Integrity Platform wird von einem unabh\u00e4ngigen Drittunternehmen, der EQS Group AG, verwaltet, um die Identit\u00e4t aller Nutzer zu sch\u00fctzen. In der Tat verpflichtet sich die Gruppe, die Identit\u00e4t des Whistleblowers vertraulich zu behandeln und sicherzustellen, dass keine Vergeltungsma\u00dfnahmen oder diskriminierenden Handlungen, ob direkt oder indirekt, gegen eine Person unternommen werden, die in gutem Glauben eine Meldung gemacht hat.<\/div>\n<p><div>Neben diesem Kanal wurde ein Whistleblowing-Komitee eingerichtet, das jede Meldung sorgf\u00e4ltig pr\u00fcft, bei Bedarf spezifische Untersuchungen durchf\u00fchrt und konsequente und angemessene Ma\u00dfnahmen ergreift.<\/div>\n<\/div>\n<p>[\/et_pb_text][\/et_pb_column][\/et_pb_row][et_pb_row column_structure=&#8220;1_2,1_2&#8243; use_custom_gutter=&#8220;on&#8220; gutter_width=&#8220;1&#8243; make_equal=&#8220;on&#8220; _builder_version=&#8220;4.23&#8243; _module_preset=&#8220;default&#8220; background_color=&#8220;#9b5200&#8243; module_alignment=&#8220;center&#8220; custom_padding=&#8220;0px||0px||false|false&#8220; global_colors_info=&#8220;{}&#8220;][et_pb_column type=&#8220;1_2&#8243; _builder_version=&#8220;4.23&#8243; _module_preset=&#8220;default&#8220; custom_padding=&#8220;40px|0px|40px|0px|true|false&#8220; border_width_all=&#8220;2px&#8220; border_color_all=&#8220;#FFFFFF&#8220; global_colors_info=&#8220;{}&#8220;][et_pb_icon font_icon=&#8220;&#xf0a1;||fa||900&#8243; icon_color=&#8220;#FFFFFF&#8220; icon_width=&#8220;60px&#8220; url=&#8220;https:\/\/tubitex.integrityline.com&#8220; url_new_window=&#8220;on&#8220; _builder_version=&#8220;4.23&#8243; _module_preset=&#8220;default&#8220; background_color=&#8220;RGBA(255,255,255,0)&#8220; custom_margin=&#8220;||0px||false|false&#8220; custom_padding=&#8220;1rem||1rem||true|false&#8220; global_colors_info=&#8220;{}&#8220;][\/et_pb_icon][et_pb_button button_url=&#8220;https:\/\/tubitex.integrityline.com&#8220; url_new_window=&#8220;on&#8220; button_text=&#8220;Tubitex Integrity Plattform&#8220; button_alignment=&#8220;center&#8220; _builder_version=&#8220;4.23&#8243; _module_preset=&#8220;default&#8220; custom_button=&#8220;on&#8220; button_text_size=&#8220;18px&#8220; button_border_width=&#8220;0px&#8220; background_layout=&#8220;dark&#8220; global_colors_info=&#8220;{}&#8220;][\/et_pb_button][\/et_pb_column][et_pb_column type=&#8220;1_2&#8243; _builder_version=&#8220;4.23&#8243; _module_preset=&#8220;default&#8220; custom_padding=&#8220;40px||40px||false|false&#8220; border_width_all=&#8220;2px&#8220; border_color_all=&#8220;#FFFFFF&#8220; global_colors_info=&#8220;{}&#8220;][et_pb_icon font_icon=&#8220;&#xf1d8;||fa||400&#8243; icon_color=&#8220;#FFFFFF&#8220; icon_width=&#8220;60px&#8220; url=&#8220;https:\/\/tubitex.integrityline.com\/wb\/120323553&#8243; url_new_window=&#8220;on&#8220; _builder_version=&#8220;4.23&#8243; _module_preset=&#8220;default&#8220; background_color=&#8220;RGBA(255,255,255,0)&#8220; custom_margin=&#8220;||||false|false&#8220; custom_padding=&#8220;1rem||1rem||true|false&#8220; global_colors_info=&#8220;{}&#8220;][\/et_pb_icon][et_pb_button button_url=&#8220;https:\/\/tubitex.integrityline.com\/wb\/120323553&#8243; url_new_window=&#8220;on&#8220; button_text=&#8220;Einen Bericht senden&#8220; button_alignment=&#8220;center&#8220; _builder_version=&#8220;4.23&#8243; _module_preset=&#8220;default&#8220; custom_button=&#8220;on&#8220; button_text_size=&#8220;18px&#8220; button_border_width=&#8220;0px&#8220; background_layout=&#8220;dark&#8220; global_colors_info=&#8220;{}&#8220;][\/et_pb_button][\/et_pb_column][\/et_pb_row][\/et_pb_section]<\/p>\n","protected":false},"excerpt":{"rendered":"<p>Whistleblowing Die Tubitex Integrity Platform entspricht den neuesten Sicherheitsstandards und Best Practices Die Tubitex Integrity Platform entspricht der Whistleblowing-Gesetzgebung und h\u00e4lt sich an die neuesten Sicherheitsstandards und Best Practices. Tubitex f\u00f6rdert und betrachtet die im Ethikkodex der Gruppe enthaltenen Prinzipien als grundlegende Werte bei der Aus\u00fcbung seiner Aktivit\u00e4ten. Der Ethikkodex der Gruppe verlangt, dass Mitarbeiter, [&hellip;]<\/p>\n","protected":false},"author":1,"featured_media":0,"parent":0,"menu_order":0,"comment_status":"closed","ping_status":"closed","template":"","meta":{"_acf_changed":false,"_et_pb_use_builder":"on","_et_pb_old_content":"","_et_gb_content_width":"","inline_featured_image":false,"footnotes":""},"categories":[],"class_list":["post-7387","page","type-page","status-publish","hentry"],"acf":[],"yoast_head":"<!-- This site is optimized with the Yoast SEO plugin v27.1.1 - https:\/\/yoast.com\/product\/yoast-seo-wordpress\/ -->\n<title>Whistleblowing - Tubitex<\/title>\n<meta name=\"robots\" content=\"index, follow, max-snippet:-1, max-image-preview:large, max-video-preview:-1\" \/>\n<link rel=\"canonical\" href=\"https:\/\/www.tubitex.com\/de\/whistleblowing\/\" \/>\n<meta property=\"og:locale\" content=\"de_DE\" \/>\n<meta property=\"og:type\" content=\"article\" \/>\n<meta property=\"og:title\" content=\"Whistleblowing - Tubitex\" \/>\n<meta property=\"og:description\" content=\"Whistleblowing Die Tubitex Integrity Platform entspricht den neuesten Sicherheitsstandards und Best Practices Die Tubitex Integrity Platform entspricht der Whistleblowing-Gesetzgebung und h\u00e4lt sich an die neuesten Sicherheitsstandards und Best Practices. Tubitex f\u00f6rdert und betrachtet die im Ethikkodex der Gruppe enthaltenen Prinzipien als grundlegende Werte bei der Aus\u00fcbung seiner Aktivit\u00e4ten. Der Ethikkodex der Gruppe verlangt, dass Mitarbeiter, [&hellip;]\" \/>\n<meta property=\"og:url\" content=\"https:\/\/www.tubitex.com\/de\/whistleblowing\/\" \/>\n<meta property=\"og:site_name\" content=\"Tubitex\" \/>\n<meta property=\"article:modified_time\" content=\"2024-05-03T10:54:26+00:00\" \/>\n<meta name=\"twitter:card\" content=\"summary_large_image\" \/>\n<meta name=\"twitter:label1\" content=\"Gesch\u00e4tzte Lesezeit\" \/>\n\t<meta name=\"twitter:data1\" content=\"5\u00a0Minuten\" \/>\n<script type=\"application\/ld+json\" class=\"yoast-schema-graph\">{\"@context\":\"https:\/\/schema.org\",\"@graph\":[{\"@type\":\"WebPage\",\"@id\":\"https:\/\/www.tubitex.com\/de\/whistleblowing\/\",\"url\":\"https:\/\/www.tubitex.com\/de\/whistleblowing\/\",\"name\":\"Whistleblowing - Tubitex\",\"isPartOf\":{\"@id\":\"https:\/\/www.tubitex.com\/de\/#website\"},\"datePublished\":\"2023-12-07T17:07:34+00:00\",\"dateModified\":\"2024-05-03T10:54:26+00:00\",\"breadcrumb\":{\"@id\":\"https:\/\/www.tubitex.com\/de\/whistleblowing\/#breadcrumb\"},\"inLanguage\":\"de\",\"potentialAction\":[{\"@type\":\"ReadAction\",\"target\":[\"https:\/\/www.tubitex.com\/de\/whistleblowing\/\"]}]},{\"@type\":\"BreadcrumbList\",\"@id\":\"https:\/\/www.tubitex.com\/de\/whistleblowing\/#breadcrumb\",\"itemListElement\":[{\"@type\":\"ListItem\",\"position\":1,\"name\":\"Home\",\"item\":\"https:\/\/www.tubitex.com\/de\/\"},{\"@type\":\"ListItem\",\"position\":2,\"name\":\"Whistleblowing\"}]},{\"@type\":\"WebSite\",\"@id\":\"https:\/\/www.tubitex.com\/de\/#website\",\"url\":\"https:\/\/www.tubitex.com\/de\/\",\"name\":\"Tubitex\",\"description\":\"Produzione tubi in cartone, anime e bobine di carta\",\"potentialAction\":[{\"@type\":\"SearchAction\",\"target\":{\"@type\":\"EntryPoint\",\"urlTemplate\":\"https:\/\/www.tubitex.com\/de\/?s={search_term_string}\"},\"query-input\":{\"@type\":\"PropertyValueSpecification\",\"valueRequired\":true,\"valueName\":\"search_term_string\"}}],\"inLanguage\":\"de\"}]}<\/script>\n<!-- \/ Yoast SEO plugin. -->","yoast_head_json":{"title":"Whistleblowing - Tubitex","robots":{"index":"index","follow":"follow","max-snippet":"max-snippet:-1","max-image-preview":"max-image-preview:large","max-video-preview":"max-video-preview:-1"},"canonical":"https:\/\/www.tubitex.com\/de\/whistleblowing\/","og_locale":"de_DE","og_type":"article","og_title":"Whistleblowing - Tubitex","og_description":"Whistleblowing Die Tubitex Integrity Platform entspricht den neuesten Sicherheitsstandards und Best Practices Die Tubitex Integrity Platform entspricht der Whistleblowing-Gesetzgebung und h\u00e4lt sich an die neuesten Sicherheitsstandards und Best Practices. Tubitex f\u00f6rdert und betrachtet die im Ethikkodex der Gruppe enthaltenen Prinzipien als grundlegende Werte bei der Aus\u00fcbung seiner Aktivit\u00e4ten. Der Ethikkodex der Gruppe verlangt, dass Mitarbeiter, [&hellip;]","og_url":"https:\/\/www.tubitex.com\/de\/whistleblowing\/","og_site_name":"Tubitex","article_modified_time":"2024-05-03T10:54:26+00:00","twitter_card":"summary_large_image","twitter_misc":{"Gesch\u00e4tzte Lesezeit":"5\u00a0Minuten"},"schema":{"@context":"https:\/\/schema.org","@graph":[{"@type":"WebPage","@id":"https:\/\/www.tubitex.com\/de\/whistleblowing\/","url":"https:\/\/www.tubitex.com\/de\/whistleblowing\/","name":"Whistleblowing - Tubitex","isPartOf":{"@id":"https:\/\/www.tubitex.com\/de\/#website"},"datePublished":"2023-12-07T17:07:34+00:00","dateModified":"2024-05-03T10:54:26+00:00","breadcrumb":{"@id":"https:\/\/www.tubitex.com\/de\/whistleblowing\/#breadcrumb"},"inLanguage":"de","potentialAction":[{"@type":"ReadAction","target":["https:\/\/www.tubitex.com\/de\/whistleblowing\/"]}]},{"@type":"BreadcrumbList","@id":"https:\/\/www.tubitex.com\/de\/whistleblowing\/#breadcrumb","itemListElement":[{"@type":"ListItem","position":1,"name":"Home","item":"https:\/\/www.tubitex.com\/de\/"},{"@type":"ListItem","position":2,"name":"Whistleblowing"}]},{"@type":"WebSite","@id":"https:\/\/www.tubitex.com\/de\/#website","url":"https:\/\/www.tubitex.com\/de\/","name":"Tubitex","description":"Produzione tubi in cartone, anime e bobine di carta","potentialAction":[{"@type":"SearchAction","target":{"@type":"EntryPoint","urlTemplate":"https:\/\/www.tubitex.com\/de\/?s={search_term_string}"},"query-input":{"@type":"PropertyValueSpecification","valueRequired":true,"valueName":"search_term_string"}}],"inLanguage":"de"}]}},"_links":{"self":[{"href":"https:\/\/www.tubitex.com\/de\/wp-json\/wp\/v2\/pages\/7387","targetHints":{"allow":["GET"]}}],"collection":[{"href":"https:\/\/www.tubitex.com\/de\/wp-json\/wp\/v2\/pages"}],"about":[{"href":"https:\/\/www.tubitex.com\/de\/wp-json\/wp\/v2\/types\/page"}],"author":[{"embeddable":true,"href":"https:\/\/www.tubitex.com\/de\/wp-json\/wp\/v2\/users\/1"}],"replies":[{"embeddable":true,"href":"https:\/\/www.tubitex.com\/de\/wp-json\/wp\/v2\/comments?post=7387"}],"version-history":[{"count":3,"href":"https:\/\/www.tubitex.com\/de\/wp-json\/wp\/v2\/pages\/7387\/revisions"}],"predecessor-version":[{"id":7396,"href":"https:\/\/www.tubitex.com\/de\/wp-json\/wp\/v2\/pages\/7387\/revisions\/7396"}],"wp:attachment":[{"href":"https:\/\/www.tubitex.com\/de\/wp-json\/wp\/v2\/media?parent=7387"}],"wp:term":[{"taxonomy":"category","embeddable":true,"href":"https:\/\/www.tubitex.com\/de\/wp-json\/wp\/v2\/categories?post=7387"}],"curies":[{"name":"wp","href":"https:\/\/api.w.org\/{rel}","templated":true}]}}